{"id":15048,"date":"2018-05-11T13:32:07","date_gmt":"2018-05-11T11:32:07","guid":{"rendered":"http:\/\/dev.turiart.com\/turiart2\/family-activities-and-for-children\/"},"modified":"2020-02-10T18:16:01","modified_gmt":"2020-02-10T16:16:01","slug":"family-activities-and-for-children","status":"publish","type":"page","link":"https:\/\/www.turiart.com\/en\/family-activities-and-for-children\/","title":{"rendered":"Family activities and for children"},"content":{"rendered":"<p>We organize tours and activities, games, gifts\u2026The best way for parents and children to learn and enjoy an unforgettable experience.<br> Bring your children closer to culture and share it together.<\/p><p>Our services include routes and activities focused on families with children. Always with the perspective of Cultural Tourism, we assume that children can also enjoy a guided tour. In addition to our most famous visits, such as <em>Knights and Princesses<\/em>, <em>Pirates of the Malvarrosa<\/em>, or <em>Catch a Dragon<\/em>, our team continues to devise and organize new routes.<br><\/p>","protected":false},"excerpt":{"rendered":"<p>We organize tours and activities, games, gifts\u2026The best way for parents and children to learn and enjoy an unforgettable experience. Bring your children closer to culture and share it together. Our services include routes and activities focused on families with children. Always with the perspective of Cultural Tourism, we assume that children can also enjoy [&hellip;]<\/p>\n","protected":false},"author":4,"featured_media":31134,"parent":0,"menu_order":0,"comment_status":"closed","ping_status":"closed","template":"","meta":{"_acf_changed":false,"_joinchat":[],"footnotes":""},"class_list":["post-15048","page","type-page","status-publish","has-post-thumbnail","hentry"],"acf":[],"yoast_head":"<!-- This site is optimized with the Yoast SEO plugin v26.8 - https:\/\/yoast.com\/product\/yoast-seo-wordpress\/ -->\n<title>Family activities and for children - Turiart<\/title>\n<meta name=\"description\" content=\"Si vienes en FAMILIA con ni\u00f1os, TURIART siempre tendr\u00e1 alg\u00fan plan. Tours con actividades, juegos y regalos para que padres e hijos aprendan y disfruten.\" \/>\n<meta name=\"robots\" content=\"index, follow, max-snippet:-1, max-image-preview:large, max-video-preview:-1\" \/>\n<link rel=\"canonical\" href=\"https:\/\/www.turiart.com\/en\/family-activities-and-for-children\/\" \/>\n<meta property=\"og:locale\" content=\"en_US\" \/>\n<meta property=\"og:type\" content=\"article\" \/>\n<meta property=\"og:title\" content=\"Family activities and for children - Turiart\" \/>\n<meta property=\"og:description\" content=\"Si vienes en FAMILIA con ni\u00f1os, TURIART siempre tendr\u00e1 alg\u00fan plan. Tours con actividades, juegos y regalos para que padres e hijos aprendan y disfruten.\" \/>\n<meta property=\"og:url\" content=\"https:\/\/www.turiart.com\/en\/family-activities-and-for-children\/\" \/>\n<meta property=\"og:site_name\" content=\"Turiart\" \/>\n<meta property=\"article:publisher\" content=\"https:\/\/www.facebook.com\/turiartVLC\/\" \/>\n<meta property=\"article:modified_time\" content=\"2020-02-10T16:16:01+00:00\" \/>\n<meta property=\"og:image\" content=\"https:\/\/www.turiart.com\/wp-content\/uploads\/2020\/01\/infantiles.jpg\" \/>\n\t<meta property=\"og:image:width\" content=\"1920\" \/>\n\t<meta property=\"og:image:height\" content=\"720\" \/>\n\t<meta property=\"og:image:type\" content=\"image\/jpeg\" \/>\n<script type=\"application\/ld+json\" class=\"yoast-schema-graph\">{\"@context\":\"https:\/\/schema.org\",\"@graph\":[{\"@type\":\"WebPage\",\"@id\":\"https:\/\/www.turiart.com\/en\/family-activities-and-for-children\/\",\"url\":\"https:\/\/www.turiart.com\/en\/family-activities-and-for-children\/\",\"name\":\"Family activities and for children - Turiart\",\"isPartOf\":{\"@id\":\"https:\/\/www.turiart.com\/en\/#website\"},\"primaryImageOfPage\":{\"@id\":\"https:\/\/www.turiart.com\/en\/family-activities-and-for-children\/#primaryimage\"},\"image\":{\"@id\":\"https:\/\/www.turiart.com\/en\/family-activities-and-for-children\/#primaryimage\"},\"thumbnailUrl\":\"https:\/\/www.turiart.com\/wp-content\/uploads\/2020\/01\/infantiles.jpg\",\"datePublished\":\"2018-05-11T11:32:07+00:00\",\"dateModified\":\"2020-02-10T16:16:01+00:00\",\"description\":\"Si vienes en FAMILIA con ni\u00f1os, TURIART siempre tendr\u00e1 alg\u00fan plan. Tours con actividades, juegos y regalos para que padres e hijos aprendan y disfruten.\",\"breadcrumb\":{\"@id\":\"https:\/\/www.turiart.com\/en\/family-activities-and-for-children\/#breadcrumb\"},\"inLanguage\":\"en-US\",\"potentialAction\":[{\"@type\":\"ReadAction\",\"target\":[\"https:\/\/www.turiart.com\/en\/family-activities-and-for-children\/\"]}]},{\"@type\":\"ImageObject\",\"inLanguage\":\"en-US\",\"@id\":\"https:\/\/www.turiart.com\/en\/family-activities-and-for-children\/#primaryimage\",\"url\":\"https:\/\/www.turiart.com\/wp-content\/uploads\/2020\/01\/infantiles.jpg\",\"contentUrl\":\"https:\/\/www.turiart.com\/wp-content\/uploads\/2020\/01\/infantiles.jpg\",\"width\":1920,\"height\":720},{\"@type\":\"BreadcrumbList\",\"@id\":\"https:\/\/www.turiart.com\/en\/family-activities-and-for-children\/#breadcrumb\",\"itemListElement\":[{\"@type\":\"ListItem\",\"position\":1,\"name\":\"Home\",\"item\":\"https:\/\/www.turiart.com\/en\/\"},{\"@type\":\"ListItem\",\"position\":2,\"name\":\"Family activities and for children\"}]},{\"@type\":\"WebSite\",\"@id\":\"https:\/\/www.turiart.com\/en\/#website\",\"url\":\"https:\/\/www.turiart.com\/en\/\",\"name\":\"Turiart\",\"description\":\"Visitas guiadas y servicios tur\u00edstico-culturales en Valencia\",\"publisher\":{\"@id\":\"https:\/\/www.turiart.com\/en\/#organization\"},\"potentialAction\":[{\"@type\":\"SearchAction\",\"target\":{\"@type\":\"EntryPoint\",\"urlTemplate\":\"https:\/\/www.turiart.com\/en\/?s={search_term_string}\"},\"query-input\":{\"@type\":\"PropertyValueSpecification\",\"valueRequired\":true,\"valueName\":\"search_term_string\"}}],\"inLanguage\":\"en-US\"},{\"@type\":\"Organization\",\"@id\":\"https:\/\/www.turiart.com\/en\/#organization\",\"name\":\"Servicios Auxiliares Turiart, S.L\",\"url\":\"https:\/\/www.turiart.com\/en\/\",\"logo\":{\"@type\":\"ImageObject\",\"inLanguage\":\"en-US\",\"@id\":\"https:\/\/www.turiart.com\/en\/#\/schema\/logo\/image\/\",\"url\":\"https:\/\/www.turiart.com\/wp-content\/uploads\/2018\/06\/logoHD-1.png\",\"contentUrl\":\"https:\/\/www.turiart.com\/wp-content\/uploads\/2018\/06\/logoHD-1.png\",\"width\":403,\"height\":209,\"caption\":\"Servicios Auxiliares Turiart, S.L\"},\"image\":{\"@id\":\"https:\/\/www.turiart.com\/en\/#\/schema\/logo\/image\/\"},\"sameAs\":[\"https:\/\/www.facebook.com\/turiartVLC\/\",\"https:\/\/x.com\/turiart\",\"https:\/\/www.instagram.com\/turiart\/\",\"https:\/\/www.linkedin.com\/company\/2726719\/admin\/\"]}]}<\/script>\n<!-- \/ Yoast SEO plugin. -->","yoast_head_json":{"title":"Family activities and for children - Turiart","description":"Si vienes en FAMILIA con ni\u00f1os, TURIART siempre tendr\u00e1 alg\u00fan plan. Tours con actividades, juegos y regalos para que padres e hijos aprendan y disfruten.","robots":{"index":"index","follow":"follow","max-snippet":"max-snippet:-1","max-image-preview":"max-image-preview:large","max-video-preview":"max-video-preview:-1"},"canonical":"https:\/\/www.turiart.com\/en\/family-activities-and-for-children\/","og_locale":"en_US","og_type":"article","og_title":"Family activities and for children - Turiart","og_description":"Si vienes en FAMILIA con ni\u00f1os, TURIART siempre tendr\u00e1 alg\u00fan plan. Tours con actividades, juegos y regalos para que padres e hijos aprendan y disfruten.","og_url":"https:\/\/www.turiart.com\/en\/family-activities-and-for-children\/","og_site_name":"Turiart","article_publisher":"https:\/\/www.facebook.com\/turiartVLC\/","article_modified_time":"2020-02-10T16:16:01+00:00","og_image":[{"width":1920,"height":720,"url":"https:\/\/www.turiart.com\/wp-content\/uploads\/2020\/01\/infantiles.jpg","type":"image\/jpeg"}],"schema":{"@context":"https:\/\/schema.org","@graph":[{"@type":"WebPage","@id":"https:\/\/www.turiart.com\/en\/family-activities-and-for-children\/","url":"https:\/\/www.turiart.com\/en\/family-activities-and-for-children\/","name":"Family activities and for children - Turiart","isPartOf":{"@id":"https:\/\/www.turiart.com\/en\/#website"},"primaryImageOfPage":{"@id":"https:\/\/www.turiart.com\/en\/family-activities-and-for-children\/#primaryimage"},"image":{"@id":"https:\/\/www.turiart.com\/en\/family-activities-and-for-children\/#primaryimage"},"thumbnailUrl":"https:\/\/www.turiart.com\/wp-content\/uploads\/2020\/01\/infantiles.jpg","datePublished":"2018-05-11T11:32:07+00:00","dateModified":"2020-02-10T16:16:01+00:00","description":"Si vienes en FAMILIA con ni\u00f1os, TURIART siempre tendr\u00e1 alg\u00fan plan. Tours con actividades, juegos y regalos para que padres e hijos aprendan y disfruten.","breadcrumb":{"@id":"https:\/\/www.turiart.com\/en\/family-activities-and-for-children\/#breadcrumb"},"inLanguage":"en-US","potentialAction":[{"@type":"ReadAction","target":["https:\/\/www.turiart.com\/en\/family-activities-and-for-children\/"]}]},{"@type":"ImageObject","inLanguage":"en-US","@id":"https:\/\/www.turiart.com\/en\/family-activities-and-for-children\/#primaryimage","url":"https:\/\/www.turiart.com\/wp-content\/uploads\/2020\/01\/infantiles.jpg","contentUrl":"https:\/\/www.turiart.com\/wp-content\/uploads\/2020\/01\/infantiles.jpg","width":1920,"height":720},{"@type":"BreadcrumbList","@id":"https:\/\/www.turiart.com\/en\/family-activities-and-for-children\/#breadcrumb","itemListElement":[{"@type":"ListItem","position":1,"name":"Home","item":"https:\/\/www.turiart.com\/en\/"},{"@type":"ListItem","position":2,"name":"Family activities and for children"}]},{"@type":"WebSite","@id":"https:\/\/www.turiart.com\/en\/#website","url":"https:\/\/www.turiart.com\/en\/","name":"Turiart","description":"Visitas guiadas y servicios tur\u00edstico-culturales en Valencia","publisher":{"@id":"https:\/\/www.turiart.com\/en\/#organization"},"potentialAction":[{"@type":"SearchAction","target":{"@type":"EntryPoint","urlTemplate":"https:\/\/www.turiart.com\/en\/?s={search_term_string}"},"query-input":{"@type":"PropertyValueSpecification","valueRequired":true,"valueName":"search_term_string"}}],"inLanguage":"en-US"},{"@type":"Organization","@id":"https:\/\/www.turiart.com\/en\/#organization","name":"Servicios Auxiliares Turiart, S.L","url":"https:\/\/www.turiart.com\/en\/","logo":{"@type":"ImageObject","inLanguage":"en-US","@id":"https:\/\/www.turiart.com\/en\/#\/schema\/logo\/image\/","url":"https:\/\/www.turiart.com\/wp-content\/uploads\/2018\/06\/logoHD-1.png","contentUrl":"https:\/\/www.turiart.com\/wp-content\/uploads\/2018\/06\/logoHD-1.png","width":403,"height":209,"caption":"Servicios Auxiliares Turiart, S.L"},"image":{"@id":"https:\/\/www.turiart.com\/en\/#\/schema\/logo\/image\/"},"sameAs":["https:\/\/www.facebook.com\/turiartVLC\/","https:\/\/x.com\/turiart","https:\/\/www.instagram.com\/turiart\/","https:\/\/www.linkedin.com\/company\/2726719\/admin\/"]}]}},"_links":{"self":[{"href":"https:\/\/www.turiart.com\/en\/wp-json\/wp\/v2\/pages\/15048","targetHints":{"allow":["GET"]}}],"collection":[{"href":"https:\/\/www.turiart.com\/en\/wp-json\/wp\/v2\/pages"}],"about":[{"href":"https:\/\/www.turiart.com\/en\/wp-json\/wp\/v2\/types\/page"}],"author":[{"embeddable":true,"href":"https:\/\/www.turiart.com\/en\/wp-json\/wp\/v2\/users\/4"}],"replies":[{"embeddable":true,"href":"https:\/\/www.turiart.com\/en\/wp-json\/wp\/v2\/comments?post=15048"}],"version-history":[{"count":0,"href":"https:\/\/www.turiart.com\/en\/wp-json\/wp\/v2\/pages\/15048\/revisions"}],"wp:featuredmedia":[{"embeddable":true,"href":"https:\/\/www.turiart.com\/en\/wp-json\/wp\/v2\/media\/31134"}],"wp:attachment":[{"href":"https:\/\/www.turiart.com\/en\/wp-json\/wp\/v2\/media?parent=15048"}],"curies":[{"name":"wp","href":"https:\/\/api.w.org\/{rel}","templated":true}]}}