{"id":1922,"date":"2013-07-04T17:17:27","date_gmt":"2013-07-04T17:17:27","guid":{"rendered":"http:\/\/dev.turiart.com\/?post_type=product&#038;p=1922"},"modified":"2023-01-08T16:30:26","modified_gmt":"2023-01-08T14:30:26","slug":"albufera-natural-park","status":"publish","type":"product","link":"https:\/\/www.turiart.com\/en\/product-catalog\/excursions\/albufera-natural-park\/","title":{"rendered":"Agricultural excursion: the Rice of the Albufera's Natural Park"},"content":{"rendered":"<p>During this tour, we will learn why rice farming is particularly important in Valencia and why it is closely linked to the survival of the Albufera. The rice production from the Parque Natural Albufera counts with the Designation of Origin \u201cArroz de Valencia\u201d. It is a quality figure emerges a collaboration between the Department of Agriculture, Valencian rice farmers and industries Valencia; to promote and protect rice cultivation in traditional wetlands and promote the consumption of rice covered under this label.<\/p>\n<p>We will visit the place where the rice is stored and we will discover all the procedures the farmers follow depending on the season. Later we will walk around the fields to experience firsthand how the fields look like and which are the particularities of this cereal.<br \/>\nWe will visit the surroundings of Albufera Natural Park and will enjoy the beautiful sightseeing given by its flora and fauna.<\/p>\n<p>We will finish the tour enjoying together a delicious paella which had its origins in the rice fields of the Albufera<\/p>\n<p>&nbsp;<\/p>\n","protected":false},"excerpt":{"rendered":"<p>During this tour, we will learn why rice farming is particularly important in Valencia and why it is closely linked to the survival of the Albufera. The rice production from the Parque Natural Albufera counts with the Designation of Origin \u201cArroz de Valencia\u201d. It is a quality figure emerges a collaboration between the Department of [&hellip;]<\/p>\n","protected":false},"featured_media":24994,"comment_status":"open","ping_status":"closed","template":"","meta":{"_acf_changed":false,"_joinchat":[]},"product_brand":[],"product_cat":[230],"product_tag":[2362,1601,2364,1602,1958,1959,1603,930,1978,1600,1957,1960,954,956,2363,1337],"class_list":{"0":"post-1922","1":"product","2":"type-product","3":"status-publish","4":"has-post-thumbnail","6":"product_cat-excursions","7":"product_tag-agricultural-tours","8":"product_tag-agriculture","9":"product_tag-agritourism","10":"product_tag-agrotourism","11":"product_tag-albufera-en","12":"product_tag-boat","13":"product_tag-excursion-en","14":"product_tag-guided-tour","15":"product_tag-natural-park","16":"product_tag-nature","17":"product_tag-rice","18":"product_tag-rice-paddies","19":"product_tag-sustainable-tourism","20":"product_tag-valencia-en","21":"product_tag-valencia-agricultural-tours","22":"product_tag-walk","24":"first","25":"instock","26":"shipping-taxable","27":"product-type-external"},"acf":[],"yoast_head":"<!-- This site is optimized with the Yoast SEO plugin v26.8 - https:\/\/yoast.com\/product\/yoast-seo-wordpress\/ -->\n<title>Agricultural excursion: the Rice of the Albufera&#039;s Natural Park - Turiart<\/title>\n<meta name=\"description\" content=\"Vamos a conocer el cultivo del arroz desde uno de los entornos m\u00e1s emblem\u00e1ticos de Valencia, El Parque Natural de la Albufera que ocupa unas 21.000 hect\u00e1reas.\" \/>\n<meta name=\"robots\" content=\"index, follow, max-snippet:-1, max-image-preview:large, max-video-preview:-1\" \/>\n<link rel=\"canonical\" href=\"https:\/\/www.turiart.com\/en\/product-catalog\/excursions\/albufera-natural-park\/\" \/>\n<meta property=\"og:locale\" content=\"en_US\" \/>\n<meta property=\"og:type\" content=\"article\" \/>\n<meta property=\"og:title\" content=\"Agricultural excursion: the Rice of the Albufera&#039;s Natural Park - Turiart\" \/>\n<meta property=\"og:description\" content=\"Vamos a conocer el cultivo del arroz desde uno de los entornos m\u00e1s emblem\u00e1ticos de Valencia, El Parque Natural de la Albufera que ocupa unas 21.000 hect\u00e1reas.\" \/>\n<meta property=\"og:url\" content=\"https:\/\/www.turiart.com\/en\/product-catalog\/excursions\/albufera-natural-park\/\" \/>\n<meta property=\"og:site_name\" content=\"Turiart\" \/>\n<meta property=\"article:publisher\" content=\"https:\/\/www.facebook.com\/turiartVLC\/\" \/>\n<meta property=\"article:modified_time\" content=\"2023-01-08T14:30:26+00:00\" \/>\n<meta property=\"og:image\" content=\"https:\/\/www.turiart.com\/wp-content\/uploads\/2013\/07\/a842c074e28c63227665045d413b2a58.jpg\" \/>\n\t<meta property=\"og:image:width\" content=\"650\" \/>\n\t<meta property=\"og:image:height\" content=\"395\" \/>\n\t<meta property=\"og:image:type\" content=\"image\/jpeg\" \/>\n<meta name=\"twitter:label1\" content=\"Est. reading time\" \/>\n\t<meta name=\"twitter:data1\" content=\"1 minute\" \/>\n<script type=\"application\/ld+json\" class=\"yoast-schema-graph\">{\"@context\":\"https:\/\/schema.org\",\"@graph\":[{\"@type\":\"WebPage\",\"@id\":\"https:\/\/www.turiart.com\/en\/product-catalog\/excursions\/albufera-natural-park\/\",\"url\":\"https:\/\/www.turiart.com\/en\/product-catalog\/excursions\/albufera-natural-park\/\",\"name\":\"Agricultural excursion: the Rice of the Albufera's Natural Park - Turiart\",\"isPartOf\":{\"@id\":\"https:\/\/www.turiart.com\/en\/#website\"},\"primaryImageOfPage\":{\"@id\":\"https:\/\/www.turiart.com\/en\/product-catalog\/excursions\/albufera-natural-park\/#primaryimage\"},\"image\":{\"@id\":\"https:\/\/www.turiart.com\/en\/product-catalog\/excursions\/albufera-natural-park\/#primaryimage\"},\"thumbnailUrl\":\"https:\/\/www.turiart.com\/wp-content\/uploads\/2013\/07\/a842c074e28c63227665045d413b2a58.jpg\",\"datePublished\":\"2013-07-04T17:17:27+00:00\",\"dateModified\":\"2023-01-08T14:30:26+00:00\",\"description\":\"Vamos a conocer el cultivo del arroz desde uno de los entornos m\u00e1s emblem\u00e1ticos de Valencia, El Parque Natural de la Albufera que ocupa unas 21.000 hect\u00e1reas.\",\"breadcrumb\":{\"@id\":\"https:\/\/www.turiart.com\/en\/product-catalog\/excursions\/albufera-natural-park\/#breadcrumb\"},\"inLanguage\":\"en-US\",\"potentialAction\":[{\"@type\":\"ReadAction\",\"target\":[\"https:\/\/www.turiart.com\/en\/product-catalog\/excursions\/albufera-natural-park\/\"]}]},{\"@type\":\"ImageObject\",\"inLanguage\":\"en-US\",\"@id\":\"https:\/\/www.turiart.com\/en\/product-catalog\/excursions\/albufera-natural-park\/#primaryimage\",\"url\":\"https:\/\/www.turiart.com\/wp-content\/uploads\/2013\/07\/a842c074e28c63227665045d413b2a58.jpg\",\"contentUrl\":\"https:\/\/www.turiart.com\/wp-content\/uploads\/2013\/07\/a842c074e28c63227665045d413b2a58.jpg\",\"width\":650,\"height\":395},{\"@type\":\"BreadcrumbList\",\"@id\":\"https:\/\/www.turiart.com\/en\/product-catalog\/excursions\/albufera-natural-park\/#breadcrumb\",\"itemListElement\":[{\"@type\":\"ListItem\",\"position\":1,\"name\":\"Home\",\"item\":\"https:\/\/www.turiart.com\/en\/\"},{\"@type\":\"ListItem\",\"position\":2,\"name\":\"Product catalogue\",\"item\":\"https:\/\/www.turiart.com\/en\/product-catalogue\/\"},{\"@type\":\"ListItem\",\"position\":3,\"name\":\"Excursions\",\"item\":\"https:\/\/www.turiart.com\/en\/product\/excursions\/\"},{\"@type\":\"ListItem\",\"position\":4,\"name\":\"Agricultural excursion: the Rice of the Albufera's Natural Park\"}]},{\"@type\":\"WebSite\",\"@id\":\"https:\/\/www.turiart.com\/en\/#website\",\"url\":\"https:\/\/www.turiart.com\/en\/\",\"name\":\"Turiart\",\"description\":\"Visitas guiadas y servicios tur\u00edstico-culturales en Valencia\",\"publisher\":{\"@id\":\"https:\/\/www.turiart.com\/en\/#organization\"},\"potentialAction\":[{\"@type\":\"SearchAction\",\"target\":{\"@type\":\"EntryPoint\",\"urlTemplate\":\"https:\/\/www.turiart.com\/en\/?s={search_term_string}\"},\"query-input\":{\"@type\":\"PropertyValueSpecification\",\"valueRequired\":true,\"valueName\":\"search_term_string\"}}],\"inLanguage\":\"en-US\"},{\"@type\":\"Organization\",\"@id\":\"https:\/\/www.turiart.com\/en\/#organization\",\"name\":\"Servicios Auxiliares Turiart, S.L\",\"url\":\"https:\/\/www.turiart.com\/en\/\",\"logo\":{\"@type\":\"ImageObject\",\"inLanguage\":\"en-US\",\"@id\":\"https:\/\/www.turiart.com\/en\/#\/schema\/logo\/image\/\",\"url\":\"https:\/\/www.turiart.com\/wp-content\/uploads\/2018\/06\/logoHD-1.png\",\"contentUrl\":\"https:\/\/www.turiart.com\/wp-content\/uploads\/2018\/06\/logoHD-1.png\",\"width\":403,\"height\":209,\"caption\":\"Servicios Auxiliares Turiart, S.L\"},\"image\":{\"@id\":\"https:\/\/www.turiart.com\/en\/#\/schema\/logo\/image\/\"},\"sameAs\":[\"https:\/\/www.facebook.com\/turiartVLC\/\",\"https:\/\/x.com\/turiart\",\"https:\/\/www.instagram.com\/turiart\/\",\"https:\/\/www.linkedin.com\/company\/2726719\/admin\/\"]}]}<\/script>\n<!-- \/ Yoast SEO plugin. -->","yoast_head_json":{"title":"Agricultural excursion: the Rice of the Albufera's Natural Park - Turiart","description":"Vamos a conocer el cultivo del arroz desde uno de los entornos m\u00e1s emblem\u00e1ticos de Valencia, El Parque Natural de la Albufera que ocupa unas 21.000 hect\u00e1reas.","robots":{"index":"index","follow":"follow","max-snippet":"max-snippet:-1","max-image-preview":"max-image-preview:large","max-video-preview":"max-video-preview:-1"},"canonical":"https:\/\/www.turiart.com\/en\/product-catalog\/excursions\/albufera-natural-park\/","og_locale":"en_US","og_type":"article","og_title":"Agricultural excursion: the Rice of the Albufera's Natural Park - Turiart","og_description":"Vamos a conocer el cultivo del arroz desde uno de los entornos m\u00e1s emblem\u00e1ticos de Valencia, El Parque Natural de la Albufera que ocupa unas 21.000 hect\u00e1reas.","og_url":"https:\/\/www.turiart.com\/en\/product-catalog\/excursions\/albufera-natural-park\/","og_site_name":"Turiart","article_publisher":"https:\/\/www.facebook.com\/turiartVLC\/","article_modified_time":"2023-01-08T14:30:26+00:00","og_image":[{"width":650,"height":395,"url":"https:\/\/www.turiart.com\/wp-content\/uploads\/2013\/07\/a842c074e28c63227665045d413b2a58.jpg","type":"image\/jpeg"}],"twitter_misc":{"Est. reading time":"1 minute"},"schema":{"@context":"https:\/\/schema.org","@graph":[{"@type":"WebPage","@id":"https:\/\/www.turiart.com\/en\/product-catalog\/excursions\/albufera-natural-park\/","url":"https:\/\/www.turiart.com\/en\/product-catalog\/excursions\/albufera-natural-park\/","name":"Agricultural excursion: the Rice of the Albufera's Natural Park - Turiart","isPartOf":{"@id":"https:\/\/www.turiart.com\/en\/#website"},"primaryImageOfPage":{"@id":"https:\/\/www.turiart.com\/en\/product-catalog\/excursions\/albufera-natural-park\/#primaryimage"},"image":{"@id":"https:\/\/www.turiart.com\/en\/product-catalog\/excursions\/albufera-natural-park\/#primaryimage"},"thumbnailUrl":"https:\/\/www.turiart.com\/wp-content\/uploads\/2013\/07\/a842c074e28c63227665045d413b2a58.jpg","datePublished":"2013-07-04T17:17:27+00:00","dateModified":"2023-01-08T14:30:26+00:00","description":"Vamos a conocer el cultivo del arroz desde uno de los entornos m\u00e1s emblem\u00e1ticos de Valencia, El Parque Natural de la Albufera que ocupa unas 21.000 hect\u00e1reas.","breadcrumb":{"@id":"https:\/\/www.turiart.com\/en\/product-catalog\/excursions\/albufera-natural-park\/#breadcrumb"},"inLanguage":"en-US","potentialAction":[{"@type":"ReadAction","target":["https:\/\/www.turiart.com\/en\/product-catalog\/excursions\/albufera-natural-park\/"]}]},{"@type":"ImageObject","inLanguage":"en-US","@id":"https:\/\/www.turiart.com\/en\/product-catalog\/excursions\/albufera-natural-park\/#primaryimage","url":"https:\/\/www.turiart.com\/wp-content\/uploads\/2013\/07\/a842c074e28c63227665045d413b2a58.jpg","contentUrl":"https:\/\/www.turiart.com\/wp-content\/uploads\/2013\/07\/a842c074e28c63227665045d413b2a58.jpg","width":650,"height":395},{"@type":"BreadcrumbList","@id":"https:\/\/www.turiart.com\/en\/product-catalog\/excursions\/albufera-natural-park\/#breadcrumb","itemListElement":[{"@type":"ListItem","position":1,"name":"Home","item":"https:\/\/www.turiart.com\/en\/"},{"@type":"ListItem","position":2,"name":"Product catalogue","item":"https:\/\/www.turiart.com\/en\/product-catalogue\/"},{"@type":"ListItem","position":3,"name":"Excursions","item":"https:\/\/www.turiart.com\/en\/product\/excursions\/"},{"@type":"ListItem","position":4,"name":"Agricultural excursion: the Rice of the Albufera's Natural Park"}]},{"@type":"WebSite","@id":"https:\/\/www.turiart.com\/en\/#website","url":"https:\/\/www.turiart.com\/en\/","name":"Turiart","description":"Visitas guiadas y servicios tur\u00edstico-culturales en Valencia","publisher":{"@id":"https:\/\/www.turiart.com\/en\/#organization"},"potentialAction":[{"@type":"SearchAction","target":{"@type":"EntryPoint","urlTemplate":"https:\/\/www.turiart.com\/en\/?s={search_term_string}"},"query-input":{"@type":"PropertyValueSpecification","valueRequired":true,"valueName":"search_term_string"}}],"inLanguage":"en-US"},{"@type":"Organization","@id":"https:\/\/www.turiart.com\/en\/#organization","name":"Servicios Auxiliares Turiart, S.L","url":"https:\/\/www.turiart.com\/en\/","logo":{"@type":"ImageObject","inLanguage":"en-US","@id":"https:\/\/www.turiart.com\/en\/#\/schema\/logo\/image\/","url":"https:\/\/www.turiart.com\/wp-content\/uploads\/2018\/06\/logoHD-1.png","contentUrl":"https:\/\/www.turiart.com\/wp-content\/uploads\/2018\/06\/logoHD-1.png","width":403,"height":209,"caption":"Servicios Auxiliares Turiart, S.L"},"image":{"@id":"https:\/\/www.turiart.com\/en\/#\/schema\/logo\/image\/"},"sameAs":["https:\/\/www.facebook.com\/turiartVLC\/","https:\/\/x.com\/turiart","https:\/\/www.instagram.com\/turiart\/","https:\/\/www.linkedin.com\/company\/2726719\/admin\/"]}]}},"_links":{"self":[{"href":"https:\/\/www.turiart.com\/en\/wp-json\/wp\/v2\/product\/1922","targetHints":{"allow":["GET"]}}],"collection":[{"href":"https:\/\/www.turiart.com\/en\/wp-json\/wp\/v2\/product"}],"about":[{"href":"https:\/\/www.turiart.com\/en\/wp-json\/wp\/v2\/types\/product"}],"replies":[{"embeddable":true,"href":"https:\/\/www.turiart.com\/en\/wp-json\/wp\/v2\/comments?post=1922"}],"wp:featuredmedia":[{"embeddable":true,"href":"https:\/\/www.turiart.com\/en\/wp-json\/wp\/v2\/media\/24994"}],"wp:attachment":[{"href":"https:\/\/www.turiart.com\/en\/wp-json\/wp\/v2\/media?parent=1922"}],"wp:term":[{"taxonomy":"product_brand","embeddable":true,"href":"https:\/\/www.turiart.com\/en\/wp-json\/wp\/v2\/product_brand?post=1922"},{"taxonomy":"product_cat","embeddable":true,"href":"https:\/\/www.turiart.com\/en\/wp-json\/wp\/v2\/product_cat?post=1922"},{"taxonomy":"product_tag","embeddable":true,"href":"https:\/\/www.turiart.com\/en\/wp-json\/wp\/v2\/product_tag?post=1922"}],"curies":[{"name":"wp","href":"https:\/\/api.w.org\/{rel}","templated":true}]}}