{"id":37316,"date":"2023-04-01T12:11:06","date_gmt":"2023-04-01T10:11:04","guid":{"rendered":"https:\/\/www.turiart.com\/?post_type=product&#038;p=37316"},"modified":"2025-05-14T17:43:32","modified_gmt":"2025-05-14T15:43:32","slug":"essentieldevalencia","status":"publish","type":"product","link":"https:\/\/www.turiart.com\/en\/product-catalog\/cultural-walks\/essentieldevalencia\/","title":{"rendered":"L'Essentiel de Valencia et ses Patrimoines de l\u2019Humanit\u00e9 (Fran\u00e7ais)"},"content":{"rendered":"<p><strong>\u00a1Le jeudi, r\u00e9servez une visite priv\u00e9e et d\u00e9couvrez le Tribunal des Eaux!<\/strong><\/p>\n<div><\/div>\n<div dir=\"ltr\">La ville de Valencia compte plus de<strong> 21 si\u00e8cles d\u2019histoire<\/strong> et abrite des monuments de toutes les \u00e9poques ainsi que quatre sites inscrits au <strong>Patrimoine Mondial<\/strong> :<em> la Lonja de la Seda, le Tribunal de las Aguas, les Fallas et la tradition culinaire m\u00e9diterran\u00e9enne.<\/em> Peu de destinations peuvent r\u00e9unir autant de sites culturels class\u00e9s par l\u2019UNESCO.<\/div>\n<div><\/div>\n<div>Ce parcours culturel traversera les lieux les plus embl\u00e9matiques de la ville, o\u00f9 un guide touristique partagera avec vous les histoires<strong> les plus importantes et marquantes de Valencia<\/strong>. <em>La Gare du Nord, l\u2019H\u00f4tel de Ville, le March\u00e9 Central, la Bourse de la Soie, la Place de la Reine, la Place de la Vierge<\/em>... Nos pas nous\u00a0emm\u00e8neront\u00a0\u00e0 travers les rues et sur les places du Centre Historique, vous permettant de d\u00e9couvrir ce r\u00e9seau urbain \u00e0 travers les si\u00e8cles, de ses origines romaines \u00e0 l\u2019\u00e9poque musulmane, puis de la p\u00e9riode chr\u00e9tienne jusqu'\u00e0 aujourd\u2019hui.<\/div>\n<div><\/div>\n<div>Nous entrerons dans la<strong> Lonja de la Seda<\/strong> (<em>Bourse de la Soie<\/em>), chef-d'\u0153uvre de l\u2019architecture civile gothique, inscrit au Patrimoine Mondial en 1996. La fabuleuse salle des march\u00e9s, avec ses colonnes magnifiques, ses vo\u00fbtes et ses nervures, nous plongera dans le prosp\u00e8re \u00e2ge d'or de la ville. Nous visiterons \u00e9galement la Cath\u00e9drale.<\/div>\n<div><\/div>\n<div><strong>Le Tribunal de las Aguas<\/strong>, inscrit en 2008 au patrimoine culturel immat\u00e9riel de l\u2019humanit\u00e9, se r\u00e9unit chaque jeudi \u00e0 midi \u00e0 la porte des ap\u00f4tres de la cath\u00e9drale. Pour ce qui est des Fallas, \u00e0 l\u2019UNESCO depuis 2016, elles transforment la ville chaque ann\u00e9e entre le 15 et le 19 mars en un v\u00e9ritable mus\u00e9e \u00e0 ciel ouvert, avec des monuments \u00e9ph\u00e9m\u00e8res, accompagn\u00e9s de musique, de costumes traditionnels et de l\u2019odeur de la poudre noire.<\/div>\n<div><\/div>\n<div>Enfin<strong>, la di\u00e8te m\u00e9diterran\u00e9enne<\/strong>, inscrite au patrimoine culturel immat\u00e9riel de l\u2019humanit\u00e9 en 2010, constitue un mode de vie sain ainsi que des recettes, des m\u00e9thodes de cuisson, des traditions et des produits typiques tels que l\u2019huile d\u2019olive, le riz et les fruits secs.<\/div>\n<p>--<\/p>\n<p>La visite comprend l'entr\u00e9e \u00e0 la Bourse de la Soie (tous les jours) et \u00e0 l'h\u00f4tel de ville si possible (les matins des jours ouvrables, sauf lors d'\u00e9v\u00e9nements officiels).<\/p>\n<p>&nbsp;<\/p>\n<p>'<a class=\"fh-icon--calendar-check fh-button-true-flat-red fh-shape--square\" href=\"https:\/\/fareharbor.com\/embeds\/book\/turiart\/items\/510393\/?full-items=yes&amp;flow=648190\">R\u00c9SERVER MAINTENANT<\/a><\/p>\n","protected":false},"excerpt":{"rendered":"<p>Une visite guid\u00e9e \u00e0 travers le centre historique pour visiter ses monuments les plus embl\u00e9matiques, avec un accent particulier sur les biens du Patrimoine Mondial de la ville.<\/p>\n","protected":false},"featured_media":30903,"comment_status":"open","ping_status":"closed","template":"","meta":{"_acf_changed":false,"_joinchat":[]},"product_brand":[],"product_cat":[677,229],"product_tag":[790,926,1365,894,896,854,1364,1372,1367,956,1366],"class_list":{"0":"post-37316","1":"product","2":"type-product","3":"status-publish","4":"has-post-thumbnail","6":"product_cat-next-tours","7":"product_cat-cultural-walks","8":"product_tag-art","9":"product_tag-cultural-tour","10":"product_tag-cultural-tourism","11":"product_tag-cultural-walk","12":"product_tag-guided-walk","13":"product_tag-history","14":"product_tag-medieval-en","15":"product_tag-region-of-valencia","16":"product_tag-unesco-en","17":"product_tag-valencia-en","18":"product_tag-world-heritage","20":"first","21":"instock","22":"shipping-taxable","23":"product-type-external"},"acf":[],"yoast_head":"<!-- This site is optimized with the Yoast SEO plugin v26.8 - https:\/\/yoast.com\/product\/yoast-seo-wordpress\/ -->\n<title>L&#039;Essentiel de Valencia et ses Patrimoines de l\u2019Humanit\u00e9 (Fran\u00e7ais) - Turiart<\/title>\n<meta name=\"description\" content=\"A guided tour through the Historic Centre to visit its most emblematic monuments, with a special stress on the city&#039;s three World Heritage properties.\" \/>\n<meta name=\"robots\" content=\"index, follow, max-snippet:-1, max-image-preview:large, max-video-preview:-1\" \/>\n<link rel=\"canonical\" href=\"https:\/\/www.turiart.com\/en\/product-catalog\/cultural-walks\/essentieldevalencia\/\" \/>\n<meta property=\"og:locale\" content=\"en_US\" \/>\n<meta property=\"og:type\" content=\"article\" \/>\n<meta property=\"og:title\" content=\"L&#039;Essentiel de Valencia et ses Patrimoines de l\u2019Humanit\u00e9 (Fran\u00e7ais) - Turiart\" \/>\n<meta property=\"og:description\" content=\"A guided tour through the Historic Centre to visit its most emblematic monuments, with a special stress on the city&#039;s three World Heritage properties.\" \/>\n<meta property=\"og:url\" content=\"https:\/\/www.turiart.com\/en\/product-catalog\/cultural-walks\/essentieldevalencia\/\" \/>\n<meta property=\"og:site_name\" content=\"Turiart\" \/>\n<meta property=\"article:publisher\" content=\"https:\/\/www.facebook.com\/turiartVLC\/\" \/>\n<meta property=\"article:modified_time\" content=\"2025-05-14T15:43:32+00:00\" \/>\n<meta property=\"og:image\" content=\"https:\/\/www.turiart.com\/wp-content\/uploads\/2019\/11\/valencia-esencial-2.jpg\" \/>\n\t<meta property=\"og:image:width\" content=\"1920\" \/>\n\t<meta property=\"og:image:height\" content=\"1080\" \/>\n\t<meta property=\"og:image:type\" content=\"image\/jpeg\" \/>\n<meta name=\"twitter:label1\" content=\"Est. reading time\" \/>\n\t<meta name=\"twitter:data1\" content=\"2 minutes\" \/>\n<script type=\"application\/ld+json\" class=\"yoast-schema-graph\">{\"@context\":\"https:\/\/schema.org\",\"@graph\":[{\"@type\":\"WebPage\",\"@id\":\"https:\/\/www.turiart.com\/en\/product-catalog\/cultural-walks\/essentieldevalencia\/\",\"url\":\"https:\/\/www.turiart.com\/en\/product-catalog\/cultural-walks\/essentieldevalencia\/\",\"name\":\"L'Essentiel de Valencia et ses Patrimoines de l\u2019Humanit\u00e9 (Fran\u00e7ais) - Turiart\",\"isPartOf\":{\"@id\":\"https:\/\/www.turiart.com\/en\/#website\"},\"primaryImageOfPage\":{\"@id\":\"https:\/\/www.turiart.com\/en\/product-catalog\/cultural-walks\/essentieldevalencia\/#primaryimage\"},\"image\":{\"@id\":\"https:\/\/www.turiart.com\/en\/product-catalog\/cultural-walks\/essentieldevalencia\/#primaryimage\"},\"thumbnailUrl\":\"https:\/\/www.turiart.com\/wp-content\/uploads\/2019\/11\/valencia-esencial-2.jpg\",\"datePublished\":\"2023-04-01T10:11:04+00:00\",\"dateModified\":\"2025-05-14T15:43:32+00:00\",\"description\":\"A guided tour through the Historic Centre to visit its most emblematic monuments, with a special stress on the city's three World Heritage properties.\",\"breadcrumb\":{\"@id\":\"https:\/\/www.turiart.com\/en\/product-catalog\/cultural-walks\/essentieldevalencia\/#breadcrumb\"},\"inLanguage\":\"en-US\",\"potentialAction\":[{\"@type\":\"ReadAction\",\"target\":[\"https:\/\/www.turiart.com\/en\/product-catalog\/cultural-walks\/essentieldevalencia\/\"]}]},{\"@type\":\"ImageObject\",\"inLanguage\":\"en-US\",\"@id\":\"https:\/\/www.turiart.com\/en\/product-catalog\/cultural-walks\/essentieldevalencia\/#primaryimage\",\"url\":\"https:\/\/www.turiart.com\/wp-content\/uploads\/2019\/11\/valencia-esencial-2.jpg\",\"contentUrl\":\"https:\/\/www.turiart.com\/wp-content\/uploads\/2019\/11\/valencia-esencial-2.jpg\",\"width\":1920,\"height\":1080},{\"@type\":\"BreadcrumbList\",\"@id\":\"https:\/\/www.turiart.com\/en\/product-catalog\/cultural-walks\/essentieldevalencia\/#breadcrumb\",\"itemListElement\":[{\"@type\":\"ListItem\",\"position\":1,\"name\":\"Home\",\"item\":\"https:\/\/www.turiart.com\/en\/\"},{\"@type\":\"ListItem\",\"position\":2,\"name\":\"Product catalogue\",\"item\":\"https:\/\/www.turiart.com\/en\/product-catalogue\/\"},{\"@type\":\"ListItem\",\"position\":3,\"name\":\"Cultural walks\",\"item\":\"https:\/\/www.turiart.com\/en\/product\/cultural-walks\/\"},{\"@type\":\"ListItem\",\"position\":4,\"name\":\"L'Essentiel de Valencia et ses Patrimoines de l\u2019Humanit\u00e9 (Fran\u00e7ais)\"}]},{\"@type\":\"WebSite\",\"@id\":\"https:\/\/www.turiart.com\/en\/#website\",\"url\":\"https:\/\/www.turiart.com\/en\/\",\"name\":\"Turiart\",\"description\":\"Visitas guiadas y servicios tur\u00edstico-culturales en Valencia\",\"publisher\":{\"@id\":\"https:\/\/www.turiart.com\/en\/#organization\"},\"potentialAction\":[{\"@type\":\"SearchAction\",\"target\":{\"@type\":\"EntryPoint\",\"urlTemplate\":\"https:\/\/www.turiart.com\/en\/?s={search_term_string}\"},\"query-input\":{\"@type\":\"PropertyValueSpecification\",\"valueRequired\":true,\"valueName\":\"search_term_string\"}}],\"inLanguage\":\"en-US\"},{\"@type\":\"Organization\",\"@id\":\"https:\/\/www.turiart.com\/en\/#organization\",\"name\":\"Servicios Auxiliares Turiart, S.L\",\"url\":\"https:\/\/www.turiart.com\/en\/\",\"logo\":{\"@type\":\"ImageObject\",\"inLanguage\":\"en-US\",\"@id\":\"https:\/\/www.turiart.com\/en\/#\/schema\/logo\/image\/\",\"url\":\"https:\/\/www.turiart.com\/wp-content\/uploads\/2018\/06\/logoHD-1.png\",\"contentUrl\":\"https:\/\/www.turiart.com\/wp-content\/uploads\/2018\/06\/logoHD-1.png\",\"width\":403,\"height\":209,\"caption\":\"Servicios Auxiliares Turiart, S.L\"},\"image\":{\"@id\":\"https:\/\/www.turiart.com\/en\/#\/schema\/logo\/image\/\"},\"sameAs\":[\"https:\/\/www.facebook.com\/turiartVLC\/\",\"https:\/\/x.com\/turiart\",\"https:\/\/www.instagram.com\/turiart\/\",\"https:\/\/www.linkedin.com\/company\/2726719\/admin\/\"]}]}<\/script>\n<!-- \/ Yoast SEO plugin. -->","yoast_head_json":{"title":"L'Essentiel de Valencia et ses Patrimoines de l\u2019Humanit\u00e9 (Fran\u00e7ais) - Turiart","description":"A guided tour through the Historic Centre to visit its most emblematic monuments, with a special stress on the city's three World Heritage properties.","robots":{"index":"index","follow":"follow","max-snippet":"max-snippet:-1","max-image-preview":"max-image-preview:large","max-video-preview":"max-video-preview:-1"},"canonical":"https:\/\/www.turiart.com\/en\/product-catalog\/cultural-walks\/essentieldevalencia\/","og_locale":"en_US","og_type":"article","og_title":"L'Essentiel de Valencia et ses Patrimoines de l\u2019Humanit\u00e9 (Fran\u00e7ais) - Turiart","og_description":"A guided tour through the Historic Centre to visit its most emblematic monuments, with a special stress on the city's three World Heritage properties.","og_url":"https:\/\/www.turiart.com\/en\/product-catalog\/cultural-walks\/essentieldevalencia\/","og_site_name":"Turiart","article_publisher":"https:\/\/www.facebook.com\/turiartVLC\/","article_modified_time":"2025-05-14T15:43:32+00:00","og_image":[{"width":1920,"height":1080,"url":"https:\/\/www.turiart.com\/wp-content\/uploads\/2019\/11\/valencia-esencial-2.jpg","type":"image\/jpeg"}],"twitter_misc":{"Est. reading time":"2 minutes"},"schema":{"@context":"https:\/\/schema.org","@graph":[{"@type":"WebPage","@id":"https:\/\/www.turiart.com\/en\/product-catalog\/cultural-walks\/essentieldevalencia\/","url":"https:\/\/www.turiart.com\/en\/product-catalog\/cultural-walks\/essentieldevalencia\/","name":"L'Essentiel de Valencia et ses Patrimoines de l\u2019Humanit\u00e9 (Fran\u00e7ais) - Turiart","isPartOf":{"@id":"https:\/\/www.turiart.com\/en\/#website"},"primaryImageOfPage":{"@id":"https:\/\/www.turiart.com\/en\/product-catalog\/cultural-walks\/essentieldevalencia\/#primaryimage"},"image":{"@id":"https:\/\/www.turiart.com\/en\/product-catalog\/cultural-walks\/essentieldevalencia\/#primaryimage"},"thumbnailUrl":"https:\/\/www.turiart.com\/wp-content\/uploads\/2019\/11\/valencia-esencial-2.jpg","datePublished":"2023-04-01T10:11:04+00:00","dateModified":"2025-05-14T15:43:32+00:00","description":"A guided tour through the Historic Centre to visit its most emblematic monuments, with a special stress on the city's three World Heritage properties.","breadcrumb":{"@id":"https:\/\/www.turiart.com\/en\/product-catalog\/cultural-walks\/essentieldevalencia\/#breadcrumb"},"inLanguage":"en-US","potentialAction":[{"@type":"ReadAction","target":["https:\/\/www.turiart.com\/en\/product-catalog\/cultural-walks\/essentieldevalencia\/"]}]},{"@type":"ImageObject","inLanguage":"en-US","@id":"https:\/\/www.turiart.com\/en\/product-catalog\/cultural-walks\/essentieldevalencia\/#primaryimage","url":"https:\/\/www.turiart.com\/wp-content\/uploads\/2019\/11\/valencia-esencial-2.jpg","contentUrl":"https:\/\/www.turiart.com\/wp-content\/uploads\/2019\/11\/valencia-esencial-2.jpg","width":1920,"height":1080},{"@type":"BreadcrumbList","@id":"https:\/\/www.turiart.com\/en\/product-catalog\/cultural-walks\/essentieldevalencia\/#breadcrumb","itemListElement":[{"@type":"ListItem","position":1,"name":"Home","item":"https:\/\/www.turiart.com\/en\/"},{"@type":"ListItem","position":2,"name":"Product catalogue","item":"https:\/\/www.turiart.com\/en\/product-catalogue\/"},{"@type":"ListItem","position":3,"name":"Cultural walks","item":"https:\/\/www.turiart.com\/en\/product\/cultural-walks\/"},{"@type":"ListItem","position":4,"name":"L'Essentiel de Valencia et ses Patrimoines de l\u2019Humanit\u00e9 (Fran\u00e7ais)"}]},{"@type":"WebSite","@id":"https:\/\/www.turiart.com\/en\/#website","url":"https:\/\/www.turiart.com\/en\/","name":"Turiart","description":"Visitas guiadas y servicios tur\u00edstico-culturales en Valencia","publisher":{"@id":"https:\/\/www.turiart.com\/en\/#organization"},"potentialAction":[{"@type":"SearchAction","target":{"@type":"EntryPoint","urlTemplate":"https:\/\/www.turiart.com\/en\/?s={search_term_string}"},"query-input":{"@type":"PropertyValueSpecification","valueRequired":true,"valueName":"search_term_string"}}],"inLanguage":"en-US"},{"@type":"Organization","@id":"https:\/\/www.turiart.com\/en\/#organization","name":"Servicios Auxiliares Turiart, S.L","url":"https:\/\/www.turiart.com\/en\/","logo":{"@type":"ImageObject","inLanguage":"en-US","@id":"https:\/\/www.turiart.com\/en\/#\/schema\/logo\/image\/","url":"https:\/\/www.turiart.com\/wp-content\/uploads\/2018\/06\/logoHD-1.png","contentUrl":"https:\/\/www.turiart.com\/wp-content\/uploads\/2018\/06\/logoHD-1.png","width":403,"height":209,"caption":"Servicios Auxiliares Turiart, S.L"},"image":{"@id":"https:\/\/www.turiart.com\/en\/#\/schema\/logo\/image\/"},"sameAs":["https:\/\/www.facebook.com\/turiartVLC\/","https:\/\/x.com\/turiart","https:\/\/www.instagram.com\/turiart\/","https:\/\/www.linkedin.com\/company\/2726719\/admin\/"]}]}},"_links":{"self":[{"href":"https:\/\/www.turiart.com\/en\/wp-json\/wp\/v2\/product\/37316","targetHints":{"allow":["GET"]}}],"collection":[{"href":"https:\/\/www.turiart.com\/en\/wp-json\/wp\/v2\/product"}],"about":[{"href":"https:\/\/www.turiart.com\/en\/wp-json\/wp\/v2\/types\/product"}],"replies":[{"embeddable":true,"href":"https:\/\/www.turiart.com\/en\/wp-json\/wp\/v2\/comments?post=37316"}],"wp:featuredmedia":[{"embeddable":true,"href":"https:\/\/www.turiart.com\/en\/wp-json\/wp\/v2\/media\/30903"}],"wp:attachment":[{"href":"https:\/\/www.turiart.com\/en\/wp-json\/wp\/v2\/media?parent=37316"}],"wp:term":[{"taxonomy":"product_brand","embeddable":true,"href":"https:\/\/www.turiart.com\/en\/wp-json\/wp\/v2\/product_brand?post=37316"},{"taxonomy":"product_cat","embeddable":true,"href":"https:\/\/www.turiart.com\/en\/wp-json\/wp\/v2\/product_cat?post=37316"},{"taxonomy":"product_tag","embeddable":true,"href":"https:\/\/www.turiart.com\/en\/wp-json\/wp\/v2\/product_tag?post=37316"}],"curies":[{"name":"wp","href":"https:\/\/api.w.org\/{rel}","templated":true}]}}