{"id":38447,"date":"2024-03-18T18:44:19","date_gmt":"2024-03-18T16:44:19","guid":{"rendered":"https:\/\/www.turiart.com\/?post_type=product&#038;p=38447"},"modified":"2026-05-07T10:08:35","modified_gmt":"2026-05-07T08:08:35","slug":"valencia-art-design-walks","status":"publish","type":"product","link":"https:\/\/www.turiart.com\/en\/product-catalog\/cultural-walks\/valencia-art-design-walks\/","title":{"rendered":"Val\u00e8ncia Art &amp; Design Walks (Tour in English)"},"content":{"rendered":"<p>&nbsp;<\/p>\n<p><strong>Val\u00e8ncia<\/strong> emerges as an epicenter of art and design after its designation in 2022 as \"World Design Capital\" and, in 2023, as \"City of Design\" by UNESCO. And it is from there that <strong>Turiart<\/strong> launches an unique and avant-garde cultural experience hand in hand with <a href=\"https:\/\/lavac.es\/\"><strong>LAVAC<\/strong> <\/a>(Association of Contemporary Art Galleries of the Valencian Community) with the collaboration of the <a href=\"https:\/\/fundaciodisseny.com\/\"><strong>Fundaci\u00f3 del Disseny<\/strong><\/a> of the Valencian Community, and the advice of <a href=\"https:\/\/es.linkedin.com\/in\/jos%C3%A9-luis-p%C3%A9rez-pont-0130801a6\"><strong>Jos\u00e9 Luis P\u00e9rez Pont<\/strong><\/a>\u00a0(Art Critic).<\/p>\n<p>With the aim of inviting residents and visitors to explore the city from a different perspective, \"Val\u00e8ncia Art &amp; Design Walks\" is created as an innovative proposal of <strong>tourist routes<\/strong> that combines Contemporary Art, Vanguard Architecture and Design through the lesser-known but equally captivating spots of Valencia.<\/p>\n<p>\"Val\u00e8ncia Art &amp; Design Walks\" is a new <strong>cultural leisure<\/strong> proposal open to the public that seeks to know Val\u00e8ncia from a different and vanguardist perspective. The aim of these routes is to offer Art and Design walks through the streets and contemporary art galleries of the city, led by <strong>artistic interpreters<\/strong> passionate about transmitting the creative essence of Val\u00e8ncia. In addition, attendees will have the opportunity to enjoy exclusive meetings with local artists and creators, immersing the visitors in the contemporary Valencian culture.<\/p>\n<p>What do we offer?<\/p>\n<ul>\n<li><strong>Guided tours<\/strong>: the tours, conducted by specialized artistic interpreters, will last 2 hours, scheduled for Friday afternoons and Saturday mornings. They will be explained in Spanish and\/or English, with the intention of expanding the offer to other languages in the future.<\/li>\n<li><strong>Discovering urban art and some of the best contemporary art galleries<\/strong> in Valencia with expert guides in art and design.<\/li>\n<li><strong>Meetings with artists<\/strong>: learning about the Valencian creative world with exclusive dialogues with local artists and creators.<\/li>\n<li><strong>Special Gift<\/strong>: the route will include a quality design Valencian product (e.g. a tasting session, a local gourmet product or an object) to complete the artistic experience.<\/li>\n<\/ul>\n<p>&nbsp;<\/p>\n<h6>What do we visit?<\/h6>\n<ul>\n<li><strong>Art galleries:<\/strong> Some of the most representative of the Valencian contemporary art scene, such as Galer\u00eda Cuatro, Galer\u00eda Benlliure, Alba Cabrera, Ana Serratosa, House of Chappaz, Set Espai D'Art, Vangar and Luis Adelantado.<\/li>\n<li><strong>Design spaces<\/strong>: selected by the Design Foundation from among those premises, shops or restaurants whose design is particularly outstanding, such as the Espai Guastavino of the CTAV, the Col\u00f3n Market, the Jard\u00edn de las Esp\u00e9rides, Gnomo Ruzafa or Pelayo Gastro Trinquet.<\/li>\n<\/ul>\n<p>Each of the visits will be unique in its configuration so that the experience will be different every time.<\/p>\n<p>&nbsp;<\/p>\n","protected":false},"excerpt":{"rendered":"<p>Discover and experience contemporary Art and Design walking through the streets of Valencia. A new proposal for cultural leisure in the city to discover its most attractive spaces, with the help of skilled artistic interpreters.<\/p>\n","protected":false},"featured_media":38570,"comment_status":"open","ping_status":"closed","template":"","meta":{"_acf_changed":false,"_joinchat":[]},"product_brand":[],"product_cat":[677,229],"product_tag":[790,1373,894,828,2835,2836,956],"class_list":{"0":"post-38447","1":"product","2":"type-product","3":"status-publish","4":"has-post-thumbnail","6":"product_cat-next-tours","7":"product_cat-cultural-walks","8":"product_tag-art","9":"product_tag-region-of-valencia-en","10":"product_tag-cultural-walk","11":"product_tag-culture","12":"product_tag-design","13":"product_tag-galleries","14":"product_tag-valencia-en","16":"first","17":"instock","18":"shipping-taxable","19":"product-type-external"},"acf":[],"yoast_head":"<!-- This site is optimized with the Yoast SEO plugin v26.8 - https:\/\/yoast.com\/product\/yoast-seo-wordpress\/ -->\n<title>Val\u00e8ncia Art &amp; Design Walks (Tour in English) - Turiart<\/title>\n<meta name=\"description\" content=\"Discover and experience contemporary Art and Design walking through the streets of Valencia. A new proposal for cultural leisure in the city to discover its most attractive spaces, with the help of skilled artistic interpreters.\" \/>\n<meta name=\"robots\" content=\"index, follow, max-snippet:-1, max-image-preview:large, max-video-preview:-1\" \/>\n<link rel=\"canonical\" href=\"https:\/\/www.turiart.com\/en\/product-catalog\/cultural-walks\/valencia-art-design-walks\/\" \/>\n<meta property=\"og:locale\" content=\"en_US\" \/>\n<meta property=\"og:type\" content=\"article\" \/>\n<meta property=\"og:title\" content=\"Val\u00e8ncia Art &amp; Design Walks (Tour in English) - Turiart\" \/>\n<meta property=\"og:description\" content=\"Discover and experience contemporary Art and Design walking through the streets of Valencia. A new proposal for cultural leisure in the city to discover its most attractive spaces, with the help of skilled artistic interpreters.\" \/>\n<meta property=\"og:url\" content=\"https:\/\/www.turiart.com\/en\/product-catalog\/cultural-walks\/valencia-art-design-walks\/\" \/>\n<meta property=\"og:site_name\" content=\"Turiart\" \/>\n<meta property=\"article:publisher\" content=\"https:\/\/www.facebook.com\/turiartVLC\/\" \/>\n<meta property=\"article:modified_time\" content=\"2026-05-07T08:08:35+00:00\" \/>\n<meta property=\"og:image\" content=\"https:\/\/www.turiart.com\/wp-content\/uploads\/2024\/03\/IMG_1749.jpg\" \/>\n\t<meta property=\"og:image:width\" content=\"1920\" \/>\n\t<meta property=\"og:image:height\" content=\"1282\" \/>\n\t<meta property=\"og:image:type\" content=\"image\/jpeg\" \/>\n<meta name=\"twitter:label1\" content=\"Est. reading time\" \/>\n\t<meta name=\"twitter:data1\" content=\"3 minutes\" \/>\n<script type=\"application\/ld+json\" class=\"yoast-schema-graph\">{\"@context\":\"https:\/\/schema.org\",\"@graph\":[{\"@type\":\"WebPage\",\"@id\":\"https:\/\/www.turiart.com\/en\/product-catalog\/cultural-walks\/valencia-art-design-walks\/\",\"url\":\"https:\/\/www.turiart.com\/en\/product-catalog\/cultural-walks\/valencia-art-design-walks\/\",\"name\":\"Val\u00e8ncia Art &amp; Design Walks (Tour in English) - Turiart\",\"isPartOf\":{\"@id\":\"https:\/\/www.turiart.com\/en\/#website\"},\"primaryImageOfPage\":{\"@id\":\"https:\/\/www.turiart.com\/en\/product-catalog\/cultural-walks\/valencia-art-design-walks\/#primaryimage\"},\"image\":{\"@id\":\"https:\/\/www.turiart.com\/en\/product-catalog\/cultural-walks\/valencia-art-design-walks\/#primaryimage\"},\"thumbnailUrl\":\"https:\/\/www.turiart.com\/wp-content\/uploads\/2024\/03\/IMG_1749.jpg\",\"datePublished\":\"2024-03-18T16:44:19+00:00\",\"dateModified\":\"2026-05-07T08:08:35+00:00\",\"description\":\"Discover and experience contemporary Art and Design walking through the streets of Valencia. A new proposal for cultural leisure in the city to discover its most attractive spaces, with the help of skilled artistic interpreters.\",\"breadcrumb\":{\"@id\":\"https:\/\/www.turiart.com\/en\/product-catalog\/cultural-walks\/valencia-art-design-walks\/#breadcrumb\"},\"inLanguage\":\"en-US\",\"potentialAction\":[{\"@type\":\"ReadAction\",\"target\":[\"https:\/\/www.turiart.com\/en\/product-catalog\/cultural-walks\/valencia-art-design-walks\/\"]}]},{\"@type\":\"ImageObject\",\"inLanguage\":\"en-US\",\"@id\":\"https:\/\/www.turiart.com\/en\/product-catalog\/cultural-walks\/valencia-art-design-walks\/#primaryimage\",\"url\":\"https:\/\/www.turiart.com\/wp-content\/uploads\/2024\/03\/IMG_1749.jpg\",\"contentUrl\":\"https:\/\/www.turiart.com\/wp-content\/uploads\/2024\/03\/IMG_1749.jpg\",\"width\":1920,\"height\":1282},{\"@type\":\"BreadcrumbList\",\"@id\":\"https:\/\/www.turiart.com\/en\/product-catalog\/cultural-walks\/valencia-art-design-walks\/#breadcrumb\",\"itemListElement\":[{\"@type\":\"ListItem\",\"position\":1,\"name\":\"Home\",\"item\":\"https:\/\/www.turiart.com\/en\/\"},{\"@type\":\"ListItem\",\"position\":2,\"name\":\"Product catalogue\",\"item\":\"https:\/\/www.turiart.com\/en\/product-catalogue\/\"},{\"@type\":\"ListItem\",\"position\":3,\"name\":\"Cultural walks\",\"item\":\"https:\/\/www.turiart.com\/en\/product\/cultural-walks\/\"},{\"@type\":\"ListItem\",\"position\":4,\"name\":\"Val\u00e8ncia Art &amp; Design Walks (Tour in English)\"}]},{\"@type\":\"WebSite\",\"@id\":\"https:\/\/www.turiart.com\/en\/#website\",\"url\":\"https:\/\/www.turiart.com\/en\/\",\"name\":\"Turiart\",\"description\":\"Visitas guiadas y servicios tur\u00edstico-culturales en Valencia\",\"publisher\":{\"@id\":\"https:\/\/www.turiart.com\/en\/#organization\"},\"potentialAction\":[{\"@type\":\"SearchAction\",\"target\":{\"@type\":\"EntryPoint\",\"urlTemplate\":\"https:\/\/www.turiart.com\/en\/?s={search_term_string}\"},\"query-input\":{\"@type\":\"PropertyValueSpecification\",\"valueRequired\":true,\"valueName\":\"search_term_string\"}}],\"inLanguage\":\"en-US\"},{\"@type\":\"Organization\",\"@id\":\"https:\/\/www.turiart.com\/en\/#organization\",\"name\":\"Servicios Auxiliares Turiart, S.L\",\"url\":\"https:\/\/www.turiart.com\/en\/\",\"logo\":{\"@type\":\"ImageObject\",\"inLanguage\":\"en-US\",\"@id\":\"https:\/\/www.turiart.com\/en\/#\/schema\/logo\/image\/\",\"url\":\"https:\/\/www.turiart.com\/wp-content\/uploads\/2018\/06\/logoHD-1.png\",\"contentUrl\":\"https:\/\/www.turiart.com\/wp-content\/uploads\/2018\/06\/logoHD-1.png\",\"width\":403,\"height\":209,\"caption\":\"Servicios Auxiliares Turiart, S.L\"},\"image\":{\"@id\":\"https:\/\/www.turiart.com\/en\/#\/schema\/logo\/image\/\"},\"sameAs\":[\"https:\/\/www.facebook.com\/turiartVLC\/\",\"https:\/\/x.com\/turiart\",\"https:\/\/www.instagram.com\/turiart\/\",\"https:\/\/www.linkedin.com\/company\/2726719\/admin\/\"]}]}<\/script>\n<!-- \/ Yoast SEO plugin. -->","yoast_head_json":{"title":"Val\u00e8ncia Art &amp; Design Walks (Tour in English) - Turiart","description":"Discover and experience contemporary Art and Design walking through the streets of Valencia. A new proposal for cultural leisure in the city to discover its most attractive spaces, with the help of skilled artistic interpreters.","robots":{"index":"index","follow":"follow","max-snippet":"max-snippet:-1","max-image-preview":"max-image-preview:large","max-video-preview":"max-video-preview:-1"},"canonical":"https:\/\/www.turiart.com\/en\/product-catalog\/cultural-walks\/valencia-art-design-walks\/","og_locale":"en_US","og_type":"article","og_title":"Val\u00e8ncia Art &amp; Design Walks (Tour in English) - Turiart","og_description":"Discover and experience contemporary Art and Design walking through the streets of Valencia. A new proposal for cultural leisure in the city to discover its most attractive spaces, with the help of skilled artistic interpreters.","og_url":"https:\/\/www.turiart.com\/en\/product-catalog\/cultural-walks\/valencia-art-design-walks\/","og_site_name":"Turiart","article_publisher":"https:\/\/www.facebook.com\/turiartVLC\/","article_modified_time":"2026-05-07T08:08:35+00:00","og_image":[{"width":1920,"height":1282,"url":"https:\/\/www.turiart.com\/wp-content\/uploads\/2024\/03\/IMG_1749.jpg","type":"image\/jpeg"}],"twitter_misc":{"Est. reading time":"3 minutes"},"schema":{"@context":"https:\/\/schema.org","@graph":[{"@type":"WebPage","@id":"https:\/\/www.turiart.com\/en\/product-catalog\/cultural-walks\/valencia-art-design-walks\/","url":"https:\/\/www.turiart.com\/en\/product-catalog\/cultural-walks\/valencia-art-design-walks\/","name":"Val\u00e8ncia Art &amp; Design Walks (Tour in English) - Turiart","isPartOf":{"@id":"https:\/\/www.turiart.com\/en\/#website"},"primaryImageOfPage":{"@id":"https:\/\/www.turiart.com\/en\/product-catalog\/cultural-walks\/valencia-art-design-walks\/#primaryimage"},"image":{"@id":"https:\/\/www.turiart.com\/en\/product-catalog\/cultural-walks\/valencia-art-design-walks\/#primaryimage"},"thumbnailUrl":"https:\/\/www.turiart.com\/wp-content\/uploads\/2024\/03\/IMG_1749.jpg","datePublished":"2024-03-18T16:44:19+00:00","dateModified":"2026-05-07T08:08:35+00:00","description":"Discover and experience contemporary Art and Design walking through the streets of Valencia. A new proposal for cultural leisure in the city to discover its most attractive spaces, with the help of skilled artistic interpreters.","breadcrumb":{"@id":"https:\/\/www.turiart.com\/en\/product-catalog\/cultural-walks\/valencia-art-design-walks\/#breadcrumb"},"inLanguage":"en-US","potentialAction":[{"@type":"ReadAction","target":["https:\/\/www.turiart.com\/en\/product-catalog\/cultural-walks\/valencia-art-design-walks\/"]}]},{"@type":"ImageObject","inLanguage":"en-US","@id":"https:\/\/www.turiart.com\/en\/product-catalog\/cultural-walks\/valencia-art-design-walks\/#primaryimage","url":"https:\/\/www.turiart.com\/wp-content\/uploads\/2024\/03\/IMG_1749.jpg","contentUrl":"https:\/\/www.turiart.com\/wp-content\/uploads\/2024\/03\/IMG_1749.jpg","width":1920,"height":1282},{"@type":"BreadcrumbList","@id":"https:\/\/www.turiart.com\/en\/product-catalog\/cultural-walks\/valencia-art-design-walks\/#breadcrumb","itemListElement":[{"@type":"ListItem","position":1,"name":"Home","item":"https:\/\/www.turiart.com\/en\/"},{"@type":"ListItem","position":2,"name":"Product catalogue","item":"https:\/\/www.turiart.com\/en\/product-catalogue\/"},{"@type":"ListItem","position":3,"name":"Cultural walks","item":"https:\/\/www.turiart.com\/en\/product\/cultural-walks\/"},{"@type":"ListItem","position":4,"name":"Val\u00e8ncia Art &amp; Design Walks (Tour in English)"}]},{"@type":"WebSite","@id":"https:\/\/www.turiart.com\/en\/#website","url":"https:\/\/www.turiart.com\/en\/","name":"Turiart","description":"Visitas guiadas y servicios tur\u00edstico-culturales en Valencia","publisher":{"@id":"https:\/\/www.turiart.com\/en\/#organization"},"potentialAction":[{"@type":"SearchAction","target":{"@type":"EntryPoint","urlTemplate":"https:\/\/www.turiart.com\/en\/?s={search_term_string}"},"query-input":{"@type":"PropertyValueSpecification","valueRequired":true,"valueName":"search_term_string"}}],"inLanguage":"en-US"},{"@type":"Organization","@id":"https:\/\/www.turiart.com\/en\/#organization","name":"Servicios Auxiliares Turiart, S.L","url":"https:\/\/www.turiart.com\/en\/","logo":{"@type":"ImageObject","inLanguage":"en-US","@id":"https:\/\/www.turiart.com\/en\/#\/schema\/logo\/image\/","url":"https:\/\/www.turiart.com\/wp-content\/uploads\/2018\/06\/logoHD-1.png","contentUrl":"https:\/\/www.turiart.com\/wp-content\/uploads\/2018\/06\/logoHD-1.png","width":403,"height":209,"caption":"Servicios Auxiliares Turiart, S.L"},"image":{"@id":"https:\/\/www.turiart.com\/en\/#\/schema\/logo\/image\/"},"sameAs":["https:\/\/www.facebook.com\/turiartVLC\/","https:\/\/x.com\/turiart","https:\/\/www.instagram.com\/turiart\/","https:\/\/www.linkedin.com\/company\/2726719\/admin\/"]}]}},"_links":{"self":[{"href":"https:\/\/www.turiart.com\/en\/wp-json\/wp\/v2\/product\/38447","targetHints":{"allow":["GET"]}}],"collection":[{"href":"https:\/\/www.turiart.com\/en\/wp-json\/wp\/v2\/product"}],"about":[{"href":"https:\/\/www.turiart.com\/en\/wp-json\/wp\/v2\/types\/product"}],"replies":[{"embeddable":true,"href":"https:\/\/www.turiart.com\/en\/wp-json\/wp\/v2\/comments?post=38447"}],"wp:featuredmedia":[{"embeddable":true,"href":"https:\/\/www.turiart.com\/en\/wp-json\/wp\/v2\/media\/38570"}],"wp:attachment":[{"href":"https:\/\/www.turiart.com\/en\/wp-json\/wp\/v2\/media?parent=38447"}],"wp:term":[{"taxonomy":"product_brand","embeddable":true,"href":"https:\/\/www.turiart.com\/en\/wp-json\/wp\/v2\/product_brand?post=38447"},{"taxonomy":"product_cat","embeddable":true,"href":"https:\/\/www.turiart.com\/en\/wp-json\/wp\/v2\/product_cat?post=38447"},{"taxonomy":"product_tag","embeddable":true,"href":"https:\/\/www.turiart.com\/en\/wp-json\/wp\/v2\/product_tag?post=38447"}],"curies":[{"name":"wp","href":"https:\/\/api.w.org\/{rel}","templated":true}]}}