{"id":40201,"date":"2025-12-22T16:42:03","date_gmt":"2025-12-22T14:42:03","guid":{"rendered":"https:\/\/www.turiart.com\/product-catalog\/uncategorized\/experience-opera-in-valencia\/"},"modified":"2025-12-22T16:42:03","modified_gmt":"2025-12-22T14:42:03","slug":"experience-opera-in-valencia","status":"publish","type":"product","link":"https:\/\/www.turiart.com\/en\/product-catalog\/musica\/experience-opera-in-valencia\/","title":{"rendered":"Experience Opera in Valencia"},"content":{"rendered":"<p>La ciudad de Valencia se caracteriza por su riqueza musical y art\u00edstica. El <strong>Palau de les Arts Reina Sof\u00eda es el teatro de \u00f3pera y artes esc\u00e9nicas<\/strong> m\u00e1s importante la ciudad y uno de los espacios de \u00f3pera m\u00e1s emblem\u00e1ticoscon una arquitectura ic\u00f3nica dise\u00f1ada por el valenciano <strong>Santiago Calatrava<\/strong>.\u00a0 Es uno de los referentes contempor\u00e1neos con alto nivel art\u00edstico especialmente gracias a la <strong>Orquestra de la Comunitat Valenciana, considerada una de las mejores orquestas sinf\u00f3nico-oper\u00edsticas de Europa<\/strong>. Les Arts, no s\u00f3lo programa \u00f3pera , sino que produce sus propios montajes, muchos de los cuales se han coproducido con otros teatros europeos o se han representado posteriormente en escenarios internacionales. Esto lo integra en la red de grandes teatros de \u00f3pera europeos.<\/p>\n<p>Los encuentros de \u00f3pera en Valencia son una oportunidad para disfrutar de este arte en un lugar \u00fanico como es la Ciudad de las Artes y las Ciencias.<\/p>\n<p>Cada a\u00f1o se presenta la Programaci\u00f3n anual entre finales de primavera y principios de verano.<\/p>\n<p>Estos encuentros son una invitaci\u00f3n a redescubrir el poder y la emoci\u00f3n de la \u00f3pera en un formato accesible y enriquecedor, ideal tanto para los apasionados de la m\u00fasica como para quienes buscan una experiencia cultural en la Comunidad Valenciana.<\/p>\n","protected":false},"excerpt":{"rendered":"<p data-start=\"49\" data-end=\"808\">The city of <strong data-start=\"61\" data-end=\"73\">Valencia<\/strong> is renowned for its musical and artistic richness. The <strong data-start=\"129\" data-end=\"162\">Palau de les Arts Reina Sof\u00eda<\/strong> is the most important opera and performing arts theater in the city and one of the most emblematic opera venues, featuring iconic architecture designed by the Valencian architect <strong data-start=\"342\" data-end=\"364\">Santiago Calatrava<\/strong>. It is a contemporary benchmark of high artistic quality, particularly thanks to the <strong data-start=\"450\" data-end=\"490\">Orquestra de la Comunitat Valenciana<\/strong>, considered one of the best symphonic-opera orchestras in Europe. Les Arts not only stages operas but also produces its own productions, many of which are co-produced with other European theaters or later performed on international stages. This positions it firmly within the network of major European opera houses.<\/p>\n<p data-start=\"810\" data-end=\"958\">Opera gatherings in Valencia offer a unique opportunity to enjoy this art form in an extraordinary setting like the <strong data-start=\"926\" data-end=\"955\">City of Arts and Sciences<\/strong>.<\/p>\n<p data-start=\"960\" data-end=\"1046\">Each year, the <strong data-start=\"975\" data-end=\"993\">annual program<\/strong> is presented between late spring and early summer.<\/p>\n<p data-start=\"1048\" data-end=\"1273\">These events are an invitation to rediscover the <strong data-start=\"1097\" data-end=\"1127\">power and emotion of opera<\/strong> in an accessible and enriching format, ideal both for music enthusiasts and for those seeking a cultural experience in the Valencian Community.<\/p>\n","protected":false},"featured_media":40166,"comment_status":"open","ping_status":"closed","template":"","meta":{"_acf_changed":false,"_joinchat":[]},"product_brand":[],"product_cat":[2916],"product_tag":[],"class_list":{"0":"post-40201","1":"product","2":"type-product","3":"status-publish","4":"has-post-thumbnail","6":"product_cat-musica","8":"first","9":"instock","10":"shipping-taxable","11":"product-type-simple"},"acf":[],"yoast_head":"<!-- This site is optimized with the Yoast SEO plugin v26.8 - https:\/\/yoast.com\/product\/yoast-seo-wordpress\/ -->\n<title>Experience Opera in Valencia - Turiart<\/title>\n<meta name=\"description\" content=\"The city of Valencia is renowned for its musical and artistic richness. The Palau de les Arts Reina Sof\u00eda is the most important opera and performing arts theater in the city and one of the most emblematic opera venues, featuring iconic architecture designed by the Valencian architect Santiago Calatrava. It is a contemporary benchmark of high artistic quality, particularly thanks to the Orquestra de la Comunitat Valenciana, considered one of the best symphonic-opera orchestras in Europe. Les Arts not only stages operas but also produces its own productions, many of which are co-produced with other European theaters or later performed on international stages. This positions it firmly within the network of major European opera houses. Opera gatherings in Valencia offer a unique opportunity to enjoy this art form in an extraordinary setting like the City of Arts and Sciences. Each year, the annual program is presented between late spring and early summer. These events are an invitation to rediscover the power and emotion of opera in an accessible and enriching format, ideal both for music enthusiasts and for those seeking a cultural experience in the Valencian Community.\" \/>\n<meta name=\"robots\" content=\"index, follow, max-snippet:-1, max-image-preview:large, max-video-preview:-1\" \/>\n<link rel=\"canonical\" href=\"https:\/\/www.turiart.com\/en\/product-catalog\/musica\/experience-opera-in-valencia\/\" \/>\n<meta property=\"og:locale\" content=\"en_US\" \/>\n<meta property=\"og:type\" content=\"article\" \/>\n<meta property=\"og:title\" content=\"Experience Opera in Valencia - Turiart\" \/>\n<meta property=\"og:description\" content=\"The city of Valencia is renowned for its musical and artistic richness. The Palau de les Arts Reina Sof\u00eda is the most important opera and performing arts theater in the city and one of the most emblematic opera venues, featuring iconic architecture designed by the Valencian architect Santiago Calatrava. It is a contemporary benchmark of high artistic quality, particularly thanks to the Orquestra de la Comunitat Valenciana, considered one of the best symphonic-opera orchestras in Europe. Les Arts not only stages operas but also produces its own productions, many of which are co-produced with other European theaters or later performed on international stages. This positions it firmly within the network of major European opera houses. Opera gatherings in Valencia offer a unique opportunity to enjoy this art form in an extraordinary setting like the City of Arts and Sciences. Each year, the annual program is presented between late spring and early summer. These events are an invitation to rediscover the power and emotion of opera in an accessible and enriching format, ideal both for music enthusiasts and for those seeking a cultural experience in the Valencian Community.\" \/>\n<meta property=\"og:url\" content=\"https:\/\/www.turiart.com\/en\/product-catalog\/musica\/experience-opera-in-valencia\/\" \/>\n<meta property=\"og:site_name\" content=\"Turiart\" \/>\n<meta property=\"article:publisher\" content=\"https:\/\/www.facebook.com\/turiartVLC\/\" \/>\n<meta property=\"og:image\" content=\"https:\/\/www.turiart.com\/wp-content\/uploads\/2025\/12\/Ernani_Les_Arts\u00a9MikelPonce-4-scaled.jpg\" \/>\n\t<meta property=\"og:image:width\" content=\"2560\" \/>\n\t<meta property=\"og:image:height\" content=\"1445\" \/>\n\t<meta property=\"og:image:type\" content=\"image\/jpeg\" \/>\n<meta name=\"twitter:label1\" content=\"Est. reading time\" \/>\n\t<meta name=\"twitter:data1\" content=\"1 minute\" \/>\n<script type=\"application\/ld+json\" class=\"yoast-schema-graph\">{\"@context\":\"https:\/\/schema.org\",\"@graph\":[{\"@type\":\"WebPage\",\"@id\":\"https:\/\/www.turiart.com\/en\/product-catalog\/musica\/experience-opera-in-valencia\/\",\"url\":\"https:\/\/www.turiart.com\/en\/product-catalog\/musica\/experience-opera-in-valencia\/\",\"name\":\"Experience Opera in Valencia - Turiart\",\"isPartOf\":{\"@id\":\"https:\/\/www.turiart.com\/en\/#website\"},\"primaryImageOfPage\":{\"@id\":\"https:\/\/www.turiart.com\/en\/product-catalog\/musica\/experience-opera-in-valencia\/#primaryimage\"},\"image\":{\"@id\":\"https:\/\/www.turiart.com\/en\/product-catalog\/musica\/experience-opera-in-valencia\/#primaryimage\"},\"thumbnailUrl\":\"https:\/\/www.turiart.com\/wp-content\/uploads\/2025\/12\/Ernani_Les_Arts\u00a9MikelPonce-4-scaled.jpg\",\"datePublished\":\"2025-12-22T14:42:03+00:00\",\"description\":\"The city of Valencia is renowned for its musical and artistic richness. The Palau de les Arts Reina Sof\u00eda is the most important opera and performing arts theater in the city and one of the most emblematic opera venues, featuring iconic architecture designed by the Valencian architect Santiago Calatrava. It is a contemporary benchmark of high artistic quality, particularly thanks to the Orquestra de la Comunitat Valenciana, considered one of the best symphonic-opera orchestras in Europe. Les Arts not only stages operas but also produces its own productions, many of which are co-produced with other European theaters or later performed on international stages. This positions it firmly within the network of major European opera houses. Opera gatherings in Valencia offer a unique opportunity to enjoy this art form in an extraordinary setting like the City of Arts and Sciences. Each year, the annual program is presented between late spring and early summer. These events are an invitation to rediscover the power and emotion of opera in an accessible and enriching format, ideal both for music enthusiasts and for those seeking a cultural experience in the Valencian Community.\",\"breadcrumb\":{\"@id\":\"https:\/\/www.turiart.com\/en\/product-catalog\/musica\/experience-opera-in-valencia\/#breadcrumb\"},\"inLanguage\":\"en-US\",\"potentialAction\":[{\"@type\":\"ReadAction\",\"target\":[\"https:\/\/www.turiart.com\/en\/product-catalog\/musica\/experience-opera-in-valencia\/\"]}]},{\"@type\":\"ImageObject\",\"inLanguage\":\"en-US\",\"@id\":\"https:\/\/www.turiart.com\/en\/product-catalog\/musica\/experience-opera-in-valencia\/#primaryimage\",\"url\":\"https:\/\/www.turiart.com\/wp-content\/uploads\/2025\/12\/Ernani_Les_Arts\u00a9MikelPonce-4-scaled.jpg\",\"contentUrl\":\"https:\/\/www.turiart.com\/wp-content\/uploads\/2025\/12\/Ernani_Les_Arts\u00a9MikelPonce-4-scaled.jpg\",\"width\":2560,\"height\":1445},{\"@type\":\"BreadcrumbList\",\"@id\":\"https:\/\/www.turiart.com\/en\/product-catalog\/musica\/experience-opera-in-valencia\/#breadcrumb\",\"itemListElement\":[{\"@type\":\"ListItem\",\"position\":1,\"name\":\"Home\",\"item\":\"https:\/\/www.turiart.com\/en\/\"},{\"@type\":\"ListItem\",\"position\":2,\"name\":\"Product catalogue\",\"item\":\"https:\/\/www.turiart.com\/en\/product-catalogue\/\"},{\"@type\":\"ListItem\",\"position\":3,\"name\":\"M\u00fasica\",\"item\":\"https:\/\/www.turiart.com\/en\/product\/musica\/\"},{\"@type\":\"ListItem\",\"position\":4,\"name\":\"Experience Opera in Valencia\"}]},{\"@type\":\"WebSite\",\"@id\":\"https:\/\/www.turiart.com\/en\/#website\",\"url\":\"https:\/\/www.turiart.com\/en\/\",\"name\":\"Turiart\",\"description\":\"Visitas guiadas y servicios tur\u00edstico-culturales en Valencia\",\"publisher\":{\"@id\":\"https:\/\/www.turiart.com\/en\/#organization\"},\"potentialAction\":[{\"@type\":\"SearchAction\",\"target\":{\"@type\":\"EntryPoint\",\"urlTemplate\":\"https:\/\/www.turiart.com\/en\/?s={search_term_string}\"},\"query-input\":{\"@type\":\"PropertyValueSpecification\",\"valueRequired\":true,\"valueName\":\"search_term_string\"}}],\"inLanguage\":\"en-US\"},{\"@type\":\"Organization\",\"@id\":\"https:\/\/www.turiart.com\/en\/#organization\",\"name\":\"Servicios Auxiliares Turiart, S.L\",\"url\":\"https:\/\/www.turiart.com\/en\/\",\"logo\":{\"@type\":\"ImageObject\",\"inLanguage\":\"en-US\",\"@id\":\"https:\/\/www.turiart.com\/en\/#\/schema\/logo\/image\/\",\"url\":\"https:\/\/www.turiart.com\/wp-content\/uploads\/2018\/06\/logoHD-1.png\",\"contentUrl\":\"https:\/\/www.turiart.com\/wp-content\/uploads\/2018\/06\/logoHD-1.png\",\"width\":403,\"height\":209,\"caption\":\"Servicios Auxiliares Turiart, S.L\"},\"image\":{\"@id\":\"https:\/\/www.turiart.com\/en\/#\/schema\/logo\/image\/\"},\"sameAs\":[\"https:\/\/www.facebook.com\/turiartVLC\/\",\"https:\/\/x.com\/turiart\",\"https:\/\/www.instagram.com\/turiart\/\",\"https:\/\/www.linkedin.com\/company\/2726719\/admin\/\"]}]}<\/script>\n<!-- \/ Yoast SEO plugin. -->","yoast_head_json":{"title":"Experience Opera in Valencia - Turiart","description":"The city of Valencia is renowned for its musical and artistic richness. The Palau de les Arts Reina Sof\u00eda is the most important opera and performing arts theater in the city and one of the most emblematic opera venues, featuring iconic architecture designed by the Valencian architect Santiago Calatrava. It is a contemporary benchmark of high artistic quality, particularly thanks to the Orquestra de la Comunitat Valenciana, considered one of the best symphonic-opera orchestras in Europe. Les Arts not only stages operas but also produces its own productions, many of which are co-produced with other European theaters or later performed on international stages. This positions it firmly within the network of major European opera houses. Opera gatherings in Valencia offer a unique opportunity to enjoy this art form in an extraordinary setting like the City of Arts and Sciences. Each year, the annual program is presented between late spring and early summer. These events are an invitation to rediscover the power and emotion of opera in an accessible and enriching format, ideal both for music enthusiasts and for those seeking a cultural experience in the Valencian Community.","robots":{"index":"index","follow":"follow","max-snippet":"max-snippet:-1","max-image-preview":"max-image-preview:large","max-video-preview":"max-video-preview:-1"},"canonical":"https:\/\/www.turiart.com\/en\/product-catalog\/musica\/experience-opera-in-valencia\/","og_locale":"en_US","og_type":"article","og_title":"Experience Opera in Valencia - Turiart","og_description":"The city of Valencia is renowned for its musical and artistic richness. The Palau de les Arts Reina Sof\u00eda is the most important opera and performing arts theater in the city and one of the most emblematic opera venues, featuring iconic architecture designed by the Valencian architect Santiago Calatrava. It is a contemporary benchmark of high artistic quality, particularly thanks to the Orquestra de la Comunitat Valenciana, considered one of the best symphonic-opera orchestras in Europe. Les Arts not only stages operas but also produces its own productions, many of which are co-produced with other European theaters or later performed on international stages. This positions it firmly within the network of major European opera houses. Opera gatherings in Valencia offer a unique opportunity to enjoy this art form in an extraordinary setting like the City of Arts and Sciences. Each year, the annual program is presented between late spring and early summer. These events are an invitation to rediscover the power and emotion of opera in an accessible and enriching format, ideal both for music enthusiasts and for those seeking a cultural experience in the Valencian Community.","og_url":"https:\/\/www.turiart.com\/en\/product-catalog\/musica\/experience-opera-in-valencia\/","og_site_name":"Turiart","article_publisher":"https:\/\/www.facebook.com\/turiartVLC\/","og_image":[{"width":2560,"height":1445,"url":"https:\/\/www.turiart.com\/wp-content\/uploads\/2025\/12\/Ernani_Les_Arts\u00a9MikelPonce-4-scaled.jpg","type":"image\/jpeg"}],"twitter_misc":{"Est. reading time":"1 minute"},"schema":{"@context":"https:\/\/schema.org","@graph":[{"@type":"WebPage","@id":"https:\/\/www.turiart.com\/en\/product-catalog\/musica\/experience-opera-in-valencia\/","url":"https:\/\/www.turiart.com\/en\/product-catalog\/musica\/experience-opera-in-valencia\/","name":"Experience Opera in Valencia - Turiart","isPartOf":{"@id":"https:\/\/www.turiart.com\/en\/#website"},"primaryImageOfPage":{"@id":"https:\/\/www.turiart.com\/en\/product-catalog\/musica\/experience-opera-in-valencia\/#primaryimage"},"image":{"@id":"https:\/\/www.turiart.com\/en\/product-catalog\/musica\/experience-opera-in-valencia\/#primaryimage"},"thumbnailUrl":"https:\/\/www.turiart.com\/wp-content\/uploads\/2025\/12\/Ernani_Les_Arts\u00a9MikelPonce-4-scaled.jpg","datePublished":"2025-12-22T14:42:03+00:00","description":"The city of Valencia is renowned for its musical and artistic richness. The Palau de les Arts Reina Sof\u00eda is the most important opera and performing arts theater in the city and one of the most emblematic opera venues, featuring iconic architecture designed by the Valencian architect Santiago Calatrava. It is a contemporary benchmark of high artistic quality, particularly thanks to the Orquestra de la Comunitat Valenciana, considered one of the best symphonic-opera orchestras in Europe. Les Arts not only stages operas but also produces its own productions, many of which are co-produced with other European theaters or later performed on international stages. This positions it firmly within the network of major European opera houses. Opera gatherings in Valencia offer a unique opportunity to enjoy this art form in an extraordinary setting like the City of Arts and Sciences. Each year, the annual program is presented between late spring and early summer. These events are an invitation to rediscover the power and emotion of opera in an accessible and enriching format, ideal both for music enthusiasts and for those seeking a cultural experience in the Valencian Community.","breadcrumb":{"@id":"https:\/\/www.turiart.com\/en\/product-catalog\/musica\/experience-opera-in-valencia\/#breadcrumb"},"inLanguage":"en-US","potentialAction":[{"@type":"ReadAction","target":["https:\/\/www.turiart.com\/en\/product-catalog\/musica\/experience-opera-in-valencia\/"]}]},{"@type":"ImageObject","inLanguage":"en-US","@id":"https:\/\/www.turiart.com\/en\/product-catalog\/musica\/experience-opera-in-valencia\/#primaryimage","url":"https:\/\/www.turiart.com\/wp-content\/uploads\/2025\/12\/Ernani_Les_Arts\u00a9MikelPonce-4-scaled.jpg","contentUrl":"https:\/\/www.turiart.com\/wp-content\/uploads\/2025\/12\/Ernani_Les_Arts\u00a9MikelPonce-4-scaled.jpg","width":2560,"height":1445},{"@type":"BreadcrumbList","@id":"https:\/\/www.turiart.com\/en\/product-catalog\/musica\/experience-opera-in-valencia\/#breadcrumb","itemListElement":[{"@type":"ListItem","position":1,"name":"Home","item":"https:\/\/www.turiart.com\/en\/"},{"@type":"ListItem","position":2,"name":"Product catalogue","item":"https:\/\/www.turiart.com\/en\/product-catalogue\/"},{"@type":"ListItem","position":3,"name":"M\u00fasica","item":"https:\/\/www.turiart.com\/en\/product\/musica\/"},{"@type":"ListItem","position":4,"name":"Experience Opera in Valencia"}]},{"@type":"WebSite","@id":"https:\/\/www.turiart.com\/en\/#website","url":"https:\/\/www.turiart.com\/en\/","name":"Turiart","description":"Visitas guiadas y servicios tur\u00edstico-culturales en Valencia","publisher":{"@id":"https:\/\/www.turiart.com\/en\/#organization"},"potentialAction":[{"@type":"SearchAction","target":{"@type":"EntryPoint","urlTemplate":"https:\/\/www.turiart.com\/en\/?s={search_term_string}"},"query-input":{"@type":"PropertyValueSpecification","valueRequired":true,"valueName":"search_term_string"}}],"inLanguage":"en-US"},{"@type":"Organization","@id":"https:\/\/www.turiart.com\/en\/#organization","name":"Servicios Auxiliares Turiart, S.L","url":"https:\/\/www.turiart.com\/en\/","logo":{"@type":"ImageObject","inLanguage":"en-US","@id":"https:\/\/www.turiart.com\/en\/#\/schema\/logo\/image\/","url":"https:\/\/www.turiart.com\/wp-content\/uploads\/2018\/06\/logoHD-1.png","contentUrl":"https:\/\/www.turiart.com\/wp-content\/uploads\/2018\/06\/logoHD-1.png","width":403,"height":209,"caption":"Servicios Auxiliares Turiart, S.L"},"image":{"@id":"https:\/\/www.turiart.com\/en\/#\/schema\/logo\/image\/"},"sameAs":["https:\/\/www.facebook.com\/turiartVLC\/","https:\/\/x.com\/turiart","https:\/\/www.instagram.com\/turiart\/","https:\/\/www.linkedin.com\/company\/2726719\/admin\/"]}]}},"_links":{"self":[{"href":"https:\/\/www.turiart.com\/en\/wp-json\/wp\/v2\/product\/40201","targetHints":{"allow":["GET"]}}],"collection":[{"href":"https:\/\/www.turiart.com\/en\/wp-json\/wp\/v2\/product"}],"about":[{"href":"https:\/\/www.turiart.com\/en\/wp-json\/wp\/v2\/types\/product"}],"replies":[{"embeddable":true,"href":"https:\/\/www.turiart.com\/en\/wp-json\/wp\/v2\/comments?post=40201"}],"wp:featuredmedia":[{"embeddable":true,"href":"https:\/\/www.turiart.com\/en\/wp-json\/wp\/v2\/media\/40166"}],"wp:attachment":[{"href":"https:\/\/www.turiart.com\/en\/wp-json\/wp\/v2\/media?parent=40201"}],"wp:term":[{"taxonomy":"product_brand","embeddable":true,"href":"https:\/\/www.turiart.com\/en\/wp-json\/wp\/v2\/product_brand?post=40201"},{"taxonomy":"product_cat","embeddable":true,"href":"https:\/\/www.turiart.com\/en\/wp-json\/wp\/v2\/product_cat?post=40201"},{"taxonomy":"product_tag","embeddable":true,"href":"https:\/\/www.turiart.com\/en\/wp-json\/wp\/v2\/product_tag?post=40201"}],"curies":[{"name":"wp","href":"https:\/\/api.w.org\/{rel}","templated":true}]}}