{"id":1472,"date":"2013-06-21T18:17:35","date_gmt":"2013-06-21T18:17:35","guid":{"rendered":"http:\/\/servidordeprueba.net\/webs\/turiart\/?page_id=1472"},"modified":"2020-02-26T11:25:19","modified_gmt":"2020-02-26T09:25:19","slug":"termini-e-condizioni-di-uso","status":"publish","type":"page","link":"https:\/\/www.turiart.com\/it\/termini-e-condizioni-di-uso\/","title":{"rendered":"Termini e condizioni di uso"},"content":{"rendered":"<h2>Termini e condizioni d'uso di turiart.com e dei servizi e dei prodotti di Turiart<\/h2>\n<p>La vendita di un prodotto o servizio si considera effettuata quando viene pagato l\u2019importo totale di questo. Non si considera la prenotazione senza il pagamento corrispondente. Una volta effettuato il pagamento, il cliente ricever\u00e0 una mail di conferma o un buono emesso da Turiart che dovr\u00e0 essere presentato (stampato o in supporto digitale) alla guida o alla biglietteria nel punto d\u2019incontro stabilito il giorno e all\u2019ora della visita.<\/p>\n<p>Non si effettuano rimborsi se si tratta di piccole somme di denaro. Nei prodotti catalogati como percorsi, potr\u00e0 cambiare la data nel calendario delle attivit\u00e0 pubblicato nella pagina web di Turiart o potr\u00e0 ricevere in cambio un \u201cbuono regalo\u201d per un\u2019altra persona stabilita dal cliente.<\/p>\n<p>Turiart, in conformit\u00e0 con il Regolamento della &nbsp;Protezione Generale dei dati UE-2016\/679, del Parlamento e del Consiglio d\u2019Europa, la informa che i suoi dati personali saranno trattati per scopi amministrativi, contabili e per la fornitura del servizio offerto da Turiart. Non saranno ceduti a terzi, salvo per obbligo legale o per il trattamento contabile e fiscale, mediante un contratto di Prestazione di Servizi tra il Responsabile del trattamento e l\u2019Incaricato del Trattamento, potendo comunque esercitare i suoi diritti di accesso, rettifica, eliminazione , opposizione, trasferibilit\u00e0 e limitazioni a: CALLE DEL EDITOR CABRERIZO, 3 \u2013 BAJO IZQUIERDA, 46001, VALENCIA, VALENCIA, o all\u2019indirizzo di posta elettronica administracion@turiart.com.<\/p>\n<p>Turiart potr\u00e0 chiamarla per telefono o inviarle messaggi per mezzi elettronici per questioni legate ai prodotti contrattati e con lo scopo di offrire un servizio efficiente per la realizzazione dell\u2019attivit\u00e0. Tuttavia, se non desidera che Turiart le invii informazioni sui prodotti contrattati, la invitiamo a comunicarlo tramite posta elettronica all\u2019indirizzo di posta elettronica administracion@turiart.com.<\/p>\n<p>Il cliente che participa a un prodotto o servizio di Turiart autorizza al trattamento dell\u2019immagine (fotografie, video e\/o registrazioni vocali) parzialmente o del tutto con la finalit\u00e0 di promuovere successivamente i prodotti o servizi di Turiart con mezzi di promozione e marketing, come volantini, pagine web, reti social, reportage nelle riviste, giornali, programmi televisivi o radio, e altri, potendo esercitare&nbsp; i&nbsp; suoi diritti di accesso, opposizione, rettifica, eliminazione, limitazione e trasferibilit\u00e0, rivolgendosi per iscritto al seguente indirizzo: CALLE DEL EDITOR CABRERIZO, 3 \u2013 BAJO IZQUIERDA, 46001, VALENCIA, VALENCIA, o all\u2019indirizzo di posta elettronica administracion@turiart.com.<\/p>\n<p>L'utente concede il consenso perch\u00e8 i suoi dati possano essere comunicati a terze imprese di garanzia, cos\u00ec come le societ\u00e0 che costituiscono la federazione Cultura e Turismo Urbano,&nbsp; in conformit\u00e0 ai fini legati alle sue funzioni legittime di Turiart e della terza impresa, al fine di poter gestire meglio le informazioni che la riguardano, incluso l\u2019uso dei cookies.<\/p>\n<p>Turiart garantisce che tratter\u00e0 in modo sicuro i tuoi dati personali. Inoltre il server in cui vengono archiviati ed elaborati i dati, gode dei mezzi di sicurezza stabiliti dalla normativa spagnola sulla protezione dei dati.<\/p>\n","protected":false},"excerpt":{"rendered":"<p>Termini e condizioni d'uso di turiart.com e dei servizi e dei prodotti di Turiart La vendita di un prodotto o servizio si considera effettuata quando viene pagato l\u2019importo totale di questo. Non si considera la prenotazione senza il pagamento corrispondente. Una volta effettuato il pagamento, il cliente ricever\u00e0 una mail di conferma o un buono [&hellip;]<\/p>\n","protected":false},"author":4,"featured_media":0,"parent":0,"menu_order":0,"comment_status":"open","ping_status":"closed","template":"","meta":{"_acf_changed":false,"_joinchat":[],"footnotes":""},"class_list":["post-1472","page","type-page","status-publish","hentry"],"acf":[],"yoast_head":"<!-- This site is optimized with the Yoast SEO plugin v26.8 - https:\/\/yoast.com\/product\/yoast-seo-wordpress\/ -->\n<title>Termini e condizioni di uso - Turiart<\/title>\n<meta name=\"description\" content=\"Termini e condizioni d&#039;uso di turiart.com e dei servizi e dei prodotti di Turiart\" \/>\n<meta name=\"robots\" content=\"index, follow, max-snippet:-1, max-image-preview:large, max-video-preview:-1\" \/>\n<link rel=\"canonical\" href=\"https:\/\/www.turiart.com\/it\/termini-e-condizioni-di-uso\/\" \/>\n<meta property=\"og:locale\" content=\"it_IT\" \/>\n<meta property=\"og:type\" content=\"article\" \/>\n<meta property=\"og:title\" content=\"Termini e condizioni di uso - Turiart\" \/>\n<meta property=\"og:description\" content=\"Termini e condizioni d&#039;uso di turiart.com e dei servizi e dei prodotti di Turiart\" \/>\n<meta property=\"og:url\" content=\"https:\/\/www.turiart.com\/it\/termini-e-condizioni-di-uso\/\" \/>\n<meta property=\"og:site_name\" content=\"Turiart\" \/>\n<meta property=\"article:publisher\" content=\"https:\/\/www.facebook.com\/turiartVLC\/\" \/>\n<meta property=\"article:modified_time\" content=\"2020-02-26T09:25:19+00:00\" \/>\n<meta name=\"twitter:label1\" content=\"Est. reading time\" \/>\n\t<meta name=\"twitter:data1\" content=\"2 minutes\" \/>\n<script type=\"application\/ld+json\" class=\"yoast-schema-graph\">{\"@context\":\"https:\/\/schema.org\",\"@graph\":[{\"@type\":\"WebPage\",\"@id\":\"https:\/\/www.turiart.com\/it\/termini-e-condizioni-di-uso\/\",\"url\":\"https:\/\/www.turiart.com\/it\/termini-e-condizioni-di-uso\/\",\"name\":\"Termini e condizioni di uso - Turiart\",\"isPartOf\":{\"@id\":\"https:\/\/www.turiart.com\/it\/#website\"},\"datePublished\":\"2013-06-21T18:17:35+00:00\",\"dateModified\":\"2020-02-26T09:25:19+00:00\",\"description\":\"Termini e condizioni d'uso di turiart.com e dei servizi e dei prodotti di Turiart\",\"breadcrumb\":{\"@id\":\"https:\/\/www.turiart.com\/it\/termini-e-condizioni-di-uso\/#breadcrumb\"},\"inLanguage\":\"it-IT\",\"potentialAction\":[{\"@type\":\"ReadAction\",\"target\":[\"https:\/\/www.turiart.com\/it\/termini-e-condizioni-di-uso\/\"]}]},{\"@type\":\"BreadcrumbList\",\"@id\":\"https:\/\/www.turiart.com\/it\/termini-e-condizioni-di-uso\/#breadcrumb\",\"itemListElement\":[{\"@type\":\"ListItem\",\"position\":1,\"name\":\"Home\",\"item\":\"https:\/\/www.turiart.com\/it\/\"},{\"@type\":\"ListItem\",\"position\":2,\"name\":\"Termini e condizioni di uso\"}]},{\"@type\":\"WebSite\",\"@id\":\"https:\/\/www.turiart.com\/it\/#website\",\"url\":\"https:\/\/www.turiart.com\/it\/\",\"name\":\"Turiart\",\"description\":\"Visitas guiadas y servicios tur\u00edstico-culturales en Valencia\",\"publisher\":{\"@id\":\"https:\/\/www.turiart.com\/it\/#organization\"},\"potentialAction\":[{\"@type\":\"SearchAction\",\"target\":{\"@type\":\"EntryPoint\",\"urlTemplate\":\"https:\/\/www.turiart.com\/it\/?s={search_term_string}\"},\"query-input\":{\"@type\":\"PropertyValueSpecification\",\"valueRequired\":true,\"valueName\":\"search_term_string\"}}],\"inLanguage\":\"it-IT\"},{\"@type\":\"Organization\",\"@id\":\"https:\/\/www.turiart.com\/it\/#organization\",\"name\":\"Servicios Auxiliares Turiart, S.L\",\"url\":\"https:\/\/www.turiart.com\/it\/\",\"logo\":{\"@type\":\"ImageObject\",\"inLanguage\":\"it-IT\",\"@id\":\"https:\/\/www.turiart.com\/it\/#\/schema\/logo\/image\/\",\"url\":\"https:\/\/www.turiart.com\/wp-content\/uploads\/2018\/06\/logoHD-1.png\",\"contentUrl\":\"https:\/\/www.turiart.com\/wp-content\/uploads\/2018\/06\/logoHD-1.png\",\"width\":403,\"height\":209,\"caption\":\"Servicios Auxiliares Turiart, S.L\"},\"image\":{\"@id\":\"https:\/\/www.turiart.com\/it\/#\/schema\/logo\/image\/\"},\"sameAs\":[\"https:\/\/www.facebook.com\/turiartVLC\/\",\"https:\/\/x.com\/turiart\",\"https:\/\/www.instagram.com\/turiart\/\",\"https:\/\/www.linkedin.com\/company\/2726719\/admin\/\"]}]}<\/script>\n<!-- \/ Yoast SEO plugin. -->","yoast_head_json":{"title":"Termini e condizioni di uso - Turiart","description":"Termini e condizioni d'uso di turiart.com e dei servizi e dei prodotti di Turiart","robots":{"index":"index","follow":"follow","max-snippet":"max-snippet:-1","max-image-preview":"max-image-preview:large","max-video-preview":"max-video-preview:-1"},"canonical":"https:\/\/www.turiart.com\/it\/termini-e-condizioni-di-uso\/","og_locale":"it_IT","og_type":"article","og_title":"Termini e condizioni di uso - Turiart","og_description":"Termini e condizioni d'uso di turiart.com e dei servizi e dei prodotti di Turiart","og_url":"https:\/\/www.turiart.com\/it\/termini-e-condizioni-di-uso\/","og_site_name":"Turiart","article_publisher":"https:\/\/www.facebook.com\/turiartVLC\/","article_modified_time":"2020-02-26T09:25:19+00:00","twitter_misc":{"Est. reading time":"2 minutes"},"schema":{"@context":"https:\/\/schema.org","@graph":[{"@type":"WebPage","@id":"https:\/\/www.turiart.com\/it\/termini-e-condizioni-di-uso\/","url":"https:\/\/www.turiart.com\/it\/termini-e-condizioni-di-uso\/","name":"Termini e condizioni di uso - Turiart","isPartOf":{"@id":"https:\/\/www.turiart.com\/it\/#website"},"datePublished":"2013-06-21T18:17:35+00:00","dateModified":"2020-02-26T09:25:19+00:00","description":"Termini e condizioni d'uso di turiart.com e dei servizi e dei prodotti di Turiart","breadcrumb":{"@id":"https:\/\/www.turiart.com\/it\/termini-e-condizioni-di-uso\/#breadcrumb"},"inLanguage":"it-IT","potentialAction":[{"@type":"ReadAction","target":["https:\/\/www.turiart.com\/it\/termini-e-condizioni-di-uso\/"]}]},{"@type":"BreadcrumbList","@id":"https:\/\/www.turiart.com\/it\/termini-e-condizioni-di-uso\/#breadcrumb","itemListElement":[{"@type":"ListItem","position":1,"name":"Home","item":"https:\/\/www.turiart.com\/it\/"},{"@type":"ListItem","position":2,"name":"Termini e condizioni di uso"}]},{"@type":"WebSite","@id":"https:\/\/www.turiart.com\/it\/#website","url":"https:\/\/www.turiart.com\/it\/","name":"Turiart","description":"Visitas guiadas y servicios tur\u00edstico-culturales en Valencia","publisher":{"@id":"https:\/\/www.turiart.com\/it\/#organization"},"potentialAction":[{"@type":"SearchAction","target":{"@type":"EntryPoint","urlTemplate":"https:\/\/www.turiart.com\/it\/?s={search_term_string}"},"query-input":{"@type":"PropertyValueSpecification","valueRequired":true,"valueName":"search_term_string"}}],"inLanguage":"it-IT"},{"@type":"Organization","@id":"https:\/\/www.turiart.com\/it\/#organization","name":"Servicios Auxiliares Turiart, S.L","url":"https:\/\/www.turiart.com\/it\/","logo":{"@type":"ImageObject","inLanguage":"it-IT","@id":"https:\/\/www.turiart.com\/it\/#\/schema\/logo\/image\/","url":"https:\/\/www.turiart.com\/wp-content\/uploads\/2018\/06\/logoHD-1.png","contentUrl":"https:\/\/www.turiart.com\/wp-content\/uploads\/2018\/06\/logoHD-1.png","width":403,"height":209,"caption":"Servicios Auxiliares Turiart, S.L"},"image":{"@id":"https:\/\/www.turiart.com\/it\/#\/schema\/logo\/image\/"},"sameAs":["https:\/\/www.facebook.com\/turiartVLC\/","https:\/\/x.com\/turiart","https:\/\/www.instagram.com\/turiart\/","https:\/\/www.linkedin.com\/company\/2726719\/admin\/"]}]}},"_links":{"self":[{"href":"https:\/\/www.turiart.com\/it\/wp-json\/wp\/v2\/pages\/1472","targetHints":{"allow":["GET"]}}],"collection":[{"href":"https:\/\/www.turiart.com\/it\/wp-json\/wp\/v2\/pages"}],"about":[{"href":"https:\/\/www.turiart.com\/it\/wp-json\/wp\/v2\/types\/page"}],"author":[{"embeddable":true,"href":"https:\/\/www.turiart.com\/it\/wp-json\/wp\/v2\/users\/4"}],"replies":[{"embeddable":true,"href":"https:\/\/www.turiart.com\/it\/wp-json\/wp\/v2\/comments?post=1472"}],"version-history":[{"count":0,"href":"https:\/\/www.turiart.com\/it\/wp-json\/wp\/v2\/pages\/1472\/revisions"}],"wp:attachment":[{"href":"https:\/\/www.turiart.com\/it\/wp-json\/wp\/v2\/media?parent=1472"}],"curies":[{"name":"wp","href":"https:\/\/api.w.org\/{rel}","templated":true}]}}