{"id":1481,"date":"2013-06-21T18:29:58","date_gmt":"2013-06-21T18:29:58","guid":{"rendered":"http:\/\/servidordeprueba.net\/webs\/turiart\/?page_id=1481"},"modified":"2020-02-26T11:25:04","modified_gmt":"2020-02-26T09:25:04","slug":"avviso-legale","status":"publish","type":"page","link":"https:\/\/www.turiart.com\/it\/avviso-legale\/","title":{"rendered":"Avviso Legale"},"content":{"rendered":"<p>Denominazione sociale: Asociaci\u00f3n Cultural Turismo y Arte Turiart<br \/>\nNome commerciale: Turiart<br \/>\nIndirizzo: Calle del Editor Cabrerizo, 3 - Bajo Izq. 46001 Valencia (Spagna)<br \/>\nCIF: G-96954888<br \/>\nTelefono: +34 96 352 07 72<br \/>\nIndirizzo email: info@turiart.com<br \/>\nNome dominio: www.turiart.com<\/p>\n<div class=\"iconbox-title\">\n<h2 class=\"seccion\">Oggetto<\/h2>\n<\/div>\n<p>Il fornitore, responsabile per il sito internet, offer questo documento che intende eseguire gli obblighi sottostanti alla Legge 34\/2002, dei Servizi dell\u2019Informazaione Societ\u00e0 e Commercio Elettronico (LSSI-CE ) ed informare tutti gli utenti del sito internet circa le condizioni di uso del medesimo.<\/p>\n<p>Ogni persona accedendo a questo sito assume il ruolo di utente conscio dell\u2019osservanza e dell\u2019applicazione del provvedimento accluso al presente documento, e verso altri provvedimenti di legge che potrebbero essere applicabili.<\/p>\n<p>Il fornitore si riserva il diritto di cambiare ogni informazione che potrebbe apparire all\u2019interno del sito internet senza alcun preavviso oppure informando gli utenti di tali obblighi, significando inoltre il divieto di pubblicazione su questa pagina web.<\/p>\n<div class=\"iconbox-title\">\n<h2 class=\"seccion\">Responsabilit\u00e0<\/h2>\n<\/div>\n<p>Il fornitore declina ogni responsabilit\u00e0 riguardo le informazioni postate sul proprio sito internet, tenendo conto che tali informazioni siano state modificate o introdotte da una persona estranea.<\/p>\n<p>Il sito internet del proprietario potrebbe usare cookies (piccolo pezzi di informazioni che il server invia al computer della persona accedente alla pagina) per compiere talune funzioni considerate essenziali per il funzionamento e monitoraggio del sito. I cookies sono comunque utilizzati temporaneamente al solo scopo di rendere pi\u00f9 efficiente la trasmissione in avanti e scompaiono quando termina la sessione dell'utente. Sotto nessuna circostanza usare cookies per collezionare informazioni personali.<\/p>\n<p>Dal sito web del cliente potrebbe essere reindirizzato a siti web di terzi. Dal momento che il fornitore non \u00e8 in grado di controllare sempre i contenuti inseriti da terzi sui loro siti web, non si assume alcuna responsabilit\u00e0 per tali contenuti. In ogni caso, il creditore dichiara che procedere alla rimozione immediata di qualsiasi contenuto che possa violare la legge nazionale o internazionale, la morale o l'ordine pubblico, di procedere al ritiro immediato del reindirizzo al sito web, ottenendo l'attenzione delle autorit\u00e0 competent riguardo il contenuto in questione.<\/p>\n<p>Il fornitore non \u00e8 responsabile per il contenuto e le informazioni immagazzinate, per esempio, ma non limitato a, forum, chat, generatori, blog, commenti, canali sociali o qualsiasi altro significhi che permette a terzi di postare contenuti indipendenti dal fornitore stesso. Comunque, in accord con i provvedimenti degli art. 11 e16 del LSSI-CE, il fornitore rende disponibile a tutti gli utenti, autorit\u00e1 e forze di sicurezza, e lavorare attivamente al ritiro o eventualmente bloccare tutti i contenuti che potrebbero influenzare o violare la legge nazionale, o i diritti internazionali o della morale e l'ordine pubblico. Se l'utente ritiene che esista sul sito qualsiasi contenuto che possa essere suscettibile a questa classificazione, si prega di informare immediatamente l'amministratore..<br \/>\nQuesto sito internet \u00e8 stato revisionato e testato per lavorare correttamente. All\u2019inizio, pu\u00f2 assicurare la corretta operazione 365 giorni all\u2019anno, 24 ore al giorno. Comunque, il creditore non esclude la possibilit\u00e0 che alcuni seccatori, cause di forza maggiore, disastri naturali, scioperi o simili circostanze rendano impossibile l'accesso al sito.<\/p>\n<div class=\"iconbox-title\">\n<h2 class=\"seccion\">Privacy<\/h2>\n<\/div>\n<p>Il fornitore \u00e8 profondamente impegnato nella conformit\u00e0 normativa spagnola per la protezione dei dati personali, e garantisce il pieno rispetto degli obblighi previsti, e l'attuazione delle misure di sicurezza previste dall\u2019art. 9 della legge 15\/1999, riguardo la protezione dei dati personali e il regolamento sullo sviluppo della Legge sulla protezione dei dati.<\/p>\n<p>Il fornitore informa gli utenti riguardo la privacy sui seguenti aspetti:<\/p>\n<ul>\n<li>Dati dell\u2019ispettore.<\/li>\n<li>Dati elaborati.<\/li>\n<li>File in cui sono memorizzati.<\/li>\n<li>Finalit\u00e0 del trattamento.<\/li>\n<li>Obbligatori o meno forniti, ed eventuali conseguenze di non fornirli.<\/li>\n<li>Sui diritti concessi a tutti gli utenti e la procedura per l'esercizio.<\/li>\n<\/ul>\n<div class=\"iconbox-title\">\n<h2 class=\"seccion\">Propriet\u00e0 intellettuale<\/h2>\n<\/div>\n<p>Il sito web, compresi, ma non limitatamente a programmazione, revisione, compilazione e altri elementi necessari per il suo funzionamento, disegni, loghi, testi e \/ o immagini sono di propriet\u00e0 del fornitore, se si dispone di una licenza o di autorizzazione da parte degli autori. Tutti i contenuti del sito sono debitamente protetti dalle leggi di propriet\u00e0 intellettuale e registrate nei registri pubblici.<br \/>\nIndipendentemente dallo scopo per cui sono stati destinati, totale o parziale, la riproduzione, l'uso, lo sfruttamento, la distribuzione e la commercializzazione, in ogni caso, richiede la previa autorizzazione scritta da parte del fornitore. Ogni utilizzo non preventivamente autorizzato dal fornitore sar\u00e0 considerata una grave violazione dei diritti di propriet\u00e0 intellettuale dell'autore.<\/p>\n<p>I disegni, loghi, testi e \/ o grafiche esterne al provider, che possono essere visualizzati sul sito appartengono ai rispettivi proprietari, essi stessi responsabili per qualsiasi controversia che dovesse sorgere in merito. In ogni caso, il creditore ha l'espressa autorizzazione dello stesso.<br \/>\nIl fornitore autorizza espressamente per conto terzi per reindirizzare direttamente ai contenuti specifici del sito che, in ogni caso, dovrebbe reindirizzare al sito principale del prestatore.<\/p>\n<p>Il fornitore riconosce a favore dei titolari i diritti di propriet\u00e0 intellettuale, ma non la loro semplice menzione o apparizione sul sito web per qualsiasi diritto o responsabilit\u00e0 del prestatore dello stesso, qualsiasi approvazione, sponsorizzazione o raccomandazione da parte dello stesso.<\/p>\n<p>Per fare osservazioni in merito a possibili violazioni dei diritti di propriet\u00e0 intellettuale, cos\u00ec come per uno dei contenuti del sito web, \u00e8 possibile lasciarle tramite la seguente email.<\/p>\n<div class=\"iconbox-title\">\n<h2 class=\"seccion\">Legge e Giurisdizione<\/h2>\n<\/div>\n<p>Per la risoluzione di tutte le controversie o domande relative a questo sito web o le attivit\u00e0 di sviluppo, si applicher\u00e0 la legge spagnola, le cui parti affermano espressamente di essere competenti per la risoluzione di tutte le controversie derivanti da o correlati all'uso delle Corti (luogo dello Stato).<\/p>\n","protected":false},"excerpt":{"rendered":"<p>Denominazione sociale: Asociaci\u00f3n Cultural Turismo y Arte Turiart Nome commerciale: Turiart Indirizzo: Calle del Editor Cabrerizo, 3 - Bajo Izq. 46001 Valencia (Spagna) CIF: G-96954888 Telefono: +34 96 352 07 72 Indirizzo email: info@turiart.com Nome dominio: www.turiart.com Oggetto Il fornitore, responsabile per il sito internet, offer questo documento che intende eseguire gli obblighi sottostanti alla [&hellip;]<\/p>\n","protected":false},"author":4,"featured_media":0,"parent":0,"menu_order":0,"comment_status":"open","ping_status":"closed","template":"","meta":{"_acf_changed":false,"_joinchat":[],"footnotes":""},"class_list":["post-1481","page","type-page","status-publish","hentry"],"acf":[],"yoast_head":"<!-- This site is optimized with the Yoast SEO plugin v26.8 - https:\/\/yoast.com\/product\/yoast-seo-wordpress\/ -->\n<title>Avviso Legale - Turiart<\/title>\n<meta name=\"description\" content=\"Aviso legal de cumplimiento de la normativa vigente\" \/>\n<meta name=\"robots\" content=\"index, follow, max-snippet:-1, max-image-preview:large, max-video-preview:-1\" \/>\n<link rel=\"canonical\" href=\"https:\/\/www.turiart.com\/it\/avviso-legale\/\" \/>\n<meta property=\"og:locale\" content=\"it_IT\" \/>\n<meta property=\"og:type\" content=\"article\" \/>\n<meta property=\"og:title\" content=\"Avviso Legale - Turiart\" \/>\n<meta property=\"og:description\" content=\"Aviso legal de cumplimiento de la normativa vigente\" \/>\n<meta property=\"og:url\" content=\"https:\/\/www.turiart.com\/it\/avviso-legale\/\" \/>\n<meta property=\"og:site_name\" content=\"Turiart\" \/>\n<meta property=\"article:publisher\" content=\"https:\/\/www.facebook.com\/turiartVLC\/\" \/>\n<meta property=\"article:modified_time\" content=\"2020-02-26T09:25:04+00:00\" \/>\n<meta name=\"twitter:label1\" content=\"Est. reading time\" \/>\n\t<meta name=\"twitter:data1\" content=\"4 minutes\" \/>\n<script type=\"application\/ld+json\" class=\"yoast-schema-graph\">{\"@context\":\"https:\/\/schema.org\",\"@graph\":[{\"@type\":\"WebPage\",\"@id\":\"https:\/\/www.turiart.com\/it\/avviso-legale\/\",\"url\":\"https:\/\/www.turiart.com\/it\/avviso-legale\/\",\"name\":\"Avviso Legale - Turiart\",\"isPartOf\":{\"@id\":\"https:\/\/www.turiart.com\/it\/#website\"},\"datePublished\":\"2013-06-21T18:29:58+00:00\",\"dateModified\":\"2020-02-26T09:25:04+00:00\",\"description\":\"Aviso legal de cumplimiento de la normativa vigente\",\"breadcrumb\":{\"@id\":\"https:\/\/www.turiart.com\/it\/avviso-legale\/#breadcrumb\"},\"inLanguage\":\"it-IT\",\"potentialAction\":[{\"@type\":\"ReadAction\",\"target\":[\"https:\/\/www.turiart.com\/it\/avviso-legale\/\"]}]},{\"@type\":\"BreadcrumbList\",\"@id\":\"https:\/\/www.turiart.com\/it\/avviso-legale\/#breadcrumb\",\"itemListElement\":[{\"@type\":\"ListItem\",\"position\":1,\"name\":\"Home\",\"item\":\"https:\/\/www.turiart.com\/it\/\"},{\"@type\":\"ListItem\",\"position\":2,\"name\":\"Avviso Legale\"}]},{\"@type\":\"WebSite\",\"@id\":\"https:\/\/www.turiart.com\/it\/#website\",\"url\":\"https:\/\/www.turiart.com\/it\/\",\"name\":\"Turiart\",\"description\":\"Visitas guiadas y servicios tur\u00edstico-culturales en Valencia\",\"publisher\":{\"@id\":\"https:\/\/www.turiart.com\/it\/#organization\"},\"potentialAction\":[{\"@type\":\"SearchAction\",\"target\":{\"@type\":\"EntryPoint\",\"urlTemplate\":\"https:\/\/www.turiart.com\/it\/?s={search_term_string}\"},\"query-input\":{\"@type\":\"PropertyValueSpecification\",\"valueRequired\":true,\"valueName\":\"search_term_string\"}}],\"inLanguage\":\"it-IT\"},{\"@type\":\"Organization\",\"@id\":\"https:\/\/www.turiart.com\/it\/#organization\",\"name\":\"Servicios Auxiliares Turiart, S.L\",\"url\":\"https:\/\/www.turiart.com\/it\/\",\"logo\":{\"@type\":\"ImageObject\",\"inLanguage\":\"it-IT\",\"@id\":\"https:\/\/www.turiart.com\/it\/#\/schema\/logo\/image\/\",\"url\":\"https:\/\/www.turiart.com\/wp-content\/uploads\/2018\/06\/logoHD-1.png\",\"contentUrl\":\"https:\/\/www.turiart.com\/wp-content\/uploads\/2018\/06\/logoHD-1.png\",\"width\":403,\"height\":209,\"caption\":\"Servicios Auxiliares Turiart, S.L\"},\"image\":{\"@id\":\"https:\/\/www.turiart.com\/it\/#\/schema\/logo\/image\/\"},\"sameAs\":[\"https:\/\/www.facebook.com\/turiartVLC\/\",\"https:\/\/x.com\/turiart\",\"https:\/\/www.instagram.com\/turiart\/\",\"https:\/\/www.linkedin.com\/company\/2726719\/admin\/\"]}]}<\/script>\n<!-- \/ Yoast SEO plugin. -->","yoast_head_json":{"title":"Avviso Legale - Turiart","description":"Aviso legal de cumplimiento de la normativa vigente","robots":{"index":"index","follow":"follow","max-snippet":"max-snippet:-1","max-image-preview":"max-image-preview:large","max-video-preview":"max-video-preview:-1"},"canonical":"https:\/\/www.turiart.com\/it\/avviso-legale\/","og_locale":"it_IT","og_type":"article","og_title":"Avviso Legale - Turiart","og_description":"Aviso legal de cumplimiento de la normativa vigente","og_url":"https:\/\/www.turiart.com\/it\/avviso-legale\/","og_site_name":"Turiart","article_publisher":"https:\/\/www.facebook.com\/turiartVLC\/","article_modified_time":"2020-02-26T09:25:04+00:00","twitter_misc":{"Est. reading time":"4 minutes"},"schema":{"@context":"https:\/\/schema.org","@graph":[{"@type":"WebPage","@id":"https:\/\/www.turiart.com\/it\/avviso-legale\/","url":"https:\/\/www.turiart.com\/it\/avviso-legale\/","name":"Avviso Legale - Turiart","isPartOf":{"@id":"https:\/\/www.turiart.com\/it\/#website"},"datePublished":"2013-06-21T18:29:58+00:00","dateModified":"2020-02-26T09:25:04+00:00","description":"Aviso legal de cumplimiento de la normativa vigente","breadcrumb":{"@id":"https:\/\/www.turiart.com\/it\/avviso-legale\/#breadcrumb"},"inLanguage":"it-IT","potentialAction":[{"@type":"ReadAction","target":["https:\/\/www.turiart.com\/it\/avviso-legale\/"]}]},{"@type":"BreadcrumbList","@id":"https:\/\/www.turiart.com\/it\/avviso-legale\/#breadcrumb","itemListElement":[{"@type":"ListItem","position":1,"name":"Home","item":"https:\/\/www.turiart.com\/it\/"},{"@type":"ListItem","position":2,"name":"Avviso Legale"}]},{"@type":"WebSite","@id":"https:\/\/www.turiart.com\/it\/#website","url":"https:\/\/www.turiart.com\/it\/","name":"Turiart","description":"Visitas guiadas y servicios tur\u00edstico-culturales en Valencia","publisher":{"@id":"https:\/\/www.turiart.com\/it\/#organization"},"potentialAction":[{"@type":"SearchAction","target":{"@type":"EntryPoint","urlTemplate":"https:\/\/www.turiart.com\/it\/?s={search_term_string}"},"query-input":{"@type":"PropertyValueSpecification","valueRequired":true,"valueName":"search_term_string"}}],"inLanguage":"it-IT"},{"@type":"Organization","@id":"https:\/\/www.turiart.com\/it\/#organization","name":"Servicios Auxiliares Turiart, S.L","url":"https:\/\/www.turiart.com\/it\/","logo":{"@type":"ImageObject","inLanguage":"it-IT","@id":"https:\/\/www.turiart.com\/it\/#\/schema\/logo\/image\/","url":"https:\/\/www.turiart.com\/wp-content\/uploads\/2018\/06\/logoHD-1.png","contentUrl":"https:\/\/www.turiart.com\/wp-content\/uploads\/2018\/06\/logoHD-1.png","width":403,"height":209,"caption":"Servicios Auxiliares Turiart, S.L"},"image":{"@id":"https:\/\/www.turiart.com\/it\/#\/schema\/logo\/image\/"},"sameAs":["https:\/\/www.facebook.com\/turiartVLC\/","https:\/\/x.com\/turiart","https:\/\/www.instagram.com\/turiart\/","https:\/\/www.linkedin.com\/company\/2726719\/admin\/"]}]}},"_links":{"self":[{"href":"https:\/\/www.turiart.com\/it\/wp-json\/wp\/v2\/pages\/1481","targetHints":{"allow":["GET"]}}],"collection":[{"href":"https:\/\/www.turiart.com\/it\/wp-json\/wp\/v2\/pages"}],"about":[{"href":"https:\/\/www.turiart.com\/it\/wp-json\/wp\/v2\/types\/page"}],"author":[{"embeddable":true,"href":"https:\/\/www.turiart.com\/it\/wp-json\/wp\/v2\/users\/4"}],"replies":[{"embeddable":true,"href":"https:\/\/www.turiart.com\/it\/wp-json\/wp\/v2\/comments?post=1481"}],"version-history":[{"count":0,"href":"https:\/\/www.turiart.com\/it\/wp-json\/wp\/v2\/pages\/1481\/revisions"}],"wp:attachment":[{"href":"https:\/\/www.turiart.com\/it\/wp-json\/wp\/v2\/media?parent=1481"}],"curies":[{"name":"wp","href":"https:\/\/api.w.org\/{rel}","templated":true}]}}