{"id":15051,"date":"2018-05-11T16:28:31","date_gmt":"2018-05-11T14:28:31","guid":{"rendered":"http:\/\/dev.turiart.com\/turiart2\/attivita-in-famiglia-e-per-bambini\/"},"modified":"2024-08-13T18:20:01","modified_gmt":"2024-08-13T16:20:01","slug":"attivita-in-famiglia-e-per-bambini","status":"publish","type":"page","link":"https:\/\/www.turiart.com\/it\/attivita-in-famiglia-e-per-bambini\/","title":{"rendered":"Attivit\u00e0 in Famiglia e per Bambini"},"content":{"rendered":"<p>I nostri servizi includono percorsi e attivit\u00e0 incentrate sulle famiglie e sui bambini. Sempre nell'ottica del Turismo Culturale, si parte dal presupposto che anche i bambini, come gli adulti, possano godere di una visita guidata. Oltre alle nostre visite pi\u00f9 famose, come <em>Cavalieri e Principesse<\/em>, <em>Pirati della Malvarrosa<\/em> o <em>Acchiappa un Drago<\/em>, il nostro team continua a ideare ed organizzare nuove avventure.\u00a0\u00a0<\/p>","protected":false},"excerpt":{"rendered":"<p>I nostri servizi includono percorsi e attivit\u00e0 incentrate sulle famiglie e sui bambini. Sempre nell'ottica del Turismo Culturale, si parte dal presupposto che anche i bambini, come gli adulti, possano godere di una visita guidata. Oltre alle nostre visite pi\u00f9 famose, come Cavalieri e Principesse, Pirati della Malvarrosa o Acchiappa un Drago, il nostro team [&hellip;]<\/p>\n","protected":false},"author":4,"featured_media":31135,"parent":0,"menu_order":0,"comment_status":"closed","ping_status":"closed","template":"","meta":{"_acf_changed":false,"_joinchat":[],"footnotes":""},"class_list":["post-15051","page","type-page","status-publish","has-post-thumbnail","hentry"],"acf":[],"yoast_head":"<!-- This site is optimized with the Yoast SEO plugin v26.8 - https:\/\/yoast.com\/product\/yoast-seo-wordpress\/ -->\n<title>Attivit\u00e0 in Famiglia e per Bambini - Turiart<\/title>\n<meta name=\"description\" content=\"Si vienes en FAMILIA con ni\u00f1os, TURIART siempre tendr\u00e1 alg\u00fan plan. Tours con actividades, juegos y regalos para que padres e hijos aprendan y disfruten.\" \/>\n<meta name=\"robots\" content=\"index, follow, max-snippet:-1, max-image-preview:large, max-video-preview:-1\" \/>\n<link rel=\"canonical\" href=\"https:\/\/www.turiart.com\/it\/attivita-in-famiglia-e-per-bambini\/\" \/>\n<meta property=\"og:locale\" content=\"it_IT\" \/>\n<meta property=\"og:type\" content=\"article\" \/>\n<meta property=\"og:title\" content=\"Attivit\u00e0 in Famiglia e per Bambini - Turiart\" \/>\n<meta property=\"og:description\" content=\"Si vienes en FAMILIA con ni\u00f1os, TURIART siempre tendr\u00e1 alg\u00fan plan. Tours con actividades, juegos y regalos para que padres e hijos aprendan y disfruten.\" \/>\n<meta property=\"og:url\" content=\"https:\/\/www.turiart.com\/it\/attivita-in-famiglia-e-per-bambini\/\" \/>\n<meta property=\"og:site_name\" content=\"Turiart\" \/>\n<meta property=\"article:publisher\" content=\"https:\/\/www.facebook.com\/turiartVLC\/\" \/>\n<meta property=\"article:modified_time\" content=\"2024-08-13T16:20:01+00:00\" \/>\n<meta property=\"og:image\" content=\"https:\/\/www.turiart.com\/wp-content\/uploads\/2020\/01\/infantiles.jpg\" \/>\n\t<meta property=\"og:image:width\" content=\"1920\" \/>\n\t<meta property=\"og:image:height\" content=\"720\" \/>\n\t<meta property=\"og:image:type\" content=\"image\/jpeg\" \/>\n<script type=\"application\/ld+json\" class=\"yoast-schema-graph\">{\"@context\":\"https:\/\/schema.org\",\"@graph\":[{\"@type\":\"WebPage\",\"@id\":\"https:\/\/www.turiart.com\/it\/attivita-in-famiglia-e-per-bambini\/\",\"url\":\"https:\/\/www.turiart.com\/it\/attivita-in-famiglia-e-per-bambini\/\",\"name\":\"Attivit\u00e0 in Famiglia e per Bambini - Turiart\",\"isPartOf\":{\"@id\":\"https:\/\/www.turiart.com\/it\/#website\"},\"primaryImageOfPage\":{\"@id\":\"https:\/\/www.turiart.com\/it\/attivita-in-famiglia-e-per-bambini\/#primaryimage\"},\"image\":{\"@id\":\"https:\/\/www.turiart.com\/it\/attivita-in-famiglia-e-per-bambini\/#primaryimage\"},\"thumbnailUrl\":\"https:\/\/www.turiart.com\/wp-content\/uploads\/2020\/01\/infantiles.jpg\",\"datePublished\":\"2018-05-11T14:28:31+00:00\",\"dateModified\":\"2024-08-13T16:20:01+00:00\",\"description\":\"Si vienes en FAMILIA con ni\u00f1os, TURIART siempre tendr\u00e1 alg\u00fan plan. Tours con actividades, juegos y regalos para que padres e hijos aprendan y disfruten.\",\"breadcrumb\":{\"@id\":\"https:\/\/www.turiart.com\/it\/attivita-in-famiglia-e-per-bambini\/#breadcrumb\"},\"inLanguage\":\"it-IT\",\"potentialAction\":[{\"@type\":\"ReadAction\",\"target\":[\"https:\/\/www.turiart.com\/it\/attivita-in-famiglia-e-per-bambini\/\"]}]},{\"@type\":\"ImageObject\",\"inLanguage\":\"it-IT\",\"@id\":\"https:\/\/www.turiart.com\/it\/attivita-in-famiglia-e-per-bambini\/#primaryimage\",\"url\":\"https:\/\/www.turiart.com\/wp-content\/uploads\/2020\/01\/infantiles.jpg\",\"contentUrl\":\"https:\/\/www.turiart.com\/wp-content\/uploads\/2020\/01\/infantiles.jpg\",\"width\":1920,\"height\":720},{\"@type\":\"BreadcrumbList\",\"@id\":\"https:\/\/www.turiart.com\/it\/attivita-in-famiglia-e-per-bambini\/#breadcrumb\",\"itemListElement\":[{\"@type\":\"ListItem\",\"position\":1,\"name\":\"Home\",\"item\":\"https:\/\/www.turiart.com\/it\/\"},{\"@type\":\"ListItem\",\"position\":2,\"name\":\"Attivit\u00e0 in Famiglia e per Bambini\"}]},{\"@type\":\"WebSite\",\"@id\":\"https:\/\/www.turiart.com\/it\/#website\",\"url\":\"https:\/\/www.turiart.com\/it\/\",\"name\":\"Turiart\",\"description\":\"Visitas guiadas y servicios tur\u00edstico-culturales en Valencia\",\"publisher\":{\"@id\":\"https:\/\/www.turiart.com\/it\/#organization\"},\"potentialAction\":[{\"@type\":\"SearchAction\",\"target\":{\"@type\":\"EntryPoint\",\"urlTemplate\":\"https:\/\/www.turiart.com\/it\/?s={search_term_string}\"},\"query-input\":{\"@type\":\"PropertyValueSpecification\",\"valueRequired\":true,\"valueName\":\"search_term_string\"}}],\"inLanguage\":\"it-IT\"},{\"@type\":\"Organization\",\"@id\":\"https:\/\/www.turiart.com\/it\/#organization\",\"name\":\"Servicios Auxiliares Turiart, S.L\",\"url\":\"https:\/\/www.turiart.com\/it\/\",\"logo\":{\"@type\":\"ImageObject\",\"inLanguage\":\"it-IT\",\"@id\":\"https:\/\/www.turiart.com\/it\/#\/schema\/logo\/image\/\",\"url\":\"https:\/\/www.turiart.com\/wp-content\/uploads\/2018\/06\/logoHD-1.png\",\"contentUrl\":\"https:\/\/www.turiart.com\/wp-content\/uploads\/2018\/06\/logoHD-1.png\",\"width\":403,\"height\":209,\"caption\":\"Servicios Auxiliares Turiart, S.L\"},\"image\":{\"@id\":\"https:\/\/www.turiart.com\/it\/#\/schema\/logo\/image\/\"},\"sameAs\":[\"https:\/\/www.facebook.com\/turiartVLC\/\",\"https:\/\/x.com\/turiart\",\"https:\/\/www.instagram.com\/turiart\/\",\"https:\/\/www.linkedin.com\/company\/2726719\/admin\/\"]}]}<\/script>\n<!-- \/ Yoast SEO plugin. -->","yoast_head_json":{"title":"Attivit\u00e0 in Famiglia e per Bambini - Turiart","description":"Si vienes en FAMILIA con ni\u00f1os, TURIART siempre tendr\u00e1 alg\u00fan plan. Tours con actividades, juegos y regalos para que padres e hijos aprendan y disfruten.","robots":{"index":"index","follow":"follow","max-snippet":"max-snippet:-1","max-image-preview":"max-image-preview:large","max-video-preview":"max-video-preview:-1"},"canonical":"https:\/\/www.turiart.com\/it\/attivita-in-famiglia-e-per-bambini\/","og_locale":"it_IT","og_type":"article","og_title":"Attivit\u00e0 in Famiglia e per Bambini - Turiart","og_description":"Si vienes en FAMILIA con ni\u00f1os, TURIART siempre tendr\u00e1 alg\u00fan plan. Tours con actividades, juegos y regalos para que padres e hijos aprendan y disfruten.","og_url":"https:\/\/www.turiart.com\/it\/attivita-in-famiglia-e-per-bambini\/","og_site_name":"Turiart","article_publisher":"https:\/\/www.facebook.com\/turiartVLC\/","article_modified_time":"2024-08-13T16:20:01+00:00","og_image":[{"width":1920,"height":720,"url":"https:\/\/www.turiart.com\/wp-content\/uploads\/2020\/01\/infantiles.jpg","type":"image\/jpeg"}],"schema":{"@context":"https:\/\/schema.org","@graph":[{"@type":"WebPage","@id":"https:\/\/www.turiart.com\/it\/attivita-in-famiglia-e-per-bambini\/","url":"https:\/\/www.turiart.com\/it\/attivita-in-famiglia-e-per-bambini\/","name":"Attivit\u00e0 in Famiglia e per Bambini - Turiart","isPartOf":{"@id":"https:\/\/www.turiart.com\/it\/#website"},"primaryImageOfPage":{"@id":"https:\/\/www.turiart.com\/it\/attivita-in-famiglia-e-per-bambini\/#primaryimage"},"image":{"@id":"https:\/\/www.turiart.com\/it\/attivita-in-famiglia-e-per-bambini\/#primaryimage"},"thumbnailUrl":"https:\/\/www.turiart.com\/wp-content\/uploads\/2020\/01\/infantiles.jpg","datePublished":"2018-05-11T14:28:31+00:00","dateModified":"2024-08-13T16:20:01+00:00","description":"Si vienes en FAMILIA con ni\u00f1os, TURIART siempre tendr\u00e1 alg\u00fan plan. Tours con actividades, juegos y regalos para que padres e hijos aprendan y disfruten.","breadcrumb":{"@id":"https:\/\/www.turiart.com\/it\/attivita-in-famiglia-e-per-bambini\/#breadcrumb"},"inLanguage":"it-IT","potentialAction":[{"@type":"ReadAction","target":["https:\/\/www.turiart.com\/it\/attivita-in-famiglia-e-per-bambini\/"]}]},{"@type":"ImageObject","inLanguage":"it-IT","@id":"https:\/\/www.turiart.com\/it\/attivita-in-famiglia-e-per-bambini\/#primaryimage","url":"https:\/\/www.turiart.com\/wp-content\/uploads\/2020\/01\/infantiles.jpg","contentUrl":"https:\/\/www.turiart.com\/wp-content\/uploads\/2020\/01\/infantiles.jpg","width":1920,"height":720},{"@type":"BreadcrumbList","@id":"https:\/\/www.turiart.com\/it\/attivita-in-famiglia-e-per-bambini\/#breadcrumb","itemListElement":[{"@type":"ListItem","position":1,"name":"Home","item":"https:\/\/www.turiart.com\/it\/"},{"@type":"ListItem","position":2,"name":"Attivit\u00e0 in Famiglia e per Bambini"}]},{"@type":"WebSite","@id":"https:\/\/www.turiart.com\/it\/#website","url":"https:\/\/www.turiart.com\/it\/","name":"Turiart","description":"Visitas guiadas y servicios tur\u00edstico-culturales en Valencia","publisher":{"@id":"https:\/\/www.turiart.com\/it\/#organization"},"potentialAction":[{"@type":"SearchAction","target":{"@type":"EntryPoint","urlTemplate":"https:\/\/www.turiart.com\/it\/?s={search_term_string}"},"query-input":{"@type":"PropertyValueSpecification","valueRequired":true,"valueName":"search_term_string"}}],"inLanguage":"it-IT"},{"@type":"Organization","@id":"https:\/\/www.turiart.com\/it\/#organization","name":"Servicios Auxiliares Turiart, S.L","url":"https:\/\/www.turiart.com\/it\/","logo":{"@type":"ImageObject","inLanguage":"it-IT","@id":"https:\/\/www.turiart.com\/it\/#\/schema\/logo\/image\/","url":"https:\/\/www.turiart.com\/wp-content\/uploads\/2018\/06\/logoHD-1.png","contentUrl":"https:\/\/www.turiart.com\/wp-content\/uploads\/2018\/06\/logoHD-1.png","width":403,"height":209,"caption":"Servicios Auxiliares Turiart, S.L"},"image":{"@id":"https:\/\/www.turiart.com\/it\/#\/schema\/logo\/image\/"},"sameAs":["https:\/\/www.facebook.com\/turiartVLC\/","https:\/\/x.com\/turiart","https:\/\/www.instagram.com\/turiart\/","https:\/\/www.linkedin.com\/company\/2726719\/admin\/"]}]}},"_links":{"self":[{"href":"https:\/\/www.turiart.com\/it\/wp-json\/wp\/v2\/pages\/15051","targetHints":{"allow":["GET"]}}],"collection":[{"href":"https:\/\/www.turiart.com\/it\/wp-json\/wp\/v2\/pages"}],"about":[{"href":"https:\/\/www.turiart.com\/it\/wp-json\/wp\/v2\/types\/page"}],"author":[{"embeddable":true,"href":"https:\/\/www.turiart.com\/it\/wp-json\/wp\/v2\/users\/4"}],"replies":[{"embeddable":true,"href":"https:\/\/www.turiart.com\/it\/wp-json\/wp\/v2\/comments?post=15051"}],"version-history":[{"count":0,"href":"https:\/\/www.turiart.com\/it\/wp-json\/wp\/v2\/pages\/15051\/revisions"}],"wp:featuredmedia":[{"embeddable":true,"href":"https:\/\/www.turiart.com\/it\/wp-json\/wp\/v2\/media\/31135"}],"wp:attachment":[{"href":"https:\/\/www.turiart.com\/it\/wp-json\/wp\/v2\/media?parent=15051"}],"curies":[{"name":"wp","href":"https:\/\/api.w.org\/{rel}","templated":true}]}}