{"id":27917,"date":"2019-01-09T20:10:06","date_gmt":"2019-01-09T18:10:06","guid":{"rendered":"https:\/\/dev.turiart.com\/?page_id=27917"},"modified":"2021-11-25T18:41:46","modified_gmt":"2021-11-25T16:41:46","slug":"viaggi-scolastici","status":"publish","type":"page","link":"https:\/\/www.turiart.com\/it\/viaggi-scolastici\/","title":{"rendered":"Viaggi scolastici"},"content":{"rendered":"<p><strong>Attivit\u00e0 culturali per gruppi scolastici<\/strong><\/p><p>Gite e attivit\u00e0 per conoscere Valencia e la sua storia in modo divertente. Su misura per scuole, istituti e centri educativi.<\/p><p>Adattiamo le varie attivit\u00e0 in base alla volont\u00e0 del cliente, creando percorsi e gite per gruppi scolastici di diverse et\u00e0.<\/p><p>In somma, una forma dinamica e divertente per conoscere Valencia!<\/p><p>&nbsp;<\/p>","protected":false},"excerpt":{"rendered":"<p>Attivit\u00e0 culturali per gruppi scolastici Gite e attivit\u00e0 per conoscere Valencia e la sua storia in modo divertente. Su misura per scuole, istituti e centri educativi. Adattiamo le varie attivit\u00e0 in base alla volont\u00e0 del cliente, creando percorsi e gite per gruppi scolastici di diverse et\u00e0. In somma, una forma dinamica e divertente per conoscere [&hellip;]<\/p>\n","protected":false},"author":4,"featured_media":31187,"parent":0,"menu_order":0,"comment_status":"closed","ping_status":"closed","template":"","meta":{"_acf_changed":false,"_joinchat":[],"footnotes":""},"class_list":["post-27917","page","type-page","status-publish","has-post-thumbnail","hentry"],"acf":[],"yoast_head":"<!-- This site is optimized with the Yoast SEO plugin v26.8 - https:\/\/yoast.com\/product\/yoast-seo-wordpress\/ -->\n<title>Viaggi scolastici - Turiart<\/title>\n<meta name=\"description\" content=\"Attivit\u00e0 culturali per gruppi scolastici Gite e attivit\u00e0 per conoscere Valencia e la sua storia in modo divertente. Su misura per scuole, istituti e\" \/>\n<meta name=\"robots\" content=\"index, follow, max-snippet:-1, max-image-preview:large, max-video-preview:-1\" \/>\n<link rel=\"canonical\" href=\"https:\/\/www.turiart.com\/it\/viaggi-scolastici\/\" \/>\n<meta property=\"og:locale\" content=\"it_IT\" \/>\n<meta property=\"og:type\" content=\"article\" \/>\n<meta property=\"og:title\" content=\"Viaggi scolastici - Turiart\" \/>\n<meta property=\"og:description\" content=\"Attivit\u00e0 culturali per gruppi scolastici Gite e attivit\u00e0 per conoscere Valencia e la sua storia in modo divertente. Su misura per scuole, istituti e\" \/>\n<meta property=\"og:url\" content=\"https:\/\/www.turiart.com\/it\/viaggi-scolastici\/\" \/>\n<meta property=\"og:site_name\" content=\"Turiart\" \/>\n<meta property=\"article:publisher\" content=\"https:\/\/www.facebook.com\/turiartVLC\/\" \/>\n<meta property=\"article:modified_time\" content=\"2021-11-25T16:41:46+00:00\" \/>\n<meta property=\"og:image\" content=\"https:\/\/www.turiart.com\/wp-content\/uploads\/2020\/01\/escolres.jpg\" \/>\n\t<meta property=\"og:image:width\" content=\"1920\" \/>\n\t<meta property=\"og:image:height\" content=\"720\" \/>\n\t<meta property=\"og:image:type\" content=\"image\/jpeg\" \/>\n<script type=\"application\/ld+json\" class=\"yoast-schema-graph\">{\"@context\":\"https:\/\/schema.org\",\"@graph\":[{\"@type\":\"WebPage\",\"@id\":\"https:\/\/www.turiart.com\/it\/viaggi-scolastici\/\",\"url\":\"https:\/\/www.turiart.com\/it\/viaggi-scolastici\/\",\"name\":\"Viaggi scolastici - Turiart\",\"isPartOf\":{\"@id\":\"https:\/\/www.turiart.com\/it\/#website\"},\"primaryImageOfPage\":{\"@id\":\"https:\/\/www.turiart.com\/it\/viaggi-scolastici\/#primaryimage\"},\"image\":{\"@id\":\"https:\/\/www.turiart.com\/it\/viaggi-scolastici\/#primaryimage\"},\"thumbnailUrl\":\"https:\/\/www.turiart.com\/wp-content\/uploads\/2020\/01\/escolres.jpg\",\"datePublished\":\"2019-01-09T18:10:06+00:00\",\"dateModified\":\"2021-11-25T16:41:46+00:00\",\"description\":\"Attivit\u00e0 culturali per gruppi scolastici Gite e attivit\u00e0 per conoscere Valencia e la sua storia in modo divertente. Su misura per scuole, istituti e\",\"breadcrumb\":{\"@id\":\"https:\/\/www.turiart.com\/it\/viaggi-scolastici\/#breadcrumb\"},\"inLanguage\":\"it-IT\",\"potentialAction\":[{\"@type\":\"ReadAction\",\"target\":[\"https:\/\/www.turiart.com\/it\/viaggi-scolastici\/\"]}]},{\"@type\":\"ImageObject\",\"inLanguage\":\"it-IT\",\"@id\":\"https:\/\/www.turiart.com\/it\/viaggi-scolastici\/#primaryimage\",\"url\":\"https:\/\/www.turiart.com\/wp-content\/uploads\/2020\/01\/escolres.jpg\",\"contentUrl\":\"https:\/\/www.turiart.com\/wp-content\/uploads\/2020\/01\/escolres.jpg\",\"width\":1920,\"height\":720},{\"@type\":\"BreadcrumbList\",\"@id\":\"https:\/\/www.turiart.com\/it\/viaggi-scolastici\/#breadcrumb\",\"itemListElement\":[{\"@type\":\"ListItem\",\"position\":1,\"name\":\"Home\",\"item\":\"https:\/\/www.turiart.com\/it\/\"},{\"@type\":\"ListItem\",\"position\":2,\"name\":\"Viaggi scolastici\"}]},{\"@type\":\"WebSite\",\"@id\":\"https:\/\/www.turiart.com\/it\/#website\",\"url\":\"https:\/\/www.turiart.com\/it\/\",\"name\":\"Turiart\",\"description\":\"Visitas guiadas y servicios tur\u00edstico-culturales en Valencia\",\"publisher\":{\"@id\":\"https:\/\/www.turiart.com\/it\/#organization\"},\"potentialAction\":[{\"@type\":\"SearchAction\",\"target\":{\"@type\":\"EntryPoint\",\"urlTemplate\":\"https:\/\/www.turiart.com\/it\/?s={search_term_string}\"},\"query-input\":{\"@type\":\"PropertyValueSpecification\",\"valueRequired\":true,\"valueName\":\"search_term_string\"}}],\"inLanguage\":\"it-IT\"},{\"@type\":\"Organization\",\"@id\":\"https:\/\/www.turiart.com\/it\/#organization\",\"name\":\"Servicios Auxiliares Turiart, S.L\",\"url\":\"https:\/\/www.turiart.com\/it\/\",\"logo\":{\"@type\":\"ImageObject\",\"inLanguage\":\"it-IT\",\"@id\":\"https:\/\/www.turiart.com\/it\/#\/schema\/logo\/image\/\",\"url\":\"https:\/\/www.turiart.com\/wp-content\/uploads\/2018\/06\/logoHD-1.png\",\"contentUrl\":\"https:\/\/www.turiart.com\/wp-content\/uploads\/2018\/06\/logoHD-1.png\",\"width\":403,\"height\":209,\"caption\":\"Servicios Auxiliares Turiart, S.L\"},\"image\":{\"@id\":\"https:\/\/www.turiart.com\/it\/#\/schema\/logo\/image\/\"},\"sameAs\":[\"https:\/\/www.facebook.com\/turiartVLC\/\",\"https:\/\/x.com\/turiart\",\"https:\/\/www.instagram.com\/turiart\/\",\"https:\/\/www.linkedin.com\/company\/2726719\/admin\/\"]}]}<\/script>\n<!-- \/ Yoast SEO plugin. -->","yoast_head_json":{"title":"Viaggi scolastici - Turiart","description":"Attivit\u00e0 culturali per gruppi scolastici Gite e attivit\u00e0 per conoscere Valencia e la sua storia in modo divertente. Su misura per scuole, istituti e","robots":{"index":"index","follow":"follow","max-snippet":"max-snippet:-1","max-image-preview":"max-image-preview:large","max-video-preview":"max-video-preview:-1"},"canonical":"https:\/\/www.turiart.com\/it\/viaggi-scolastici\/","og_locale":"it_IT","og_type":"article","og_title":"Viaggi scolastici - Turiart","og_description":"Attivit\u00e0 culturali per gruppi scolastici Gite e attivit\u00e0 per conoscere Valencia e la sua storia in modo divertente. Su misura per scuole, istituti e","og_url":"https:\/\/www.turiart.com\/it\/viaggi-scolastici\/","og_site_name":"Turiart","article_publisher":"https:\/\/www.facebook.com\/turiartVLC\/","article_modified_time":"2021-11-25T16:41:46+00:00","og_image":[{"width":1920,"height":720,"url":"https:\/\/www.turiart.com\/wp-content\/uploads\/2020\/01\/escolres.jpg","type":"image\/jpeg"}],"schema":{"@context":"https:\/\/schema.org","@graph":[{"@type":"WebPage","@id":"https:\/\/www.turiart.com\/it\/viaggi-scolastici\/","url":"https:\/\/www.turiart.com\/it\/viaggi-scolastici\/","name":"Viaggi scolastici - Turiart","isPartOf":{"@id":"https:\/\/www.turiart.com\/it\/#website"},"primaryImageOfPage":{"@id":"https:\/\/www.turiart.com\/it\/viaggi-scolastici\/#primaryimage"},"image":{"@id":"https:\/\/www.turiart.com\/it\/viaggi-scolastici\/#primaryimage"},"thumbnailUrl":"https:\/\/www.turiart.com\/wp-content\/uploads\/2020\/01\/escolres.jpg","datePublished":"2019-01-09T18:10:06+00:00","dateModified":"2021-11-25T16:41:46+00:00","description":"Attivit\u00e0 culturali per gruppi scolastici Gite e attivit\u00e0 per conoscere Valencia e la sua storia in modo divertente. Su misura per scuole, istituti e","breadcrumb":{"@id":"https:\/\/www.turiart.com\/it\/viaggi-scolastici\/#breadcrumb"},"inLanguage":"it-IT","potentialAction":[{"@type":"ReadAction","target":["https:\/\/www.turiart.com\/it\/viaggi-scolastici\/"]}]},{"@type":"ImageObject","inLanguage":"it-IT","@id":"https:\/\/www.turiart.com\/it\/viaggi-scolastici\/#primaryimage","url":"https:\/\/www.turiart.com\/wp-content\/uploads\/2020\/01\/escolres.jpg","contentUrl":"https:\/\/www.turiart.com\/wp-content\/uploads\/2020\/01\/escolres.jpg","width":1920,"height":720},{"@type":"BreadcrumbList","@id":"https:\/\/www.turiart.com\/it\/viaggi-scolastici\/#breadcrumb","itemListElement":[{"@type":"ListItem","position":1,"name":"Home","item":"https:\/\/www.turiart.com\/it\/"},{"@type":"ListItem","position":2,"name":"Viaggi scolastici"}]},{"@type":"WebSite","@id":"https:\/\/www.turiart.com\/it\/#website","url":"https:\/\/www.turiart.com\/it\/","name":"Turiart","description":"Visitas guiadas y servicios tur\u00edstico-culturales en Valencia","publisher":{"@id":"https:\/\/www.turiart.com\/it\/#organization"},"potentialAction":[{"@type":"SearchAction","target":{"@type":"EntryPoint","urlTemplate":"https:\/\/www.turiart.com\/it\/?s={search_term_string}"},"query-input":{"@type":"PropertyValueSpecification","valueRequired":true,"valueName":"search_term_string"}}],"inLanguage":"it-IT"},{"@type":"Organization","@id":"https:\/\/www.turiart.com\/it\/#organization","name":"Servicios Auxiliares Turiart, S.L","url":"https:\/\/www.turiart.com\/it\/","logo":{"@type":"ImageObject","inLanguage":"it-IT","@id":"https:\/\/www.turiart.com\/it\/#\/schema\/logo\/image\/","url":"https:\/\/www.turiart.com\/wp-content\/uploads\/2018\/06\/logoHD-1.png","contentUrl":"https:\/\/www.turiart.com\/wp-content\/uploads\/2018\/06\/logoHD-1.png","width":403,"height":209,"caption":"Servicios Auxiliares Turiart, S.L"},"image":{"@id":"https:\/\/www.turiart.com\/it\/#\/schema\/logo\/image\/"},"sameAs":["https:\/\/www.facebook.com\/turiartVLC\/","https:\/\/x.com\/turiart","https:\/\/www.instagram.com\/turiart\/","https:\/\/www.linkedin.com\/company\/2726719\/admin\/"]}]}},"_links":{"self":[{"href":"https:\/\/www.turiart.com\/it\/wp-json\/wp\/v2\/pages\/27917","targetHints":{"allow":["GET"]}}],"collection":[{"href":"https:\/\/www.turiart.com\/it\/wp-json\/wp\/v2\/pages"}],"about":[{"href":"https:\/\/www.turiart.com\/it\/wp-json\/wp\/v2\/types\/page"}],"author":[{"embeddable":true,"href":"https:\/\/www.turiart.com\/it\/wp-json\/wp\/v2\/users\/4"}],"replies":[{"embeddable":true,"href":"https:\/\/www.turiart.com\/it\/wp-json\/wp\/v2\/comments?post=27917"}],"version-history":[{"count":0,"href":"https:\/\/www.turiart.com\/it\/wp-json\/wp\/v2\/pages\/27917\/revisions"}],"wp:featuredmedia":[{"embeddable":true,"href":"https:\/\/www.turiart.com\/it\/wp-json\/wp\/v2\/media\/31187"}],"wp:attachment":[{"href":"https:\/\/www.turiart.com\/it\/wp-json\/wp\/v2\/media?parent=27917"}],"curies":[{"name":"wp","href":"https:\/\/api.w.org\/{rel}","templated":true}]}}