{"id":37665,"date":"2023-09-16T13:17:49","date_gmt":"2023-09-16T11:17:49","guid":{"rendered":"https:\/\/www.turiart.com\/sostenibilita\/"},"modified":"2024-08-10T14:09:54","modified_gmt":"2024-08-10T12:09:54","slug":"sostenibilita","status":"publish","type":"page","link":"https:\/\/www.turiart.com\/it\/sostenibilita-2\/sostenibilita\/","title":{"rendered":"Politica di sostenibilit\u00e0"},"content":{"rendered":"<p style=\"text-align: center;\"><span style=\"text-decoration: underline;\"><strong>POLITICA DI SOSTENIBILIT\u00c0<\/strong><\/span><\/p>\n<p>L'affetto verso la cultura e l'eredit\u00e0 di Valencia costituiscono le forze trainanti che dirigono Turiart, un'azienda impegnata nel settore del turismo e che ha scelto di dare priorit\u00e0 alla sostenibilit\u00e0 questo settore cruciale per l\u2019economia della regione.<\/p>\n<p>Per pi\u00f9 di due decenni, il nostro scopo aziendale \u00e8 stato quello di portare coloro che visitano la nostra citt\u00e0, cos\u00ec come i residenti, a tutto il ricco patrimonio che la nostra citt\u00e0 ospita e che spesso<br \/>\nrimane sconosciuto. Abbiamo raggiunto questo obiettivo promuovendo il patrimonio valenciano attraverso le visite<br \/>\nculturali ed eventi e manifestazioni che ne hanno evidenziato il suo valore. Al giorno d\u2019oggi la sostenibilit\u00e0 \u00e8 diventata un pilastro<br \/>\nfondamentale che struttura il nostro rapporto con l\u2019ambiente che ci circonda. Ci\u00f2 ha portato alla creazione di una cultura e un <em>modus operandi<\/em> pi\u00f9 rispettoso dell\u2019ambiente.<\/p>\n<p>Non bisogna trascurare la rilevanza che hanno per Turiart le escursioni agroalimentarie, che valorizzano l\u2019abbondante agricoltura della nostra regione.<\/p>\n<p>Turiart ha deciso di abbracciare la sostenibilit\u00e0, allineandosi all\u2019Agenda 2030 e contribuendo nella misura delle loro capacit\u00e0 rispetto agli Obiettivi di Sviluppo Sostenibile.<\/p>\n<p>Vogliamo impegnarci in questi obiettivi favorendo la valorizzazione dei prodotti tipici locali o di Km 0, presentandoli ai nostri clienti durante gli eventi e le visite culturali che organizziamo. Per raggiungere questo obiettivo \u00e8 fondamentale collaborare con piccoli fornitori che adottino pratiche pi\u00f9 sostenibili e rispettose dell'ambiente, eliminando cos\u00ec l'inquinamento derivante dal trasporto a lunga distanza e riducendo il consumo di elettricit\u00e0 e carburante.<\/p>\n<p>Il nostro approccio alla sostenibilit\u00e0 pone come obiettivo principale il benessere e la felicit\u00e0 dei nostri clienti, che richiede la preservazione del nostro ambiente e del nostro pianeta. Per realizzare questo obiettivo, la qualit\u00e0 e l\u2019efficienza del nostro servizio sono fondamentali. Cerchiamo di ridurre al minimo, per quanto possibile, l'utilizzo di mezzi di trasporto inquinanti e la riduzione dell'inquinamento acustico generato da grandi gruppi.<\/p>\n<p>Promuoviamo l\u2019attrazione dei talenti in linea con i nostri principi, formando e ispirando il nostro team. Incoraggiamo fortemente delle politiche inclusive che promuovono la diversit\u00e0 all\u2019interno del team, comprendendo non solo il genere, ma anche l\u2019et\u00e0, l\u2019origine e la cultura. Questa diversit\u00e0 arricchisce la nostra ditta con una vasta gamma di esperienze sia professionali che personali.<\/p>\n<p>Tenendo presente l'importanza del contatto diretto e fisico, riconosciamo anche le possibilit\u00e0 emergenti, come la digitalizzazione nel campo del turismo. Rafforziamo la fedelt\u00e0 dei nostri clienti attraverso un servizio attento ed esploriamo la costruzione di una comunit\u00e0 digitale, introducendo l'innovazione nei nostri servizi.<\/p>\n<p>Inoltre, ci sforziamo di condividere le nostre conoscenze e prospettive sul turismo sostenibile ed ecologico con la societ\u00e0, attraverso la partecipazione a progetti legati alla sostenibilit\u00e0.<\/p>\n<p style=\"text-align: center;\">Commissione per la Sostenibilit\u00e0<\/p>\n<p style=\"text-align: center;\">Valencia, 24 luglio 2023<\/p>\n","protected":false},"excerpt":{"rendered":"<p>POLITICA DI SOSTENIBILIT\u00c0 L'affetto verso la cultura e l'eredit\u00e0 di Valencia costituiscono le forze trainanti che dirigono Turiart, un'azienda impegnata nel settore del turismo e che ha scelto di dare priorit\u00e0 alla sostenibilit\u00e0 questo settore cruciale per l\u2019economia della regione. Per pi\u00f9 di due decenni, il nostro scopo aziendale \u00e8 stato quello di portare coloro [&hellip;]<\/p>\n","protected":false},"author":4,"featured_media":37659,"parent":37699,"menu_order":0,"comment_status":"closed","ping_status":"closed","template":"","meta":{"_acf_changed":false,"_joinchat":[],"footnotes":""},"class_list":["post-37665","page","type-page","status-publish","has-post-thumbnail","hentry"],"acf":[],"yoast_head":"<!-- This site is optimized with the Yoast SEO plugin v26.8 - https:\/\/yoast.com\/product\/yoast-seo-wordpress\/ -->\n<title>Politica di sostenibilit\u00e0 - Turiart<\/title>\n<meta name=\"description\" content=\"POLITICA DI SOSTENIBILIT\u00c0 L&#039;affetto verso la cultura e l&#039;eredit\u00e0 di Valencia costituiscono le forze trainanti che dirigono Turiart, un&#039;azienda impegnata\" \/>\n<meta name=\"robots\" content=\"index, follow, max-snippet:-1, max-image-preview:large, max-video-preview:-1\" \/>\n<link rel=\"canonical\" href=\"https:\/\/www.turiart.com\/it\/sostenibilita-2\/sostenibilita\/\" \/>\n<meta property=\"og:locale\" content=\"it_IT\" \/>\n<meta property=\"og:type\" content=\"article\" \/>\n<meta property=\"og:title\" content=\"Politica di sostenibilit\u00e0 - Turiart\" \/>\n<meta property=\"og:description\" content=\"POLITICA DI SOSTENIBILIT\u00c0 L&#039;affetto verso la cultura e l&#039;eredit\u00e0 di Valencia costituiscono le forze trainanti che dirigono Turiart, un&#039;azienda impegnata\" \/>\n<meta property=\"og:url\" content=\"https:\/\/www.turiart.com\/it\/sostenibilita-2\/sostenibilita\/\" \/>\n<meta property=\"og:site_name\" content=\"Turiart\" \/>\n<meta property=\"article:publisher\" content=\"https:\/\/www.facebook.com\/turiartVLC\/\" \/>\n<meta property=\"article:modified_time\" content=\"2024-08-10T12:09:54+00:00\" \/>\n<meta property=\"og:image\" content=\"https:\/\/www.turiart.com\/wp-content\/uploads\/2023\/09\/atei-objetivos-desarrollo-sostenible-ods.png\" \/>\n\t<meta property=\"og:image:width\" content=\"695\" \/>\n\t<meta property=\"og:image:height\" content=\"400\" \/>\n\t<meta property=\"og:image:type\" content=\"image\/png\" \/>\n<meta name=\"twitter:label1\" content=\"Est. reading time\" \/>\n\t<meta name=\"twitter:data1\" content=\"2 minutes\" \/>\n<script type=\"application\/ld+json\" class=\"yoast-schema-graph\">{\"@context\":\"https:\/\/schema.org\",\"@graph\":[{\"@type\":\"WebPage\",\"@id\":\"https:\/\/www.turiart.com\/it\/sostenibilita-2\/sostenibilita\/\",\"url\":\"https:\/\/www.turiart.com\/it\/sostenibilita-2\/sostenibilita\/\",\"name\":\"Politica di sostenibilit\u00e0 - Turiart\",\"isPartOf\":{\"@id\":\"https:\/\/www.turiart.com\/it\/#website\"},\"primaryImageOfPage\":{\"@id\":\"https:\/\/www.turiart.com\/it\/sostenibilita-2\/sostenibilita\/#primaryimage\"},\"image\":{\"@id\":\"https:\/\/www.turiart.com\/it\/sostenibilita-2\/sostenibilita\/#primaryimage\"},\"thumbnailUrl\":\"https:\/\/www.turiart.com\/wp-content\/uploads\/2023\/09\/atei-objetivos-desarrollo-sostenible-ods.png\",\"datePublished\":\"2023-09-16T11:17:49+00:00\",\"dateModified\":\"2024-08-10T12:09:54+00:00\",\"description\":\"POLITICA DI SOSTENIBILIT\u00c0 L'affetto verso la cultura e l'eredit\u00e0 di Valencia costituiscono le forze trainanti che dirigono Turiart, un'azienda impegnata\",\"breadcrumb\":{\"@id\":\"https:\/\/www.turiart.com\/it\/sostenibilita-2\/sostenibilita\/#breadcrumb\"},\"inLanguage\":\"it-IT\",\"potentialAction\":[{\"@type\":\"ReadAction\",\"target\":[\"https:\/\/www.turiart.com\/it\/sostenibilita-2\/sostenibilita\/\"]}]},{\"@type\":\"ImageObject\",\"inLanguage\":\"it-IT\",\"@id\":\"https:\/\/www.turiart.com\/it\/sostenibilita-2\/sostenibilita\/#primaryimage\",\"url\":\"https:\/\/www.turiart.com\/wp-content\/uploads\/2023\/09\/atei-objetivos-desarrollo-sostenible-ods.png\",\"contentUrl\":\"https:\/\/www.turiart.com\/wp-content\/uploads\/2023\/09\/atei-objetivos-desarrollo-sostenible-ods.png\",\"width\":695,\"height\":400},{\"@type\":\"BreadcrumbList\",\"@id\":\"https:\/\/www.turiart.com\/it\/sostenibilita-2\/sostenibilita\/#breadcrumb\",\"itemListElement\":[{\"@type\":\"ListItem\",\"position\":1,\"name\":\"Home\",\"item\":\"https:\/\/www.turiart.com\/it\/\"},{\"@type\":\"ListItem\",\"position\":2,\"name\":\"Sostenibilit\u00e0\",\"item\":\"https:\/\/www.turiart.com\/it\/sostenibilita-2\/\"},{\"@type\":\"ListItem\",\"position\":3,\"name\":\"Politica di sostenibilit\u00e0\"}]},{\"@type\":\"WebSite\",\"@id\":\"https:\/\/www.turiart.com\/it\/#website\",\"url\":\"https:\/\/www.turiart.com\/it\/\",\"name\":\"Turiart\",\"description\":\"Visitas guiadas y servicios tur\u00edstico-culturales en Valencia\",\"publisher\":{\"@id\":\"https:\/\/www.turiart.com\/it\/#organization\"},\"potentialAction\":[{\"@type\":\"SearchAction\",\"target\":{\"@type\":\"EntryPoint\",\"urlTemplate\":\"https:\/\/www.turiart.com\/it\/?s={search_term_string}\"},\"query-input\":{\"@type\":\"PropertyValueSpecification\",\"valueRequired\":true,\"valueName\":\"search_term_string\"}}],\"inLanguage\":\"it-IT\"},{\"@type\":\"Organization\",\"@id\":\"https:\/\/www.turiart.com\/it\/#organization\",\"name\":\"Servicios Auxiliares Turiart, S.L\",\"url\":\"https:\/\/www.turiart.com\/it\/\",\"logo\":{\"@type\":\"ImageObject\",\"inLanguage\":\"it-IT\",\"@id\":\"https:\/\/www.turiart.com\/it\/#\/schema\/logo\/image\/\",\"url\":\"https:\/\/www.turiart.com\/wp-content\/uploads\/2018\/06\/logoHD-1.png\",\"contentUrl\":\"https:\/\/www.turiart.com\/wp-content\/uploads\/2018\/06\/logoHD-1.png\",\"width\":403,\"height\":209,\"caption\":\"Servicios Auxiliares Turiart, S.L\"},\"image\":{\"@id\":\"https:\/\/www.turiart.com\/it\/#\/schema\/logo\/image\/\"},\"sameAs\":[\"https:\/\/www.facebook.com\/turiartVLC\/\",\"https:\/\/x.com\/turiart\",\"https:\/\/www.instagram.com\/turiart\/\",\"https:\/\/www.linkedin.com\/company\/2726719\/admin\/\"]}]}<\/script>\n<!-- \/ Yoast SEO plugin. -->","yoast_head_json":{"title":"Politica di sostenibilit\u00e0 - Turiart","description":"POLITICA DI SOSTENIBILIT\u00c0 L'affetto verso la cultura e l'eredit\u00e0 di Valencia costituiscono le forze trainanti che dirigono Turiart, un'azienda impegnata","robots":{"index":"index","follow":"follow","max-snippet":"max-snippet:-1","max-image-preview":"max-image-preview:large","max-video-preview":"max-video-preview:-1"},"canonical":"https:\/\/www.turiart.com\/it\/sostenibilita-2\/sostenibilita\/","og_locale":"it_IT","og_type":"article","og_title":"Politica di sostenibilit\u00e0 - Turiart","og_description":"POLITICA DI SOSTENIBILIT\u00c0 L'affetto verso la cultura e l'eredit\u00e0 di Valencia costituiscono le forze trainanti che dirigono Turiart, un'azienda impegnata","og_url":"https:\/\/www.turiart.com\/it\/sostenibilita-2\/sostenibilita\/","og_site_name":"Turiart","article_publisher":"https:\/\/www.facebook.com\/turiartVLC\/","article_modified_time":"2024-08-10T12:09:54+00:00","og_image":[{"width":695,"height":400,"url":"https:\/\/www.turiart.com\/wp-content\/uploads\/2023\/09\/atei-objetivos-desarrollo-sostenible-ods.png","type":"image\/png"}],"twitter_misc":{"Est. reading time":"2 minutes"},"schema":{"@context":"https:\/\/schema.org","@graph":[{"@type":"WebPage","@id":"https:\/\/www.turiart.com\/it\/sostenibilita-2\/sostenibilita\/","url":"https:\/\/www.turiart.com\/it\/sostenibilita-2\/sostenibilita\/","name":"Politica di sostenibilit\u00e0 - Turiart","isPartOf":{"@id":"https:\/\/www.turiart.com\/it\/#website"},"primaryImageOfPage":{"@id":"https:\/\/www.turiart.com\/it\/sostenibilita-2\/sostenibilita\/#primaryimage"},"image":{"@id":"https:\/\/www.turiart.com\/it\/sostenibilita-2\/sostenibilita\/#primaryimage"},"thumbnailUrl":"https:\/\/www.turiart.com\/wp-content\/uploads\/2023\/09\/atei-objetivos-desarrollo-sostenible-ods.png","datePublished":"2023-09-16T11:17:49+00:00","dateModified":"2024-08-10T12:09:54+00:00","description":"POLITICA DI SOSTENIBILIT\u00c0 L'affetto verso la cultura e l'eredit\u00e0 di Valencia costituiscono le forze trainanti che dirigono Turiart, un'azienda impegnata","breadcrumb":{"@id":"https:\/\/www.turiart.com\/it\/sostenibilita-2\/sostenibilita\/#breadcrumb"},"inLanguage":"it-IT","potentialAction":[{"@type":"ReadAction","target":["https:\/\/www.turiart.com\/it\/sostenibilita-2\/sostenibilita\/"]}]},{"@type":"ImageObject","inLanguage":"it-IT","@id":"https:\/\/www.turiart.com\/it\/sostenibilita-2\/sostenibilita\/#primaryimage","url":"https:\/\/www.turiart.com\/wp-content\/uploads\/2023\/09\/atei-objetivos-desarrollo-sostenible-ods.png","contentUrl":"https:\/\/www.turiart.com\/wp-content\/uploads\/2023\/09\/atei-objetivos-desarrollo-sostenible-ods.png","width":695,"height":400},{"@type":"BreadcrumbList","@id":"https:\/\/www.turiart.com\/it\/sostenibilita-2\/sostenibilita\/#breadcrumb","itemListElement":[{"@type":"ListItem","position":1,"name":"Home","item":"https:\/\/www.turiart.com\/it\/"},{"@type":"ListItem","position":2,"name":"Sostenibilit\u00e0","item":"https:\/\/www.turiart.com\/it\/sostenibilita-2\/"},{"@type":"ListItem","position":3,"name":"Politica di sostenibilit\u00e0"}]},{"@type":"WebSite","@id":"https:\/\/www.turiart.com\/it\/#website","url":"https:\/\/www.turiart.com\/it\/","name":"Turiart","description":"Visitas guiadas y servicios tur\u00edstico-culturales en Valencia","publisher":{"@id":"https:\/\/www.turiart.com\/it\/#organization"},"potentialAction":[{"@type":"SearchAction","target":{"@type":"EntryPoint","urlTemplate":"https:\/\/www.turiart.com\/it\/?s={search_term_string}"},"query-input":{"@type":"PropertyValueSpecification","valueRequired":true,"valueName":"search_term_string"}}],"inLanguage":"it-IT"},{"@type":"Organization","@id":"https:\/\/www.turiart.com\/it\/#organization","name":"Servicios Auxiliares Turiart, S.L","url":"https:\/\/www.turiart.com\/it\/","logo":{"@type":"ImageObject","inLanguage":"it-IT","@id":"https:\/\/www.turiart.com\/it\/#\/schema\/logo\/image\/","url":"https:\/\/www.turiart.com\/wp-content\/uploads\/2018\/06\/logoHD-1.png","contentUrl":"https:\/\/www.turiart.com\/wp-content\/uploads\/2018\/06\/logoHD-1.png","width":403,"height":209,"caption":"Servicios Auxiliares Turiart, S.L"},"image":{"@id":"https:\/\/www.turiart.com\/it\/#\/schema\/logo\/image\/"},"sameAs":["https:\/\/www.facebook.com\/turiartVLC\/","https:\/\/x.com\/turiart","https:\/\/www.instagram.com\/turiart\/","https:\/\/www.linkedin.com\/company\/2726719\/admin\/"]}]}},"_links":{"self":[{"href":"https:\/\/www.turiart.com\/it\/wp-json\/wp\/v2\/pages\/37665","targetHints":{"allow":["GET"]}}],"collection":[{"href":"https:\/\/www.turiart.com\/it\/wp-json\/wp\/v2\/pages"}],"about":[{"href":"https:\/\/www.turiart.com\/it\/wp-json\/wp\/v2\/types\/page"}],"author":[{"embeddable":true,"href":"https:\/\/www.turiart.com\/it\/wp-json\/wp\/v2\/users\/4"}],"replies":[{"embeddable":true,"href":"https:\/\/www.turiart.com\/it\/wp-json\/wp\/v2\/comments?post=37665"}],"version-history":[{"count":0,"href":"https:\/\/www.turiart.com\/it\/wp-json\/wp\/v2\/pages\/37665\/revisions"}],"up":[{"embeddable":true,"href":"https:\/\/www.turiart.com\/it\/wp-json\/wp\/v2\/pages\/37699"}],"wp:featuredmedia":[{"embeddable":true,"href":"https:\/\/www.turiart.com\/it\/wp-json\/wp\/v2\/media\/37659"}],"wp:attachment":[{"href":"https:\/\/www.turiart.com\/it\/wp-json\/wp\/v2\/media?parent=37665"}],"curies":[{"name":"wp","href":"https:\/\/api.w.org\/{rel}","templated":true}]}}