{"id":37699,"date":"2023-09-28T13:42:32","date_gmt":"2023-09-28T11:42:32","guid":{"rendered":"https:\/\/www.turiart.com\/sostenibilita-2\/"},"modified":"2023-09-28T13:42:32","modified_gmt":"2023-09-28T11:42:32","slug":"sostenibilita-2","status":"publish","type":"page","link":"https:\/\/www.turiart.com\/it\/sostenibilita-2\/","title":{"rendered":"Sostenibilit\u00e0"},"content":{"rendered":"<p style=\"text-align: center;\">TURIART \u00e8 composta da un team di professionisti che lavorano ogni giorno per far CONOSCERE la ricchezza di<br \/>\nla Comunit\u00e0 Valenciana (Valencia, Castell\u00f3n e Alicante), ed \u00e8 per questo che ci piace IMPARARE e DIVERTIRSI<br \/>\ncondivisione.<\/p>\n<p style=\"text-align: center;\">Dall'inizio del 2000, forniamo servizi che uniscono Turismo e Cultura con il Tempo Libero,<br \/>\nadattandoci sempre alle caratteristiche dei nostri clienti e selezionando il professionista appropriato<br \/>\nper ogni specifico servizio. INNOVIAMO PER MIGLIORARE.<\/p>\n<p style=\"text-align: center;\">Siamo un'azienda che dispone di un team specializzato in numerose discipline e ambiti nel mondo.<br \/>\ndi arte, musei e cultura. Lavoriamo per migliorare la promozione e la diffusione del TURISMO CULTURALE.<\/p>\n<p style=\"text-align: center;\">TURIART \u00e8 composta da persone con profili professionali e competenze sociali diverse. Sono<br \/>\nstorici, artisti, insegnanti, manager e mediatori culturali, filologi, archeologi, tessitori..., e<br \/>\nuna vasta gamma che ci permette di fornire il SERVIZIO DI QUALIT\u00c0 pi\u00f9 personalizzato e specializzato<br \/>\npossibile.<\/p>\n","protected":false},"excerpt":{"rendered":"<p>TURIART \u00e8 composta da un team di professionisti che lavorano ogni giorno per far CONOSCERE la ricchezza di la Comunit\u00e0 Valenciana (Valencia, Castell\u00f3n e Alicante), ed \u00e8 per questo che ci piace IMPARARE e DIVERTIRSI condivisione. Dall'inizio del 2000, forniamo servizi che uniscono Turismo e Cultura con il Tempo Libero, adattandoci sempre alle caratteristiche dei [&hellip;]<\/p>\n","protected":false},"author":4,"featured_media":0,"parent":0,"menu_order":0,"comment_status":"closed","ping_status":"closed","template":"","meta":{"_acf_changed":false,"_joinchat":[],"footnotes":""},"class_list":["post-37699","page","type-page","status-publish","hentry"],"acf":[],"yoast_head":"<!-- This site is optimized with the Yoast SEO plugin v26.8 - https:\/\/yoast.com\/product\/yoast-seo-wordpress\/ -->\n<title>Sostenibilit\u00e0 - Turiart<\/title>\n<meta name=\"description\" content=\"TURIART \u00e8 composta da un team di professionisti che lavorano ogni giorno per far CONOSCERE la ricchezza di la Comunit\u00e0 Valenciana (Valencia, Castell\u00f3n e\" \/>\n<meta name=\"robots\" content=\"index, follow, max-snippet:-1, max-image-preview:large, max-video-preview:-1\" \/>\n<link rel=\"canonical\" href=\"https:\/\/www.turiart.com\/it\/sostenibilita-2\/\" \/>\n<meta property=\"og:locale\" content=\"it_IT\" \/>\n<meta property=\"og:type\" content=\"article\" \/>\n<meta property=\"og:title\" content=\"Sostenibilit\u00e0 - Turiart\" \/>\n<meta property=\"og:description\" content=\"TURIART \u00e8 composta da un team di professionisti che lavorano ogni giorno per far CONOSCERE la ricchezza di la Comunit\u00e0 Valenciana (Valencia, Castell\u00f3n e\" \/>\n<meta property=\"og:url\" content=\"https:\/\/www.turiart.com\/it\/sostenibilita-2\/\" \/>\n<meta property=\"og:site_name\" content=\"Turiart\" \/>\n<meta property=\"article:publisher\" content=\"https:\/\/www.facebook.com\/turiartVLC\/\" \/>\n<meta name=\"twitter:label1\" content=\"Est. reading time\" \/>\n\t<meta name=\"twitter:data1\" content=\"1 minute\" \/>\n<script type=\"application\/ld+json\" class=\"yoast-schema-graph\">{\"@context\":\"https:\/\/schema.org\",\"@graph\":[{\"@type\":\"WebPage\",\"@id\":\"https:\/\/www.turiart.com\/it\/sostenibilita-2\/\",\"url\":\"https:\/\/www.turiart.com\/it\/sostenibilita-2\/\",\"name\":\"Sostenibilit\u00e0 - Turiart\",\"isPartOf\":{\"@id\":\"https:\/\/www.turiart.com\/it\/#website\"},\"datePublished\":\"2023-09-28T11:42:32+00:00\",\"description\":\"TURIART \u00e8 composta da un team di professionisti che lavorano ogni giorno per far CONOSCERE la ricchezza di la Comunit\u00e0 Valenciana (Valencia, Castell\u00f3n e\",\"breadcrumb\":{\"@id\":\"https:\/\/www.turiart.com\/it\/sostenibilita-2\/#breadcrumb\"},\"inLanguage\":\"it-IT\",\"potentialAction\":[{\"@type\":\"ReadAction\",\"target\":[\"https:\/\/www.turiart.com\/it\/sostenibilita-2\/\"]}]},{\"@type\":\"BreadcrumbList\",\"@id\":\"https:\/\/www.turiart.com\/it\/sostenibilita-2\/#breadcrumb\",\"itemListElement\":[{\"@type\":\"ListItem\",\"position\":1,\"name\":\"Home\",\"item\":\"https:\/\/www.turiart.com\/it\/\"},{\"@type\":\"ListItem\",\"position\":2,\"name\":\"Sostenibilit\u00e0\"}]},{\"@type\":\"WebSite\",\"@id\":\"https:\/\/www.turiart.com\/it\/#website\",\"url\":\"https:\/\/www.turiart.com\/it\/\",\"name\":\"Turiart\",\"description\":\"Visitas guiadas y servicios tur\u00edstico-culturales en Valencia\",\"publisher\":{\"@id\":\"https:\/\/www.turiart.com\/it\/#organization\"},\"potentialAction\":[{\"@type\":\"SearchAction\",\"target\":{\"@type\":\"EntryPoint\",\"urlTemplate\":\"https:\/\/www.turiart.com\/it\/?s={search_term_string}\"},\"query-input\":{\"@type\":\"PropertyValueSpecification\",\"valueRequired\":true,\"valueName\":\"search_term_string\"}}],\"inLanguage\":\"it-IT\"},{\"@type\":\"Organization\",\"@id\":\"https:\/\/www.turiart.com\/it\/#organization\",\"name\":\"Servicios Auxiliares Turiart, S.L\",\"url\":\"https:\/\/www.turiart.com\/it\/\",\"logo\":{\"@type\":\"ImageObject\",\"inLanguage\":\"it-IT\",\"@id\":\"https:\/\/www.turiart.com\/it\/#\/schema\/logo\/image\/\",\"url\":\"https:\/\/www.turiart.com\/wp-content\/uploads\/2018\/06\/logoHD-1.png\",\"contentUrl\":\"https:\/\/www.turiart.com\/wp-content\/uploads\/2018\/06\/logoHD-1.png\",\"width\":403,\"height\":209,\"caption\":\"Servicios Auxiliares Turiart, S.L\"},\"image\":{\"@id\":\"https:\/\/www.turiart.com\/it\/#\/schema\/logo\/image\/\"},\"sameAs\":[\"https:\/\/www.facebook.com\/turiartVLC\/\",\"https:\/\/x.com\/turiart\",\"https:\/\/www.instagram.com\/turiart\/\",\"https:\/\/www.linkedin.com\/company\/2726719\/admin\/\"]}]}<\/script>\n<!-- \/ Yoast SEO plugin. -->","yoast_head_json":{"title":"Sostenibilit\u00e0 - Turiart","description":"TURIART \u00e8 composta da un team di professionisti che lavorano ogni giorno per far CONOSCERE la ricchezza di la Comunit\u00e0 Valenciana (Valencia, Castell\u00f3n e","robots":{"index":"index","follow":"follow","max-snippet":"max-snippet:-1","max-image-preview":"max-image-preview:large","max-video-preview":"max-video-preview:-1"},"canonical":"https:\/\/www.turiart.com\/it\/sostenibilita-2\/","og_locale":"it_IT","og_type":"article","og_title":"Sostenibilit\u00e0 - Turiart","og_description":"TURIART \u00e8 composta da un team di professionisti che lavorano ogni giorno per far CONOSCERE la ricchezza di la Comunit\u00e0 Valenciana (Valencia, Castell\u00f3n e","og_url":"https:\/\/www.turiart.com\/it\/sostenibilita-2\/","og_site_name":"Turiart","article_publisher":"https:\/\/www.facebook.com\/turiartVLC\/","twitter_misc":{"Est. reading time":"1 minute"},"schema":{"@context":"https:\/\/schema.org","@graph":[{"@type":"WebPage","@id":"https:\/\/www.turiart.com\/it\/sostenibilita-2\/","url":"https:\/\/www.turiart.com\/it\/sostenibilita-2\/","name":"Sostenibilit\u00e0 - Turiart","isPartOf":{"@id":"https:\/\/www.turiart.com\/it\/#website"},"datePublished":"2023-09-28T11:42:32+00:00","description":"TURIART \u00e8 composta da un team di professionisti che lavorano ogni giorno per far CONOSCERE la ricchezza di la Comunit\u00e0 Valenciana (Valencia, Castell\u00f3n e","breadcrumb":{"@id":"https:\/\/www.turiart.com\/it\/sostenibilita-2\/#breadcrumb"},"inLanguage":"it-IT","potentialAction":[{"@type":"ReadAction","target":["https:\/\/www.turiart.com\/it\/sostenibilita-2\/"]}]},{"@type":"BreadcrumbList","@id":"https:\/\/www.turiart.com\/it\/sostenibilita-2\/#breadcrumb","itemListElement":[{"@type":"ListItem","position":1,"name":"Home","item":"https:\/\/www.turiart.com\/it\/"},{"@type":"ListItem","position":2,"name":"Sostenibilit\u00e0"}]},{"@type":"WebSite","@id":"https:\/\/www.turiart.com\/it\/#website","url":"https:\/\/www.turiart.com\/it\/","name":"Turiart","description":"Visitas guiadas y servicios tur\u00edstico-culturales en Valencia","publisher":{"@id":"https:\/\/www.turiart.com\/it\/#organization"},"potentialAction":[{"@type":"SearchAction","target":{"@type":"EntryPoint","urlTemplate":"https:\/\/www.turiart.com\/it\/?s={search_term_string}"},"query-input":{"@type":"PropertyValueSpecification","valueRequired":true,"valueName":"search_term_string"}}],"inLanguage":"it-IT"},{"@type":"Organization","@id":"https:\/\/www.turiart.com\/it\/#organization","name":"Servicios Auxiliares Turiart, S.L","url":"https:\/\/www.turiart.com\/it\/","logo":{"@type":"ImageObject","inLanguage":"it-IT","@id":"https:\/\/www.turiart.com\/it\/#\/schema\/logo\/image\/","url":"https:\/\/www.turiart.com\/wp-content\/uploads\/2018\/06\/logoHD-1.png","contentUrl":"https:\/\/www.turiart.com\/wp-content\/uploads\/2018\/06\/logoHD-1.png","width":403,"height":209,"caption":"Servicios Auxiliares Turiart, S.L"},"image":{"@id":"https:\/\/www.turiart.com\/it\/#\/schema\/logo\/image\/"},"sameAs":["https:\/\/www.facebook.com\/turiartVLC\/","https:\/\/x.com\/turiart","https:\/\/www.instagram.com\/turiart\/","https:\/\/www.linkedin.com\/company\/2726719\/admin\/"]}]}},"_links":{"self":[{"href":"https:\/\/www.turiart.com\/it\/wp-json\/wp\/v2\/pages\/37699","targetHints":{"allow":["GET"]}}],"collection":[{"href":"https:\/\/www.turiart.com\/it\/wp-json\/wp\/v2\/pages"}],"about":[{"href":"https:\/\/www.turiart.com\/it\/wp-json\/wp\/v2\/types\/page"}],"author":[{"embeddable":true,"href":"https:\/\/www.turiart.com\/it\/wp-json\/wp\/v2\/users\/4"}],"replies":[{"embeddable":true,"href":"https:\/\/www.turiart.com\/it\/wp-json\/wp\/v2\/comments?post=37699"}],"version-history":[{"count":0,"href":"https:\/\/www.turiart.com\/it\/wp-json\/wp\/v2\/pages\/37699\/revisions"}],"wp:attachment":[{"href":"https:\/\/www.turiart.com\/it\/wp-json\/wp\/v2\/media?parent=37699"}],"curies":[{"name":"wp","href":"https:\/\/api.w.org\/{rel}","templated":true}]}}