{"id":25875,"date":"2019-06-11T11:29:03","date_gmt":"2019-06-11T09:29:03","guid":{"rendered":"http:\/\/dev.turiart.com\/product-catalog\/senza%20categoria\/turiart-sta-reclutando-giovani-cacciatori\/"},"modified":"2026-03-27T12:25:54","modified_gmt":"2026-03-27T10:25:54","slug":"acchiappa-un-drago","status":"publish","type":"product","link":"https:\/\/www.turiart.com\/it\/catalogo-de-productos\/tours-per-bambini\/acchiappa-un-drago\/","title":{"rendered":"Acchiappa un drago! (Visita guidata italiano)"},"content":{"rendered":"<p><strong>Prossime date in programma:<\/strong><\/p>\n<ul>\n<li>Venerd\u00ec, 02 Maggio, alle 10:30 ore\u00a0- <span style=\"color: #ff0000;\"><strong>\u00a1GRUPPO CHIUSO!<\/strong><\/span><\/li>\n<\/ul>\n<p>Puoi anche prenotare una visita privata per la data che ti interessa di pi\u00f9.<\/p>\n<p>&nbsp;<\/p>\n<p><strong>La draghessa Fiona, la pi\u00f9 famosa di Valencia, \u00e8 scappata e si aggira per le strade e i monumenti della citt\u00e0. <\/strong>Anche se non \u00e8 pericolosa, la popolazione non \u00e8 tranquilla. Immagina lo stupore nel veder passare una draghessa per la citt\u00e0!<\/p>\n<p>Dobbiamo trovare Fiona e convincerla a tornare nella sua tana. Non sappiamo esattamente dove sia, per\u00f2 abbiamo diverse <strong>tracce che ci porteranno ad alcuni degli angoli con pi\u00f9 storia di Valencia<\/strong>. Il percorso passer\u00e0 per la Chiesa del Patriarca, la Casa delle Pietre, la Lonja della Seta\u2026 Addirittura, in tutti questi luoghi scopriremo gli altri draghi trasformati in pietra e <strong>impareremo qualcosa sulla citt\u00e0 e il suo passato<\/strong>.<\/p>\n<p>Saremo in grado di trovare la Dragona fuggitiva? Turiart sta cercando giovani cacciatori. <strong>La raggiungeremo solo con il coraggio, l\u2019astuzia e il lavoro di squadra!<\/strong><\/p>\n<p>Se sei uno dei nostri, partecipa a questa attivit\u00e0 e aiutaci a trovare Fiona. Nel percorso ci sorprenderanno alcuni <strong>misteri e leggende medievali<\/strong> e qualche altra creatura fantastica sbadata.<\/p>\n<p>\u201cAcchiappa un drago!\u201d \u00e8 un <strong>percorso culturale, simile ad una gimcana, per tutta la famiglia, con giochi e avventure<\/strong> che ci condurranno nei punti emblematici della citt\u00e0. \u00a0<strong>Impareremo e allo stesso tempo ci divertiremo<\/strong> mentre diamo la caccia alla draghessa cattiva che si \u00e8 persa per le strade della citt\u00e0 di Valencia.<\/p>\n<p>&nbsp;<\/p>\n<p><a class=\"fh-icon--calendar-check fh-button-true-flat-red fh-shape--square\" href=\"https:\/\/fareharbor.com\/embeds\/book\/turiart\/items\/509191\/?full-items=yes&amp;flow=648190\">PRENOTA ORA<\/a><\/p>\n","protected":false},"excerpt":{"rendered":"<p>Cerchiamo giovani cacciatori di draghi per questo tour familiare nel centro storico di Valencia.<\/p>\n","protected":false},"featured_media":30910,"comment_status":"open","ping_status":"closed","template":"","meta":{"_acf_changed":false,"_joinchat":[]},"product_brand":[],"product_cat":[142,687],"product_tag":[1553,1654,841,897,859,2352,957],"class_list":{"0":"post-25875","1":"product","2":"type-product","3":"status-publish","4":"has-post-thumbnail","6":"product_cat-tours-per-bambini","7":"product_cat-prossimi-percorsi","8":"product_tag-acchiappa-un-drago","9":"product_tag-turismo-culturale","10":"product_tag-familiare","11":"product_tag-visita-guidata","12":"product_tag-infantile","13":"product_tag-medioevale","14":"product_tag-valencia-it","16":"first","17":"instock","18":"shipping-taxable","19":"product-type-external"},"acf":[],"yoast_head":"<!-- This site is optimized with the Yoast SEO plugin v26.8 - https:\/\/yoast.com\/product\/yoast-seo-wordpress\/ -->\n<title>Acchiappa un drago! (Visita guidata italiano) - Turiart<\/title>\n<meta name=\"description\" content=\"Cerchiamo giovani cacciatori di draghi per questo tour familiare nel centro storico di Valencia.\" \/>\n<meta name=\"robots\" content=\"index, follow, max-snippet:-1, max-image-preview:large, max-video-preview:-1\" \/>\n<link rel=\"canonical\" href=\"https:\/\/www.turiart.com\/it\/catalogo-de-productos\/tours-per-bambini\/acchiappa-un-drago\/\" \/>\n<meta property=\"og:locale\" content=\"it_IT\" \/>\n<meta property=\"og:type\" content=\"article\" \/>\n<meta property=\"og:title\" content=\"Acchiappa un drago! (Visita guidata italiano) - Turiart\" \/>\n<meta property=\"og:description\" content=\"Cerchiamo giovani cacciatori di draghi per questo tour familiare nel centro storico di Valencia.\" \/>\n<meta property=\"og:url\" content=\"https:\/\/www.turiart.com\/it\/catalogo-de-productos\/tours-per-bambini\/acchiappa-un-drago\/\" \/>\n<meta property=\"og:site_name\" content=\"Turiart\" \/>\n<meta property=\"article:publisher\" content=\"https:\/\/www.facebook.com\/turiartVLC\/\" \/>\n<meta property=\"article:modified_time\" content=\"2026-03-27T10:25:54+00:00\" \/>\n<meta property=\"og:image\" content=\"https:\/\/www.turiart.com\/wp-content\/uploads\/2019\/06\/atrapa-un-dragon.jpg\" \/>\n\t<meta property=\"og:image:width\" content=\"1920\" \/>\n\t<meta property=\"og:image:height\" content=\"1080\" \/>\n\t<meta property=\"og:image:type\" content=\"image\/jpeg\" \/>\n<meta name=\"twitter:label1\" content=\"Est. reading time\" \/>\n\t<meta name=\"twitter:data1\" content=\"2 minutes\" \/>\n<script type=\"application\/ld+json\" class=\"yoast-schema-graph\">{\"@context\":\"https:\/\/schema.org\",\"@graph\":[{\"@type\":\"WebPage\",\"@id\":\"https:\/\/www.turiart.com\/it\/catalogo-de-productos\/tours-per-bambini\/acchiappa-un-drago\/\",\"url\":\"https:\/\/www.turiart.com\/it\/catalogo-de-productos\/tours-per-bambini\/acchiappa-un-drago\/\",\"name\":\"Acchiappa un drago! (Visita guidata italiano) - Turiart\",\"isPartOf\":{\"@id\":\"https:\/\/www.turiart.com\/it\/#website\"},\"primaryImageOfPage\":{\"@id\":\"https:\/\/www.turiart.com\/it\/catalogo-de-productos\/tours-per-bambini\/acchiappa-un-drago\/#primaryimage\"},\"image\":{\"@id\":\"https:\/\/www.turiart.com\/it\/catalogo-de-productos\/tours-per-bambini\/acchiappa-un-drago\/#primaryimage\"},\"thumbnailUrl\":\"https:\/\/www.turiart.com\/wp-content\/uploads\/2019\/06\/atrapa-un-dragon.jpg\",\"datePublished\":\"2019-06-11T09:29:03+00:00\",\"dateModified\":\"2026-03-27T10:25:54+00:00\",\"description\":\"Cerchiamo giovani cacciatori di draghi per questo tour familiare nel centro storico di Valencia.\",\"breadcrumb\":{\"@id\":\"https:\/\/www.turiart.com\/it\/catalogo-de-productos\/tours-per-bambini\/acchiappa-un-drago\/#breadcrumb\"},\"inLanguage\":\"it-IT\",\"potentialAction\":[{\"@type\":\"ReadAction\",\"target\":[\"https:\/\/www.turiart.com\/it\/catalogo-de-productos\/tours-per-bambini\/acchiappa-un-drago\/\"]}]},{\"@type\":\"ImageObject\",\"inLanguage\":\"it-IT\",\"@id\":\"https:\/\/www.turiart.com\/it\/catalogo-de-productos\/tours-per-bambini\/acchiappa-un-drago\/#primaryimage\",\"url\":\"https:\/\/www.turiart.com\/wp-content\/uploads\/2019\/06\/atrapa-un-dragon.jpg\",\"contentUrl\":\"https:\/\/www.turiart.com\/wp-content\/uploads\/2019\/06\/atrapa-un-dragon.jpg\",\"width\":1920,\"height\":1080},{\"@type\":\"BreadcrumbList\",\"@id\":\"https:\/\/www.turiart.com\/it\/catalogo-de-productos\/tours-per-bambini\/acchiappa-un-drago\/#breadcrumb\",\"itemListElement\":[{\"@type\":\"ListItem\",\"position\":1,\"name\":\"Home\",\"item\":\"https:\/\/www.turiart.com\/it\/\"},{\"@type\":\"ListItem\",\"position\":2,\"name\":\"Catalogo dei prodotti\",\"item\":\"https:\/\/www.turiart.com\/it\/catalogo-dei-prodotti\/\"},{\"@type\":\"ListItem\",\"position\":3,\"name\":\"Tour infantili\",\"item\":\"https:\/\/www.turiart.com\/it\/prodotti\/tours-per-bambini\/\"},{\"@type\":\"ListItem\",\"position\":4,\"name\":\"Acchiappa un drago! (Visita guidata italiano)\"}]},{\"@type\":\"WebSite\",\"@id\":\"https:\/\/www.turiart.com\/it\/#website\",\"url\":\"https:\/\/www.turiart.com\/it\/\",\"name\":\"Turiart\",\"description\":\"Visitas guiadas y servicios tur\u00edstico-culturales en Valencia\",\"publisher\":{\"@id\":\"https:\/\/www.turiart.com\/it\/#organization\"},\"potentialAction\":[{\"@type\":\"SearchAction\",\"target\":{\"@type\":\"EntryPoint\",\"urlTemplate\":\"https:\/\/www.turiart.com\/it\/?s={search_term_string}\"},\"query-input\":{\"@type\":\"PropertyValueSpecification\",\"valueRequired\":true,\"valueName\":\"search_term_string\"}}],\"inLanguage\":\"it-IT\"},{\"@type\":\"Organization\",\"@id\":\"https:\/\/www.turiart.com\/it\/#organization\",\"name\":\"Servicios Auxiliares Turiart, S.L\",\"url\":\"https:\/\/www.turiart.com\/it\/\",\"logo\":{\"@type\":\"ImageObject\",\"inLanguage\":\"it-IT\",\"@id\":\"https:\/\/www.turiart.com\/it\/#\/schema\/logo\/image\/\",\"url\":\"https:\/\/www.turiart.com\/wp-content\/uploads\/2018\/06\/logoHD-1.png\",\"contentUrl\":\"https:\/\/www.turiart.com\/wp-content\/uploads\/2018\/06\/logoHD-1.png\",\"width\":403,\"height\":209,\"caption\":\"Servicios Auxiliares Turiart, S.L\"},\"image\":{\"@id\":\"https:\/\/www.turiart.com\/it\/#\/schema\/logo\/image\/\"},\"sameAs\":[\"https:\/\/www.facebook.com\/turiartVLC\/\",\"https:\/\/x.com\/turiart\",\"https:\/\/www.instagram.com\/turiart\/\",\"https:\/\/www.linkedin.com\/company\/2726719\/admin\/\"]}]}<\/script>\n<!-- \/ Yoast SEO plugin. -->","yoast_head_json":{"title":"Acchiappa un drago! (Visita guidata italiano) - Turiart","description":"Cerchiamo giovani cacciatori di draghi per questo tour familiare nel centro storico di Valencia.","robots":{"index":"index","follow":"follow","max-snippet":"max-snippet:-1","max-image-preview":"max-image-preview:large","max-video-preview":"max-video-preview:-1"},"canonical":"https:\/\/www.turiart.com\/it\/catalogo-de-productos\/tours-per-bambini\/acchiappa-un-drago\/","og_locale":"it_IT","og_type":"article","og_title":"Acchiappa un drago! (Visita guidata italiano) - Turiart","og_description":"Cerchiamo giovani cacciatori di draghi per questo tour familiare nel centro storico di Valencia.","og_url":"https:\/\/www.turiart.com\/it\/catalogo-de-productos\/tours-per-bambini\/acchiappa-un-drago\/","og_site_name":"Turiart","article_publisher":"https:\/\/www.facebook.com\/turiartVLC\/","article_modified_time":"2026-03-27T10:25:54+00:00","og_image":[{"width":1920,"height":1080,"url":"https:\/\/www.turiart.com\/wp-content\/uploads\/2019\/06\/atrapa-un-dragon.jpg","type":"image\/jpeg"}],"twitter_misc":{"Est. reading time":"2 minutes"},"schema":{"@context":"https:\/\/schema.org","@graph":[{"@type":"WebPage","@id":"https:\/\/www.turiart.com\/it\/catalogo-de-productos\/tours-per-bambini\/acchiappa-un-drago\/","url":"https:\/\/www.turiart.com\/it\/catalogo-de-productos\/tours-per-bambini\/acchiappa-un-drago\/","name":"Acchiappa un drago! (Visita guidata italiano) - Turiart","isPartOf":{"@id":"https:\/\/www.turiart.com\/it\/#website"},"primaryImageOfPage":{"@id":"https:\/\/www.turiart.com\/it\/catalogo-de-productos\/tours-per-bambini\/acchiappa-un-drago\/#primaryimage"},"image":{"@id":"https:\/\/www.turiart.com\/it\/catalogo-de-productos\/tours-per-bambini\/acchiappa-un-drago\/#primaryimage"},"thumbnailUrl":"https:\/\/www.turiart.com\/wp-content\/uploads\/2019\/06\/atrapa-un-dragon.jpg","datePublished":"2019-06-11T09:29:03+00:00","dateModified":"2026-03-27T10:25:54+00:00","description":"Cerchiamo giovani cacciatori di draghi per questo tour familiare nel centro storico di Valencia.","breadcrumb":{"@id":"https:\/\/www.turiart.com\/it\/catalogo-de-productos\/tours-per-bambini\/acchiappa-un-drago\/#breadcrumb"},"inLanguage":"it-IT","potentialAction":[{"@type":"ReadAction","target":["https:\/\/www.turiart.com\/it\/catalogo-de-productos\/tours-per-bambini\/acchiappa-un-drago\/"]}]},{"@type":"ImageObject","inLanguage":"it-IT","@id":"https:\/\/www.turiart.com\/it\/catalogo-de-productos\/tours-per-bambini\/acchiappa-un-drago\/#primaryimage","url":"https:\/\/www.turiart.com\/wp-content\/uploads\/2019\/06\/atrapa-un-dragon.jpg","contentUrl":"https:\/\/www.turiart.com\/wp-content\/uploads\/2019\/06\/atrapa-un-dragon.jpg","width":1920,"height":1080},{"@type":"BreadcrumbList","@id":"https:\/\/www.turiart.com\/it\/catalogo-de-productos\/tours-per-bambini\/acchiappa-un-drago\/#breadcrumb","itemListElement":[{"@type":"ListItem","position":1,"name":"Home","item":"https:\/\/www.turiart.com\/it\/"},{"@type":"ListItem","position":2,"name":"Catalogo dei prodotti","item":"https:\/\/www.turiart.com\/it\/catalogo-dei-prodotti\/"},{"@type":"ListItem","position":3,"name":"Tour infantili","item":"https:\/\/www.turiart.com\/it\/prodotti\/tours-per-bambini\/"},{"@type":"ListItem","position":4,"name":"Acchiappa un drago! (Visita guidata italiano)"}]},{"@type":"WebSite","@id":"https:\/\/www.turiart.com\/it\/#website","url":"https:\/\/www.turiart.com\/it\/","name":"Turiart","description":"Visitas guiadas y servicios tur\u00edstico-culturales en Valencia","publisher":{"@id":"https:\/\/www.turiart.com\/it\/#organization"},"potentialAction":[{"@type":"SearchAction","target":{"@type":"EntryPoint","urlTemplate":"https:\/\/www.turiart.com\/it\/?s={search_term_string}"},"query-input":{"@type":"PropertyValueSpecification","valueRequired":true,"valueName":"search_term_string"}}],"inLanguage":"it-IT"},{"@type":"Organization","@id":"https:\/\/www.turiart.com\/it\/#organization","name":"Servicios Auxiliares Turiart, S.L","url":"https:\/\/www.turiart.com\/it\/","logo":{"@type":"ImageObject","inLanguage":"it-IT","@id":"https:\/\/www.turiart.com\/it\/#\/schema\/logo\/image\/","url":"https:\/\/www.turiart.com\/wp-content\/uploads\/2018\/06\/logoHD-1.png","contentUrl":"https:\/\/www.turiart.com\/wp-content\/uploads\/2018\/06\/logoHD-1.png","width":403,"height":209,"caption":"Servicios Auxiliares Turiart, S.L"},"image":{"@id":"https:\/\/www.turiart.com\/it\/#\/schema\/logo\/image\/"},"sameAs":["https:\/\/www.facebook.com\/turiartVLC\/","https:\/\/x.com\/turiart","https:\/\/www.instagram.com\/turiart\/","https:\/\/www.linkedin.com\/company\/2726719\/admin\/"]}]}},"_links":{"self":[{"href":"https:\/\/www.turiart.com\/it\/wp-json\/wp\/v2\/product\/25875","targetHints":{"allow":["GET"]}}],"collection":[{"href":"https:\/\/www.turiart.com\/it\/wp-json\/wp\/v2\/product"}],"about":[{"href":"https:\/\/www.turiart.com\/it\/wp-json\/wp\/v2\/types\/product"}],"replies":[{"embeddable":true,"href":"https:\/\/www.turiart.com\/it\/wp-json\/wp\/v2\/comments?post=25875"}],"wp:featuredmedia":[{"embeddable":true,"href":"https:\/\/www.turiart.com\/it\/wp-json\/wp\/v2\/media\/30910"}],"wp:attachment":[{"href":"https:\/\/www.turiart.com\/it\/wp-json\/wp\/v2\/media?parent=25875"}],"wp:term":[{"taxonomy":"product_brand","embeddable":true,"href":"https:\/\/www.turiart.com\/it\/wp-json\/wp\/v2\/product_brand?post=25875"},{"taxonomy":"product_cat","embeddable":true,"href":"https:\/\/www.turiart.com\/it\/wp-json\/wp\/v2\/product_cat?post=25875"},{"taxonomy":"product_tag","embeddable":true,"href":"https:\/\/www.turiart.com\/it\/wp-json\/wp\/v2\/product_tag?post=25875"}],"curies":[{"name":"wp","href":"https:\/\/api.w.org\/{rel}","templated":true}]}}