{"id":26099,"date":"2019-06-11T16:13:46","date_gmt":"2019-06-11T14:13:46","guid":{"rendered":"http:\/\/dev.turiart.com\/product-catalog\/senza%20categoria\/pirati-della-malvarrosa-2\/"},"modified":"2025-08-16T11:18:09","modified_gmt":"2025-08-16T09:18:09","slug":"pirati-della-malvarrosa","status":"publish","type":"product","link":"https:\/\/www.turiart.com\/it\/catalogo-de-productos\/tours-per-bambini\/pirati-della-malvarrosa\/","title":{"rendered":"Pirati della Malvarrosa"},"content":{"rendered":"<p><span style=\"color: #bf1515;\"><strong>I Pirati della Malvarrosa stanno per sbarcare nelle acque di Valencia quest\u2019estate 2025 alla ricerca di nuove avventure!<\/strong><\/span><\/p>\n<p><strong>PROSSIME DATE:<\/strong><\/p>\n<ul>\n<li><span style=\"font-weight: 400;\"><strong>Agosto<\/strong> (alle 17:30): Venerd\u00ec 22, Marted\u00ec 26, Venerd\u00ec 29<\/span><\/li>\n<\/ul>\n<p><span style=\"font-weight: 400;\">\u00c8 inoltre possibile prenotare un tour privato nel giorno che preferite.<\/span><\/p>\n<p>&nbsp;<\/p>\n<p><span style=\"font-weight: 400;\"><strong>Yo-ho! Benvenuti, bucanieri!<\/strong> In questa attivit\u00e0 per bambini ci trasformeremo in impavidi pirati per<strong> godere della vita marittima di Valencia, del suo Porto e della sua Marina<\/strong>.<\/span><\/p>\n<p><span style=\"font-weight: 400;\">Partendo da un messaggio in una bottiglia, seguiremo gli<strong> indizi della vecchia mappa<\/strong> del pirata Barbanera. <strong>Per mille balene! Porta il tuo cannocchiale<\/strong> perch\u00e9 sar\u00e0 indispensabile per scoprire tutti i tesori nascosti.<\/span><\/p>\n<p><span style=\"font-weight: 400;\">Questa attivit\u00e0 \u00e8 pensata per <strong>famiglie con spirito d\u2019avventura che vogliono vivere un\u2019esperienza da veri pirati<\/strong>. Il percorso dei \u201cPirati della Malvarrosa\u201d tocca i punti pi\u00f9 interessanti di questo peculiare mondo marittimo, a partire dalle <em><strong>Reales Atarazanas<\/strong><\/em>. Le hai mai viste? Attenzione alla benda sull\u2019occhio: qui si costruivano e riparavano navi gi\u00e0 dal XIV secolo. Ci aiuti a scoprire se i pirati portavano qui le loro imbarcazioni dopo le battaglie?<\/span><\/p>\n<p><span style=\"font-weight: 400;\">Cammineremo fino all\u2019edificio <em><strong>Veles e Vents<\/strong><\/em>. Sapevi che il suo nome proviene da una poesia di Ausi\u00e0s March in cui si invocava la forza dei venti? Per questo \u00e8 un luogo perfetto per sentirsi padroni del mondo e <strong>avvistare navi pirata, isole del tesoro e anche qualche curioso gabbiano<\/strong>.<\/span><\/p>\n<p><span style=\"font-weight: 400;\">Termineremo questa divertente avventura presso l\u2019<em><strong>Edificio del Reloj<\/strong><\/em>, che oggi viene utilizzato per esposizioni ed eventi ufficiali, ma che ha una storia molto interessante, come ad esempio essere stato la Sede dell\u2019Autorit\u00e0 Portuale di Valencia. Giocheremo anche nei <strong>Tinglados<\/strong>, strutture con oltre 100 anni di storia. <strong>Arrrrrr!<\/strong><\/span><\/p>\n<p><span style=\"font-weight: 400;\">Accompagnati dalla Capitana della nostra nave, visiteremo una zona poco conosciuta della citt\u00e0 e sveleremo tutti i <strong>misteri nascosti nella mappa del tesoro<\/strong>. Le prove sono pronte per intrattenere <strong>i mozzi e filibustieri pi\u00f9 giovani<\/strong>!<\/span><\/p>\n<p><span style=\"font-weight: 400;\">\u201cPirati della Malvarrosa\u201d \u00e8 un mix di divertimento, cultura e mistero, per condividere <strong>una mattinata estiva diversa in famiglia. Per Nettuno! Perch\u00e9 non venite travestiti?<\/strong><\/span><\/p>\n<p>---<\/p>\n<p><span style=\"font-weight: 400;\">In pi\u00f9, potete completare questa visita cos\u00ec marinaresca con un\u2019<strong>uscita in catamarano nella zona della Marina<\/strong>, subito dopo il tour guidato, per godervi<strong> il tramonto<\/strong> come veri pirati.<\/span><\/p>\n<p><span style=\"font-weight: 400;\">Vi offriamo la possibilit\u00e0 di salire a bordo di questa imbarcazione e vivere <strong>un giro di 90 minuti<\/strong> (circa) che<strong> include una consumazione a persona<\/strong>. Basta selezionare una delle opzioni \u201ccon barca\u201d al momento della prenotazione (in base alla disponibilit\u00e0).<\/span><\/p>\n<p>&nbsp;<\/p>\n<p><strong><a href=\"https:\/\/fareharbor.com\/embeds\/book\/turiart\/items\/651300\/?full-items=yes&amp;flow=648190\">PRENOTA QUI<\/a><\/strong><\/p>\n","protected":false},"excerpt":{"rendered":"<p><span style=\"font-weight: 400;\">\u00abMare, mare, mare immenso, vo\u2019 per te con l\u2019arco teso, cerco il sole, l\u2019isola intensa,cerco il vento pi\u00f9 disteso. Vivi un\u2019avventura da pirata con questa attivit\u00e0 per bambini.\u00bb<\/span><\/p>\n","protected":false},"featured_media":39799,"comment_status":"open","ping_status":"closed","template":"","meta":{"_acf_changed":false,"_joinchat":[]},"product_brand":[],"product_cat":[142],"product_tag":[777,891,2790,2728,2384,2265,927,895,843,841,953,931,897,859,872,875,907,913,909,925,2340,957],"class_list":{"0":"post-26099","1":"product","2":"type-product","3":"status-publish","4":"has-post-thumbnail","6":"product_cat-tours-per-bambini","7":"product_tag-attivita","8":"product_tag-bambini","9":"product_tag-barca-it","10":"product_tag-citta","11":"product_tag-comunita-valenciana","12":"product_tag-comunitat-valenciana-it-2","13":"product_tag-tour-culturale","14":"product_tag-visita-culturale","15":"product_tag-famiglie","16":"product_tag-familiare","17":"product_tag-turismo-familiare","18":"product_tag-tour-guidato","19":"product_tag-visita-guidata","20":"product_tag-infantile","21":"product_tag-malvarrosa-it","22":"product_tag-mediterraneo-it","23":"product_tag-pirati","24":"product_tag-porto","25":"product_tag-spiaggia","26":"product_tag-tour-it","27":"product_tag-tour-familiare","28":"product_tag-valencia-it","29":"pa_atributo-rutas-2-adulti","30":"pa_atributo-rutas-assicurazione-annullamento-24-ore-prima-it","31":"pa_atributo-rutas-nino-4-a-12-anos","32":"pa_atributo-rutas-famiglia-2-adulti-2-bambini","33":"pa_atributo-rutas-familia-numerosa-it","34":"pa_atributo-rutas-adulto-it","35":"pa_atributo-rutas-bambino-minore-4","37":"first","38":"instock","39":"shipping-taxable","40":"product-type-external"},"acf":[],"yoast_head":"<!-- This site is optimized with the Yoast SEO plugin v26.8 - https:\/\/yoast.com\/product\/yoast-seo-wordpress\/ -->\n<title>Pirati della Malvarrosa - Turiart<\/title>\n<meta name=\"description\" content=\"Con dieci cannoni per ogni fila , preparati ad immergerti in questa avventura piratesca e avventurosa con la tua famiglia!!\" \/>\n<meta name=\"robots\" content=\"index, follow, max-snippet:-1, max-image-preview:large, max-video-preview:-1\" \/>\n<link rel=\"canonical\" href=\"https:\/\/www.turiart.com\/it\/catalogo-de-productos\/tours-per-bambini\/pirati-della-malvarrosa\/\" \/>\n<meta property=\"og:locale\" content=\"it_IT\" \/>\n<meta property=\"og:type\" content=\"article\" \/>\n<meta property=\"og:title\" content=\"Pirati della Malvarrosa - Turiart\" \/>\n<meta property=\"og:description\" content=\"Con dieci cannoni per ogni fila , preparati ad immergerti in questa avventura piratesca e avventurosa con la tua famiglia!!\" \/>\n<meta property=\"og:url\" content=\"https:\/\/www.turiart.com\/it\/catalogo-de-productos\/tours-per-bambini\/pirati-della-malvarrosa\/\" \/>\n<meta property=\"og:site_name\" content=\"Turiart\" \/>\n<meta property=\"article:publisher\" content=\"https:\/\/www.facebook.com\/turiartVLC\/\" \/>\n<meta property=\"article:modified_time\" content=\"2025-08-16T09:18:09+00:00\" \/>\n<meta property=\"og:image\" content=\"https:\/\/www.turiart.com\/wp-content\/uploads\/2019\/06\/image000031-scaled.jpeg\" \/>\n\t<meta property=\"og:image:width\" content=\"2560\" \/>\n\t<meta property=\"og:image:height\" content=\"1920\" \/>\n\t<meta property=\"og:image:type\" content=\"image\/jpeg\" \/>\n<meta name=\"twitter:label1\" content=\"Est. reading time\" \/>\n\t<meta name=\"twitter:data1\" content=\"3 minutes\" \/>\n<script type=\"application\/ld+json\" class=\"yoast-schema-graph\">{\"@context\":\"https:\/\/schema.org\",\"@graph\":[{\"@type\":\"WebPage\",\"@id\":\"https:\/\/www.turiart.com\/it\/catalogo-de-productos\/tours-per-bambini\/pirati-della-malvarrosa\/\",\"url\":\"https:\/\/www.turiart.com\/it\/catalogo-de-productos\/tours-per-bambini\/pirati-della-malvarrosa\/\",\"name\":\"Pirati della Malvarrosa - Turiart\",\"isPartOf\":{\"@id\":\"https:\/\/www.turiart.com\/it\/#website\"},\"primaryImageOfPage\":{\"@id\":\"https:\/\/www.turiart.com\/it\/catalogo-de-productos\/tours-per-bambini\/pirati-della-malvarrosa\/#primaryimage\"},\"image\":{\"@id\":\"https:\/\/www.turiart.com\/it\/catalogo-de-productos\/tours-per-bambini\/pirati-della-malvarrosa\/#primaryimage\"},\"thumbnailUrl\":\"https:\/\/www.turiart.com\/wp-content\/uploads\/2019\/06\/image000031-scaled.jpeg\",\"datePublished\":\"2019-06-11T14:13:46+00:00\",\"dateModified\":\"2025-08-16T09:18:09+00:00\",\"description\":\"Con dieci cannoni per ogni fila , preparati ad immergerti in questa avventura piratesca e avventurosa con la tua famiglia!!\",\"breadcrumb\":{\"@id\":\"https:\/\/www.turiart.com\/it\/catalogo-de-productos\/tours-per-bambini\/pirati-della-malvarrosa\/#breadcrumb\"},\"inLanguage\":\"it-IT\",\"potentialAction\":[{\"@type\":\"ReadAction\",\"target\":[\"https:\/\/www.turiart.com\/it\/catalogo-de-productos\/tours-per-bambini\/pirati-della-malvarrosa\/\"]}]},{\"@type\":\"ImageObject\",\"inLanguage\":\"it-IT\",\"@id\":\"https:\/\/www.turiart.com\/it\/catalogo-de-productos\/tours-per-bambini\/pirati-della-malvarrosa\/#primaryimage\",\"url\":\"https:\/\/www.turiart.com\/wp-content\/uploads\/2019\/06\/image000031-scaled.jpeg\",\"contentUrl\":\"https:\/\/www.turiart.com\/wp-content\/uploads\/2019\/06\/image000031-scaled.jpeg\",\"width\":2560,\"height\":1920},{\"@type\":\"BreadcrumbList\",\"@id\":\"https:\/\/www.turiart.com\/it\/catalogo-de-productos\/tours-per-bambini\/pirati-della-malvarrosa\/#breadcrumb\",\"itemListElement\":[{\"@type\":\"ListItem\",\"position\":1,\"name\":\"Home\",\"item\":\"https:\/\/www.turiart.com\/it\/\"},{\"@type\":\"ListItem\",\"position\":2,\"name\":\"Catalogo dei prodotti\",\"item\":\"https:\/\/www.turiart.com\/it\/catalogo-dei-prodotti\/\"},{\"@type\":\"ListItem\",\"position\":3,\"name\":\"Tour infantili\",\"item\":\"https:\/\/www.turiart.com\/it\/prodotti\/tours-per-bambini\/\"},{\"@type\":\"ListItem\",\"position\":4,\"name\":\"Pirati della Malvarrosa\"}]},{\"@type\":\"WebSite\",\"@id\":\"https:\/\/www.turiart.com\/it\/#website\",\"url\":\"https:\/\/www.turiart.com\/it\/\",\"name\":\"Turiart\",\"description\":\"Visitas guiadas y servicios tur\u00edstico-culturales en Valencia\",\"publisher\":{\"@id\":\"https:\/\/www.turiart.com\/it\/#organization\"},\"potentialAction\":[{\"@type\":\"SearchAction\",\"target\":{\"@type\":\"EntryPoint\",\"urlTemplate\":\"https:\/\/www.turiart.com\/it\/?s={search_term_string}\"},\"query-input\":{\"@type\":\"PropertyValueSpecification\",\"valueRequired\":true,\"valueName\":\"search_term_string\"}}],\"inLanguage\":\"it-IT\"},{\"@type\":\"Organization\",\"@id\":\"https:\/\/www.turiart.com\/it\/#organization\",\"name\":\"Servicios Auxiliares Turiart, S.L\",\"url\":\"https:\/\/www.turiart.com\/it\/\",\"logo\":{\"@type\":\"ImageObject\",\"inLanguage\":\"it-IT\",\"@id\":\"https:\/\/www.turiart.com\/it\/#\/schema\/logo\/image\/\",\"url\":\"https:\/\/www.turiart.com\/wp-content\/uploads\/2018\/06\/logoHD-1.png\",\"contentUrl\":\"https:\/\/www.turiart.com\/wp-content\/uploads\/2018\/06\/logoHD-1.png\",\"width\":403,\"height\":209,\"caption\":\"Servicios Auxiliares Turiart, S.L\"},\"image\":{\"@id\":\"https:\/\/www.turiart.com\/it\/#\/schema\/logo\/image\/\"},\"sameAs\":[\"https:\/\/www.facebook.com\/turiartVLC\/\",\"https:\/\/x.com\/turiart\",\"https:\/\/www.instagram.com\/turiart\/\",\"https:\/\/www.linkedin.com\/company\/2726719\/admin\/\"]}]}<\/script>\n<!-- \/ Yoast SEO plugin. -->","yoast_head_json":{"title":"Pirati della Malvarrosa - Turiart","description":"Con dieci cannoni per ogni fila , preparati ad immergerti in questa avventura piratesca e avventurosa con la tua famiglia!!","robots":{"index":"index","follow":"follow","max-snippet":"max-snippet:-1","max-image-preview":"max-image-preview:large","max-video-preview":"max-video-preview:-1"},"canonical":"https:\/\/www.turiart.com\/it\/catalogo-de-productos\/tours-per-bambini\/pirati-della-malvarrosa\/","og_locale":"it_IT","og_type":"article","og_title":"Pirati della Malvarrosa - Turiart","og_description":"Con dieci cannoni per ogni fila , preparati ad immergerti in questa avventura piratesca e avventurosa con la tua famiglia!!","og_url":"https:\/\/www.turiart.com\/it\/catalogo-de-productos\/tours-per-bambini\/pirati-della-malvarrosa\/","og_site_name":"Turiart","article_publisher":"https:\/\/www.facebook.com\/turiartVLC\/","article_modified_time":"2025-08-16T09:18:09+00:00","og_image":[{"width":2560,"height":1920,"url":"https:\/\/www.turiart.com\/wp-content\/uploads\/2019\/06\/image000031-scaled.jpeg","type":"image\/jpeg"}],"twitter_misc":{"Est. reading time":"3 minutes"},"schema":{"@context":"https:\/\/schema.org","@graph":[{"@type":"WebPage","@id":"https:\/\/www.turiart.com\/it\/catalogo-de-productos\/tours-per-bambini\/pirati-della-malvarrosa\/","url":"https:\/\/www.turiart.com\/it\/catalogo-de-productos\/tours-per-bambini\/pirati-della-malvarrosa\/","name":"Pirati della Malvarrosa - Turiart","isPartOf":{"@id":"https:\/\/www.turiart.com\/it\/#website"},"primaryImageOfPage":{"@id":"https:\/\/www.turiart.com\/it\/catalogo-de-productos\/tours-per-bambini\/pirati-della-malvarrosa\/#primaryimage"},"image":{"@id":"https:\/\/www.turiart.com\/it\/catalogo-de-productos\/tours-per-bambini\/pirati-della-malvarrosa\/#primaryimage"},"thumbnailUrl":"https:\/\/www.turiart.com\/wp-content\/uploads\/2019\/06\/image000031-scaled.jpeg","datePublished":"2019-06-11T14:13:46+00:00","dateModified":"2025-08-16T09:18:09+00:00","description":"Con dieci cannoni per ogni fila , preparati ad immergerti in questa avventura piratesca e avventurosa con la tua famiglia!!","breadcrumb":{"@id":"https:\/\/www.turiart.com\/it\/catalogo-de-productos\/tours-per-bambini\/pirati-della-malvarrosa\/#breadcrumb"},"inLanguage":"it-IT","potentialAction":[{"@type":"ReadAction","target":["https:\/\/www.turiart.com\/it\/catalogo-de-productos\/tours-per-bambini\/pirati-della-malvarrosa\/"]}]},{"@type":"ImageObject","inLanguage":"it-IT","@id":"https:\/\/www.turiart.com\/it\/catalogo-de-productos\/tours-per-bambini\/pirati-della-malvarrosa\/#primaryimage","url":"https:\/\/www.turiart.com\/wp-content\/uploads\/2019\/06\/image000031-scaled.jpeg","contentUrl":"https:\/\/www.turiart.com\/wp-content\/uploads\/2019\/06\/image000031-scaled.jpeg","width":2560,"height":1920},{"@type":"BreadcrumbList","@id":"https:\/\/www.turiart.com\/it\/catalogo-de-productos\/tours-per-bambini\/pirati-della-malvarrosa\/#breadcrumb","itemListElement":[{"@type":"ListItem","position":1,"name":"Home","item":"https:\/\/www.turiart.com\/it\/"},{"@type":"ListItem","position":2,"name":"Catalogo dei prodotti","item":"https:\/\/www.turiart.com\/it\/catalogo-dei-prodotti\/"},{"@type":"ListItem","position":3,"name":"Tour infantili","item":"https:\/\/www.turiart.com\/it\/prodotti\/tours-per-bambini\/"},{"@type":"ListItem","position":4,"name":"Pirati della Malvarrosa"}]},{"@type":"WebSite","@id":"https:\/\/www.turiart.com\/it\/#website","url":"https:\/\/www.turiart.com\/it\/","name":"Turiart","description":"Visitas guiadas y servicios tur\u00edstico-culturales en Valencia","publisher":{"@id":"https:\/\/www.turiart.com\/it\/#organization"},"potentialAction":[{"@type":"SearchAction","target":{"@type":"EntryPoint","urlTemplate":"https:\/\/www.turiart.com\/it\/?s={search_term_string}"},"query-input":{"@type":"PropertyValueSpecification","valueRequired":true,"valueName":"search_term_string"}}],"inLanguage":"it-IT"},{"@type":"Organization","@id":"https:\/\/www.turiart.com\/it\/#organization","name":"Servicios Auxiliares Turiart, S.L","url":"https:\/\/www.turiart.com\/it\/","logo":{"@type":"ImageObject","inLanguage":"it-IT","@id":"https:\/\/www.turiart.com\/it\/#\/schema\/logo\/image\/","url":"https:\/\/www.turiart.com\/wp-content\/uploads\/2018\/06\/logoHD-1.png","contentUrl":"https:\/\/www.turiart.com\/wp-content\/uploads\/2018\/06\/logoHD-1.png","width":403,"height":209,"caption":"Servicios Auxiliares Turiart, S.L"},"image":{"@id":"https:\/\/www.turiart.com\/it\/#\/schema\/logo\/image\/"},"sameAs":["https:\/\/www.facebook.com\/turiartVLC\/","https:\/\/x.com\/turiart","https:\/\/www.instagram.com\/turiart\/","https:\/\/www.linkedin.com\/company\/2726719\/admin\/"]}]}},"_links":{"self":[{"href":"https:\/\/www.turiart.com\/it\/wp-json\/wp\/v2\/product\/26099","targetHints":{"allow":["GET"]}}],"collection":[{"href":"https:\/\/www.turiart.com\/it\/wp-json\/wp\/v2\/product"}],"about":[{"href":"https:\/\/www.turiart.com\/it\/wp-json\/wp\/v2\/types\/product"}],"replies":[{"embeddable":true,"href":"https:\/\/www.turiart.com\/it\/wp-json\/wp\/v2\/comments?post=26099"}],"wp:featuredmedia":[{"embeddable":true,"href":"https:\/\/www.turiart.com\/it\/wp-json\/wp\/v2\/media\/39799"}],"wp:attachment":[{"href":"https:\/\/www.turiart.com\/it\/wp-json\/wp\/v2\/media?parent=26099"}],"wp:term":[{"taxonomy":"product_brand","embeddable":true,"href":"https:\/\/www.turiart.com\/it\/wp-json\/wp\/v2\/product_brand?post=26099"},{"taxonomy":"product_cat","embeddable":true,"href":"https:\/\/www.turiart.com\/it\/wp-json\/wp\/v2\/product_cat?post=26099"},{"taxonomy":"product_tag","embeddable":true,"href":"https:\/\/www.turiart.com\/it\/wp-json\/wp\/v2\/product_tag?post=26099"}],"curies":[{"name":"wp","href":"https:\/\/api.w.org\/{rel}","templated":true}]}}