{"id":31672,"date":"2022-09-29T11:32:06","date_gmt":"2022-09-29T09:32:06","guid":{"rendered":"https:\/\/dev.turiart.com\/?post_type=product&#038;p=31672"},"modified":"2026-04-17T13:00:43","modified_gmt":"2026-04-17T11:00:43","slug":"essenza-valencia","status":"publish","type":"product","link":"https:\/\/www.turiart.com\/it\/catalogo-de-productos\/passeggiate-culturali\/essenza-valencia\/","title":{"rendered":"L\u2019Essenza di Valencia (visita guidata italiano)"},"content":{"rendered":"<p>La citt\u00e0 di <strong>Valencia<\/strong>, con pi\u00f9 di 21 secoli di storia, ha\u00a0 dozzine di monumenti di tutte le epoche e <strong>tre Patrimoni dell\u2019Umanit\u00e0<\/strong>: la Lonja della Seta, il Tribunale delle Acque (Tribunal de las Aguas e las Fallas (festa annuale che rappresenta l\u2019arte effimera, il fuoco e i fuochi d\u2019artificio). Poche destinazioni nel mondo hanno il privilegio di avere 3 beni culturali nella prestigiosa lista dell\u2019UNESCO.<\/p>\n<p><strong>Questa visita culturale \u00e8 un tour attraverso gli elementi essenziali di Valencia<\/strong>, attraverso i suoi punti pi\u00f9 emblematici, accompagnati da una guida professionale che andr\u00e0 piano piano per raccontare le storie della citt\u00e0. Il percorso sar\u00e0 non solo per gli adulti ma anche per i pi\u00f9 piccoli, che potranno divertirsi con varie attivit\u00e0 in modo che tutti possano godersi il momento, imparare ed esplorare la citt\u00e0 con allegria.<\/p>\n<p>Si vedranno il <strong>centro storico e le sue belle piazze<\/strong>, assieme a la Lonja della Seta, la Cattedrale e tante altre curiosit\u00e0 che sia i grandi che i piccini potranno scoprire. La Stazione del Nord, il Comune, il Mercato Centrale, la Lonja della Seta, la Piazza della Reina e la Piazza della Virgen\u2026 il nostro percorso ci far\u00e0 scoprire come questo tessuto urbano si \u00e8 evoluto nel corso dei secoli: dalle sue origini romane, passando per il periodo musulmano, l\u2019epoca cristiana e arrivando poi all\u2019attualit\u00e0.<\/p>\n<p><strong>Entreremo nella Lonja della Seta<\/strong>, capolavoro dell\u2019architettura gotica civile che fu dichiarata Patrimonio dell\u2019Umanit\u00e0 nel 1996. La favolosa Sala de Contrataci\u00f3n, con le sue colonne, le volte e le nervature, ci trasporter\u00e0 alla prospera Et\u00e0 dell\u2019Oro valenciano.<\/p>\n<p><strong>Il Tribunale delle Acque<\/strong>, patrimonio immateriale dell\u2019Umanit\u00e0 dal 2008, si svolge ogni gioved\u00ec a mezzogiorno nella Porta degli Apostoli della Cattedrale, mentre las <strong>Fallas<\/strong> sono le ultime di Valencia ad essere state aggiunte nella lista dell\u2019<strong>UNESCO<\/strong> nell\u2019anno 2016. Queste festivit\u00e0 si celebrano tra il 15 e il 19 marzo e trasformano la citt\u00e0 in un museo all\u2019aria aperta di monumenti effimeri, accompagnati dalla musica, dai costumi tradizionali e dall\u2019odore della polvere.<\/p>\n<p><strong>\u00a0\u201cL\u2019essenza di Valencia per grandi e piccini\u201d<\/strong> \u00e8 una visita esclusiva attraverso l\u2019enorme ricchezza culturale e patrimoniale della citt\u00e0, che ha avuto <strong>un triplo riconoscimento<\/strong> <strong>dall\u2019UNESCO.<\/strong> Non perdere l\u2019occasione di fare questo tour per conoscere il passato e il presente di Valencia, un'opportunit\u00e0 unica di <strong>assicurare i grandi e durevoli ricordi della tua visita.<\/strong><\/p>\n<p>--<\/p>\n<p>La visita include l'ingresso alla <em>Lonja de la Seda<\/em> -Borsa della Seta- (tutti i giorni tranne quelli con eventi ufficiali o festivi) e al Municipio (giorni lavorativi tranne quelli con eventi ufficiali o festivi).<br \/>\n*In caso di chiusura della Borsa della Seta per qualsiasi evento durante la visita, offriremo la possibilit\u00e0 di inviare i biglietti ai clienti per entrare nel pomeriggio o cercheremo di scambiarli con un biglietto dello stesso importo per un altro museo\/monumento.<\/p>\n<hr \/>\n<p>&nbsp;<\/p>\n<p><a href=\"https:\/\/www.youtube.com\/watch?v=ijNEWZvv4d4\">La nostra guida ci parla qui del tour VALENCIA ESENCIAL Y SUS PATRIMONIOS DE LA HUMANIDAD<\/a><\/p>\n<p>--<\/p>\n<div id=\"TA_cdswritereviewlgvi229\" class=\"TA_cdswritereviewlgvi\">\n<ul id=\"rWf39J\" class=\"TA_links 6gtYbjv\">\n<li id=\"XFb5sCU\" class=\"BvkV7mpBb7\"><a href=\"https:\/\/www.tripadvisor.es\/\" target=\"_blank\" rel=\"noopener\"><img decoding=\"async\" src=\"https:\/\/static.tacdn.com\/img2\/brand_refresh\/Tripadvisor_lockup_horizontal_secondary_registered.svg\" alt=\"TripAdvisor\" \/><\/a><\/li>\n<\/ul>\n<\/div>\n","protected":false},"excerpt":{"rendered":"<p>Una visita guidata nel Centro Storico per conoscere i monumenti pi\u00f9 importanti, con un\u2019attenzione particolare ai Patrimoni dell\u2019Umanit\u00e0 presenti nella citt\u00e0. Aperta a tutti, questa visita sar\u00e0 un'avventura che non dimenticherete!<\/p>\n","protected":false},"featured_media":30906,"comment_status":"open","ping_status":"closed","template":"","meta":{"_acf_changed":false,"_joinchat":[]},"product_brand":[],"product_cat":[687,235],"product_tag":[787,791,927,1654,895,841,953,931,897,855,2060,2061,957],"class_list":{"0":"post-31672","1":"product","2":"type-product","3":"status-publish","4":"has-post-thumbnail","6":"product_cat-prossimi-percorsi","7":"product_cat-passeggiate-culturali","8":"product_tag-architettura","9":"product_tag-arte-it","10":"product_tag-tour-culturale","11":"product_tag-turismo-culturale","12":"product_tag-visita-culturale","13":"product_tag-familiare","14":"product_tag-turismo-familiare","15":"product_tag-tour-guidato","16":"product_tag-visita-guidata","17":"product_tag-storia","18":"product_tag-medioevo","19":"product_tag-unesco-it","20":"product_tag-valencia-it","21":"pa_atributo-rutas-adulto-it","22":"pa_atributo-rutas-due-adulti-it","23":"pa_atributo-rutas-bambino","24":"pa_atributo-rutas-bambino-minore-4","25":"pa_atributo-rutas-famiglia","26":"pa_atributo-rutas-famiglia-numerosa","28":"first","29":"instock","30":"shipping-taxable","31":"product-type-external"},"acf":[],"yoast_head":"<!-- This site is optimized with the Yoast SEO plugin v26.8 - https:\/\/yoast.com\/product\/yoast-seo-wordpress\/ -->\n<title>L\u2019Essenza di Valencia (visita guidata italiano) - Turiart<\/title>\n<meta name=\"description\" content=\"Una visita guidata nel Centro Storico per conoscere i monumenti pi\u00f9 importanti, con un\u2019attenzione particolare ai Patrimoni dell\u2019Umanit\u00e0 presenti nella citt\u00e0. Aperta a tutti, questa visita sar\u00e0 un&#039;avventura che non dimenticherete!\" \/>\n<meta name=\"robots\" content=\"index, follow, max-snippet:-1, max-image-preview:large, max-video-preview:-1\" \/>\n<link rel=\"canonical\" href=\"https:\/\/www.turiart.com\/it\/catalogo-de-productos\/passeggiate-culturali\/essenza-valencia\/\" \/>\n<meta property=\"og:locale\" content=\"it_IT\" \/>\n<meta property=\"og:type\" content=\"article\" \/>\n<meta property=\"og:title\" content=\"L\u2019Essenza di Valencia (visita guidata italiano) - Turiart\" \/>\n<meta property=\"og:description\" content=\"Una visita guidata nel Centro Storico per conoscere i monumenti pi\u00f9 importanti, con un\u2019attenzione particolare ai Patrimoni dell\u2019Umanit\u00e0 presenti nella citt\u00e0. Aperta a tutti, questa visita sar\u00e0 un&#039;avventura che non dimenticherete!\" \/>\n<meta property=\"og:url\" content=\"https:\/\/www.turiart.com\/it\/catalogo-de-productos\/passeggiate-culturali\/essenza-valencia\/\" \/>\n<meta property=\"og:site_name\" content=\"Turiart\" \/>\n<meta property=\"article:publisher\" content=\"https:\/\/www.facebook.com\/turiartVLC\/\" \/>\n<meta property=\"article:modified_time\" content=\"2026-04-17T11:00:43+00:00\" \/>\n<meta property=\"og:image\" content=\"https:\/\/www.turiart.com\/wp-content\/uploads\/2018\/06\/08bc63a8333040649d8c63f5523755b7.jpg\" \/>\n\t<meta property=\"og:image:width\" content=\"650\" \/>\n\t<meta property=\"og:image:height\" content=\"395\" \/>\n\t<meta property=\"og:image:type\" content=\"image\/jpeg\" \/>\n<meta name=\"twitter:label1\" content=\"Est. reading time\" \/>\n\t<meta name=\"twitter:data1\" content=\"3 minutes\" \/>\n<script type=\"application\/ld+json\" class=\"yoast-schema-graph\">{\"@context\":\"https:\/\/schema.org\",\"@graph\":[{\"@type\":\"WebPage\",\"@id\":\"https:\/\/www.turiart.com\/it\/catalogo-de-productos\/passeggiate-culturali\/essenza-valencia\/\",\"url\":\"https:\/\/www.turiart.com\/it\/catalogo-de-productos\/passeggiate-culturali\/essenza-valencia\/\",\"name\":\"L\u2019Essenza di Valencia (visita guidata italiano) - Turiart\",\"isPartOf\":{\"@id\":\"https:\/\/www.turiart.com\/it\/#website\"},\"primaryImageOfPage\":{\"@id\":\"https:\/\/www.turiart.com\/it\/catalogo-de-productos\/passeggiate-culturali\/essenza-valencia\/#primaryimage\"},\"image\":{\"@id\":\"https:\/\/www.turiart.com\/it\/catalogo-de-productos\/passeggiate-culturali\/essenza-valencia\/#primaryimage\"},\"thumbnailUrl\":\"https:\/\/www.turiart.com\/wp-content\/uploads\/2018\/06\/08bc63a8333040649d8c63f5523755b7.jpg\",\"datePublished\":\"2022-09-29T09:32:06+00:00\",\"dateModified\":\"2026-04-17T11:00:43+00:00\",\"description\":\"Una visita guidata nel Centro Storico per conoscere i monumenti pi\u00f9 importanti, con un\u2019attenzione particolare ai Patrimoni dell\u2019Umanit\u00e0 presenti nella citt\u00e0. Aperta a tutti, questa visita sar\u00e0 un'avventura che non dimenticherete!\",\"breadcrumb\":{\"@id\":\"https:\/\/www.turiart.com\/it\/catalogo-de-productos\/passeggiate-culturali\/essenza-valencia\/#breadcrumb\"},\"inLanguage\":\"it-IT\",\"potentialAction\":[{\"@type\":\"ReadAction\",\"target\":[\"https:\/\/www.turiart.com\/it\/catalogo-de-productos\/passeggiate-culturali\/essenza-valencia\/\"]}]},{\"@type\":\"ImageObject\",\"inLanguage\":\"it-IT\",\"@id\":\"https:\/\/www.turiart.com\/it\/catalogo-de-productos\/passeggiate-culturali\/essenza-valencia\/#primaryimage\",\"url\":\"https:\/\/www.turiart.com\/wp-content\/uploads\/2018\/06\/08bc63a8333040649d8c63f5523755b7.jpg\",\"contentUrl\":\"https:\/\/www.turiart.com\/wp-content\/uploads\/2018\/06\/08bc63a8333040649d8c63f5523755b7.jpg\",\"width\":650,\"height\":395},{\"@type\":\"BreadcrumbList\",\"@id\":\"https:\/\/www.turiart.com\/it\/catalogo-de-productos\/passeggiate-culturali\/essenza-valencia\/#breadcrumb\",\"itemListElement\":[{\"@type\":\"ListItem\",\"position\":1,\"name\":\"Home\",\"item\":\"https:\/\/www.turiart.com\/it\/\"},{\"@type\":\"ListItem\",\"position\":2,\"name\":\"Catalogo dei prodotti\",\"item\":\"https:\/\/www.turiart.com\/it\/catalogo-dei-prodotti\/\"},{\"@type\":\"ListItem\",\"position\":3,\"name\":\"Cultural walks\",\"item\":\"https:\/\/www.turiart.com\/it\/prodotti\/passeggiate-culturali\/\"},{\"@type\":\"ListItem\",\"position\":4,\"name\":\"L\u2019Essenza di Valencia (visita guidata italiano)\"}]},{\"@type\":\"WebSite\",\"@id\":\"https:\/\/www.turiart.com\/it\/#website\",\"url\":\"https:\/\/www.turiart.com\/it\/\",\"name\":\"Turiart\",\"description\":\"Visitas guiadas y servicios tur\u00edstico-culturales en Valencia\",\"publisher\":{\"@id\":\"https:\/\/www.turiart.com\/it\/#organization\"},\"potentialAction\":[{\"@type\":\"SearchAction\",\"target\":{\"@type\":\"EntryPoint\",\"urlTemplate\":\"https:\/\/www.turiart.com\/it\/?s={search_term_string}\"},\"query-input\":{\"@type\":\"PropertyValueSpecification\",\"valueRequired\":true,\"valueName\":\"search_term_string\"}}],\"inLanguage\":\"it-IT\"},{\"@type\":\"Organization\",\"@id\":\"https:\/\/www.turiart.com\/it\/#organization\",\"name\":\"Servicios Auxiliares Turiart, S.L\",\"url\":\"https:\/\/www.turiart.com\/it\/\",\"logo\":{\"@type\":\"ImageObject\",\"inLanguage\":\"it-IT\",\"@id\":\"https:\/\/www.turiart.com\/it\/#\/schema\/logo\/image\/\",\"url\":\"https:\/\/www.turiart.com\/wp-content\/uploads\/2018\/06\/logoHD-1.png\",\"contentUrl\":\"https:\/\/www.turiart.com\/wp-content\/uploads\/2018\/06\/logoHD-1.png\",\"width\":403,\"height\":209,\"caption\":\"Servicios Auxiliares Turiart, S.L\"},\"image\":{\"@id\":\"https:\/\/www.turiart.com\/it\/#\/schema\/logo\/image\/\"},\"sameAs\":[\"https:\/\/www.facebook.com\/turiartVLC\/\",\"https:\/\/x.com\/turiart\",\"https:\/\/www.instagram.com\/turiart\/\",\"https:\/\/www.linkedin.com\/company\/2726719\/admin\/\"]}]}<\/script>\n<!-- \/ Yoast SEO plugin. -->","yoast_head_json":{"title":"L\u2019Essenza di Valencia (visita guidata italiano) - Turiart","description":"Una visita guidata nel Centro Storico per conoscere i monumenti pi\u00f9 importanti, con un\u2019attenzione particolare ai Patrimoni dell\u2019Umanit\u00e0 presenti nella citt\u00e0. Aperta a tutti, questa visita sar\u00e0 un'avventura che non dimenticherete!","robots":{"index":"index","follow":"follow","max-snippet":"max-snippet:-1","max-image-preview":"max-image-preview:large","max-video-preview":"max-video-preview:-1"},"canonical":"https:\/\/www.turiart.com\/it\/catalogo-de-productos\/passeggiate-culturali\/essenza-valencia\/","og_locale":"it_IT","og_type":"article","og_title":"L\u2019Essenza di Valencia (visita guidata italiano) - Turiart","og_description":"Una visita guidata nel Centro Storico per conoscere i monumenti pi\u00f9 importanti, con un\u2019attenzione particolare ai Patrimoni dell\u2019Umanit\u00e0 presenti nella citt\u00e0. Aperta a tutti, questa visita sar\u00e0 un'avventura che non dimenticherete!","og_url":"https:\/\/www.turiart.com\/it\/catalogo-de-productos\/passeggiate-culturali\/essenza-valencia\/","og_site_name":"Turiart","article_publisher":"https:\/\/www.facebook.com\/turiartVLC\/","article_modified_time":"2026-04-17T11:00:43+00:00","og_image":[{"width":650,"height":395,"url":"https:\/\/www.turiart.com\/wp-content\/uploads\/2018\/06\/08bc63a8333040649d8c63f5523755b7.jpg","type":"image\/jpeg"}],"twitter_misc":{"Est. reading time":"3 minutes"},"schema":{"@context":"https:\/\/schema.org","@graph":[{"@type":"WebPage","@id":"https:\/\/www.turiart.com\/it\/catalogo-de-productos\/passeggiate-culturali\/essenza-valencia\/","url":"https:\/\/www.turiart.com\/it\/catalogo-de-productos\/passeggiate-culturali\/essenza-valencia\/","name":"L\u2019Essenza di Valencia (visita guidata italiano) - Turiart","isPartOf":{"@id":"https:\/\/www.turiart.com\/it\/#website"},"primaryImageOfPage":{"@id":"https:\/\/www.turiart.com\/it\/catalogo-de-productos\/passeggiate-culturali\/essenza-valencia\/#primaryimage"},"image":{"@id":"https:\/\/www.turiart.com\/it\/catalogo-de-productos\/passeggiate-culturali\/essenza-valencia\/#primaryimage"},"thumbnailUrl":"https:\/\/www.turiart.com\/wp-content\/uploads\/2018\/06\/08bc63a8333040649d8c63f5523755b7.jpg","datePublished":"2022-09-29T09:32:06+00:00","dateModified":"2026-04-17T11:00:43+00:00","description":"Una visita guidata nel Centro Storico per conoscere i monumenti pi\u00f9 importanti, con un\u2019attenzione particolare ai Patrimoni dell\u2019Umanit\u00e0 presenti nella citt\u00e0. Aperta a tutti, questa visita sar\u00e0 un'avventura che non dimenticherete!","breadcrumb":{"@id":"https:\/\/www.turiart.com\/it\/catalogo-de-productos\/passeggiate-culturali\/essenza-valencia\/#breadcrumb"},"inLanguage":"it-IT","potentialAction":[{"@type":"ReadAction","target":["https:\/\/www.turiart.com\/it\/catalogo-de-productos\/passeggiate-culturali\/essenza-valencia\/"]}]},{"@type":"ImageObject","inLanguage":"it-IT","@id":"https:\/\/www.turiart.com\/it\/catalogo-de-productos\/passeggiate-culturali\/essenza-valencia\/#primaryimage","url":"https:\/\/www.turiart.com\/wp-content\/uploads\/2018\/06\/08bc63a8333040649d8c63f5523755b7.jpg","contentUrl":"https:\/\/www.turiart.com\/wp-content\/uploads\/2018\/06\/08bc63a8333040649d8c63f5523755b7.jpg","width":650,"height":395},{"@type":"BreadcrumbList","@id":"https:\/\/www.turiart.com\/it\/catalogo-de-productos\/passeggiate-culturali\/essenza-valencia\/#breadcrumb","itemListElement":[{"@type":"ListItem","position":1,"name":"Home","item":"https:\/\/www.turiart.com\/it\/"},{"@type":"ListItem","position":2,"name":"Catalogo dei prodotti","item":"https:\/\/www.turiart.com\/it\/catalogo-dei-prodotti\/"},{"@type":"ListItem","position":3,"name":"Cultural walks","item":"https:\/\/www.turiart.com\/it\/prodotti\/passeggiate-culturali\/"},{"@type":"ListItem","position":4,"name":"L\u2019Essenza di Valencia (visita guidata italiano)"}]},{"@type":"WebSite","@id":"https:\/\/www.turiart.com\/it\/#website","url":"https:\/\/www.turiart.com\/it\/","name":"Turiart","description":"Visitas guiadas y servicios tur\u00edstico-culturales en Valencia","publisher":{"@id":"https:\/\/www.turiart.com\/it\/#organization"},"potentialAction":[{"@type":"SearchAction","target":{"@type":"EntryPoint","urlTemplate":"https:\/\/www.turiart.com\/it\/?s={search_term_string}"},"query-input":{"@type":"PropertyValueSpecification","valueRequired":true,"valueName":"search_term_string"}}],"inLanguage":"it-IT"},{"@type":"Organization","@id":"https:\/\/www.turiart.com\/it\/#organization","name":"Servicios Auxiliares Turiart, S.L","url":"https:\/\/www.turiart.com\/it\/","logo":{"@type":"ImageObject","inLanguage":"it-IT","@id":"https:\/\/www.turiart.com\/it\/#\/schema\/logo\/image\/","url":"https:\/\/www.turiart.com\/wp-content\/uploads\/2018\/06\/logoHD-1.png","contentUrl":"https:\/\/www.turiart.com\/wp-content\/uploads\/2018\/06\/logoHD-1.png","width":403,"height":209,"caption":"Servicios Auxiliares Turiart, S.L"},"image":{"@id":"https:\/\/www.turiart.com\/it\/#\/schema\/logo\/image\/"},"sameAs":["https:\/\/www.facebook.com\/turiartVLC\/","https:\/\/x.com\/turiart","https:\/\/www.instagram.com\/turiart\/","https:\/\/www.linkedin.com\/company\/2726719\/admin\/"]}]}},"_links":{"self":[{"href":"https:\/\/www.turiart.com\/it\/wp-json\/wp\/v2\/product\/31672","targetHints":{"allow":["GET"]}}],"collection":[{"href":"https:\/\/www.turiart.com\/it\/wp-json\/wp\/v2\/product"}],"about":[{"href":"https:\/\/www.turiart.com\/it\/wp-json\/wp\/v2\/types\/product"}],"replies":[{"embeddable":true,"href":"https:\/\/www.turiart.com\/it\/wp-json\/wp\/v2\/comments?post=31672"}],"wp:featuredmedia":[{"embeddable":true,"href":"https:\/\/www.turiart.com\/it\/wp-json\/wp\/v2\/media\/30906"}],"wp:attachment":[{"href":"https:\/\/www.turiart.com\/it\/wp-json\/wp\/v2\/media?parent=31672"}],"wp:term":[{"taxonomy":"product_brand","embeddable":true,"href":"https:\/\/www.turiart.com\/it\/wp-json\/wp\/v2\/product_brand?post=31672"},{"taxonomy":"product_cat","embeddable":true,"href":"https:\/\/www.turiart.com\/it\/wp-json\/wp\/v2\/product_cat?post=31672"},{"taxonomy":"product_tag","embeddable":true,"href":"https:\/\/www.turiart.com\/it\/wp-json\/wp\/v2\/product_tag?post=31672"}],"curies":[{"name":"wp","href":"https:\/\/api.w.org\/{rel}","templated":true}]}}