{"id":32993,"date":"2020-07-16T12:07:03","date_gmt":"2020-07-16T10:07:03","guid":{"rendered":"https:\/\/www.turiart.com\/?post_type=product&#038;p=32993"},"modified":"2025-04-24T13:18:35","modified_gmt":"2025-04-24T11:18:35","slug":"valencia-borgia","status":"publish","type":"product","link":"https:\/\/www.turiart.com\/it\/catalogo-de-productos\/passeggiate-culturali\/valencia-borgia\/","title":{"rendered":"La Valencia della famiglia Borgia"},"content":{"rendered":"<p><strong>Puoi prenotare il tuo tour privato in italiano o in altre lingue per la tua data e ora preferita.<\/strong><\/p>\n<p>&nbsp;<\/p>\n<p>La <strong>famiglia Borgia<\/strong> \u00e8 originaria di Zaragoza in Aragona, nonostante ci\u00f2 \u00e9 stata una delle famiglie pi\u00f9 importanti di <strong>Valencia<\/strong>. <strong>Esteve Borgia<\/strong> \u00e8 stato il primo Borgia che \u00e8 venuto a Valencia e si \u00e9 stabilito con la sua famiglia inizialmente a <strong>X\u00e0tiva<\/strong>, e successivamente a <strong>Gand\u00eda<\/strong>.<\/p>\n<p>Tra i membri di questa famiglia, <strong>Alfonso Borgia<\/strong> spicca per aver supportato la causa del Papa Benedetto XIII, conosciuto come il <strong>Papa Luna<\/strong>, e anche perch\u00e9 dopo essere arrivato a Roma \u00e8 diventato Papa, con il nome di Papa Calixto III. Dopo la sua morte, e dopo che si sono succeduti altri 4 Papi, un altro membro della famiglia Borgia \u00e8 diventato Papa. Si tratta di <strong>Rodrigo Borgia<\/strong>, nipote di Alfonso Borgia e conosciuto col nome di Alessandro VI. Il lignaggio dei Borgia continua con Cesare Borgia e <strong>Lucrezia Borgia<\/strong>. Lucrezia era la terza figlia del Papa Alessandro VI, si \u00e8 sposata tre volte ed \u00e8 diventata Duchessa di Ferrara. Un altro membro della famiglia \u00e8 <strong>Francesco Borgia<\/strong>, pronipote del Papa Alessandro VI. Egli, da giovane, ha servito presso la corte del Re Carlo I di Spagna e poi si \u00e8 dedicato alla vita spirituale e al fervore religioso. \u00c8 stato <strong>duca di Gandia<\/strong> ed \u00e8 entrato nell\u00b4ordine della Compagnia di Ges\u00f9 (\u00e8 stato canonizzato a Roma nell\u00b4anno 1671).<\/p>\n<p>In questo tour ripercorreremo i luoghi storici e artistici pi\u00f9 importanti di Valencia che hanno segnato la vita dei membri della famiglia Borgia, conosciuta per la sua leggenda nera e per il suo fervore religioso con il motto di \u201c<em>due papi ed un santo<\/em>\u201d. Questa famiglia \u00e8 importante anche per il suo lascito e il suo contributo accademico e religioso.<\/p>\n<p>Passeggeremo per la <strong>piazza del Patriarca<\/strong>, con la sua maestosa e imponente fontana, accanto all\u00b4edificio dell\u00b4Universit\u00e0 di Valencia, dove sono presenti i personaggi pi\u00fa illustri dell'epoca dei Borgia, come il Papa Alessandro VI. Nella piazza \u00e8 presente anche l'edificio del Patriarca che \u00e8 un edificio storico, un monumento artistico e un museo.<\/p>\n<p>Al lato dell\u2019edificio del patriarca troviamo <a href=\"https:\/\/www.uv.es\/uvweb\/culture\/en\/la-nau\/la-nau-cultural-centre\/presentation-1285866274374.html\"><strong>La Nau<\/strong><\/a>, l\u2019antica Universit\u00e0, un edificio collegato fin dalla sua fondazione all'insegnamento e agli studi superiori. Era l\u2019antica Universit\u00e0 di Valencia ed era al pari di universit\u00e0 come quelle di Salamanca, Bologna o Roma. La sua fondazione e costruzione si deve al Papa Alessandro VI e ai Re Cattolici. Oggi \u00e8 un emblema di cultura e un riferimento storico e in essa sono presenti diversi dipartimenti dell'Universit\u00e0 di Valencia.<\/p>\n<p>Infine visiteremo la <a href=\"https:\/\/basilicasagradocorazonvalencia.blogspot.com\/\"><strong>Bas\u00edlica del Sacro Cuore<\/strong><\/a> (la Chiesa dei Gesuiti), un edificio che era l'antica <strong>casa professa della Societ\u00e0 dei Gesuiti<\/strong>, fondata da San Francesco Borgia nel secolo XVI, quando era il Generale dei Gesuiti.<\/p>\n<p>Acquista adesso i biglietti e scopri con noi la Valencia dei Borgia che \u00e8 perdurata nel tempo.<\/p>\n","protected":false},"excerpt":{"rendered":"<p>Un tour guidato per conoscere la vita di una delle famiglie pi\u00f9 importanti e potenti dei secoli XIII e XVI attraverso il suo lascito e per scoprire e conoscere i segreti e la leggenda nera creata intorno a questa famiglia.<\/p>\n","protected":false},"featured_media":32786,"comment_status":"open","ping_status":"closed","template":"","meta":{"_acf_changed":false,"_joinchat":[]},"product_brand":[],"product_cat":[687,235],"product_tag":[2198,2199,2200,927,897,855,2197,957],"class_list":{"0":"post-32993","1":"product","2":"type-product","3":"status-publish","4":"has-post-thumbnail","6":"product_cat-prossimi-percorsi","7":"product_cat-passeggiate-culturali","8":"product_tag-borgia-it","9":"product_tag-borgia-valencia-it","10":"product_tag-comunitat-valenciana-it","11":"product_tag-tour-culturale","12":"product_tag-visita-guidata","13":"product_tag-storia","14":"product_tag-percorso-culturale","15":"product_tag-valencia-it","16":"pa_atributo-rutas-assicurazione-annullamento-24-ore-prima-it","17":"pa_atributo-rutas-adulto-it","18":"pa_atributo-rutas-pensionato","19":"pa_atributo-rutas-bambino","21":"first","22":"instock","23":"shipping-taxable","24":"product-type-variable"},"acf":[],"yoast_head":"<!-- This site is optimized with the Yoast SEO plugin v26.8 - https:\/\/yoast.com\/product\/yoast-seo-wordpress\/ -->\n<title>La Valencia della famiglia Borgia - Turiart<\/title>\n<meta name=\"description\" content=\"Un tour guidato per conoscere la vita di una delle famiglie pi\u00f9 importanti e potenti dei secoli XIII e XVI attraverso il suo lascito e per scoprire e conoscere i segreti e la leggenda nera creata intorno a questa famiglia.\" \/>\n<meta name=\"robots\" content=\"index, follow, max-snippet:-1, max-image-preview:large, max-video-preview:-1\" \/>\n<link rel=\"canonical\" href=\"https:\/\/www.turiart.com\/it\/catalogo-de-productos\/passeggiate-culturali\/valencia-borgia\/\" \/>\n<meta property=\"og:locale\" content=\"it_IT\" \/>\n<meta property=\"og:type\" content=\"article\" \/>\n<meta property=\"og:title\" content=\"La Valencia della famiglia Borgia - Turiart\" \/>\n<meta property=\"og:description\" content=\"Un tour guidato per conoscere la vita di una delle famiglie pi\u00f9 importanti e potenti dei secoli XIII e XVI attraverso il suo lascito e per scoprire e conoscere i segreti e la leggenda nera creata intorno a questa famiglia.\" \/>\n<meta property=\"og:url\" content=\"https:\/\/www.turiart.com\/it\/catalogo-de-productos\/passeggiate-culturali\/valencia-borgia\/\" \/>\n<meta property=\"og:site_name\" content=\"Turiart\" \/>\n<meta property=\"article:publisher\" content=\"https:\/\/www.facebook.com\/turiartVLC\/\" \/>\n<meta property=\"article:modified_time\" content=\"2025-04-24T11:18:35+00:00\" \/>\n<meta property=\"og:image\" content=\"https:\/\/www.turiart.com\/wp-content\/uploads\/2020\/06\/Corts2.jpg\" \/>\n\t<meta property=\"og:image:width\" content=\"1920\" \/>\n\t<meta property=\"og:image:height\" content=\"1080\" \/>\n\t<meta property=\"og:image:type\" content=\"image\/jpeg\" \/>\n<meta name=\"twitter:label1\" content=\"Est. reading time\" \/>\n\t<meta name=\"twitter:data1\" content=\"3 minutes\" \/>\n<script type=\"application\/ld+json\" class=\"yoast-schema-graph\">{\"@context\":\"https:\/\/schema.org\",\"@graph\":[{\"@type\":\"WebPage\",\"@id\":\"https:\/\/www.turiart.com\/it\/catalogo-de-productos\/passeggiate-culturali\/valencia-borgia\/\",\"url\":\"https:\/\/www.turiart.com\/it\/catalogo-de-productos\/passeggiate-culturali\/valencia-borgia\/\",\"name\":\"La Valencia della famiglia Borgia - Turiart\",\"isPartOf\":{\"@id\":\"https:\/\/www.turiart.com\/it\/#website\"},\"primaryImageOfPage\":{\"@id\":\"https:\/\/www.turiart.com\/it\/catalogo-de-productos\/passeggiate-culturali\/valencia-borgia\/#primaryimage\"},\"image\":{\"@id\":\"https:\/\/www.turiart.com\/it\/catalogo-de-productos\/passeggiate-culturali\/valencia-borgia\/#primaryimage\"},\"thumbnailUrl\":\"https:\/\/www.turiart.com\/wp-content\/uploads\/2020\/06\/Corts2.jpg\",\"datePublished\":\"2020-07-16T10:07:03+00:00\",\"dateModified\":\"2025-04-24T11:18:35+00:00\",\"description\":\"Un tour guidato per conoscere la vita di una delle famiglie pi\u00f9 importanti e potenti dei secoli XIII e XVI attraverso il suo lascito e per scoprire e conoscere i segreti e la leggenda nera creata intorno a questa famiglia.\",\"breadcrumb\":{\"@id\":\"https:\/\/www.turiart.com\/it\/catalogo-de-productos\/passeggiate-culturali\/valencia-borgia\/#breadcrumb\"},\"inLanguage\":\"it-IT\",\"potentialAction\":[{\"@type\":\"ReadAction\",\"target\":[\"https:\/\/www.turiart.com\/it\/catalogo-de-productos\/passeggiate-culturali\/valencia-borgia\/\"]}]},{\"@type\":\"ImageObject\",\"inLanguage\":\"it-IT\",\"@id\":\"https:\/\/www.turiart.com\/it\/catalogo-de-productos\/passeggiate-culturali\/valencia-borgia\/#primaryimage\",\"url\":\"https:\/\/www.turiart.com\/wp-content\/uploads\/2020\/06\/Corts2.jpg\",\"contentUrl\":\"https:\/\/www.turiart.com\/wp-content\/uploads\/2020\/06\/Corts2.jpg\",\"width\":1920,\"height\":1080},{\"@type\":\"BreadcrumbList\",\"@id\":\"https:\/\/www.turiart.com\/it\/catalogo-de-productos\/passeggiate-culturali\/valencia-borgia\/#breadcrumb\",\"itemListElement\":[{\"@type\":\"ListItem\",\"position\":1,\"name\":\"Home\",\"item\":\"https:\/\/www.turiart.com\/it\/\"},{\"@type\":\"ListItem\",\"position\":2,\"name\":\"Catalogo dei prodotti\",\"item\":\"https:\/\/www.turiart.com\/it\/catalogo-dei-prodotti\/\"},{\"@type\":\"ListItem\",\"position\":3,\"name\":\"Cultural walks\",\"item\":\"https:\/\/www.turiart.com\/it\/prodotti\/passeggiate-culturali\/\"},{\"@type\":\"ListItem\",\"position\":4,\"name\":\"La Valencia della famiglia Borgia\"}]},{\"@type\":\"WebSite\",\"@id\":\"https:\/\/www.turiart.com\/it\/#website\",\"url\":\"https:\/\/www.turiart.com\/it\/\",\"name\":\"Turiart\",\"description\":\"Visitas guiadas y servicios tur\u00edstico-culturales en Valencia\",\"publisher\":{\"@id\":\"https:\/\/www.turiart.com\/it\/#organization\"},\"potentialAction\":[{\"@type\":\"SearchAction\",\"target\":{\"@type\":\"EntryPoint\",\"urlTemplate\":\"https:\/\/www.turiart.com\/it\/?s={search_term_string}\"},\"query-input\":{\"@type\":\"PropertyValueSpecification\",\"valueRequired\":true,\"valueName\":\"search_term_string\"}}],\"inLanguage\":\"it-IT\"},{\"@type\":\"Organization\",\"@id\":\"https:\/\/www.turiart.com\/it\/#organization\",\"name\":\"Servicios Auxiliares Turiart, S.L\",\"url\":\"https:\/\/www.turiart.com\/it\/\",\"logo\":{\"@type\":\"ImageObject\",\"inLanguage\":\"it-IT\",\"@id\":\"https:\/\/www.turiart.com\/it\/#\/schema\/logo\/image\/\",\"url\":\"https:\/\/www.turiart.com\/wp-content\/uploads\/2018\/06\/logoHD-1.png\",\"contentUrl\":\"https:\/\/www.turiart.com\/wp-content\/uploads\/2018\/06\/logoHD-1.png\",\"width\":403,\"height\":209,\"caption\":\"Servicios Auxiliares Turiart, S.L\"},\"image\":{\"@id\":\"https:\/\/www.turiart.com\/it\/#\/schema\/logo\/image\/\"},\"sameAs\":[\"https:\/\/www.facebook.com\/turiartVLC\/\",\"https:\/\/x.com\/turiart\",\"https:\/\/www.instagram.com\/turiart\/\",\"https:\/\/www.linkedin.com\/company\/2726719\/admin\/\"]}]}<\/script>\n<!-- \/ Yoast SEO plugin. -->","yoast_head_json":{"title":"La Valencia della famiglia Borgia - Turiart","description":"Un tour guidato per conoscere la vita di una delle famiglie pi\u00f9 importanti e potenti dei secoli XIII e XVI attraverso il suo lascito e per scoprire e conoscere i segreti e la leggenda nera creata intorno a questa famiglia.","robots":{"index":"index","follow":"follow","max-snippet":"max-snippet:-1","max-image-preview":"max-image-preview:large","max-video-preview":"max-video-preview:-1"},"canonical":"https:\/\/www.turiart.com\/it\/catalogo-de-productos\/passeggiate-culturali\/valencia-borgia\/","og_locale":"it_IT","og_type":"article","og_title":"La Valencia della famiglia Borgia - Turiart","og_description":"Un tour guidato per conoscere la vita di una delle famiglie pi\u00f9 importanti e potenti dei secoli XIII e XVI attraverso il suo lascito e per scoprire e conoscere i segreti e la leggenda nera creata intorno a questa famiglia.","og_url":"https:\/\/www.turiart.com\/it\/catalogo-de-productos\/passeggiate-culturali\/valencia-borgia\/","og_site_name":"Turiart","article_publisher":"https:\/\/www.facebook.com\/turiartVLC\/","article_modified_time":"2025-04-24T11:18:35+00:00","og_image":[{"width":1920,"height":1080,"url":"https:\/\/www.turiart.com\/wp-content\/uploads\/2020\/06\/Corts2.jpg","type":"image\/jpeg"}],"twitter_misc":{"Est. reading time":"3 minutes"},"schema":{"@context":"https:\/\/schema.org","@graph":[{"@type":"WebPage","@id":"https:\/\/www.turiart.com\/it\/catalogo-de-productos\/passeggiate-culturali\/valencia-borgia\/","url":"https:\/\/www.turiart.com\/it\/catalogo-de-productos\/passeggiate-culturali\/valencia-borgia\/","name":"La Valencia della famiglia Borgia - Turiart","isPartOf":{"@id":"https:\/\/www.turiart.com\/it\/#website"},"primaryImageOfPage":{"@id":"https:\/\/www.turiart.com\/it\/catalogo-de-productos\/passeggiate-culturali\/valencia-borgia\/#primaryimage"},"image":{"@id":"https:\/\/www.turiart.com\/it\/catalogo-de-productos\/passeggiate-culturali\/valencia-borgia\/#primaryimage"},"thumbnailUrl":"https:\/\/www.turiart.com\/wp-content\/uploads\/2020\/06\/Corts2.jpg","datePublished":"2020-07-16T10:07:03+00:00","dateModified":"2025-04-24T11:18:35+00:00","description":"Un tour guidato per conoscere la vita di una delle famiglie pi\u00f9 importanti e potenti dei secoli XIII e XVI attraverso il suo lascito e per scoprire e conoscere i segreti e la leggenda nera creata intorno a questa famiglia.","breadcrumb":{"@id":"https:\/\/www.turiart.com\/it\/catalogo-de-productos\/passeggiate-culturali\/valencia-borgia\/#breadcrumb"},"inLanguage":"it-IT","potentialAction":[{"@type":"ReadAction","target":["https:\/\/www.turiart.com\/it\/catalogo-de-productos\/passeggiate-culturali\/valencia-borgia\/"]}]},{"@type":"ImageObject","inLanguage":"it-IT","@id":"https:\/\/www.turiart.com\/it\/catalogo-de-productos\/passeggiate-culturali\/valencia-borgia\/#primaryimage","url":"https:\/\/www.turiart.com\/wp-content\/uploads\/2020\/06\/Corts2.jpg","contentUrl":"https:\/\/www.turiart.com\/wp-content\/uploads\/2020\/06\/Corts2.jpg","width":1920,"height":1080},{"@type":"BreadcrumbList","@id":"https:\/\/www.turiart.com\/it\/catalogo-de-productos\/passeggiate-culturali\/valencia-borgia\/#breadcrumb","itemListElement":[{"@type":"ListItem","position":1,"name":"Home","item":"https:\/\/www.turiart.com\/it\/"},{"@type":"ListItem","position":2,"name":"Catalogo dei prodotti","item":"https:\/\/www.turiart.com\/it\/catalogo-dei-prodotti\/"},{"@type":"ListItem","position":3,"name":"Cultural walks","item":"https:\/\/www.turiart.com\/it\/prodotti\/passeggiate-culturali\/"},{"@type":"ListItem","position":4,"name":"La Valencia della famiglia Borgia"}]},{"@type":"WebSite","@id":"https:\/\/www.turiart.com\/it\/#website","url":"https:\/\/www.turiart.com\/it\/","name":"Turiart","description":"Visitas guiadas y servicios tur\u00edstico-culturales en Valencia","publisher":{"@id":"https:\/\/www.turiart.com\/it\/#organization"},"potentialAction":[{"@type":"SearchAction","target":{"@type":"EntryPoint","urlTemplate":"https:\/\/www.turiart.com\/it\/?s={search_term_string}"},"query-input":{"@type":"PropertyValueSpecification","valueRequired":true,"valueName":"search_term_string"}}],"inLanguage":"it-IT"},{"@type":"Organization","@id":"https:\/\/www.turiart.com\/it\/#organization","name":"Servicios Auxiliares Turiart, S.L","url":"https:\/\/www.turiart.com\/it\/","logo":{"@type":"ImageObject","inLanguage":"it-IT","@id":"https:\/\/www.turiart.com\/it\/#\/schema\/logo\/image\/","url":"https:\/\/www.turiart.com\/wp-content\/uploads\/2018\/06\/logoHD-1.png","contentUrl":"https:\/\/www.turiart.com\/wp-content\/uploads\/2018\/06\/logoHD-1.png","width":403,"height":209,"caption":"Servicios Auxiliares Turiart, S.L"},"image":{"@id":"https:\/\/www.turiart.com\/it\/#\/schema\/logo\/image\/"},"sameAs":["https:\/\/www.facebook.com\/turiartVLC\/","https:\/\/x.com\/turiart","https:\/\/www.instagram.com\/turiart\/","https:\/\/www.linkedin.com\/company\/2726719\/admin\/"]}]}},"_links":{"self":[{"href":"https:\/\/www.turiart.com\/it\/wp-json\/wp\/v2\/product\/32993","targetHints":{"allow":["GET"]}}],"collection":[{"href":"https:\/\/www.turiart.com\/it\/wp-json\/wp\/v2\/product"}],"about":[{"href":"https:\/\/www.turiart.com\/it\/wp-json\/wp\/v2\/types\/product"}],"replies":[{"embeddable":true,"href":"https:\/\/www.turiart.com\/it\/wp-json\/wp\/v2\/comments?post=32993"}],"wp:featuredmedia":[{"embeddable":true,"href":"https:\/\/www.turiart.com\/it\/wp-json\/wp\/v2\/media\/32786"}],"wp:attachment":[{"href":"https:\/\/www.turiart.com\/it\/wp-json\/wp\/v2\/media?parent=32993"}],"wp:term":[{"taxonomy":"product_brand","embeddable":true,"href":"https:\/\/www.turiart.com\/it\/wp-json\/wp\/v2\/product_brand?post=32993"},{"taxonomy":"product_cat","embeddable":true,"href":"https:\/\/www.turiart.com\/it\/wp-json\/wp\/v2\/product_cat?post=32993"},{"taxonomy":"product_tag","embeddable":true,"href":"https:\/\/www.turiart.com\/it\/wp-json\/wp\/v2\/product_tag?post=32993"}],"curies":[{"name":"wp","href":"https:\/\/api.w.org\/{rel}","templated":true}]}}