{"id":33915,"date":"2020-11-11T11:49:57","date_gmt":"2020-11-11T09:49:57","guid":{"rendered":"https:\/\/www.turiart.com\/product-catalog\/senza-categoria\/tour-virtuale-valencia-street-art\/"},"modified":"2024-03-07T10:52:47","modified_gmt":"2024-03-07T08:52:47","slug":"tour-virtuale-valencia-street-art","status":"publish","type":"product","link":"https:\/\/www.turiart.com\/it\/catalogo-de-productos\/offerta-virtuale\/tour-virtuale-valencia-street-art\/","title":{"rendered":"Tour guidato virtuale: \"Valencia Virtual Street Art\""},"content":{"rendered":"<p><strong>Date programmate:<\/strong><\/p>\n<ul>\n<li>Al momento non abbiamo date programmate, ma puoi prenotare un tour privato per il giorno e l'orario che preferisci.<\/li>\n<\/ul>\n<p>&nbsp;<\/p>\n<p>Ti invitiamo a connetterti alla nostra <strong>visita guidata virtuale<\/strong> per scoprire il mondo dell\u2019arte urbana di Valencia, che nell\u2019ultimo decennio \u00e8 diventata un punto di riferimento per la <strong>street art<\/strong> e i <strong>graffiti<\/strong>.<\/p>\n<p>Conoscerai gli <strong>artisti<\/strong> principali che hanno lasciato la propria impronta in uno dei quartieri pi\u00f9 storici ed emblematici della citt\u00e0: il quartiere di <em>El Carmen<\/em>, la culla dell\u2019<strong>arte urbana<\/strong> valenciana.<\/p>\n<p>Inizieremo la nostra passeggiata virtuale focalizzandoci sulla storia di questo quartiere cos\u00ec labirintico e la nostra guida spiegher\u00e0 i motivi principali per cui i graffiti prima, e lo street art poi, sono nati e si sono sviluppati in pieno centro storico.<\/p>\n<p>Continueremo partecipando a una vera e propria <em>masterclass<\/em> dove impareremo a conoscere, uno per uno, i vari artisti, le loro <strong>tecniche pittoriche<\/strong> e tutti i <strong>segreti<\/strong> e i <strong>significati<\/strong> racchiusi nelle loro opere.<\/p>\n<p>Concluderemo il tour virtuale lasciando spazio ai vostri commenti e alle vostre domande, a cui risponderanno le nostre esperte guide.<\/p>\n<p>Partecipa a questa visita culturale senza muoverti dal divano di casa!<\/p>\n<p><strong>Questo tour virtuale ha la collaborazione del <em>Patronat Provincial de Turisme de Val\u00e8ncia\u00a0- DIPUTACI\u00d3 DE VAL\u00c8NCIA<\/em>..<\/strong> <a href=\"https:\/\/www.turiart.com\/wp-content\/uploads\/2020\/11\/LOGO-VALENCIA-TURISME-Web-300x169.jpg\"><img loading=\"lazy\" decoding=\"async\" class=\"alignnone wp-image-33914 size-medium\" src=\"https:\/\/www.turiart.com\/wp-content\/uploads\/2020\/11\/LOGO-VALENCIA-TURISME-Web-300x169.jpg\" alt=\"\" width=\"300\" height=\"169\" srcset=\"https:\/\/www.turiart.com\/wp-content\/uploads\/2020\/11\/LOGO-VALENCIA-TURISME-Web-300x169.jpg 300w, https:\/\/www.turiart.com\/wp-content\/smush-webp\/2020\/11\/LOGO-VALENCIA-TURISME-Web-480x270.jpg.webp 480w, https:\/\/www.turiart.com\/wp-content\/uploads\/2020\/11\/LOGO-VALENCIA-TURISME-Web-1024x576.jpg 1024w, https:\/\/www.turiart.com\/wp-content\/uploads\/2020\/11\/LOGO-VALENCIA-TURISME-Web-768x432.jpg 768w, https:\/\/www.turiart.com\/wp-content\/uploads\/2020\/11\/LOGO-VALENCIA-TURISME-Web-1536x864.jpg 1536w, https:\/\/www.turiart.com\/wp-content\/uploads\/2020\/11\/LOGO-VALENCIA-TURISME-Web.jpg 1920w\" sizes=\"auto, (max-width: 300px) 100vw, 300px\" \/><\/a><\/p>\n","protected":false},"excerpt":{"rendered":"<p>Partecipa a questo tour virtuale per conoscere in dettaglio il lavoro e gli artisti dell'arte urbana a Valencia, guidati dalle nostre guide locali esperte.<\/p>\n<p><strong>Questo tour virtuale ha la collaborazione del <em>Patronat Provincial de Turisme de Val\u00e8ncia - DIPUTACI\u00d3 DE VAL\u00c8NCIA<\/em>.<\/strong><\/p>\n","protected":false},"featured_media":33918,"comment_status":"open","ping_status":"closed","template":"","meta":{"_acf_changed":false,"_joinchat":[]},"product_brand":[],"product_cat":[2294],"product_tag":[791,2225,2330,2265,927,2271,2329,2327,2328,2332,957,969,2331],"class_list":{"0":"post-33915","1":"product","2":"type-product","3":"status-publish","4":"has-post-thumbnail","6":"product_cat-offerta-virtuale","7":"product_tag-arte-it","8":"product_tag-arte-urbana-it","9":"product_tag-artistas-urbanos-it","10":"product_tag-comunitat-valenciana-it-2","11":"product_tag-tour-culturale","12":"product_tag-el-carmen-it","13":"product_tag-graffiti-it","14":"product_tag-guia-de-turismo-it","15":"product_tag-street-art-it","16":"product_tag-tour-guiado-virtual-it","17":"product_tag-valencia-it","18":"product_tag-visita-guidata-it","19":"product_tag-visita-virtual-it","20":"pa_atributo-rutas-assicurazione-annullamento-24-ore-prima-it","21":"pa_atributo-rutas-tour-privato-gruppo","22":"pa_atributo-rutas-adulto-it","24":"first","25":"instock","26":"shipping-taxable","27":"purchasable","28":"product-type-variable"},"acf":[],"yoast_head":"<!-- This site is optimized with the Yoast SEO plugin v26.8 - https:\/\/yoast.com\/product\/yoast-seo-wordpress\/ -->\n<title>Tour guidato virtuale: &quot;Valencia Virtual Street Art&quot; - Turiart<\/title>\n<meta name=\"description\" content=\"Partecipa a questo tour virtuale per conoscere in dettaglio il lavoro e gli artisti dell&#039;arte urbana a Valencia, guidati dalle nostre guide locali esperte.  Questo tour virtuale ha la collaborazione del Patronat Provincial de Turisme de Val\u00e8ncia - DIPUTACI\u00d3 DE VAL\u00c8NCIA.\" \/>\n<meta name=\"robots\" content=\"index, follow, max-snippet:-1, max-image-preview:large, max-video-preview:-1\" \/>\n<link rel=\"canonical\" href=\"https:\/\/www.turiart.com\/it\/catalogo-de-productos\/offerta-virtuale\/tour-virtuale-valencia-street-art\/\" \/>\n<meta property=\"og:locale\" content=\"it_IT\" \/>\n<meta property=\"og:type\" content=\"article\" \/>\n<meta property=\"og:title\" content=\"Tour guidato virtuale: &quot;Valencia Virtual Street Art&quot; - Turiart\" \/>\n<meta property=\"og:description\" content=\"Partecipa a questo tour virtuale per conoscere in dettaglio il lavoro e gli artisti dell&#039;arte urbana a Valencia, guidati dalle nostre guide locali esperte.  Questo tour virtuale ha la collaborazione del Patronat Provincial de Turisme de Val\u00e8ncia - DIPUTACI\u00d3 DE VAL\u00c8NCIA.\" \/>\n<meta property=\"og:url\" content=\"https:\/\/www.turiart.com\/it\/catalogo-de-productos\/offerta-virtuale\/tour-virtuale-valencia-street-art\/\" \/>\n<meta property=\"og:site_name\" content=\"Turiart\" \/>\n<meta property=\"article:publisher\" content=\"https:\/\/www.facebook.com\/turiartVLC\/\" \/>\n<meta property=\"article:modified_time\" content=\"2024-03-07T08:52:47+00:00\" \/>\n<meta property=\"og:image\" content=\"https:\/\/www.turiart.com\/wp-content\/uploads\/2020\/11\/IMG_0102.jpeg\" \/>\n\t<meta property=\"og:image:width\" content=\"1920\" \/>\n\t<meta property=\"og:image:height\" content=\"1080\" \/>\n\t<meta property=\"og:image:type\" content=\"image\/jpeg\" \/>\n<meta name=\"twitter:label1\" content=\"Est. reading time\" \/>\n\t<meta name=\"twitter:data1\" content=\"2 minutes\" \/>\n<script type=\"application\/ld+json\" class=\"yoast-schema-graph\">{\"@context\":\"https:\/\/schema.org\",\"@graph\":[{\"@type\":\"WebPage\",\"@id\":\"https:\/\/www.turiart.com\/it\/catalogo-de-productos\/offerta-virtuale\/tour-virtuale-valencia-street-art\/\",\"url\":\"https:\/\/www.turiart.com\/it\/catalogo-de-productos\/offerta-virtuale\/tour-virtuale-valencia-street-art\/\",\"name\":\"Tour guidato virtuale: \\\"Valencia Virtual Street Art\\\" - Turiart\",\"isPartOf\":{\"@id\":\"https:\/\/www.turiart.com\/it\/#website\"},\"primaryImageOfPage\":{\"@id\":\"https:\/\/www.turiart.com\/it\/catalogo-de-productos\/offerta-virtuale\/tour-virtuale-valencia-street-art\/#primaryimage\"},\"image\":{\"@id\":\"https:\/\/www.turiart.com\/it\/catalogo-de-productos\/offerta-virtuale\/tour-virtuale-valencia-street-art\/#primaryimage\"},\"thumbnailUrl\":\"https:\/\/www.turiart.com\/wp-content\/uploads\/2020\/11\/IMG_0102.jpeg\",\"datePublished\":\"2020-11-11T09:49:57+00:00\",\"dateModified\":\"2024-03-07T08:52:47+00:00\",\"description\":\"Partecipa a questo tour virtuale per conoscere in dettaglio il lavoro e gli artisti dell'arte urbana a Valencia, guidati dalle nostre guide locali esperte. Questo tour virtuale ha la collaborazione del Patronat Provincial de Turisme de Val\u00e8ncia - DIPUTACI\u00d3 DE VAL\u00c8NCIA.\",\"breadcrumb\":{\"@id\":\"https:\/\/www.turiart.com\/it\/catalogo-de-productos\/offerta-virtuale\/tour-virtuale-valencia-street-art\/#breadcrumb\"},\"inLanguage\":\"it-IT\",\"potentialAction\":[{\"@type\":\"ReadAction\",\"target\":[\"https:\/\/www.turiart.com\/it\/catalogo-de-productos\/offerta-virtuale\/tour-virtuale-valencia-street-art\/\"]}]},{\"@type\":\"ImageObject\",\"inLanguage\":\"it-IT\",\"@id\":\"https:\/\/www.turiart.com\/it\/catalogo-de-productos\/offerta-virtuale\/tour-virtuale-valencia-street-art\/#primaryimage\",\"url\":\"https:\/\/www.turiart.com\/wp-content\/uploads\/2020\/11\/IMG_0102.jpeg\",\"contentUrl\":\"https:\/\/www.turiart.com\/wp-content\/uploads\/2020\/11\/IMG_0102.jpeg\",\"width\":1920,\"height\":1080},{\"@type\":\"BreadcrumbList\",\"@id\":\"https:\/\/www.turiart.com\/it\/catalogo-de-productos\/offerta-virtuale\/tour-virtuale-valencia-street-art\/#breadcrumb\",\"itemListElement\":[{\"@type\":\"ListItem\",\"position\":1,\"name\":\"Home\",\"item\":\"https:\/\/www.turiart.com\/it\/\"},{\"@type\":\"ListItem\",\"position\":2,\"name\":\"Catalogo dei prodotti\",\"item\":\"https:\/\/www.turiart.com\/it\/catalogo-dei-prodotti\/\"},{\"@type\":\"ListItem\",\"position\":3,\"name\":\"Offerta virtuale\",\"item\":\"https:\/\/www.turiart.com\/it\/prodotti\/offerta-virtuale\/\"},{\"@type\":\"ListItem\",\"position\":4,\"name\":\"Tour guidato virtuale: \\\"Valencia Virtual Street Art\\\"\"}]},{\"@type\":\"WebSite\",\"@id\":\"https:\/\/www.turiart.com\/it\/#website\",\"url\":\"https:\/\/www.turiart.com\/it\/\",\"name\":\"Turiart\",\"description\":\"Visitas guiadas y servicios tur\u00edstico-culturales en Valencia\",\"publisher\":{\"@id\":\"https:\/\/www.turiart.com\/it\/#organization\"},\"potentialAction\":[{\"@type\":\"SearchAction\",\"target\":{\"@type\":\"EntryPoint\",\"urlTemplate\":\"https:\/\/www.turiart.com\/it\/?s={search_term_string}\"},\"query-input\":{\"@type\":\"PropertyValueSpecification\",\"valueRequired\":true,\"valueName\":\"search_term_string\"}}],\"inLanguage\":\"it-IT\"},{\"@type\":\"Organization\",\"@id\":\"https:\/\/www.turiart.com\/it\/#organization\",\"name\":\"Servicios Auxiliares Turiart, S.L\",\"url\":\"https:\/\/www.turiart.com\/it\/\",\"logo\":{\"@type\":\"ImageObject\",\"inLanguage\":\"it-IT\",\"@id\":\"https:\/\/www.turiart.com\/it\/#\/schema\/logo\/image\/\",\"url\":\"https:\/\/www.turiart.com\/wp-content\/uploads\/2018\/06\/logoHD-1.png\",\"contentUrl\":\"https:\/\/www.turiart.com\/wp-content\/uploads\/2018\/06\/logoHD-1.png\",\"width\":403,\"height\":209,\"caption\":\"Servicios Auxiliares Turiart, S.L\"},\"image\":{\"@id\":\"https:\/\/www.turiart.com\/it\/#\/schema\/logo\/image\/\"},\"sameAs\":[\"https:\/\/www.facebook.com\/turiartVLC\/\",\"https:\/\/x.com\/turiart\",\"https:\/\/www.instagram.com\/turiart\/\",\"https:\/\/www.linkedin.com\/company\/2726719\/admin\/\"]}]}<\/script>\n<!-- \/ Yoast SEO plugin. -->","yoast_head_json":{"title":"Tour guidato virtuale: \"Valencia Virtual Street Art\" - Turiart","description":"Partecipa a questo tour virtuale per conoscere in dettaglio il lavoro e gli artisti dell'arte urbana a Valencia, guidati dalle nostre guide locali esperte.  Questo tour virtuale ha la collaborazione del Patronat Provincial de Turisme de Val\u00e8ncia - DIPUTACI\u00d3 DE VAL\u00c8NCIA.","robots":{"index":"index","follow":"follow","max-snippet":"max-snippet:-1","max-image-preview":"max-image-preview:large","max-video-preview":"max-video-preview:-1"},"canonical":"https:\/\/www.turiart.com\/it\/catalogo-de-productos\/offerta-virtuale\/tour-virtuale-valencia-street-art\/","og_locale":"it_IT","og_type":"article","og_title":"Tour guidato virtuale: \"Valencia Virtual Street Art\" - Turiart","og_description":"Partecipa a questo tour virtuale per conoscere in dettaglio il lavoro e gli artisti dell'arte urbana a Valencia, guidati dalle nostre guide locali esperte.  Questo tour virtuale ha la collaborazione del Patronat Provincial de Turisme de Val\u00e8ncia - DIPUTACI\u00d3 DE VAL\u00c8NCIA.","og_url":"https:\/\/www.turiart.com\/it\/catalogo-de-productos\/offerta-virtuale\/tour-virtuale-valencia-street-art\/","og_site_name":"Turiart","article_publisher":"https:\/\/www.facebook.com\/turiartVLC\/","article_modified_time":"2024-03-07T08:52:47+00:00","og_image":[{"width":1920,"height":1080,"url":"https:\/\/www.turiart.com\/wp-content\/uploads\/2020\/11\/IMG_0102.jpeg","type":"image\/jpeg"}],"twitter_misc":{"Est. reading time":"2 minutes"},"schema":{"@context":"https:\/\/schema.org","@graph":[{"@type":"WebPage","@id":"https:\/\/www.turiart.com\/it\/catalogo-de-productos\/offerta-virtuale\/tour-virtuale-valencia-street-art\/","url":"https:\/\/www.turiart.com\/it\/catalogo-de-productos\/offerta-virtuale\/tour-virtuale-valencia-street-art\/","name":"Tour guidato virtuale: \"Valencia Virtual Street Art\" - Turiart","isPartOf":{"@id":"https:\/\/www.turiart.com\/it\/#website"},"primaryImageOfPage":{"@id":"https:\/\/www.turiart.com\/it\/catalogo-de-productos\/offerta-virtuale\/tour-virtuale-valencia-street-art\/#primaryimage"},"image":{"@id":"https:\/\/www.turiart.com\/it\/catalogo-de-productos\/offerta-virtuale\/tour-virtuale-valencia-street-art\/#primaryimage"},"thumbnailUrl":"https:\/\/www.turiart.com\/wp-content\/uploads\/2020\/11\/IMG_0102.jpeg","datePublished":"2020-11-11T09:49:57+00:00","dateModified":"2024-03-07T08:52:47+00:00","description":"Partecipa a questo tour virtuale per conoscere in dettaglio il lavoro e gli artisti dell'arte urbana a Valencia, guidati dalle nostre guide locali esperte. Questo tour virtuale ha la collaborazione del Patronat Provincial de Turisme de Val\u00e8ncia - DIPUTACI\u00d3 DE VAL\u00c8NCIA.","breadcrumb":{"@id":"https:\/\/www.turiart.com\/it\/catalogo-de-productos\/offerta-virtuale\/tour-virtuale-valencia-street-art\/#breadcrumb"},"inLanguage":"it-IT","potentialAction":[{"@type":"ReadAction","target":["https:\/\/www.turiart.com\/it\/catalogo-de-productos\/offerta-virtuale\/tour-virtuale-valencia-street-art\/"]}]},{"@type":"ImageObject","inLanguage":"it-IT","@id":"https:\/\/www.turiart.com\/it\/catalogo-de-productos\/offerta-virtuale\/tour-virtuale-valencia-street-art\/#primaryimage","url":"https:\/\/www.turiart.com\/wp-content\/uploads\/2020\/11\/IMG_0102.jpeg","contentUrl":"https:\/\/www.turiart.com\/wp-content\/uploads\/2020\/11\/IMG_0102.jpeg","width":1920,"height":1080},{"@type":"BreadcrumbList","@id":"https:\/\/www.turiart.com\/it\/catalogo-de-productos\/offerta-virtuale\/tour-virtuale-valencia-street-art\/#breadcrumb","itemListElement":[{"@type":"ListItem","position":1,"name":"Home","item":"https:\/\/www.turiart.com\/it\/"},{"@type":"ListItem","position":2,"name":"Catalogo dei prodotti","item":"https:\/\/www.turiart.com\/it\/catalogo-dei-prodotti\/"},{"@type":"ListItem","position":3,"name":"Offerta virtuale","item":"https:\/\/www.turiart.com\/it\/prodotti\/offerta-virtuale\/"},{"@type":"ListItem","position":4,"name":"Tour guidato virtuale: \"Valencia Virtual Street Art\""}]},{"@type":"WebSite","@id":"https:\/\/www.turiart.com\/it\/#website","url":"https:\/\/www.turiart.com\/it\/","name":"Turiart","description":"Visitas guiadas y servicios tur\u00edstico-culturales en Valencia","publisher":{"@id":"https:\/\/www.turiart.com\/it\/#organization"},"potentialAction":[{"@type":"SearchAction","target":{"@type":"EntryPoint","urlTemplate":"https:\/\/www.turiart.com\/it\/?s={search_term_string}"},"query-input":{"@type":"PropertyValueSpecification","valueRequired":true,"valueName":"search_term_string"}}],"inLanguage":"it-IT"},{"@type":"Organization","@id":"https:\/\/www.turiart.com\/it\/#organization","name":"Servicios Auxiliares Turiart, S.L","url":"https:\/\/www.turiart.com\/it\/","logo":{"@type":"ImageObject","inLanguage":"it-IT","@id":"https:\/\/www.turiart.com\/it\/#\/schema\/logo\/image\/","url":"https:\/\/www.turiart.com\/wp-content\/uploads\/2018\/06\/logoHD-1.png","contentUrl":"https:\/\/www.turiart.com\/wp-content\/uploads\/2018\/06\/logoHD-1.png","width":403,"height":209,"caption":"Servicios Auxiliares Turiart, S.L"},"image":{"@id":"https:\/\/www.turiart.com\/it\/#\/schema\/logo\/image\/"},"sameAs":["https:\/\/www.facebook.com\/turiartVLC\/","https:\/\/x.com\/turiart","https:\/\/www.instagram.com\/turiart\/","https:\/\/www.linkedin.com\/company\/2726719\/admin\/"]}]}},"_links":{"self":[{"href":"https:\/\/www.turiart.com\/it\/wp-json\/wp\/v2\/product\/33915","targetHints":{"allow":["GET"]}}],"collection":[{"href":"https:\/\/www.turiart.com\/it\/wp-json\/wp\/v2\/product"}],"about":[{"href":"https:\/\/www.turiart.com\/it\/wp-json\/wp\/v2\/types\/product"}],"replies":[{"embeddable":true,"href":"https:\/\/www.turiart.com\/it\/wp-json\/wp\/v2\/comments?post=33915"}],"wp:featuredmedia":[{"embeddable":true,"href":"https:\/\/www.turiart.com\/it\/wp-json\/wp\/v2\/media\/33918"}],"wp:attachment":[{"href":"https:\/\/www.turiart.com\/it\/wp-json\/wp\/v2\/media?parent=33915"}],"wp:term":[{"taxonomy":"product_brand","embeddable":true,"href":"https:\/\/www.turiart.com\/it\/wp-json\/wp\/v2\/product_brand?post=33915"},{"taxonomy":"product_cat","embeddable":true,"href":"https:\/\/www.turiart.com\/it\/wp-json\/wp\/v2\/product_cat?post=33915"},{"taxonomy":"product_tag","embeddable":true,"href":"https:\/\/www.turiart.com\/it\/wp-json\/wp\/v2\/product_tag?post=33915"}],"curies":[{"name":"wp","href":"https:\/\/api.w.org\/{rel}","templated":true}]}}