{"id":33922,"date":"2020-11-12T11:06:52","date_gmt":"2020-11-12T09:06:52","guid":{"rendered":"https:\/\/www.turiart.com\/?post_type=product&#038;p=33922"},"modified":"2021-07-16T13:48:49","modified_gmt":"2021-07-16T11:48:49","slug":"tour-guidato-virtuale-valencia-family","status":"publish","type":"product","link":"https:\/\/www.turiart.com\/it\/catalogo-de-productos\/offerta-virtuale\/tour-guidato-virtuale-valencia-family\/","title":{"rendered":"Tour guidato virtuale: \"Virtual Family Tour\""},"content":{"rendered":"<p><strong>Date programmate:<\/strong><\/p>\n<ul>\n<li>Al momento non abbiamo date programmate ma puoi prenotare un tour privato per il giorno e l'orario che preferisci.<\/li>\n<li><\/li>\n<\/ul>\n<p><span class=\"JLqJ4b ChMk0b\" data-language-for-alternatives=\"it\" data-language-to-translate-into=\"es\" data-phrase-index=\"0\">Questo nuovo tour guidato virtuale \u00e8 un'<strong>esperienza<\/strong> diversa e divertente appositamente progettata <strong>per tutti i membri della famiglia<\/strong>.<\/span><\/p>\n<p>Si tratta di un\u2019attivit\u00e0 appositamente studiata per portare il <strong>patrimonio e l\u2019eredit\u00e0\u00a0culturale<\/strong> della citt\u00e0 di Valencia ai bambini della casa in modo divertente, <strong>con dei giochi e delle attivit\u00e0 virtuali<\/strong>. In questo modo, tutta la famiglia pu\u00f2 divertirsi e allo stesso tempo\u00a0conoscere i diversi monumenti emblematici, come la Lonja della Seta o la Cattedrale,\u00a0anche i piccoli <strong>segreti <\/strong>e le<strong> curiosit\u00e0<\/strong> della citt\u00e0.<\/p>\n<p>Tutta la famiglia si divertir\u00e0 con questa esperienza virtuale!\u00a0E tutti i suoi membri\u00a0diventeranno <strong>esperti di Valencia<\/strong>, della sua storia e dei suoi monumenti.<\/p>\n<p>Non esitate e partecipate a questo tour da casa, per conoscere la citt\u00e0 in modo\u00a0diverso, imparare, giocare e scoprire le curiosit\u00e0 di questa fantastica citt\u00e0.<\/p>\n<p>Concluderemo il tour virtuale lasciando spazio ai vostri commenti e alle vostre\u00a0domande, a cui risponderanno le nostre esperte guide.<\/p>\n<p>Partecipa a questa visita culturale senza muoverti dal divano di casa! <span class=\"JLqJ4b ChMk0b\" data-language-for-alternatives=\"it\" data-language-to-translate-into=\"es\" data-phrase-index=\"0\">Non perderti l'hype!<\/span> <span class=\"JLqJ4b ChMk0b\" data-language-for-alternatives=\"it\" data-language-to-translate-into=\"es\" data-phrase-index=\"1\">Un tour virtuale dove imparare e divertirsi vanno di pari passo!<\/span><\/p>\n<p><span class=\"JLqJ4b ChMk0b\" data-language-for-alternatives=\"it\" data-language-to-translate-into=\"es\" data-phrase-index=\"3\">Iscriviti a questa visita culturale guidata senza lasciare il divano a casa!<\/span><\/p>\n<p><strong><span class=\"JLqJ4b ChMk0b\" data-language-for-alternatives=\"it\" data-language-to-translate-into=\"es\" data-phrase-index=\"5\">Questo tour virtuale ha la collaborazione del <em>Patronat Provincial de Turisme de Val\u00e8ncia<\/em>.<\/span><\/strong><\/p>\n<p><a href=\"https:\/\/www.turiart.com\/wp-content\/uploads\/2020\/11\/LOGO-VALENCIA-TURISME-Web-300x169.jpg\"><img loading=\"lazy\" decoding=\"async\" class=\"alignnone wp-image-33914 size-medium\" src=\"https:\/\/www.turiart.com\/wp-content\/uploads\/2020\/11\/LOGO-VALENCIA-TURISME-Web-300x169.jpg\" alt=\"\" width=\"300\" height=\"169\" srcset=\"https:\/\/www.turiart.com\/wp-content\/uploads\/2020\/11\/LOGO-VALENCIA-TURISME-Web-300x169.jpg 300w, https:\/\/www.turiart.com\/wp-content\/smush-webp\/2020\/11\/LOGO-VALENCIA-TURISME-Web-480x270.jpg.webp 480w, https:\/\/www.turiart.com\/wp-content\/uploads\/2020\/11\/LOGO-VALENCIA-TURISME-Web-1024x576.jpg 1024w, https:\/\/www.turiart.com\/wp-content\/uploads\/2020\/11\/LOGO-VALENCIA-TURISME-Web-768x432.jpg 768w, https:\/\/www.turiart.com\/wp-content\/uploads\/2020\/11\/LOGO-VALENCIA-TURISME-Web-1536x864.jpg 1536w, https:\/\/www.turiart.com\/wp-content\/uploads\/2020\/11\/LOGO-VALENCIA-TURISME-Web.jpg 1920w\" sizes=\"auto, (max-width: 300px) 100vw, 300px\" \/><\/a><\/p>\n","protected":false},"excerpt":{"rendered":"<p><span class=\"JLqJ4b ChMk0b\" data-language-for-alternatives=\"it\" data-language-to-translate-into=\"es\" data-phrase-index=\"0\">Scopri una visita guidata virtuale per tutta la famiglia e vivi un'esperienza diversa e divertente appositamente progettata per portare il patrimonio e l'eredit\u00e0 culturale della citt\u00e0 di Valencia ai pi\u00f9 piccoli di casa.<\/span> <span class=\"JLqJ4b ChMk0b\" data-language-for-alternatives=\"it\" data-language-to-translate-into=\"es\" data-phrase-index=\"1\">Tutti diventeranno veri esperti di Valencia!<\/span><\/p>\n","protected":false},"featured_media":29239,"comment_status":"open","ping_status":"closed","template":"","meta":{"_acf_changed":false,"_joinchat":[]},"product_brand":[],"product_cat":[2294],"product_tag":[2265,829,927,1654,895,841,844,953,2327,899,949,2340,2332,957,961,969,2331],"class_list":{"0":"post-33922","1":"product","2":"type-product","3":"status-publish","4":"has-post-thumbnail","6":"product_cat-offerta-virtuale","7":"product_tag-comunitat-valenciana-it-2","8":"product_tag-cultura-it","9":"product_tag-tour-culturale","10":"product_tag-turismo-culturale","11":"product_tag-visita-culturale","12":"product_tag-familiare","13":"product_tag-family-it","14":"product_tag-turismo-familiare","15":"product_tag-guia-de-turismo-it","16":"product_tag-patrimonio-it","17":"product_tag-tour-didattico","18":"product_tag-tour-familiare","19":"product_tag-tour-guiado-virtual-it","20":"product_tag-valencia-it","21":"product_tag-valencia-family-tour-it","22":"product_tag-visita-guidata-it","23":"product_tag-visita-virtual-it","24":"pa_atributo-rutas-assicurazione-annullamento-24-ore-prima-it","25":"pa_atributo-rutas-tour-privato-gruppo","26":"pa_atributo-rutas-adulto-it","28":"first","29":"instock","30":"shipping-taxable","31":"purchasable","32":"product-type-variable"},"acf":[],"yoast_head":"<!-- This site is optimized with the Yoast SEO plugin v26.8 - https:\/\/yoast.com\/product\/yoast-seo-wordpress\/ -->\n<title>Tour guidato virtuale: &quot;Virtual Family Tour&quot; - Turiart<\/title>\n<meta name=\"description\" content=\"Scopri una visita guidata virtuale per tutta la famiglia e vivi un&#039;esperienza diversa e divertente appositamente progettata per portare il patrimonio e l&#039;eredit\u00e0 culturale della citt\u00e0 di Valencia ai pi\u00f9 piccoli di casa. Tutti diventeranno veri esperti di Valencia!\" \/>\n<meta name=\"robots\" content=\"index, follow, max-snippet:-1, max-image-preview:large, max-video-preview:-1\" \/>\n<link rel=\"canonical\" href=\"https:\/\/www.turiart.com\/it\/catalogo-de-productos\/offerta-virtuale\/tour-guidato-virtuale-valencia-family\/\" \/>\n<meta property=\"og:locale\" content=\"it_IT\" \/>\n<meta property=\"og:type\" content=\"article\" \/>\n<meta property=\"og:title\" content=\"Tour guidato virtuale: &quot;Virtual Family Tour&quot; - Turiart\" \/>\n<meta property=\"og:description\" content=\"Scopri una visita guidata virtuale per tutta la famiglia e vivi un&#039;esperienza diversa e divertente appositamente progettata per portare il patrimonio e l&#039;eredit\u00e0 culturale della citt\u00e0 di Valencia ai pi\u00f9 piccoli di casa. Tutti diventeranno veri esperti di Valencia!\" \/>\n<meta property=\"og:url\" content=\"https:\/\/www.turiart.com\/it\/catalogo-de-productos\/offerta-virtuale\/tour-guidato-virtuale-valencia-family\/\" \/>\n<meta property=\"og:site_name\" content=\"Turiart\" \/>\n<meta property=\"article:publisher\" content=\"https:\/\/www.facebook.com\/turiartVLC\/\" \/>\n<meta property=\"article:modified_time\" content=\"2021-07-16T11:48:49+00:00\" \/>\n<meta property=\"og:image\" content=\"https:\/\/www.turiart.com\/wp-content\/uploads\/2018\/12\/Valencia-Family-Tour-4.jpg\" \/>\n\t<meta property=\"og:image:width\" content=\"1000\" \/>\n\t<meta property=\"og:image:height\" content=\"600\" \/>\n\t<meta property=\"og:image:type\" content=\"image\/jpeg\" \/>\n<meta name=\"twitter:label1\" content=\"Est. reading time\" \/>\n\t<meta name=\"twitter:data1\" content=\"1 minute\" \/>\n<script type=\"application\/ld+json\" class=\"yoast-schema-graph\">{\"@context\":\"https:\/\/schema.org\",\"@graph\":[{\"@type\":\"WebPage\",\"@id\":\"https:\/\/www.turiart.com\/it\/catalogo-de-productos\/offerta-virtuale\/tour-guidato-virtuale-valencia-family\/\",\"url\":\"https:\/\/www.turiart.com\/it\/catalogo-de-productos\/offerta-virtuale\/tour-guidato-virtuale-valencia-family\/\",\"name\":\"Tour guidato virtuale: \\\"Virtual Family Tour\\\" - Turiart\",\"isPartOf\":{\"@id\":\"https:\/\/www.turiart.com\/it\/#website\"},\"primaryImageOfPage\":{\"@id\":\"https:\/\/www.turiart.com\/it\/catalogo-de-productos\/offerta-virtuale\/tour-guidato-virtuale-valencia-family\/#primaryimage\"},\"image\":{\"@id\":\"https:\/\/www.turiart.com\/it\/catalogo-de-productos\/offerta-virtuale\/tour-guidato-virtuale-valencia-family\/#primaryimage\"},\"thumbnailUrl\":\"https:\/\/www.turiart.com\/wp-content\/uploads\/2018\/12\/Valencia-Family-Tour-4.jpg\",\"datePublished\":\"2020-11-12T09:06:52+00:00\",\"dateModified\":\"2021-07-16T11:48:49+00:00\",\"description\":\"Scopri una visita guidata virtuale per tutta la famiglia e vivi un'esperienza diversa e divertente appositamente progettata per portare il patrimonio e l'eredit\u00e0 culturale della citt\u00e0 di Valencia ai pi\u00f9 piccoli di casa. Tutti diventeranno veri esperti di Valencia!\",\"breadcrumb\":{\"@id\":\"https:\/\/www.turiart.com\/it\/catalogo-de-productos\/offerta-virtuale\/tour-guidato-virtuale-valencia-family\/#breadcrumb\"},\"inLanguage\":\"it-IT\",\"potentialAction\":[{\"@type\":\"ReadAction\",\"target\":[\"https:\/\/www.turiart.com\/it\/catalogo-de-productos\/offerta-virtuale\/tour-guidato-virtuale-valencia-family\/\"]}]},{\"@type\":\"ImageObject\",\"inLanguage\":\"it-IT\",\"@id\":\"https:\/\/www.turiart.com\/it\/catalogo-de-productos\/offerta-virtuale\/tour-guidato-virtuale-valencia-family\/#primaryimage\",\"url\":\"https:\/\/www.turiart.com\/wp-content\/uploads\/2018\/12\/Valencia-Family-Tour-4.jpg\",\"contentUrl\":\"https:\/\/www.turiart.com\/wp-content\/uploads\/2018\/12\/Valencia-Family-Tour-4.jpg\",\"width\":1000,\"height\":600},{\"@type\":\"BreadcrumbList\",\"@id\":\"https:\/\/www.turiart.com\/it\/catalogo-de-productos\/offerta-virtuale\/tour-guidato-virtuale-valencia-family\/#breadcrumb\",\"itemListElement\":[{\"@type\":\"ListItem\",\"position\":1,\"name\":\"Home\",\"item\":\"https:\/\/www.turiart.com\/it\/\"},{\"@type\":\"ListItem\",\"position\":2,\"name\":\"Catalogo dei prodotti\",\"item\":\"https:\/\/www.turiart.com\/it\/catalogo-dei-prodotti\/\"},{\"@type\":\"ListItem\",\"position\":3,\"name\":\"Offerta virtuale\",\"item\":\"https:\/\/www.turiart.com\/it\/prodotti\/offerta-virtuale\/\"},{\"@type\":\"ListItem\",\"position\":4,\"name\":\"Tour guidato virtuale: \\\"Virtual Family Tour\\\"\"}]},{\"@type\":\"WebSite\",\"@id\":\"https:\/\/www.turiart.com\/it\/#website\",\"url\":\"https:\/\/www.turiart.com\/it\/\",\"name\":\"Turiart\",\"description\":\"Visitas guiadas y servicios tur\u00edstico-culturales en Valencia\",\"publisher\":{\"@id\":\"https:\/\/www.turiart.com\/it\/#organization\"},\"potentialAction\":[{\"@type\":\"SearchAction\",\"target\":{\"@type\":\"EntryPoint\",\"urlTemplate\":\"https:\/\/www.turiart.com\/it\/?s={search_term_string}\"},\"query-input\":{\"@type\":\"PropertyValueSpecification\",\"valueRequired\":true,\"valueName\":\"search_term_string\"}}],\"inLanguage\":\"it-IT\"},{\"@type\":\"Organization\",\"@id\":\"https:\/\/www.turiart.com\/it\/#organization\",\"name\":\"Servicios Auxiliares Turiart, S.L\",\"url\":\"https:\/\/www.turiart.com\/it\/\",\"logo\":{\"@type\":\"ImageObject\",\"inLanguage\":\"it-IT\",\"@id\":\"https:\/\/www.turiart.com\/it\/#\/schema\/logo\/image\/\",\"url\":\"https:\/\/www.turiart.com\/wp-content\/uploads\/2018\/06\/logoHD-1.png\",\"contentUrl\":\"https:\/\/www.turiart.com\/wp-content\/uploads\/2018\/06\/logoHD-1.png\",\"width\":403,\"height\":209,\"caption\":\"Servicios Auxiliares Turiart, S.L\"},\"image\":{\"@id\":\"https:\/\/www.turiart.com\/it\/#\/schema\/logo\/image\/\"},\"sameAs\":[\"https:\/\/www.facebook.com\/turiartVLC\/\",\"https:\/\/x.com\/turiart\",\"https:\/\/www.instagram.com\/turiart\/\",\"https:\/\/www.linkedin.com\/company\/2726719\/admin\/\"]}]}<\/script>\n<!-- \/ Yoast SEO plugin. -->","yoast_head_json":{"title":"Tour guidato virtuale: \"Virtual Family Tour\" - Turiart","description":"Scopri una visita guidata virtuale per tutta la famiglia e vivi un'esperienza diversa e divertente appositamente progettata per portare il patrimonio e l'eredit\u00e0 culturale della citt\u00e0 di Valencia ai pi\u00f9 piccoli di casa. Tutti diventeranno veri esperti di Valencia!","robots":{"index":"index","follow":"follow","max-snippet":"max-snippet:-1","max-image-preview":"max-image-preview:large","max-video-preview":"max-video-preview:-1"},"canonical":"https:\/\/www.turiart.com\/it\/catalogo-de-productos\/offerta-virtuale\/tour-guidato-virtuale-valencia-family\/","og_locale":"it_IT","og_type":"article","og_title":"Tour guidato virtuale: \"Virtual Family Tour\" - Turiart","og_description":"Scopri una visita guidata virtuale per tutta la famiglia e vivi un'esperienza diversa e divertente appositamente progettata per portare il patrimonio e l'eredit\u00e0 culturale della citt\u00e0 di Valencia ai pi\u00f9 piccoli di casa. Tutti diventeranno veri esperti di Valencia!","og_url":"https:\/\/www.turiart.com\/it\/catalogo-de-productos\/offerta-virtuale\/tour-guidato-virtuale-valencia-family\/","og_site_name":"Turiart","article_publisher":"https:\/\/www.facebook.com\/turiartVLC\/","article_modified_time":"2021-07-16T11:48:49+00:00","og_image":[{"width":1000,"height":600,"url":"https:\/\/www.turiart.com\/wp-content\/uploads\/2018\/12\/Valencia-Family-Tour-4.jpg","type":"image\/jpeg"}],"twitter_misc":{"Est. reading time":"1 minute"},"schema":{"@context":"https:\/\/schema.org","@graph":[{"@type":"WebPage","@id":"https:\/\/www.turiart.com\/it\/catalogo-de-productos\/offerta-virtuale\/tour-guidato-virtuale-valencia-family\/","url":"https:\/\/www.turiart.com\/it\/catalogo-de-productos\/offerta-virtuale\/tour-guidato-virtuale-valencia-family\/","name":"Tour guidato virtuale: \"Virtual Family Tour\" - Turiart","isPartOf":{"@id":"https:\/\/www.turiart.com\/it\/#website"},"primaryImageOfPage":{"@id":"https:\/\/www.turiart.com\/it\/catalogo-de-productos\/offerta-virtuale\/tour-guidato-virtuale-valencia-family\/#primaryimage"},"image":{"@id":"https:\/\/www.turiart.com\/it\/catalogo-de-productos\/offerta-virtuale\/tour-guidato-virtuale-valencia-family\/#primaryimage"},"thumbnailUrl":"https:\/\/www.turiart.com\/wp-content\/uploads\/2018\/12\/Valencia-Family-Tour-4.jpg","datePublished":"2020-11-12T09:06:52+00:00","dateModified":"2021-07-16T11:48:49+00:00","description":"Scopri una visita guidata virtuale per tutta la famiglia e vivi un'esperienza diversa e divertente appositamente progettata per portare il patrimonio e l'eredit\u00e0 culturale della citt\u00e0 di Valencia ai pi\u00f9 piccoli di casa. Tutti diventeranno veri esperti di Valencia!","breadcrumb":{"@id":"https:\/\/www.turiart.com\/it\/catalogo-de-productos\/offerta-virtuale\/tour-guidato-virtuale-valencia-family\/#breadcrumb"},"inLanguage":"it-IT","potentialAction":[{"@type":"ReadAction","target":["https:\/\/www.turiart.com\/it\/catalogo-de-productos\/offerta-virtuale\/tour-guidato-virtuale-valencia-family\/"]}]},{"@type":"ImageObject","inLanguage":"it-IT","@id":"https:\/\/www.turiart.com\/it\/catalogo-de-productos\/offerta-virtuale\/tour-guidato-virtuale-valencia-family\/#primaryimage","url":"https:\/\/www.turiart.com\/wp-content\/uploads\/2018\/12\/Valencia-Family-Tour-4.jpg","contentUrl":"https:\/\/www.turiart.com\/wp-content\/uploads\/2018\/12\/Valencia-Family-Tour-4.jpg","width":1000,"height":600},{"@type":"BreadcrumbList","@id":"https:\/\/www.turiart.com\/it\/catalogo-de-productos\/offerta-virtuale\/tour-guidato-virtuale-valencia-family\/#breadcrumb","itemListElement":[{"@type":"ListItem","position":1,"name":"Home","item":"https:\/\/www.turiart.com\/it\/"},{"@type":"ListItem","position":2,"name":"Catalogo dei prodotti","item":"https:\/\/www.turiart.com\/it\/catalogo-dei-prodotti\/"},{"@type":"ListItem","position":3,"name":"Offerta virtuale","item":"https:\/\/www.turiart.com\/it\/prodotti\/offerta-virtuale\/"},{"@type":"ListItem","position":4,"name":"Tour guidato virtuale: \"Virtual Family Tour\""}]},{"@type":"WebSite","@id":"https:\/\/www.turiart.com\/it\/#website","url":"https:\/\/www.turiart.com\/it\/","name":"Turiart","description":"Visitas guiadas y servicios tur\u00edstico-culturales en Valencia","publisher":{"@id":"https:\/\/www.turiart.com\/it\/#organization"},"potentialAction":[{"@type":"SearchAction","target":{"@type":"EntryPoint","urlTemplate":"https:\/\/www.turiart.com\/it\/?s={search_term_string}"},"query-input":{"@type":"PropertyValueSpecification","valueRequired":true,"valueName":"search_term_string"}}],"inLanguage":"it-IT"},{"@type":"Organization","@id":"https:\/\/www.turiart.com\/it\/#organization","name":"Servicios Auxiliares Turiart, S.L","url":"https:\/\/www.turiart.com\/it\/","logo":{"@type":"ImageObject","inLanguage":"it-IT","@id":"https:\/\/www.turiart.com\/it\/#\/schema\/logo\/image\/","url":"https:\/\/www.turiart.com\/wp-content\/uploads\/2018\/06\/logoHD-1.png","contentUrl":"https:\/\/www.turiart.com\/wp-content\/uploads\/2018\/06\/logoHD-1.png","width":403,"height":209,"caption":"Servicios Auxiliares Turiart, S.L"},"image":{"@id":"https:\/\/www.turiart.com\/it\/#\/schema\/logo\/image\/"},"sameAs":["https:\/\/www.facebook.com\/turiartVLC\/","https:\/\/x.com\/turiart","https:\/\/www.instagram.com\/turiart\/","https:\/\/www.linkedin.com\/company\/2726719\/admin\/"]}]}},"_links":{"self":[{"href":"https:\/\/www.turiart.com\/it\/wp-json\/wp\/v2\/product\/33922","targetHints":{"allow":["GET"]}}],"collection":[{"href":"https:\/\/www.turiart.com\/it\/wp-json\/wp\/v2\/product"}],"about":[{"href":"https:\/\/www.turiart.com\/it\/wp-json\/wp\/v2\/types\/product"}],"replies":[{"embeddable":true,"href":"https:\/\/www.turiart.com\/it\/wp-json\/wp\/v2\/comments?post=33922"}],"wp:featuredmedia":[{"embeddable":true,"href":"https:\/\/www.turiart.com\/it\/wp-json\/wp\/v2\/media\/29239"}],"wp:attachment":[{"href":"https:\/\/www.turiart.com\/it\/wp-json\/wp\/v2\/media?parent=33922"}],"wp:term":[{"taxonomy":"product_brand","embeddable":true,"href":"https:\/\/www.turiart.com\/it\/wp-json\/wp\/v2\/product_brand?post=33922"},{"taxonomy":"product_cat","embeddable":true,"href":"https:\/\/www.turiart.com\/it\/wp-json\/wp\/v2\/product_cat?post=33922"},{"taxonomy":"product_tag","embeddable":true,"href":"https:\/\/www.turiart.com\/it\/wp-json\/wp\/v2\/product_tag?post=33922"}],"curies":[{"name":"wp","href":"https:\/\/api.w.org\/{rel}","templated":true}]}}