{"id":33930,"date":"2020-11-12T11:12:14","date_gmt":"2020-11-12T09:12:14","guid":{"rendered":"https:\/\/www.turiart.com\/?post_type=product&#038;p=33930"},"modified":"2021-12-13T18:51:00","modified_gmt":"2021-12-13T16:51:00","slug":"tour-guidato-virtuale-donne-borgia-gandia","status":"publish","type":"product","link":"https:\/\/www.turiart.com\/it\/catalogo-de-productos\/offerta-virtuale\/tour-guidato-virtuale-donne-borgia-gandia\/","title":{"rendered":"Tour guidato virtuale: \u201cLe donne Borgia di Gandia\u201d"},"content":{"rendered":"<p><strong>Date programmate:<\/strong><\/p>\n<ul>\n<li>Adesso non abbiamo date programmate ma puoi anche prenotare un tour privato per il giorno e l'orario che preferisci.<\/li>\n<\/ul>\n<p>&nbsp;<\/p>\n<p>Connettiti alla nostra visita guidata virtuale per conoscere in modo diverso due donne coraggiose della citt\u00e0 di Gand\u00eda, pi\u00f9 conosciute per gli aneddoti sulla loro vita che per il loro lavoro di splendide politiche.<\/p>\n<p>Prima scoprirete la vita di Lucrezia de Borgia e Mar\u00eda Enr\u00edquez, e poi, visiteremo<br \/>\nvirtualmente tre spazi architettonici rilevanti per capire la famiglia Borgia e il suo<br \/>\npotere. Sottolineiamo in particolare il ruolo delle donne nella famiglia.<\/p>\n<p>Questo tour vi porter\u00e0 da casa attraverso uno dei pi\u00f9 importanti complessi monastici della Comunitat Valenciana, il Monastero di Sant Jeroni de Cotalba. Proseguiremo con il Museo di Santa Clara e la sua collezione di arte religiosa legata alla famiglia e, infine, il magnifico Palau Ducal.<\/p>\n<p>Concluderemo il tour virtuale lasciando spazio ai vostri commenti e alle vostre domande, a cui risponderanno le nostre esperte guide.<\/p>\n<p>Partecipa a questa visita culturale senza muoverti dal divano di casa!<\/p>\n<p><a href=\"https:\/\/www.turiart.com\/wp-content\/uploads\/2020\/11\/LOGO-VALENCIA-TURISME-Web-300x169.jpg\"><img loading=\"lazy\" decoding=\"async\" class=\"alignnone wp-image-33914 size-medium\" src=\"https:\/\/www.turiart.com\/wp-content\/uploads\/2020\/11\/LOGO-VALENCIA-TURISME-Web-300x169.jpg\" alt=\"\" width=\"300\" height=\"169\" srcset=\"https:\/\/www.turiart.com\/wp-content\/uploads\/2020\/11\/LOGO-VALENCIA-TURISME-Web-300x169.jpg 300w, https:\/\/www.turiart.com\/wp-content\/smush-webp\/2020\/11\/LOGO-VALENCIA-TURISME-Web-480x270.jpg.webp 480w, https:\/\/www.turiart.com\/wp-content\/uploads\/2020\/11\/LOGO-VALENCIA-TURISME-Web-1024x576.jpg 1024w, https:\/\/www.turiart.com\/wp-content\/uploads\/2020\/11\/LOGO-VALENCIA-TURISME-Web-768x432.jpg 768w, https:\/\/www.turiart.com\/wp-content\/uploads\/2020\/11\/LOGO-VALENCIA-TURISME-Web-1536x864.jpg 1536w, https:\/\/www.turiart.com\/wp-content\/uploads\/2020\/11\/LOGO-VALENCIA-TURISME-Web.jpg 1920w\" sizes=\"auto, (max-width: 300px) 100vw, 300px\" \/><\/a><\/p>\n","protected":false},"excerpt":{"rendered":"<p>Scoprite con la nostra visita guidata virtuale la vita di due donne della famosa famiglia Borgia, che sono state molto coraggiose ed esempio di politica femminile.<\/p>\n","protected":false},"featured_media":30914,"comment_status":"open","ping_status":"closed","template":"","meta":{"_acf_changed":false,"_joinchat":[]},"product_brand":[],"product_cat":[2294],"product_tag":[791,2341,2394,2391,2265,927,2274,2327,855,2390,2392,2393,2352,875,2395,2397,2396,2332,957,969,2331],"class_list":{"0":"post-33930","1":"product","2":"type-product","3":"status-publish","4":"has-post-thumbnail","6":"product_cat-offerta-virtuale","7":"product_tag-arte-it","8":"product_tag-arte-religioso-it","9":"product_tag-borgia-it-3","10":"product_tag-borgia-donne","11":"product_tag-comunitat-valenciana-it-2","12":"product_tag-tour-culturale","13":"product_tag-gandia-it","14":"product_tag-guia-de-turismo-it","15":"product_tag-storia","16":"product_tag-il-safor","17":"product_tag-lucrecia-borgia-it","18":"product_tag-maria-enriquez-it","19":"product_tag-medioevale","20":"product_tag-mediterraneo-it","21":"product_tag-monastero-di-san-jeroni-di-cotalba","22":"product_tag-museo-di-santa-clara","23":"product_tag-palazzo-ducale","24":"product_tag-tour-guiado-virtual-it","25":"product_tag-valencia-it","26":"product_tag-visita-guidata-it","27":"product_tag-visita-virtual-it","28":"pa_atributo-rutas-assicurazione-annullamento-24-ore-prima-it","29":"pa_atributo-rutas-tour-privato-gruppo","30":"pa_atributo-rutas-adulto-it","32":"first","33":"instock","34":"shipping-taxable","35":"purchasable","36":"product-type-variable"},"acf":[],"yoast_head":"<!-- This site is optimized with the Yoast SEO plugin v26.8 - https:\/\/yoast.com\/product\/yoast-seo-wordpress\/ -->\n<title>Tour guidato virtuale: \u201cLe donne Borgia di Gandia\u201d - Turiart<\/title>\n<meta name=\"description\" content=\"Scoprite con la nostra visita guidata virtuale la vita di due donne della famosa famiglia Borgia, che sono state molto coraggiose ed esempio di politica femminile.\" \/>\n<meta name=\"robots\" content=\"index, follow, max-snippet:-1, max-image-preview:large, max-video-preview:-1\" \/>\n<link rel=\"canonical\" href=\"https:\/\/www.turiart.com\/it\/catalogo-de-productos\/offerta-virtuale\/tour-guidato-virtuale-donne-borgia-gandia\/\" \/>\n<meta property=\"og:locale\" content=\"it_IT\" \/>\n<meta property=\"og:type\" content=\"article\" \/>\n<meta property=\"og:title\" content=\"Tour guidato virtuale: \u201cLe donne Borgia di Gandia\u201d - Turiart\" \/>\n<meta property=\"og:description\" content=\"Scoprite con la nostra visita guidata virtuale la vita di due donne della famosa famiglia Borgia, che sono state molto coraggiose ed esempio di politica femminile.\" \/>\n<meta property=\"og:url\" content=\"https:\/\/www.turiart.com\/it\/catalogo-de-productos\/offerta-virtuale\/tour-guidato-virtuale-donne-borgia-gandia\/\" \/>\n<meta property=\"og:site_name\" content=\"Turiart\" \/>\n<meta property=\"article:publisher\" content=\"https:\/\/www.facebook.com\/turiartVLC\/\" \/>\n<meta property=\"article:modified_time\" content=\"2021-12-13T16:51:00+00:00\" \/>\n<meta property=\"og:image\" content=\"https:\/\/www.turiart.com\/wp-content\/uploads\/2019\/09\/borgia.jpg\" \/>\n\t<meta property=\"og:image:width\" content=\"1920\" \/>\n\t<meta property=\"og:image:height\" content=\"1080\" \/>\n\t<meta property=\"og:image:type\" content=\"image\/jpeg\" \/>\n<meta name=\"twitter:label1\" content=\"Est. reading time\" \/>\n\t<meta name=\"twitter:data1\" content=\"1 minute\" \/>\n<script type=\"application\/ld+json\" class=\"yoast-schema-graph\">{\"@context\":\"https:\/\/schema.org\",\"@graph\":[{\"@type\":\"WebPage\",\"@id\":\"https:\/\/www.turiart.com\/it\/catalogo-de-productos\/offerta-virtuale\/tour-guidato-virtuale-donne-borgia-gandia\/\",\"url\":\"https:\/\/www.turiart.com\/it\/catalogo-de-productos\/offerta-virtuale\/tour-guidato-virtuale-donne-borgia-gandia\/\",\"name\":\"Tour guidato virtuale: \u201cLe donne Borgia di Gandia\u201d - Turiart\",\"isPartOf\":{\"@id\":\"https:\/\/www.turiart.com\/it\/#website\"},\"primaryImageOfPage\":{\"@id\":\"https:\/\/www.turiart.com\/it\/catalogo-de-productos\/offerta-virtuale\/tour-guidato-virtuale-donne-borgia-gandia\/#primaryimage\"},\"image\":{\"@id\":\"https:\/\/www.turiart.com\/it\/catalogo-de-productos\/offerta-virtuale\/tour-guidato-virtuale-donne-borgia-gandia\/#primaryimage\"},\"thumbnailUrl\":\"https:\/\/www.turiart.com\/wp-content\/uploads\/2019\/09\/borgia.jpg\",\"datePublished\":\"2020-11-12T09:12:14+00:00\",\"dateModified\":\"2021-12-13T16:51:00+00:00\",\"description\":\"Scoprite con la nostra visita guidata virtuale la vita di due donne della famosa famiglia Borgia, che sono state molto coraggiose ed esempio di politica femminile.\",\"breadcrumb\":{\"@id\":\"https:\/\/www.turiart.com\/it\/catalogo-de-productos\/offerta-virtuale\/tour-guidato-virtuale-donne-borgia-gandia\/#breadcrumb\"},\"inLanguage\":\"it-IT\",\"potentialAction\":[{\"@type\":\"ReadAction\",\"target\":[\"https:\/\/www.turiart.com\/it\/catalogo-de-productos\/offerta-virtuale\/tour-guidato-virtuale-donne-borgia-gandia\/\"]}]},{\"@type\":\"ImageObject\",\"inLanguage\":\"it-IT\",\"@id\":\"https:\/\/www.turiart.com\/it\/catalogo-de-productos\/offerta-virtuale\/tour-guidato-virtuale-donne-borgia-gandia\/#primaryimage\",\"url\":\"https:\/\/www.turiart.com\/wp-content\/uploads\/2019\/09\/borgia.jpg\",\"contentUrl\":\"https:\/\/www.turiart.com\/wp-content\/uploads\/2019\/09\/borgia.jpg\",\"width\":1920,\"height\":1080},{\"@type\":\"BreadcrumbList\",\"@id\":\"https:\/\/www.turiart.com\/it\/catalogo-de-productos\/offerta-virtuale\/tour-guidato-virtuale-donne-borgia-gandia\/#breadcrumb\",\"itemListElement\":[{\"@type\":\"ListItem\",\"position\":1,\"name\":\"Home\",\"item\":\"https:\/\/www.turiart.com\/it\/\"},{\"@type\":\"ListItem\",\"position\":2,\"name\":\"Catalogo dei prodotti\",\"item\":\"https:\/\/www.turiart.com\/it\/catalogo-dei-prodotti\/\"},{\"@type\":\"ListItem\",\"position\":3,\"name\":\"Offerta virtuale\",\"item\":\"https:\/\/www.turiart.com\/it\/prodotti\/offerta-virtuale\/\"},{\"@type\":\"ListItem\",\"position\":4,\"name\":\"Tour guidato virtuale: \u201cLe donne Borgia di Gandia\u201d\"}]},{\"@type\":\"WebSite\",\"@id\":\"https:\/\/www.turiart.com\/it\/#website\",\"url\":\"https:\/\/www.turiart.com\/it\/\",\"name\":\"Turiart\",\"description\":\"Visitas guiadas y servicios tur\u00edstico-culturales en Valencia\",\"publisher\":{\"@id\":\"https:\/\/www.turiart.com\/it\/#organization\"},\"potentialAction\":[{\"@type\":\"SearchAction\",\"target\":{\"@type\":\"EntryPoint\",\"urlTemplate\":\"https:\/\/www.turiart.com\/it\/?s={search_term_string}\"},\"query-input\":{\"@type\":\"PropertyValueSpecification\",\"valueRequired\":true,\"valueName\":\"search_term_string\"}}],\"inLanguage\":\"it-IT\"},{\"@type\":\"Organization\",\"@id\":\"https:\/\/www.turiart.com\/it\/#organization\",\"name\":\"Servicios Auxiliares Turiart, S.L\",\"url\":\"https:\/\/www.turiart.com\/it\/\",\"logo\":{\"@type\":\"ImageObject\",\"inLanguage\":\"it-IT\",\"@id\":\"https:\/\/www.turiart.com\/it\/#\/schema\/logo\/image\/\",\"url\":\"https:\/\/www.turiart.com\/wp-content\/uploads\/2018\/06\/logoHD-1.png\",\"contentUrl\":\"https:\/\/www.turiart.com\/wp-content\/uploads\/2018\/06\/logoHD-1.png\",\"width\":403,\"height\":209,\"caption\":\"Servicios Auxiliares Turiart, S.L\"},\"image\":{\"@id\":\"https:\/\/www.turiart.com\/it\/#\/schema\/logo\/image\/\"},\"sameAs\":[\"https:\/\/www.facebook.com\/turiartVLC\/\",\"https:\/\/x.com\/turiart\",\"https:\/\/www.instagram.com\/turiart\/\",\"https:\/\/www.linkedin.com\/company\/2726719\/admin\/\"]}]}<\/script>\n<!-- \/ Yoast SEO plugin. -->","yoast_head_json":{"title":"Tour guidato virtuale: \u201cLe donne Borgia di Gandia\u201d - Turiart","description":"Scoprite con la nostra visita guidata virtuale la vita di due donne della famosa famiglia Borgia, che sono state molto coraggiose ed esempio di politica femminile.","robots":{"index":"index","follow":"follow","max-snippet":"max-snippet:-1","max-image-preview":"max-image-preview:large","max-video-preview":"max-video-preview:-1"},"canonical":"https:\/\/www.turiart.com\/it\/catalogo-de-productos\/offerta-virtuale\/tour-guidato-virtuale-donne-borgia-gandia\/","og_locale":"it_IT","og_type":"article","og_title":"Tour guidato virtuale: \u201cLe donne Borgia di Gandia\u201d - Turiart","og_description":"Scoprite con la nostra visita guidata virtuale la vita di due donne della famosa famiglia Borgia, che sono state molto coraggiose ed esempio di politica femminile.","og_url":"https:\/\/www.turiart.com\/it\/catalogo-de-productos\/offerta-virtuale\/tour-guidato-virtuale-donne-borgia-gandia\/","og_site_name":"Turiart","article_publisher":"https:\/\/www.facebook.com\/turiartVLC\/","article_modified_time":"2021-12-13T16:51:00+00:00","og_image":[{"width":1920,"height":1080,"url":"https:\/\/www.turiart.com\/wp-content\/uploads\/2019\/09\/borgia.jpg","type":"image\/jpeg"}],"twitter_misc":{"Est. reading time":"1 minute"},"schema":{"@context":"https:\/\/schema.org","@graph":[{"@type":"WebPage","@id":"https:\/\/www.turiart.com\/it\/catalogo-de-productos\/offerta-virtuale\/tour-guidato-virtuale-donne-borgia-gandia\/","url":"https:\/\/www.turiart.com\/it\/catalogo-de-productos\/offerta-virtuale\/tour-guidato-virtuale-donne-borgia-gandia\/","name":"Tour guidato virtuale: \u201cLe donne Borgia di Gandia\u201d - Turiart","isPartOf":{"@id":"https:\/\/www.turiart.com\/it\/#website"},"primaryImageOfPage":{"@id":"https:\/\/www.turiart.com\/it\/catalogo-de-productos\/offerta-virtuale\/tour-guidato-virtuale-donne-borgia-gandia\/#primaryimage"},"image":{"@id":"https:\/\/www.turiart.com\/it\/catalogo-de-productos\/offerta-virtuale\/tour-guidato-virtuale-donne-borgia-gandia\/#primaryimage"},"thumbnailUrl":"https:\/\/www.turiart.com\/wp-content\/uploads\/2019\/09\/borgia.jpg","datePublished":"2020-11-12T09:12:14+00:00","dateModified":"2021-12-13T16:51:00+00:00","description":"Scoprite con la nostra visita guidata virtuale la vita di due donne della famosa famiglia Borgia, che sono state molto coraggiose ed esempio di politica femminile.","breadcrumb":{"@id":"https:\/\/www.turiart.com\/it\/catalogo-de-productos\/offerta-virtuale\/tour-guidato-virtuale-donne-borgia-gandia\/#breadcrumb"},"inLanguage":"it-IT","potentialAction":[{"@type":"ReadAction","target":["https:\/\/www.turiart.com\/it\/catalogo-de-productos\/offerta-virtuale\/tour-guidato-virtuale-donne-borgia-gandia\/"]}]},{"@type":"ImageObject","inLanguage":"it-IT","@id":"https:\/\/www.turiart.com\/it\/catalogo-de-productos\/offerta-virtuale\/tour-guidato-virtuale-donne-borgia-gandia\/#primaryimage","url":"https:\/\/www.turiart.com\/wp-content\/uploads\/2019\/09\/borgia.jpg","contentUrl":"https:\/\/www.turiart.com\/wp-content\/uploads\/2019\/09\/borgia.jpg","width":1920,"height":1080},{"@type":"BreadcrumbList","@id":"https:\/\/www.turiart.com\/it\/catalogo-de-productos\/offerta-virtuale\/tour-guidato-virtuale-donne-borgia-gandia\/#breadcrumb","itemListElement":[{"@type":"ListItem","position":1,"name":"Home","item":"https:\/\/www.turiart.com\/it\/"},{"@type":"ListItem","position":2,"name":"Catalogo dei prodotti","item":"https:\/\/www.turiart.com\/it\/catalogo-dei-prodotti\/"},{"@type":"ListItem","position":3,"name":"Offerta virtuale","item":"https:\/\/www.turiart.com\/it\/prodotti\/offerta-virtuale\/"},{"@type":"ListItem","position":4,"name":"Tour guidato virtuale: \u201cLe donne Borgia di Gandia\u201d"}]},{"@type":"WebSite","@id":"https:\/\/www.turiart.com\/it\/#website","url":"https:\/\/www.turiart.com\/it\/","name":"Turiart","description":"Visitas guiadas y servicios tur\u00edstico-culturales en Valencia","publisher":{"@id":"https:\/\/www.turiart.com\/it\/#organization"},"potentialAction":[{"@type":"SearchAction","target":{"@type":"EntryPoint","urlTemplate":"https:\/\/www.turiart.com\/it\/?s={search_term_string}"},"query-input":{"@type":"PropertyValueSpecification","valueRequired":true,"valueName":"search_term_string"}}],"inLanguage":"it-IT"},{"@type":"Organization","@id":"https:\/\/www.turiart.com\/it\/#organization","name":"Servicios Auxiliares Turiart, S.L","url":"https:\/\/www.turiart.com\/it\/","logo":{"@type":"ImageObject","inLanguage":"it-IT","@id":"https:\/\/www.turiart.com\/it\/#\/schema\/logo\/image\/","url":"https:\/\/www.turiart.com\/wp-content\/uploads\/2018\/06\/logoHD-1.png","contentUrl":"https:\/\/www.turiart.com\/wp-content\/uploads\/2018\/06\/logoHD-1.png","width":403,"height":209,"caption":"Servicios Auxiliares Turiart, S.L"},"image":{"@id":"https:\/\/www.turiart.com\/it\/#\/schema\/logo\/image\/"},"sameAs":["https:\/\/www.facebook.com\/turiartVLC\/","https:\/\/x.com\/turiart","https:\/\/www.instagram.com\/turiart\/","https:\/\/www.linkedin.com\/company\/2726719\/admin\/"]}]}},"_links":{"self":[{"href":"https:\/\/www.turiart.com\/it\/wp-json\/wp\/v2\/product\/33930","targetHints":{"allow":["GET"]}}],"collection":[{"href":"https:\/\/www.turiart.com\/it\/wp-json\/wp\/v2\/product"}],"about":[{"href":"https:\/\/www.turiart.com\/it\/wp-json\/wp\/v2\/types\/product"}],"replies":[{"embeddable":true,"href":"https:\/\/www.turiart.com\/it\/wp-json\/wp\/v2\/comments?post=33930"}],"wp:featuredmedia":[{"embeddable":true,"href":"https:\/\/www.turiart.com\/it\/wp-json\/wp\/v2\/media\/30914"}],"wp:attachment":[{"href":"https:\/\/www.turiart.com\/it\/wp-json\/wp\/v2\/media?parent=33930"}],"wp:term":[{"taxonomy":"product_brand","embeddable":true,"href":"https:\/\/www.turiart.com\/it\/wp-json\/wp\/v2\/product_brand?post=33930"},{"taxonomy":"product_cat","embeddable":true,"href":"https:\/\/www.turiart.com\/it\/wp-json\/wp\/v2\/product_cat?post=33930"},{"taxonomy":"product_tag","embeddable":true,"href":"https:\/\/www.turiart.com\/it\/wp-json\/wp\/v2\/product_tag?post=33930"}],"curies":[{"name":"wp","href":"https:\/\/api.w.org\/{rel}","templated":true}]}}