{"id":34421,"date":"2020-12-11T11:05:34","date_gmt":"2020-12-11T09:05:34","guid":{"rendered":"https:\/\/www.turiart.com\/product-catalog\/senza-categoria\/tour-guidato-virtuale-famiglia-borgia-valencia\/"},"modified":"2025-07-09T13:21:42","modified_gmt":"2025-07-09T11:21:42","slug":"tour-guidato-virtuale-famiglia-borgia-valencia","status":"publish","type":"product","link":"https:\/\/www.turiart.com\/it\/catalogo-de-productos\/offerta-virtuale\/tour-guidato-virtuale-famiglia-borgia-valencia\/","title":{"rendered":"Tour guidato virtuale: La Famiglia Borgia a Valencia"},"content":{"rendered":"<p><strong>Date programmate:<\/strong><\/p>\n<ul>\n<li>Al momento non abbiamo date programmate, ma puoi prenotare un tour privato per il giorno e l'orario che preferisci.<\/li>\n<\/ul>\n<p>&nbsp;<\/p>\n<p>Scopri con questo tour virtuale la storia della <strong>famiglia Borgia<\/strong>, una saga famigliare originaria dell'Aragona, che ha partecipato alla Riconquista di Valencia e che si \u00e8 stabilita nella citt\u00e0 di <strong>Gand\u00eda<\/strong>. I Borgia accumularono grandi ricchezze e potere e scalarono posizioni nella scala sociale, al punto che due dei suoi membri arrivarono ad occupare il <strong>papato<\/strong>, sotto i nomi papali di Calixto III e Alejandro VI.<br \/>\nScoprirai come questa concentrazione di potere suscit\u00f2 risentimento e invidia a Roma, motivo per cui una \"leggenda nera\" si svilupp\u00f2 presto attorno alla famiglia <em>Borja<\/em> (o <em>Borgia<\/em> come erano conosciuti in Italia), ed ai figli di Alessandro VI, soprattutto intorno a Lucrecia e C\u00e9sar Borgia.<br \/>\nNon manca il ruolo fondamentale di due <strong>donne<\/strong> coraggiose, Lucrecia di Borgia e Mar\u00eda Enr\u00edquez, leader e diplomatiche brillanti, che hanno intrapreso una riorganizzazione culturale e sociale a tutti i livelli, in un momento in cui la figura maschile era protagonista.<br \/>\nScopri anche la storia di San Francesco di Borgia, che come gesuita era responsabile della <strong>Basilica del Sacro Cuore di Ges\u00f9<\/strong> a <strong>Valencia<\/strong>. Da qui il motto di: \"<em>Due Papi e un santo<\/em>\".<br \/>\nDurante questo tour virtuale, sarai in grado di vedere come tutto il <strong>potere e la ricchezza<\/strong> della famiglia Borgia si sono riflessi nel grande patrimonio artistico e culturale della citt\u00e0 di Valencia.<br \/>\nLasciati sorprendere dalla <strong>grande eredit\u00e0<\/strong> della famiglia Borgia a Valencia e scopri il Secolo d'Oro della citt\u00e0 di Valencia in tutto il suo splendore.<\/p>\n<p>&nbsp;<\/p>\n<p><strong>Questo tour virtuale ha la collaborazione del <em>Patronat Provincial de Turisme de Val\u00e8ncia - DIPUTACI\u00d3 DE VAL\u00c8NCIA<\/em>.<\/strong><\/p>\n<p><a href=\"https:\/\/www.turiart.com\/wp-content\/uploads\/2020\/11\/LOGO-VALENCIA-TURISME-Web-300x169.jpg\"><img loading=\"lazy\" decoding=\"async\" class=\"alignnone wp-image-33914 size-medium\" src=\"https:\/\/www.turiart.com\/wp-content\/uploads\/2020\/11\/LOGO-VALENCIA-TURISME-Web-300x169.jpg\" alt=\"\" width=\"300\" height=\"169\" srcset=\"https:\/\/www.turiart.com\/wp-content\/uploads\/2020\/11\/LOGO-VALENCIA-TURISME-Web-300x169.jpg 300w, https:\/\/www.turiart.com\/wp-content\/smush-webp\/2020\/11\/LOGO-VALENCIA-TURISME-Web-480x270.jpg.webp 480w, https:\/\/www.turiart.com\/wp-content\/uploads\/2020\/11\/LOGO-VALENCIA-TURISME-Web-1024x576.jpg 1024w, https:\/\/www.turiart.com\/wp-content\/uploads\/2020\/11\/LOGO-VALENCIA-TURISME-Web-768x432.jpg 768w, https:\/\/www.turiart.com\/wp-content\/uploads\/2020\/11\/LOGO-VALENCIA-TURISME-Web-1536x864.jpg 1536w, https:\/\/www.turiart.com\/wp-content\/uploads\/2020\/11\/LOGO-VALENCIA-TURISME-Web.jpg 1920w\" sizes=\"auto, (max-width: 300px) 100vw, 300px\" \/><\/a><\/p>\n","protected":false},"excerpt":{"rendered":"<p>Scopri da casa tua tutti i dettagli di questa <strong>saga familiare<\/strong> e \"la leggenda nera\" che circonda alcuni dei suoi membri... cos\u00ec come la straordinaria <strong>eredit\u00e0 culturale e artistica<\/strong> che hanno lasciato in citt\u00e0 come <strong>Valencia<\/strong> e <strong>Gand\u00eda<\/strong>.<\/p>\n","protected":false},"featured_media":34005,"comment_status":"open","ping_status":"closed","template":"","meta":{"_acf_changed":false,"_joinchat":[]},"product_brand":[],"product_cat":[2294],"product_tag":[791,2341,2198,2199,2200,927,895,2327,855,2332,957,969,2331],"class_list":{"0":"post-34421","1":"product","2":"type-product","3":"status-publish","4":"has-post-thumbnail","6":"product_cat-offerta-virtuale","7":"product_tag-arte-it","8":"product_tag-arte-religioso-it","9":"product_tag-borgia-it","10":"product_tag-borgia-valencia-it","11":"product_tag-comunitat-valenciana-it","12":"product_tag-tour-culturale","13":"product_tag-visita-culturale","14":"product_tag-guia-de-turismo-it","15":"product_tag-storia","16":"product_tag-tour-guiado-virtual-it","17":"product_tag-valencia-it","18":"product_tag-visita-guidata-it","19":"product_tag-visita-virtual-it","21":"first","22":"instock","23":"shipping-taxable","24":"purchasable","25":"product-type-variable"},"acf":[],"yoast_head":"<!-- This site is optimized with the Yoast SEO plugin v26.8 - https:\/\/yoast.com\/product\/yoast-seo-wordpress\/ -->\n<title>Tour guidato virtuale: La Famiglia Borgia a Valencia - Turiart<\/title>\n<meta name=\"description\" content=\"Scopri da casa tua tutti i dettagli di questa saga familiare e &quot;la leggenda nera&quot; che circonda alcuni dei suoi membri... cos\u00ec come la straordinaria eredit\u00e0 culturale e artistica che hanno lasciato in citt\u00e0 come Valencia e Gand\u00eda.\" \/>\n<meta name=\"robots\" content=\"index, follow, max-snippet:-1, max-image-preview:large, max-video-preview:-1\" \/>\n<link rel=\"canonical\" href=\"https:\/\/www.turiart.com\/it\/catalogo-de-productos\/offerta-virtuale\/tour-guidato-virtuale-famiglia-borgia-valencia\/\" \/>\n<meta property=\"og:locale\" content=\"it_IT\" \/>\n<meta property=\"og:type\" content=\"article\" \/>\n<meta property=\"og:title\" content=\"Tour guidato virtuale: La Famiglia Borgia a Valencia - Turiart\" \/>\n<meta property=\"og:description\" content=\"Scopri da casa tua tutti i dettagli di questa saga familiare e &quot;la leggenda nera&quot; che circonda alcuni dei suoi membri... cos\u00ec come la straordinaria eredit\u00e0 culturale e artistica che hanno lasciato in citt\u00e0 come Valencia e Gand\u00eda.\" \/>\n<meta property=\"og:url\" content=\"https:\/\/www.turiart.com\/it\/catalogo-de-productos\/offerta-virtuale\/tour-guidato-virtuale-famiglia-borgia-valencia\/\" \/>\n<meta property=\"og:site_name\" content=\"Turiart\" \/>\n<meta property=\"article:publisher\" content=\"https:\/\/www.facebook.com\/turiartVLC\/\" \/>\n<meta property=\"article:modified_time\" content=\"2025-07-09T11:21:42+00:00\" \/>\n<meta property=\"og:image\" content=\"https:\/\/www.turiart.com\/wp-content\/uploads\/2020\/06\/IMG_20200624_104500_911.jpg\" \/>\n\t<meta property=\"og:image:width\" content=\"1920\" \/>\n\t<meta property=\"og:image:height\" content=\"1080\" \/>\n\t<meta property=\"og:image:type\" content=\"image\/jpeg\" \/>\n<meta name=\"twitter:label1\" content=\"Est. reading time\" \/>\n\t<meta name=\"twitter:data1\" content=\"2 minutes\" \/>\n<script type=\"application\/ld+json\" class=\"yoast-schema-graph\">{\"@context\":\"https:\/\/schema.org\",\"@graph\":[{\"@type\":\"WebPage\",\"@id\":\"https:\/\/www.turiart.com\/it\/catalogo-de-productos\/offerta-virtuale\/tour-guidato-virtuale-famiglia-borgia-valencia\/\",\"url\":\"https:\/\/www.turiart.com\/it\/catalogo-de-productos\/offerta-virtuale\/tour-guidato-virtuale-famiglia-borgia-valencia\/\",\"name\":\"Tour guidato virtuale: La Famiglia Borgia a Valencia - Turiart\",\"isPartOf\":{\"@id\":\"https:\/\/www.turiart.com\/it\/#website\"},\"primaryImageOfPage\":{\"@id\":\"https:\/\/www.turiart.com\/it\/catalogo-de-productos\/offerta-virtuale\/tour-guidato-virtuale-famiglia-borgia-valencia\/#primaryimage\"},\"image\":{\"@id\":\"https:\/\/www.turiart.com\/it\/catalogo-de-productos\/offerta-virtuale\/tour-guidato-virtuale-famiglia-borgia-valencia\/#primaryimage\"},\"thumbnailUrl\":\"https:\/\/www.turiart.com\/wp-content\/uploads\/2020\/06\/IMG_20200624_104500_911.jpg\",\"datePublished\":\"2020-12-11T09:05:34+00:00\",\"dateModified\":\"2025-07-09T11:21:42+00:00\",\"description\":\"Scopri da casa tua tutti i dettagli di questa saga familiare e \\\"la leggenda nera\\\" che circonda alcuni dei suoi membri... cos\u00ec come la straordinaria eredit\u00e0 culturale e artistica che hanno lasciato in citt\u00e0 come Valencia e Gand\u00eda.\",\"breadcrumb\":{\"@id\":\"https:\/\/www.turiart.com\/it\/catalogo-de-productos\/offerta-virtuale\/tour-guidato-virtuale-famiglia-borgia-valencia\/#breadcrumb\"},\"inLanguage\":\"it-IT\",\"potentialAction\":[{\"@type\":\"ReadAction\",\"target\":[\"https:\/\/www.turiart.com\/it\/catalogo-de-productos\/offerta-virtuale\/tour-guidato-virtuale-famiglia-borgia-valencia\/\"]}]},{\"@type\":\"ImageObject\",\"inLanguage\":\"it-IT\",\"@id\":\"https:\/\/www.turiart.com\/it\/catalogo-de-productos\/offerta-virtuale\/tour-guidato-virtuale-famiglia-borgia-valencia\/#primaryimage\",\"url\":\"https:\/\/www.turiart.com\/wp-content\/uploads\/2020\/06\/IMG_20200624_104500_911.jpg\",\"contentUrl\":\"https:\/\/www.turiart.com\/wp-content\/uploads\/2020\/06\/IMG_20200624_104500_911.jpg\",\"width\":1920,\"height\":1080},{\"@type\":\"BreadcrumbList\",\"@id\":\"https:\/\/www.turiart.com\/it\/catalogo-de-productos\/offerta-virtuale\/tour-guidato-virtuale-famiglia-borgia-valencia\/#breadcrumb\",\"itemListElement\":[{\"@type\":\"ListItem\",\"position\":1,\"name\":\"Home\",\"item\":\"https:\/\/www.turiart.com\/it\/\"},{\"@type\":\"ListItem\",\"position\":2,\"name\":\"Catalogo dei prodotti\",\"item\":\"https:\/\/www.turiart.com\/it\/catalogo-dei-prodotti\/\"},{\"@type\":\"ListItem\",\"position\":3,\"name\":\"Offerta virtuale\",\"item\":\"https:\/\/www.turiart.com\/it\/prodotti\/offerta-virtuale\/\"},{\"@type\":\"ListItem\",\"position\":4,\"name\":\"Tour guidato virtuale: La Famiglia Borgia a Valencia\"}]},{\"@type\":\"WebSite\",\"@id\":\"https:\/\/www.turiart.com\/it\/#website\",\"url\":\"https:\/\/www.turiart.com\/it\/\",\"name\":\"Turiart\",\"description\":\"Visitas guiadas y servicios tur\u00edstico-culturales en Valencia\",\"publisher\":{\"@id\":\"https:\/\/www.turiart.com\/it\/#organization\"},\"potentialAction\":[{\"@type\":\"SearchAction\",\"target\":{\"@type\":\"EntryPoint\",\"urlTemplate\":\"https:\/\/www.turiart.com\/it\/?s={search_term_string}\"},\"query-input\":{\"@type\":\"PropertyValueSpecification\",\"valueRequired\":true,\"valueName\":\"search_term_string\"}}],\"inLanguage\":\"it-IT\"},{\"@type\":\"Organization\",\"@id\":\"https:\/\/www.turiart.com\/it\/#organization\",\"name\":\"Servicios Auxiliares Turiart, S.L\",\"url\":\"https:\/\/www.turiart.com\/it\/\",\"logo\":{\"@type\":\"ImageObject\",\"inLanguage\":\"it-IT\",\"@id\":\"https:\/\/www.turiart.com\/it\/#\/schema\/logo\/image\/\",\"url\":\"https:\/\/www.turiart.com\/wp-content\/uploads\/2018\/06\/logoHD-1.png\",\"contentUrl\":\"https:\/\/www.turiart.com\/wp-content\/uploads\/2018\/06\/logoHD-1.png\",\"width\":403,\"height\":209,\"caption\":\"Servicios Auxiliares Turiart, S.L\"},\"image\":{\"@id\":\"https:\/\/www.turiart.com\/it\/#\/schema\/logo\/image\/\"},\"sameAs\":[\"https:\/\/www.facebook.com\/turiartVLC\/\",\"https:\/\/x.com\/turiart\",\"https:\/\/www.instagram.com\/turiart\/\",\"https:\/\/www.linkedin.com\/company\/2726719\/admin\/\"]}]}<\/script>\n<!-- \/ Yoast SEO plugin. -->","yoast_head_json":{"title":"Tour guidato virtuale: La Famiglia Borgia a Valencia - Turiart","description":"Scopri da casa tua tutti i dettagli di questa saga familiare e \"la leggenda nera\" che circonda alcuni dei suoi membri... cos\u00ec come la straordinaria eredit\u00e0 culturale e artistica che hanno lasciato in citt\u00e0 come Valencia e Gand\u00eda.","robots":{"index":"index","follow":"follow","max-snippet":"max-snippet:-1","max-image-preview":"max-image-preview:large","max-video-preview":"max-video-preview:-1"},"canonical":"https:\/\/www.turiart.com\/it\/catalogo-de-productos\/offerta-virtuale\/tour-guidato-virtuale-famiglia-borgia-valencia\/","og_locale":"it_IT","og_type":"article","og_title":"Tour guidato virtuale: La Famiglia Borgia a Valencia - Turiart","og_description":"Scopri da casa tua tutti i dettagli di questa saga familiare e \"la leggenda nera\" che circonda alcuni dei suoi membri... cos\u00ec come la straordinaria eredit\u00e0 culturale e artistica che hanno lasciato in citt\u00e0 come Valencia e Gand\u00eda.","og_url":"https:\/\/www.turiart.com\/it\/catalogo-de-productos\/offerta-virtuale\/tour-guidato-virtuale-famiglia-borgia-valencia\/","og_site_name":"Turiart","article_publisher":"https:\/\/www.facebook.com\/turiartVLC\/","article_modified_time":"2025-07-09T11:21:42+00:00","og_image":[{"width":1920,"height":1080,"url":"https:\/\/www.turiart.com\/wp-content\/uploads\/2020\/06\/IMG_20200624_104500_911.jpg","type":"image\/jpeg"}],"twitter_misc":{"Est. reading time":"2 minutes"},"schema":{"@context":"https:\/\/schema.org","@graph":[{"@type":"WebPage","@id":"https:\/\/www.turiart.com\/it\/catalogo-de-productos\/offerta-virtuale\/tour-guidato-virtuale-famiglia-borgia-valencia\/","url":"https:\/\/www.turiart.com\/it\/catalogo-de-productos\/offerta-virtuale\/tour-guidato-virtuale-famiglia-borgia-valencia\/","name":"Tour guidato virtuale: La Famiglia Borgia a Valencia - Turiart","isPartOf":{"@id":"https:\/\/www.turiart.com\/it\/#website"},"primaryImageOfPage":{"@id":"https:\/\/www.turiart.com\/it\/catalogo-de-productos\/offerta-virtuale\/tour-guidato-virtuale-famiglia-borgia-valencia\/#primaryimage"},"image":{"@id":"https:\/\/www.turiart.com\/it\/catalogo-de-productos\/offerta-virtuale\/tour-guidato-virtuale-famiglia-borgia-valencia\/#primaryimage"},"thumbnailUrl":"https:\/\/www.turiart.com\/wp-content\/uploads\/2020\/06\/IMG_20200624_104500_911.jpg","datePublished":"2020-12-11T09:05:34+00:00","dateModified":"2025-07-09T11:21:42+00:00","description":"Scopri da casa tua tutti i dettagli di questa saga familiare e \"la leggenda nera\" che circonda alcuni dei suoi membri... cos\u00ec come la straordinaria eredit\u00e0 culturale e artistica che hanno lasciato in citt\u00e0 come Valencia e Gand\u00eda.","breadcrumb":{"@id":"https:\/\/www.turiart.com\/it\/catalogo-de-productos\/offerta-virtuale\/tour-guidato-virtuale-famiglia-borgia-valencia\/#breadcrumb"},"inLanguage":"it-IT","potentialAction":[{"@type":"ReadAction","target":["https:\/\/www.turiart.com\/it\/catalogo-de-productos\/offerta-virtuale\/tour-guidato-virtuale-famiglia-borgia-valencia\/"]}]},{"@type":"ImageObject","inLanguage":"it-IT","@id":"https:\/\/www.turiart.com\/it\/catalogo-de-productos\/offerta-virtuale\/tour-guidato-virtuale-famiglia-borgia-valencia\/#primaryimage","url":"https:\/\/www.turiart.com\/wp-content\/uploads\/2020\/06\/IMG_20200624_104500_911.jpg","contentUrl":"https:\/\/www.turiart.com\/wp-content\/uploads\/2020\/06\/IMG_20200624_104500_911.jpg","width":1920,"height":1080},{"@type":"BreadcrumbList","@id":"https:\/\/www.turiart.com\/it\/catalogo-de-productos\/offerta-virtuale\/tour-guidato-virtuale-famiglia-borgia-valencia\/#breadcrumb","itemListElement":[{"@type":"ListItem","position":1,"name":"Home","item":"https:\/\/www.turiart.com\/it\/"},{"@type":"ListItem","position":2,"name":"Catalogo dei prodotti","item":"https:\/\/www.turiart.com\/it\/catalogo-dei-prodotti\/"},{"@type":"ListItem","position":3,"name":"Offerta virtuale","item":"https:\/\/www.turiart.com\/it\/prodotti\/offerta-virtuale\/"},{"@type":"ListItem","position":4,"name":"Tour guidato virtuale: La Famiglia Borgia a Valencia"}]},{"@type":"WebSite","@id":"https:\/\/www.turiart.com\/it\/#website","url":"https:\/\/www.turiart.com\/it\/","name":"Turiart","description":"Visitas guiadas y servicios tur\u00edstico-culturales en Valencia","publisher":{"@id":"https:\/\/www.turiart.com\/it\/#organization"},"potentialAction":[{"@type":"SearchAction","target":{"@type":"EntryPoint","urlTemplate":"https:\/\/www.turiart.com\/it\/?s={search_term_string}"},"query-input":{"@type":"PropertyValueSpecification","valueRequired":true,"valueName":"search_term_string"}}],"inLanguage":"it-IT"},{"@type":"Organization","@id":"https:\/\/www.turiart.com\/it\/#organization","name":"Servicios Auxiliares Turiart, S.L","url":"https:\/\/www.turiart.com\/it\/","logo":{"@type":"ImageObject","inLanguage":"it-IT","@id":"https:\/\/www.turiart.com\/it\/#\/schema\/logo\/image\/","url":"https:\/\/www.turiart.com\/wp-content\/uploads\/2018\/06\/logoHD-1.png","contentUrl":"https:\/\/www.turiart.com\/wp-content\/uploads\/2018\/06\/logoHD-1.png","width":403,"height":209,"caption":"Servicios Auxiliares Turiart, S.L"},"image":{"@id":"https:\/\/www.turiart.com\/it\/#\/schema\/logo\/image\/"},"sameAs":["https:\/\/www.facebook.com\/turiartVLC\/","https:\/\/x.com\/turiart","https:\/\/www.instagram.com\/turiart\/","https:\/\/www.linkedin.com\/company\/2726719\/admin\/"]}]}},"_links":{"self":[{"href":"https:\/\/www.turiart.com\/it\/wp-json\/wp\/v2\/product\/34421","targetHints":{"allow":["GET"]}}],"collection":[{"href":"https:\/\/www.turiart.com\/it\/wp-json\/wp\/v2\/product"}],"about":[{"href":"https:\/\/www.turiart.com\/it\/wp-json\/wp\/v2\/types\/product"}],"replies":[{"embeddable":true,"href":"https:\/\/www.turiart.com\/it\/wp-json\/wp\/v2\/comments?post=34421"}],"wp:featuredmedia":[{"embeddable":true,"href":"https:\/\/www.turiart.com\/it\/wp-json\/wp\/v2\/media\/34005"}],"wp:attachment":[{"href":"https:\/\/www.turiart.com\/it\/wp-json\/wp\/v2\/media?parent=34421"}],"wp:term":[{"taxonomy":"product_brand","embeddable":true,"href":"https:\/\/www.turiart.com\/it\/wp-json\/wp\/v2\/product_brand?post=34421"},{"taxonomy":"product_cat","embeddable":true,"href":"https:\/\/www.turiart.com\/it\/wp-json\/wp\/v2\/product_cat?post=34421"},{"taxonomy":"product_tag","embeddable":true,"href":"https:\/\/www.turiart.com\/it\/wp-json\/wp\/v2\/product_tag?post=34421"}],"curies":[{"name":"wp","href":"https:\/\/api.w.org\/{rel}","templated":true}]}}