{"id":3450,"date":"2013-11-27T16:52:06","date_gmt":"2013-11-27T14:52:06","guid":{"rendered":"http:\/\/dev.turiart.com\/?post_type=product&#038;p=3450"},"modified":"2024-05-09T10:42:27","modified_gmt":"2024-05-09T08:42:27","slug":"litinerario-delle-arance","status":"publish","type":"product","link":"https:\/\/www.turiart.com\/it\/catalogo-de-productos\/escursioni\/litinerario-delle-arance\/","title":{"rendered":"L'itinerario delle Arance"},"content":{"rendered":"<p>L'arancio non <span style=\"font-weight: 400;\">\u00e8<\/span> solo un colore, <span style=\"font-weight: 400;\">\u00e8<\/span> anche un sapore e per questo il nostro itinerario delle Arance Valenciane ci offre la possibilit<span style=\"font-weight: 400;\">\u00e0<\/span> di avvicinarci alla coltivazione di questo agrume nelle diverse localit\u00e0 della Comunit<span style=\"font-weight: 400;\">\u00e0<\/span> Valenciana.<\/p>\n<p>Da dove vengono le arance? Qual <span style=\"font-weight: 400;\">\u00e8<\/span> la loro coltivazione e processo di produzione? Come si fa a conoscere la lavorazione di questo frutto che rappresenta un po' il talismano del territorio valenciano?<\/p>\n<p>L'escursione in un campo di arance, la visita ad un vecchio magazzino abbandonato dichiarato BIC (Bene di Interesse Culturale) e ad uno invece ancora attivo e funzionante, si completer<span style=\"font-weight: 400;\">\u00e0<\/span> con una visita al Museo delle Arance, un Museo Provinciale, oppure in un Orto Monumentale, a seconda dell'opzione che preferir<span style=\"font-weight: 400;\">\u00e0<\/span> il gruppo.<\/p>\n<p>Questo itinerario pu<span style=\"font-weight: 400;\">\u00f2<\/span> terminare in due localit<span style=\"font-weight: 400;\">\u00e0<\/span> differenti.<\/p>\n<p>Mettiti in contatto con TURIART per scoprire tutte le opzioni!<\/p>\n","protected":false},"excerpt":{"rendered":"<p>L'arancio non \u00e8 solo un colore, \u00e8 anche un sapore e per questo il nostro itinerario delle Arance Valenciane ci offre la possibilit\u00e0 di avvicinarci alla coltivazione di questo agrume nelle diverse localit\u00e0 della Comunit\u00e0 Valenciana. Da dove vengono le arance? Qual \u00e8 la loro coltivazione e processo di produzione? Come si fa a conoscere [&hellip;]<\/p>\n","protected":false},"featured_media":29501,"comment_status":"open","ping_status":"closed","template":"","meta":{"_acf_changed":false,"_joinchat":[]},"product_brand":[],"product_cat":[232],"product_tag":[2380,2381,2382,2383,2398,2385,2384,2265,927,931,2386,955],"class_list":{"0":"post-3450","1":"product","2":"type-product","3":"status-publish","4":"has-post-thumbnail","6":"product_cat-escursioni","7":"product_tag-agricoltura","8":"product_tag-agricolturatours","9":"product_tag-agricolturatoursvalencia","10":"product_tag-agriturismo-it","11":"product_tag-agriturismo-it-2","12":"product_tag-arancia","13":"product_tag-comunita-valenciana","14":"product_tag-comunitat-valenciana-it-2","15":"product_tag-tour-culturale","16":"product_tag-tour-guidato","17":"product_tag-larancia-di-valencia","18":"product_tag-turismo-sostenibile","20":"first","21":"instock","22":"shipping-taxable","23":"product-type-simple"},"acf":[],"yoast_head":"<!-- This site is optimized with the Yoast SEO plugin v26.8 - https:\/\/yoast.com\/product\/yoast-seo-wordpress\/ -->\n<title>L&#039;itinerario delle Arance - Turiart<\/title>\n<meta name=\"description\" content=\"La ruta de la Naranja Valenciana ofrece \u00a0a los grupos la posibilidad de acercarse a al cultivo de \u00e9ste c\u00edtrico en diferentes poblaciones \u00a0de la Comunidad Valenciana.\" \/>\n<meta name=\"robots\" content=\"index, follow, max-snippet:-1, max-image-preview:large, max-video-preview:-1\" \/>\n<link rel=\"canonical\" href=\"https:\/\/www.turiart.com\/it\/catalogo-de-productos\/escursioni\/litinerario-delle-arance\/\" \/>\n<meta property=\"og:locale\" content=\"it_IT\" \/>\n<meta property=\"og:type\" content=\"article\" \/>\n<meta property=\"og:title\" content=\"L&#039;itinerario delle Arance - Turiart\" \/>\n<meta property=\"og:description\" content=\"La ruta de la Naranja Valenciana ofrece \u00a0a los grupos la posibilidad de acercarse a al cultivo de \u00e9ste c\u00edtrico en diferentes poblaciones \u00a0de la Comunidad Valenciana.\" \/>\n<meta property=\"og:url\" content=\"https:\/\/www.turiart.com\/it\/catalogo-de-productos\/escursioni\/litinerario-delle-arance\/\" \/>\n<meta property=\"og:site_name\" content=\"Turiart\" \/>\n<meta property=\"article:publisher\" content=\"https:\/\/www.facebook.com\/turiartVLC\/\" \/>\n<meta property=\"article:modified_time\" content=\"2024-05-09T08:42:27+00:00\" \/>\n<meta property=\"og:image\" content=\"https:\/\/www.turiart.com\/wp-content\/uploads\/2013\/11\/BETXI2.jpg\" \/>\n\t<meta property=\"og:image:width\" content=\"600\" \/>\n\t<meta property=\"og:image:height\" content=\"300\" \/>\n\t<meta property=\"og:image:type\" content=\"image\/jpeg\" \/>\n<meta name=\"twitter:label1\" content=\"Est. reading time\" \/>\n\t<meta name=\"twitter:data1\" content=\"1 minute\" \/>\n<script type=\"application\/ld+json\" class=\"yoast-schema-graph\">{\"@context\":\"https:\/\/schema.org\",\"@graph\":[{\"@type\":\"WebPage\",\"@id\":\"https:\/\/www.turiart.com\/it\/catalogo-de-productos\/escursioni\/litinerario-delle-arance\/\",\"url\":\"https:\/\/www.turiart.com\/it\/catalogo-de-productos\/escursioni\/litinerario-delle-arance\/\",\"name\":\"L'itinerario delle Arance - Turiart\",\"isPartOf\":{\"@id\":\"https:\/\/www.turiart.com\/it\/#website\"},\"primaryImageOfPage\":{\"@id\":\"https:\/\/www.turiart.com\/it\/catalogo-de-productos\/escursioni\/litinerario-delle-arance\/#primaryimage\"},\"image\":{\"@id\":\"https:\/\/www.turiart.com\/it\/catalogo-de-productos\/escursioni\/litinerario-delle-arance\/#primaryimage\"},\"thumbnailUrl\":\"https:\/\/www.turiart.com\/wp-content\/uploads\/2013\/11\/BETXI2.jpg\",\"datePublished\":\"2013-11-27T14:52:06+00:00\",\"dateModified\":\"2024-05-09T08:42:27+00:00\",\"description\":\"La ruta de la Naranja Valenciana ofrece \u00a0a los grupos la posibilidad de acercarse a al cultivo de \u00e9ste c\u00edtrico en diferentes poblaciones \u00a0de la Comunidad Valenciana.\",\"breadcrumb\":{\"@id\":\"https:\/\/www.turiart.com\/it\/catalogo-de-productos\/escursioni\/litinerario-delle-arance\/#breadcrumb\"},\"inLanguage\":\"it-IT\",\"potentialAction\":[{\"@type\":\"ReadAction\",\"target\":[\"https:\/\/www.turiart.com\/it\/catalogo-de-productos\/escursioni\/litinerario-delle-arance\/\"]}]},{\"@type\":\"ImageObject\",\"inLanguage\":\"it-IT\",\"@id\":\"https:\/\/www.turiart.com\/it\/catalogo-de-productos\/escursioni\/litinerario-delle-arance\/#primaryimage\",\"url\":\"https:\/\/www.turiart.com\/wp-content\/uploads\/2013\/11\/BETXI2.jpg\",\"contentUrl\":\"https:\/\/www.turiart.com\/wp-content\/uploads\/2013\/11\/BETXI2.jpg\",\"width\":600,\"height\":300},{\"@type\":\"BreadcrumbList\",\"@id\":\"https:\/\/www.turiart.com\/it\/catalogo-de-productos\/escursioni\/litinerario-delle-arance\/#breadcrumb\",\"itemListElement\":[{\"@type\":\"ListItem\",\"position\":1,\"name\":\"Home\",\"item\":\"https:\/\/www.turiart.com\/it\/\"},{\"@type\":\"ListItem\",\"position\":2,\"name\":\"Catalogo dei prodotti\",\"item\":\"https:\/\/www.turiart.com\/it\/catalogo-dei-prodotti\/\"},{\"@type\":\"ListItem\",\"position\":3,\"name\":\"Escursioni\",\"item\":\"https:\/\/www.turiart.com\/it\/prodotti\/escursioni\/\"},{\"@type\":\"ListItem\",\"position\":4,\"name\":\"L'itinerario delle Arance\"}]},{\"@type\":\"WebSite\",\"@id\":\"https:\/\/www.turiart.com\/it\/#website\",\"url\":\"https:\/\/www.turiart.com\/it\/\",\"name\":\"Turiart\",\"description\":\"Visitas guiadas y servicios tur\u00edstico-culturales en Valencia\",\"publisher\":{\"@id\":\"https:\/\/www.turiart.com\/it\/#organization\"},\"potentialAction\":[{\"@type\":\"SearchAction\",\"target\":{\"@type\":\"EntryPoint\",\"urlTemplate\":\"https:\/\/www.turiart.com\/it\/?s={search_term_string}\"},\"query-input\":{\"@type\":\"PropertyValueSpecification\",\"valueRequired\":true,\"valueName\":\"search_term_string\"}}],\"inLanguage\":\"it-IT\"},{\"@type\":\"Organization\",\"@id\":\"https:\/\/www.turiart.com\/it\/#organization\",\"name\":\"Servicios Auxiliares Turiart, S.L\",\"url\":\"https:\/\/www.turiart.com\/it\/\",\"logo\":{\"@type\":\"ImageObject\",\"inLanguage\":\"it-IT\",\"@id\":\"https:\/\/www.turiart.com\/it\/#\/schema\/logo\/image\/\",\"url\":\"https:\/\/www.turiart.com\/wp-content\/uploads\/2018\/06\/logoHD-1.png\",\"contentUrl\":\"https:\/\/www.turiart.com\/wp-content\/uploads\/2018\/06\/logoHD-1.png\",\"width\":403,\"height\":209,\"caption\":\"Servicios Auxiliares Turiart, S.L\"},\"image\":{\"@id\":\"https:\/\/www.turiart.com\/it\/#\/schema\/logo\/image\/\"},\"sameAs\":[\"https:\/\/www.facebook.com\/turiartVLC\/\",\"https:\/\/x.com\/turiart\",\"https:\/\/www.instagram.com\/turiart\/\",\"https:\/\/www.linkedin.com\/company\/2726719\/admin\/\"]}]}<\/script>\n<!-- \/ Yoast SEO plugin. -->","yoast_head_json":{"title":"L'itinerario delle Arance - Turiart","description":"La ruta de la Naranja Valenciana ofrece \u00a0a los grupos la posibilidad de acercarse a al cultivo de \u00e9ste c\u00edtrico en diferentes poblaciones \u00a0de la Comunidad Valenciana.","robots":{"index":"index","follow":"follow","max-snippet":"max-snippet:-1","max-image-preview":"max-image-preview:large","max-video-preview":"max-video-preview:-1"},"canonical":"https:\/\/www.turiart.com\/it\/catalogo-de-productos\/escursioni\/litinerario-delle-arance\/","og_locale":"it_IT","og_type":"article","og_title":"L'itinerario delle Arance - Turiart","og_description":"La ruta de la Naranja Valenciana ofrece \u00a0a los grupos la posibilidad de acercarse a al cultivo de \u00e9ste c\u00edtrico en diferentes poblaciones \u00a0de la Comunidad Valenciana.","og_url":"https:\/\/www.turiart.com\/it\/catalogo-de-productos\/escursioni\/litinerario-delle-arance\/","og_site_name":"Turiart","article_publisher":"https:\/\/www.facebook.com\/turiartVLC\/","article_modified_time":"2024-05-09T08:42:27+00:00","og_image":[{"width":600,"height":300,"url":"https:\/\/www.turiart.com\/wp-content\/uploads\/2013\/11\/BETXI2.jpg","type":"image\/jpeg"}],"twitter_misc":{"Est. reading time":"1 minute"},"schema":{"@context":"https:\/\/schema.org","@graph":[{"@type":"WebPage","@id":"https:\/\/www.turiart.com\/it\/catalogo-de-productos\/escursioni\/litinerario-delle-arance\/","url":"https:\/\/www.turiart.com\/it\/catalogo-de-productos\/escursioni\/litinerario-delle-arance\/","name":"L'itinerario delle Arance - Turiart","isPartOf":{"@id":"https:\/\/www.turiart.com\/it\/#website"},"primaryImageOfPage":{"@id":"https:\/\/www.turiart.com\/it\/catalogo-de-productos\/escursioni\/litinerario-delle-arance\/#primaryimage"},"image":{"@id":"https:\/\/www.turiart.com\/it\/catalogo-de-productos\/escursioni\/litinerario-delle-arance\/#primaryimage"},"thumbnailUrl":"https:\/\/www.turiart.com\/wp-content\/uploads\/2013\/11\/BETXI2.jpg","datePublished":"2013-11-27T14:52:06+00:00","dateModified":"2024-05-09T08:42:27+00:00","description":"La ruta de la Naranja Valenciana ofrece \u00a0a los grupos la posibilidad de acercarse a al cultivo de \u00e9ste c\u00edtrico en diferentes poblaciones \u00a0de la Comunidad Valenciana.","breadcrumb":{"@id":"https:\/\/www.turiart.com\/it\/catalogo-de-productos\/escursioni\/litinerario-delle-arance\/#breadcrumb"},"inLanguage":"it-IT","potentialAction":[{"@type":"ReadAction","target":["https:\/\/www.turiart.com\/it\/catalogo-de-productos\/escursioni\/litinerario-delle-arance\/"]}]},{"@type":"ImageObject","inLanguage":"it-IT","@id":"https:\/\/www.turiart.com\/it\/catalogo-de-productos\/escursioni\/litinerario-delle-arance\/#primaryimage","url":"https:\/\/www.turiart.com\/wp-content\/uploads\/2013\/11\/BETXI2.jpg","contentUrl":"https:\/\/www.turiart.com\/wp-content\/uploads\/2013\/11\/BETXI2.jpg","width":600,"height":300},{"@type":"BreadcrumbList","@id":"https:\/\/www.turiart.com\/it\/catalogo-de-productos\/escursioni\/litinerario-delle-arance\/#breadcrumb","itemListElement":[{"@type":"ListItem","position":1,"name":"Home","item":"https:\/\/www.turiart.com\/it\/"},{"@type":"ListItem","position":2,"name":"Catalogo dei prodotti","item":"https:\/\/www.turiart.com\/it\/catalogo-dei-prodotti\/"},{"@type":"ListItem","position":3,"name":"Escursioni","item":"https:\/\/www.turiart.com\/it\/prodotti\/escursioni\/"},{"@type":"ListItem","position":4,"name":"L'itinerario delle Arance"}]},{"@type":"WebSite","@id":"https:\/\/www.turiart.com\/it\/#website","url":"https:\/\/www.turiart.com\/it\/","name":"Turiart","description":"Visitas guiadas y servicios tur\u00edstico-culturales en Valencia","publisher":{"@id":"https:\/\/www.turiart.com\/it\/#organization"},"potentialAction":[{"@type":"SearchAction","target":{"@type":"EntryPoint","urlTemplate":"https:\/\/www.turiart.com\/it\/?s={search_term_string}"},"query-input":{"@type":"PropertyValueSpecification","valueRequired":true,"valueName":"search_term_string"}}],"inLanguage":"it-IT"},{"@type":"Organization","@id":"https:\/\/www.turiart.com\/it\/#organization","name":"Servicios Auxiliares Turiart, S.L","url":"https:\/\/www.turiart.com\/it\/","logo":{"@type":"ImageObject","inLanguage":"it-IT","@id":"https:\/\/www.turiart.com\/it\/#\/schema\/logo\/image\/","url":"https:\/\/www.turiart.com\/wp-content\/uploads\/2018\/06\/logoHD-1.png","contentUrl":"https:\/\/www.turiart.com\/wp-content\/uploads\/2018\/06\/logoHD-1.png","width":403,"height":209,"caption":"Servicios Auxiliares Turiart, S.L"},"image":{"@id":"https:\/\/www.turiart.com\/it\/#\/schema\/logo\/image\/"},"sameAs":["https:\/\/www.facebook.com\/turiartVLC\/","https:\/\/x.com\/turiart","https:\/\/www.instagram.com\/turiart\/","https:\/\/www.linkedin.com\/company\/2726719\/admin\/"]}]}},"_links":{"self":[{"href":"https:\/\/www.turiart.com\/it\/wp-json\/wp\/v2\/product\/3450","targetHints":{"allow":["GET"]}}],"collection":[{"href":"https:\/\/www.turiart.com\/it\/wp-json\/wp\/v2\/product"}],"about":[{"href":"https:\/\/www.turiart.com\/it\/wp-json\/wp\/v2\/types\/product"}],"replies":[{"embeddable":true,"href":"https:\/\/www.turiart.com\/it\/wp-json\/wp\/v2\/comments?post=3450"}],"wp:featuredmedia":[{"embeddable":true,"href":"https:\/\/www.turiart.com\/it\/wp-json\/wp\/v2\/media\/29501"}],"wp:attachment":[{"href":"https:\/\/www.turiart.com\/it\/wp-json\/wp\/v2\/media?parent=3450"}],"wp:term":[{"taxonomy":"product_brand","embeddable":true,"href":"https:\/\/www.turiart.com\/it\/wp-json\/wp\/v2\/product_brand?post=3450"},{"taxonomy":"product_cat","embeddable":true,"href":"https:\/\/www.turiart.com\/it\/wp-json\/wp\/v2\/product_cat?post=3450"},{"taxonomy":"product_tag","embeddable":true,"href":"https:\/\/www.turiart.com\/it\/wp-json\/wp\/v2\/product_tag?post=3450"}],"curies":[{"name":"wp","href":"https:\/\/api.w.org\/{rel}","templated":true}]}}