{"id":3487,"date":"2018-02-06T09:20:17","date_gmt":"2018-02-06T07:20:17","guid":{"rendered":"http:\/\/dev.turiart.com\/?post_type=product&#038;p=3487"},"modified":"2025-05-21T11:16:14","modified_gmt":"2025-05-21T09:16:14","slug":"tour-in-catamarano","status":"publish","type":"product","link":"https:\/\/www.turiart.com\/it\/catalogo-de-productos\/biglietti\/tour-in-catamarano\/","title":{"rendered":"Tour in catamarano"},"content":{"rendered":"<p>Turiart ti offre la possibilit\u00e0 di <strong>godere del mare di Valencia da un'altra prospettiva: <\/strong><strong>a bordo di un catamarano, in mezzo al mare e con la migliore compagnia! <\/strong><\/p>\n<p>Partenze da Valencia.<\/p>\n<p>&nbsp;<\/p>\n<h3><strong><span style=\"color: #ff6600;\">TRAMONTO IN MEZZO AL MARE (1 ora e mezza)<\/span><\/strong><\/h3>\n<p>Tour della costa di Valencia per trovare la posizione migliore per guardare il tramonto.<\/p>\n<p><strong>Partenze:<\/strong> Ogni giorno.<\/p>\n<p><strong>Orari:<\/strong><\/p>\n<ul>\n<li>Consultare il calendario.<\/li>\n<\/ul>\n<p><strong>La visita comprende:<\/strong> bicchiere di spumante per gli adulti; soda per i bambini. NON include il bagno.<\/p>\n<p><strong>Tariffe a partire da:<\/strong><\/p>\n<ul>\n<li>Adulti: 22 euro.<\/li>\n<li>Senior: 18 euro.<\/li>\n<li>Bambini (4-12 anni): 14 euro.<\/li>\n<li>Sotto i 4 anni: GRATIS.<\/li>\n<\/ul>\n<p><strong>Opzionale:<\/strong><\/p>\n<ul>\n<li>\n<p id=\"tw-target-text\" class=\"tw-data-text tw-text-large tw-ta\" dir=\"ltr\" data-placeholder=\"Traducci\u00f3n\" data-ved=\"2ahUKEwismOzX9fyMAxUdfKQEHd0IGnkQ3ewLegQICBAW\" aria-label=\"Texto traducido: Opzionale: Possibilit\u00e0 di aggiungere una prenotazione netta a 6\u20ac\/persona\"><span class=\"Y2IQFc\" lang=\"it\">Possibilit\u00e0 di aggiungere una prenotazione netta a 6\u20ac\/persona.<\/span><\/p>\n<\/li>\n<\/ul>\n<p><strong><a href=\"https:\/\/fareharbor.com\/embeds\/book\/mundomarino\/items\/126986\/?asn=turiart&amp;full-items=yes&amp;flow=no\">PRENOTA QUI<\/a><\/strong><\/p>\n<p>---------------------------------------------------------------------------------------------------<\/p>\n<h3><span style=\"color: #800080;\"><strong>ESCURSIONE LUNGO LA COSTA (1 ora)<\/strong><\/span><\/h3>\n<p>Percorso lungo la costa di Valencia.<\/p>\n<p><strong>Partenze:<\/strong> dal gioved\u00ec al luned\u00ec.<\/p>\n<p><strong>Orari:<\/strong><\/p>\n<ul>\n<li>A partire dal 7 marzo, dal gioved\u00ec al luned\u00ec nei seguenti turni: 11:00, 13:00 e 16:30.<\/li>\n<li>Verificare il calendario per conferma.<\/li>\n<\/ul>\n<p><strong>La visita include:<\/strong> passeggiata lungo la costa, con vista sulla citt\u00e0 di Valencia e sulla spiaggia della Malvarrosa.<\/p>\n<p><strong>Tariffe a partire da:<\/strong><\/p>\n<ul>\n<li>Adulti: 15 euro<\/li>\n<li>Senior: 12 euro<\/li>\n<li>Bambini (4-12 anni): 9 euro<\/li>\n<li>Minori di 4 anni: GRATIS<\/li>\n<\/ul>\n<p><a href=\"https:\/\/fareharbor.com\/embeds\/book\/mundomarino\/items\/126982\/?asn=turiart&amp;full-items=yes&amp;flow=no\"><strong>PRENOTA QUI<\/strong><\/a><\/p>\n<hr \/>\n<h3><span style=\"color: #800080;\"><strong>GIRO NELLA PICCOLA VENEZIA (30 minuti)<\/strong><\/span><\/h3>\n<p>Percorso tra i canali di Port Saplaya, conosciuta anche come la piccola Venezia valenciana.<\/p>\n<p><strong>Partenze:<\/strong> dal gioved\u00ec al luned\u00ec.<\/p>\n<p><strong>Orari:<\/strong><\/p>\n<p>A partire dall\u20198 marzo, dal gioved\u00ec al luned\u00ec nei seguenti turni: 12:00 e 16:30.<br \/>\nVerificare il calendario per conferma.<\/p>\n<p><strong>La visita include:<\/strong> giro tra i canali di Port Saplaya, poi potrai goderti una passeggiata tra le sue strade e infine tornare al porto.<\/p>\n<p><strong>Tariffe a partire da:<\/strong><\/p>\n<ul>\n<li>Adulti: 18 euro<\/li>\n<li>Senior: 15 euro<\/li>\n<li>Bambini (4-12 anni): 12 euro<\/li>\n<li>Minori di 4 anni: GRATIS<\/li>\n<\/ul>\n<p><strong><a href=\"https:\/\/fareharbor.com\/embeds\/book\/mundomarino\/items\/491704\/?asn=turiart&amp;full-items=yes&amp;flow=no\">PRENOTA QUI<\/a><\/strong><\/p>\n<hr \/>\n<h3><strong style=\"color: #008000;\">ESCURSIONE CON BAGNO (1 ora e mezza)<\/strong><\/h3>\n<p>Tour della costa di Valencia con bagno.<\/p>\n<p><strong>Partenze:<\/strong> Tutti i giorni.<\/p>\n<p><strong>Orari:<\/strong><\/p>\n<ul>\n<li>A partire dal 1\u00b0 maggio. Dal luned\u00ec al gioved\u00ec alle 12:30. Dal venerd\u00ec alla domenica alle ore 11:00.<\/li>\n<li>Si prega di controllare il calendario.<\/li>\n<\/ul>\n<p><strong>La visita comprende:<\/strong> Giro in vela in catamarano e fermata per un bagno rinfrescante<\/p>\n<p><strong>Tariffe a partire da:\u00a0<\/strong><\/p>\n<ul>\n<li>Adulti: 20 euro.<\/li>\n<li>Seniors: 18 euro.<\/li>\n<li>Bambini (4-12 anni): 15 euro.<\/li>\n<li>Sotto i 4 anni: GRATIS.<\/li>\n<\/ul>\n<p><strong>Opzionale:<\/strong><\/p>\n<ul>\n<li>\n<p id=\"tw-target-text\" class=\"tw-data-text tw-text-large tw-ta\" dir=\"ltr\" data-placeholder=\"Traducci\u00f3n\" data-ved=\"2ahUKEwismOzX9fyMAxUdfKQEHd0IGnkQ3ewLegQICBAW\" aria-label=\"Texto traducido: Opzionale: Possibilit\u00e0 di aggiungere una prenotazione netta a 6\u20ac\/persona\"><span class=\"Y2IQFc\" lang=\"it\">Possibilit\u00e0 di aggiungere una prenotazione netta a 6\u20ac\/persona.<\/span><\/p>\n<\/li>\n<\/ul>\n<p><span style=\"color: #0000ff;\"><strong><a style=\"color: #0000ff;\" href=\"https:\/\/fareharbor.com\/embeds\/book\/mundomarino\/items\/126984\/?asn=turiart&amp;full-items=yes&amp;flow=no\">PRENOTA QUI<\/a><\/strong><\/span><\/p>\n<p>---------------------------------------------------------------------------------------------------<\/p>\n<h3><span style=\"color: #33cccc;\"><strong><span style=\"color: #ff9900;\">ESCURSIONE IN CATAMARANO CON BAGNO E PAELLA ( 3 ore)\u00a0<\/span><\/strong><\/span><\/h3>\n<p>Tour della costa di Valencia con bagno e paella a bordo.<\/p>\n<p><strong>Partenze:<\/strong> Lunes, Mi\u00e9rcoles, Viernes y Domingos (hasta el 13 de octubre).<\/p>\n<p><strong>Horarios: <\/strong>13:00h<\/p>\n<p><strong>Arrivi<\/strong>: 16:00h<\/p>\n<p><strong>La visita comprende<\/strong>:<\/p>\n<ul>\n<li>Passeggiata con bagno.<\/li>\n<li>cibo (insalata, paella di pollo, pane e frutta) e una bevanda (acqua, soda o sangria).<\/li>\n<\/ul>\n<p><strong>Tariffe a partire da:<\/strong><\/p>\n<ul>\n<li>Adulti: 42 euro.<\/li>\n<li>Senior: 36 euro.<\/li>\n<li>Bambini (4-12 anni): 30 euro.<\/li>\n<li>Sotto i 4 anni: GRATIS.<\/li>\n<\/ul>\n<p><strong>Opzionale:<\/strong><\/p>\n<ul>\n<li>\n<p id=\"tw-target-text\" class=\"tw-data-text tw-text-large tw-ta\" dir=\"ltr\" data-placeholder=\"Traducci\u00f3n\" data-ved=\"2ahUKEwismOzX9fyMAxUdfKQEHd0IGnkQ3ewLegQICBAW\" aria-label=\"Texto traducido: Opzionale: Possibilit\u00e0 di aggiungere una prenotazione netta a 6\u20ac\/persona\"><span class=\"Y2IQFc\" lang=\"it\">Possibilit\u00e0 di aggiungere una prenotazione netta a 6\u20ac\/persona.<\/span><\/p>\n<\/li>\n<\/ul>\n<p><strong><a href=\"https:\/\/fareharbor.com\/embeds\/book\/mundomarino\/items\/126985\/?asn=turiart&amp;full-items=yes&amp;flow=no\">PRENOTA QUI<\/a><\/strong><\/p>\n<p>---------------------------------------------------------------------------------------------------<\/p>\n<h3><span style=\"color: #ff00ff;\"><strong>FESTA IN CATAMARANO CON BAGNO E PAELLA\u00a0 (3 ore)<\/strong><\/span><\/h3>\n<p>Tour della costa di Valencia con bagno, DJ e paella a bordo.<\/p>\n<p>Tutti i sabati.<\/p>\n<p><strong>Partenze<\/strong>: 12:45h<\/p>\n<p><strong>La visita comprende:<\/strong> bicchiere di benvenuto; festa in catamarano; cibo (insalata, paella di pollo, pane e frutta) e una bevanda (acqua, soda o sangria); Dj a bordo.<\/p>\n<p><strong>Tariffe a partire da<\/strong>:<\/p>\n<ul>\n<li>Adulti: 57 euro<\/li>\n<\/ul>\n<p><strong>Opzionale:<\/strong><\/p>\n<ul>\n<li>\n<p id=\"tw-target-text\" class=\"tw-data-text tw-text-large tw-ta\" dir=\"ltr\" data-placeholder=\"Traducci\u00f3n\" data-ved=\"2ahUKEwismOzX9fyMAxUdfKQEHd0IGnkQ3ewLegQICBAW\" aria-label=\"Texto traducido: Opzionale: Possibilit\u00e0 di aggiungere una prenotazione netta a 6\u20ac\/persona\"><span class=\"Y2IQFc\" lang=\"it\">Possibilit\u00e0 di aggiungere una prenotazione netta a 6\u20ac\/persona.<\/span><\/p>\n<\/li>\n<\/ul>\n<p><strong><a href=\"https:\/\/fareharbor.com\/embeds\/book\/mundomarino\/items\/126988\/?asn=turiart&amp;full-items=yes&amp;flow=no\">PRENOTA QUI<\/a><\/strong><\/p>\n","protected":false},"excerpt":{"rendered":"<p>Turiart ti offre la possibilit\u00e0 di godere del mare di Valencia da un'altra prospettiva: a bordo di un catamarano, in mezzo al mare e con la migliore compagnia!<\/p>\n","protected":false},"featured_media":24875,"comment_status":"open","ping_status":"closed","template":"","meta":{"_acf_changed":false,"_joinchat":[]},"product_brand":[],"product_cat":[1446],"product_tag":[777,2791,2790,2262,2384,2265,2788,2787,875,2789,957],"class_list":{"0":"post-3487","1":"product","2":"type-product","3":"status-publish","4":"has-post-thumbnail","6":"product_cat-biglietti","7":"product_tag-attivita","8":"product_tag-aziende","9":"product_tag-barca-it","10":"product_tag-catamaran-it","11":"product_tag-comunita-valenciana","12":"product_tag-comunitat-valenciana-it-2","13":"product_tag-escursione-in-catamarano","14":"product_tag-mare","15":"product_tag-mediterraneo-it","16":"product_tag-tour-in-barca","17":"product_tag-valencia-it","18":"pa_atributo-entradas-tramonto-adulto","19":"pa_atributo-entradas-tramonto-bambino","20":"pa_atributo-entradas-giornata-mare-adulto","21":"pa_atributo-entradas-giornata-mare-bambino","22":"pa_atributo-entradas-escursione-bagno-adulto","23":"pa_atributo-entradas-escursione-bagno-bambino","25":"first","26":"instock","27":"shipping-taxable","28":"product-type-variable"},"acf":[],"yoast_head":"<!-- This site is optimized with the Yoast SEO plugin v26.8 - https:\/\/yoast.com\/product\/yoast-seo-wordpress\/ -->\n<title>Tour in catamarano - Turiart<\/title>\n<meta name=\"description\" content=\"Ven a disfrutar del mar de Valencia desde un lugar privilegiado: a bordo de un catamar\u00e1n, en \u00a0pleno mar \u00a0y con \u00a0la mejor compa\u00f1\u00eda.\" \/>\n<meta name=\"robots\" content=\"index, follow, max-snippet:-1, max-image-preview:large, max-video-preview:-1\" \/>\n<link rel=\"canonical\" href=\"https:\/\/www.turiart.com\/it\/catalogo-de-productos\/biglietti\/tour-in-catamarano\/\" \/>\n<meta property=\"og:locale\" content=\"it_IT\" \/>\n<meta property=\"og:type\" content=\"article\" \/>\n<meta property=\"og:title\" content=\"Tour in catamarano - Turiart\" \/>\n<meta property=\"og:description\" content=\"Ven a disfrutar del mar de Valencia desde un lugar privilegiado: a bordo de un catamar\u00e1n, en \u00a0pleno mar \u00a0y con \u00a0la mejor compa\u00f1\u00eda.\" \/>\n<meta property=\"og:url\" content=\"https:\/\/www.turiart.com\/it\/catalogo-de-productos\/biglietti\/tour-in-catamarano\/\" \/>\n<meta property=\"og:site_name\" content=\"Turiart\" \/>\n<meta property=\"article:publisher\" content=\"https:\/\/www.facebook.com\/turiartVLC\/\" \/>\n<meta property=\"article:modified_time\" content=\"2025-05-21T09:16:14+00:00\" \/>\n<meta property=\"og:image\" content=\"https:\/\/www.turiart.com\/wp-content\/uploads\/2014\/02\/Mallorca-catamaran-tour-scaled.jpg\" \/>\n\t<meta property=\"og:image:width\" content=\"2560\" \/>\n\t<meta property=\"og:image:height\" content=\"1708\" \/>\n\t<meta property=\"og:image:type\" content=\"image\/jpeg\" \/>\n<meta name=\"twitter:label1\" content=\"Est. reading time\" \/>\n\t<meta name=\"twitter:data1\" content=\"3 minutes\" \/>\n<script type=\"application\/ld+json\" class=\"yoast-schema-graph\">{\"@context\":\"https:\/\/schema.org\",\"@graph\":[{\"@type\":\"WebPage\",\"@id\":\"https:\/\/www.turiart.com\/it\/catalogo-de-productos\/biglietti\/tour-in-catamarano\/\",\"url\":\"https:\/\/www.turiart.com\/it\/catalogo-de-productos\/biglietti\/tour-in-catamarano\/\",\"name\":\"Tour in catamarano - Turiart\",\"isPartOf\":{\"@id\":\"https:\/\/www.turiart.com\/it\/#website\"},\"primaryImageOfPage\":{\"@id\":\"https:\/\/www.turiart.com\/it\/catalogo-de-productos\/biglietti\/tour-in-catamarano\/#primaryimage\"},\"image\":{\"@id\":\"https:\/\/www.turiart.com\/it\/catalogo-de-productos\/biglietti\/tour-in-catamarano\/#primaryimage\"},\"thumbnailUrl\":\"https:\/\/www.turiart.com\/wp-content\/uploads\/2014\/02\/Mallorca-catamaran-tour-scaled.jpg\",\"datePublished\":\"2018-02-06T07:20:17+00:00\",\"dateModified\":\"2025-05-21T09:16:14+00:00\",\"description\":\"Ven a disfrutar del mar de Valencia desde un lugar privilegiado: a bordo de un catamar\u00e1n, en \u00a0pleno mar \u00a0y con \u00a0la mejor compa\u00f1\u00eda.\",\"breadcrumb\":{\"@id\":\"https:\/\/www.turiart.com\/it\/catalogo-de-productos\/biglietti\/tour-in-catamarano\/#breadcrumb\"},\"inLanguage\":\"it-IT\",\"potentialAction\":[{\"@type\":\"ReadAction\",\"target\":[\"https:\/\/www.turiart.com\/it\/catalogo-de-productos\/biglietti\/tour-in-catamarano\/\"]}]},{\"@type\":\"ImageObject\",\"inLanguage\":\"it-IT\",\"@id\":\"https:\/\/www.turiart.com\/it\/catalogo-de-productos\/biglietti\/tour-in-catamarano\/#primaryimage\",\"url\":\"https:\/\/www.turiart.com\/wp-content\/uploads\/2014\/02\/Mallorca-catamaran-tour-scaled.jpg\",\"contentUrl\":\"https:\/\/www.turiart.com\/wp-content\/uploads\/2014\/02\/Mallorca-catamaran-tour-scaled.jpg\",\"width\":2560,\"height\":1708},{\"@type\":\"BreadcrumbList\",\"@id\":\"https:\/\/www.turiart.com\/it\/catalogo-de-productos\/biglietti\/tour-in-catamarano\/#breadcrumb\",\"itemListElement\":[{\"@type\":\"ListItem\",\"position\":1,\"name\":\"Home\",\"item\":\"https:\/\/www.turiart.com\/it\/\"},{\"@type\":\"ListItem\",\"position\":2,\"name\":\"Catalogo dei prodotti\",\"item\":\"https:\/\/www.turiart.com\/it\/catalogo-dei-prodotti\/\"},{\"@type\":\"ListItem\",\"position\":3,\"name\":\"Biglietti\",\"item\":\"https:\/\/www.turiart.com\/it\/prodotti\/biglietti\/\"},{\"@type\":\"ListItem\",\"position\":4,\"name\":\"Tour in catamarano\"}]},{\"@type\":\"WebSite\",\"@id\":\"https:\/\/www.turiart.com\/it\/#website\",\"url\":\"https:\/\/www.turiart.com\/it\/\",\"name\":\"Turiart\",\"description\":\"Visitas guiadas y servicios tur\u00edstico-culturales en Valencia\",\"publisher\":{\"@id\":\"https:\/\/www.turiart.com\/it\/#organization\"},\"potentialAction\":[{\"@type\":\"SearchAction\",\"target\":{\"@type\":\"EntryPoint\",\"urlTemplate\":\"https:\/\/www.turiart.com\/it\/?s={search_term_string}\"},\"query-input\":{\"@type\":\"PropertyValueSpecification\",\"valueRequired\":true,\"valueName\":\"search_term_string\"}}],\"inLanguage\":\"it-IT\"},{\"@type\":\"Organization\",\"@id\":\"https:\/\/www.turiart.com\/it\/#organization\",\"name\":\"Servicios Auxiliares Turiart, S.L\",\"url\":\"https:\/\/www.turiart.com\/it\/\",\"logo\":{\"@type\":\"ImageObject\",\"inLanguage\":\"it-IT\",\"@id\":\"https:\/\/www.turiart.com\/it\/#\/schema\/logo\/image\/\",\"url\":\"https:\/\/www.turiart.com\/wp-content\/uploads\/2018\/06\/logoHD-1.png\",\"contentUrl\":\"https:\/\/www.turiart.com\/wp-content\/uploads\/2018\/06\/logoHD-1.png\",\"width\":403,\"height\":209,\"caption\":\"Servicios Auxiliares Turiart, S.L\"},\"image\":{\"@id\":\"https:\/\/www.turiart.com\/it\/#\/schema\/logo\/image\/\"},\"sameAs\":[\"https:\/\/www.facebook.com\/turiartVLC\/\",\"https:\/\/x.com\/turiart\",\"https:\/\/www.instagram.com\/turiart\/\",\"https:\/\/www.linkedin.com\/company\/2726719\/admin\/\"]}]}<\/script>\n<!-- \/ Yoast SEO plugin. -->","yoast_head_json":{"title":"Tour in catamarano - Turiart","description":"Ven a disfrutar del mar de Valencia desde un lugar privilegiado: a bordo de un catamar\u00e1n, en \u00a0pleno mar \u00a0y con \u00a0la mejor compa\u00f1\u00eda.","robots":{"index":"index","follow":"follow","max-snippet":"max-snippet:-1","max-image-preview":"max-image-preview:large","max-video-preview":"max-video-preview:-1"},"canonical":"https:\/\/www.turiart.com\/it\/catalogo-de-productos\/biglietti\/tour-in-catamarano\/","og_locale":"it_IT","og_type":"article","og_title":"Tour in catamarano - Turiart","og_description":"Ven a disfrutar del mar de Valencia desde un lugar privilegiado: a bordo de un catamar\u00e1n, en \u00a0pleno mar \u00a0y con \u00a0la mejor compa\u00f1\u00eda.","og_url":"https:\/\/www.turiart.com\/it\/catalogo-de-productos\/biglietti\/tour-in-catamarano\/","og_site_name":"Turiart","article_publisher":"https:\/\/www.facebook.com\/turiartVLC\/","article_modified_time":"2025-05-21T09:16:14+00:00","og_image":[{"width":2560,"height":1708,"url":"https:\/\/www.turiart.com\/wp-content\/uploads\/2014\/02\/Mallorca-catamaran-tour-scaled.jpg","type":"image\/jpeg"}],"twitter_misc":{"Est. reading time":"3 minutes"},"schema":{"@context":"https:\/\/schema.org","@graph":[{"@type":"WebPage","@id":"https:\/\/www.turiart.com\/it\/catalogo-de-productos\/biglietti\/tour-in-catamarano\/","url":"https:\/\/www.turiart.com\/it\/catalogo-de-productos\/biglietti\/tour-in-catamarano\/","name":"Tour in catamarano - Turiart","isPartOf":{"@id":"https:\/\/www.turiart.com\/it\/#website"},"primaryImageOfPage":{"@id":"https:\/\/www.turiart.com\/it\/catalogo-de-productos\/biglietti\/tour-in-catamarano\/#primaryimage"},"image":{"@id":"https:\/\/www.turiart.com\/it\/catalogo-de-productos\/biglietti\/tour-in-catamarano\/#primaryimage"},"thumbnailUrl":"https:\/\/www.turiart.com\/wp-content\/uploads\/2014\/02\/Mallorca-catamaran-tour-scaled.jpg","datePublished":"2018-02-06T07:20:17+00:00","dateModified":"2025-05-21T09:16:14+00:00","description":"Ven a disfrutar del mar de Valencia desde un lugar privilegiado: a bordo de un catamar\u00e1n, en \u00a0pleno mar \u00a0y con \u00a0la mejor compa\u00f1\u00eda.","breadcrumb":{"@id":"https:\/\/www.turiart.com\/it\/catalogo-de-productos\/biglietti\/tour-in-catamarano\/#breadcrumb"},"inLanguage":"it-IT","potentialAction":[{"@type":"ReadAction","target":["https:\/\/www.turiart.com\/it\/catalogo-de-productos\/biglietti\/tour-in-catamarano\/"]}]},{"@type":"ImageObject","inLanguage":"it-IT","@id":"https:\/\/www.turiart.com\/it\/catalogo-de-productos\/biglietti\/tour-in-catamarano\/#primaryimage","url":"https:\/\/www.turiart.com\/wp-content\/uploads\/2014\/02\/Mallorca-catamaran-tour-scaled.jpg","contentUrl":"https:\/\/www.turiart.com\/wp-content\/uploads\/2014\/02\/Mallorca-catamaran-tour-scaled.jpg","width":2560,"height":1708},{"@type":"BreadcrumbList","@id":"https:\/\/www.turiart.com\/it\/catalogo-de-productos\/biglietti\/tour-in-catamarano\/#breadcrumb","itemListElement":[{"@type":"ListItem","position":1,"name":"Home","item":"https:\/\/www.turiart.com\/it\/"},{"@type":"ListItem","position":2,"name":"Catalogo dei prodotti","item":"https:\/\/www.turiart.com\/it\/catalogo-dei-prodotti\/"},{"@type":"ListItem","position":3,"name":"Biglietti","item":"https:\/\/www.turiart.com\/it\/prodotti\/biglietti\/"},{"@type":"ListItem","position":4,"name":"Tour in catamarano"}]},{"@type":"WebSite","@id":"https:\/\/www.turiart.com\/it\/#website","url":"https:\/\/www.turiart.com\/it\/","name":"Turiart","description":"Visitas guiadas y servicios tur\u00edstico-culturales en Valencia","publisher":{"@id":"https:\/\/www.turiart.com\/it\/#organization"},"potentialAction":[{"@type":"SearchAction","target":{"@type":"EntryPoint","urlTemplate":"https:\/\/www.turiart.com\/it\/?s={search_term_string}"},"query-input":{"@type":"PropertyValueSpecification","valueRequired":true,"valueName":"search_term_string"}}],"inLanguage":"it-IT"},{"@type":"Organization","@id":"https:\/\/www.turiart.com\/it\/#organization","name":"Servicios Auxiliares Turiart, S.L","url":"https:\/\/www.turiart.com\/it\/","logo":{"@type":"ImageObject","inLanguage":"it-IT","@id":"https:\/\/www.turiart.com\/it\/#\/schema\/logo\/image\/","url":"https:\/\/www.turiart.com\/wp-content\/uploads\/2018\/06\/logoHD-1.png","contentUrl":"https:\/\/www.turiart.com\/wp-content\/uploads\/2018\/06\/logoHD-1.png","width":403,"height":209,"caption":"Servicios Auxiliares Turiart, S.L"},"image":{"@id":"https:\/\/www.turiart.com\/it\/#\/schema\/logo\/image\/"},"sameAs":["https:\/\/www.facebook.com\/turiartVLC\/","https:\/\/x.com\/turiart","https:\/\/www.instagram.com\/turiart\/","https:\/\/www.linkedin.com\/company\/2726719\/admin\/"]}]}},"_links":{"self":[{"href":"https:\/\/www.turiart.com\/it\/wp-json\/wp\/v2\/product\/3487","targetHints":{"allow":["GET"]}}],"collection":[{"href":"https:\/\/www.turiart.com\/it\/wp-json\/wp\/v2\/product"}],"about":[{"href":"https:\/\/www.turiart.com\/it\/wp-json\/wp\/v2\/types\/product"}],"replies":[{"embeddable":true,"href":"https:\/\/www.turiart.com\/it\/wp-json\/wp\/v2\/comments?post=3487"}],"wp:featuredmedia":[{"embeddable":true,"href":"https:\/\/www.turiart.com\/it\/wp-json\/wp\/v2\/media\/24875"}],"wp:attachment":[{"href":"https:\/\/www.turiart.com\/it\/wp-json\/wp\/v2\/media?parent=3487"}],"wp:term":[{"taxonomy":"product_brand","embeddable":true,"href":"https:\/\/www.turiart.com\/it\/wp-json\/wp\/v2\/product_brand?post=3487"},{"taxonomy":"product_cat","embeddable":true,"href":"https:\/\/www.turiart.com\/it\/wp-json\/wp\/v2\/product_cat?post=3487"},{"taxonomy":"product_tag","embeddable":true,"href":"https:\/\/www.turiart.com\/it\/wp-json\/wp\/v2\/product_tag?post=3487"}],"curies":[{"name":"wp","href":"https:\/\/api.w.org\/{rel}","templated":true}]}}