{"id":36791,"date":"2025-11-12T14:30:52","date_gmt":"2025-11-12T12:30:52","guid":{"rendered":"https:\/\/www.turiart.com\/?post_type=product&#038;p=36791"},"modified":"2025-11-12T14:30:52","modified_gmt":"2025-11-12T12:30:52","slug":"pack-turistico-familiare-a-valencia","status":"publish","type":"product","link":"https:\/\/www.turiart.com\/it\/catalogo-de-productos\/tours-per-bambini\/pack-turistico-familiare-a-valencia\/","title":{"rendered":"Pack Turistico Familiare a Valencia"},"content":{"rendered":"<p><a href=\"https:\/\/www.turiart.com\/wp-content\/uploads\/2022\/05\/pack-turistico-familiare-a-valencia.jpg\"><img loading=\"lazy\" decoding=\"async\" class=\"alignnone wp-image-36831 size-full\" src=\"https:\/\/www.turiart.com\/wp-content\/uploads\/2022\/05\/pack-turistico-familiare-a-valencia.jpg\" alt=\"\" width=\"1414\" height=\"2000\" srcset=\"https:\/\/www.turiart.com\/wp-content\/uploads\/2022\/05\/pack-turistico-familiare-a-valencia.jpg 1414w, https:\/\/www.turiart.com\/wp-content\/smush-webp\/2022\/05\/pack-turistico-familiare-a-valencia-480x679.jpg.webp 480w, https:\/\/www.turiart.com\/wp-content\/uploads\/2022\/05\/pack-turistico-familiare-a-valencia-212x300.jpg 212w, https:\/\/www.turiart.com\/wp-content\/uploads\/2022\/05\/pack-turistico-familiare-a-valencia-724x1024.jpg 724w, https:\/\/www.turiart.com\/wp-content\/uploads\/2022\/05\/pack-turistico-familiare-a-valencia-768x1086.jpg 768w, https:\/\/www.turiart.com\/wp-content\/uploads\/2022\/05\/pack-turistico-familiare-a-valencia-1086x1536.jpg 1086w\" sizes=\"auto, (max-width: 1414px) 100vw, 1414px\" \/><\/a><\/p>\n","protected":false},"excerpt":{"rendered":"<p><strong>Pack turistico familiare a Valencia<\/strong><\/p>\n<p><span style=\"font-weight: 400;\">Crea il tuo pack turistico economico familiare per tutte le tasche con cui godere di un\u2019esperienza unica a Valencia.<\/span><\/p>\n<p><span style=\"font-weight: 400;\">Le proponiamo creare un pacchetto unico ed esclusivo con il quale adattare la sua visita a Valencia secondo le sue necessit\u00e0. Potr\u00e0 scegliere una visita guidata nel centro storico di Valencia, adattata a tutti i membri della famiglia, o in qualsiasi altra zona, inoltre ha anche la possibilit\u00e0 di scegliere il giorno e la lingua nel quale desidera realizzare la visita. Le lingue disponibili per fare i tour sono: spagnolo, inglese, italiano e francese.<\/span><\/p>\n<p><span style=\"font-weight: 400;\">Per la creazione del pack turistico familiare offriamo la possibilit\u00e0 di scegliere tra i servizi opzionali che meglio si adattano e desiderano aggiungere. Potr\u00e0 scegliere e aggiungere i seguenti servizi:<\/span><\/p>\n<ul>\n<li style=\"font-weight: 400;\" aria-level=\"1\"><span style=\"font-weight: 400;\">Alloggio<\/span><\/li>\n<li style=\"font-weight: 400;\" aria-level=\"1\"><span style=\"font-weight: 400;\">Trasporto privato<\/span><\/li>\n<li style=\"font-weight: 400;\" aria-level=\"1\"><span style=\"font-weight: 400;\">Ingressi a musei, Oceanogr\u00e0fic e\/o Bioparc: si possono aggiungere anche altri ingressi<\/span><\/li>\n<\/ul>\n<p><span style=\"font-weight: 400;\">Offriamo una variet\u00e0 di visite guidate adattate a famiglie, tra queste troviamo tour infantili come:<\/span><\/p>\n<ul>\n<li style=\"font-weight: 400;\" aria-level=\"1\"><span style=\"font-weight: 400;\">Valencia Family Tour<\/span><\/li>\n<li style=\"font-weight: 400;\" aria-level=\"1\"><span style=\"font-weight: 400;\">Cavalieri e Principesse<\/span><\/li>\n<li style=\"font-weight: 400;\" aria-level=\"1\"><span style=\"font-weight: 400;\">Acchiappa un Drago!<\/span><\/li>\n<li style=\"font-weight: 400;\" aria-level=\"1\"><span style=\"font-weight: 400;\">Pirati della Malvarrosa<\/span><\/li>\n<li style=\"font-weight: 400;\" aria-level=\"1\"><span style=\"font-weight: 400;\">Un giorno da Romani a Sagunto<\/span><\/li>\n<\/ul>\n<p><span style=\"font-weight: 400;\">Offriamo anche una visita per conoscere la Valencia Essenziale e i suoi Patrimoni dell\u2019Umanit\u00e0. Una visita guidata che le permetter\u00e0 conoscere e apprendere sopra la meravigliosa citt\u00e0 di Valencia in famiglia, la quale potr\u00e0 essere goduta da tutti i membri. La citt\u00e0 di Valencia possiede 4 Patrimoni dell'Umanit\u00e0 riconosciuti dall\u2019UNESCO: il Tribunale delle Acque, le Fallas, la Dieta Mediterranea e la Lonja, cos\u00ec come decine di monumenti emblematici dei quali godere realizzando questa passeggiata culturale per le sue vie e piazze.<\/span><\/p>\n<p>Vivi un'esperienza unica a Valencia adattata alla tua famiglia. In caso di dubbi, non esitate a contattarci.<\/p>\n","protected":false},"featured_media":40075,"comment_status":"open","ping_status":"closed","template":"","meta":{"_acf_changed":false,"_joinchat":[]},"product_brand":[],"product_cat":[142,1446],"product_tag":[777,2265,841,897,957],"class_list":{"0":"post-36791","1":"product","2":"type-product","3":"status-publish","4":"has-post-thumbnail","6":"product_cat-tours-per-bambini","7":"product_cat-biglietti","8":"product_tag-attivita","9":"product_tag-comunitat-valenciana-it-2","10":"product_tag-familiare","11":"product_tag-visita-guidata","12":"product_tag-valencia-it","13":"pa_atributo-rutas-famiglia-2-adulti-2-bambini","14":"pa_atributo-rutas-familia-numerosa-it","16":"first","17":"instock","18":"shipping-taxable","19":"product-type-variable"},"acf":[],"yoast_head":"<!-- This site is optimized with the Yoast SEO plugin v26.8 - https:\/\/yoast.com\/product\/yoast-seo-wordpress\/ -->\n<title>Pack Turistico Familiare a Valencia - Turiart<\/title>\n<meta name=\"description\" content=\"Pack turistico familiare a Valencia  Crea il tuo pack turistico economico familiare per tutte le tasche con cui godere di un\u2019esperienza unica a Valencia.  Le proponiamo creare un pacchetto unico ed esclusivo con il quale adattare la sua visita a Valencia secondo le sue necessit\u00e0. Potr\u00e0 scegliere una visita guidata nel centro storico di Valencia, adattata a tutti i membri della famiglia, o in qualsiasi altra zona, inoltre ha anche la possibilit\u00e0 di scegliere il giorno e la lingua nel quale desidera realizzare la visita. Le lingue disponibili per fare i tour sono: spagnolo, inglese, italiano e francese.  Per la creazione del pack turistico familiare offriamo la possibilit\u00e0 di scegliere tra i servizi opzionali che meglio si adattano e desiderano aggiungere. Potr\u00e0 scegliere e aggiungere i seguenti servizi:   Alloggio  Trasporto privato  Ingressi a musei, Oceanogr\u00e0fic e\/o Bioparc: si possono aggiungere anche altri ingressi  Offriamo una variet\u00e0 di visite guidate adattate a famiglie, tra queste troviamo tour infantili come:   Valencia Family Tour  Cavalieri e Principesse  Acchiappa un Drago!  Pirati della Malvarrosa  Un giorno da Romani a Sagunto  Offriamo anche una visita per conoscere la Valencia Essenziale e i suoi Patrimoni dell\u2019Umanit\u00e0. Una visita guidata che le permetter\u00e0 conoscere e apprendere sopra la meravigliosa citt\u00e0 di Valencia in famiglia, la quale potr\u00e0 essere goduta da tutti i membri. La citt\u00e0 di Valencia possiede 4 Patrimoni dell&#039;Umanit\u00e0 riconosciuti dall\u2019UNESCO: il Tribunale delle Acque, le Fallas, la Dieta Mediterranea e la Lonja, cos\u00ec come decine di monumenti emblematici dei quali godere realizzando questa passeggiata culturale per le sue vie e piazze.  Vivi un&#039;esperienza unica a Valencia adattata alla tua famiglia. In caso di dubbi, non esitate a contattarci.\" \/>\n<meta name=\"robots\" content=\"index, follow, max-snippet:-1, max-image-preview:large, max-video-preview:-1\" \/>\n<link rel=\"canonical\" href=\"https:\/\/www.turiart.com\/it\/catalogo-de-productos\/tours-per-bambini\/pack-turistico-familiare-a-valencia\/\" \/>\n<meta property=\"og:locale\" content=\"it_IT\" \/>\n<meta property=\"og:type\" content=\"article\" \/>\n<meta property=\"og:title\" content=\"Pack Turistico Familiare a Valencia - Turiart\" \/>\n<meta property=\"og:description\" content=\"Pack turistico familiare a Valencia  Crea il tuo pack turistico economico familiare per tutte le tasche con cui godere di un\u2019esperienza unica a Valencia.  Le proponiamo creare un pacchetto unico ed esclusivo con il quale adattare la sua visita a Valencia secondo le sue necessit\u00e0. Potr\u00e0 scegliere una visita guidata nel centro storico di Valencia, adattata a tutti i membri della famiglia, o in qualsiasi altra zona, inoltre ha anche la possibilit\u00e0 di scegliere il giorno e la lingua nel quale desidera realizzare la visita. Le lingue disponibili per fare i tour sono: spagnolo, inglese, italiano e francese.  Per la creazione del pack turistico familiare offriamo la possibilit\u00e0 di scegliere tra i servizi opzionali che meglio si adattano e desiderano aggiungere. Potr\u00e0 scegliere e aggiungere i seguenti servizi:   Alloggio  Trasporto privato  Ingressi a musei, Oceanogr\u00e0fic e\/o Bioparc: si possono aggiungere anche altri ingressi  Offriamo una variet\u00e0 di visite guidate adattate a famiglie, tra queste troviamo tour infantili come:   Valencia Family Tour  Cavalieri e Principesse  Acchiappa un Drago!  Pirati della Malvarrosa  Un giorno da Romani a Sagunto  Offriamo anche una visita per conoscere la Valencia Essenziale e i suoi Patrimoni dell\u2019Umanit\u00e0. Una visita guidata che le permetter\u00e0 conoscere e apprendere sopra la meravigliosa citt\u00e0 di Valencia in famiglia, la quale potr\u00e0 essere goduta da tutti i membri. La citt\u00e0 di Valencia possiede 4 Patrimoni dell&#039;Umanit\u00e0 riconosciuti dall\u2019UNESCO: il Tribunale delle Acque, le Fallas, la Dieta Mediterranea e la Lonja, cos\u00ec come decine di monumenti emblematici dei quali godere realizzando questa passeggiata culturale per le sue vie e piazze.  Vivi un&#039;esperienza unica a Valencia adattata alla tua famiglia. In caso di dubbi, non esitate a contattarci.\" \/>\n<meta property=\"og:url\" content=\"https:\/\/www.turiart.com\/it\/catalogo-de-productos\/tours-per-bambini\/pack-turistico-familiare-a-valencia\/\" \/>\n<meta property=\"og:site_name\" content=\"Turiart\" \/>\n<meta property=\"article:publisher\" content=\"https:\/\/www.facebook.com\/turiartVLC\/\" \/>\n<meta property=\"og:image\" content=\"https:\/\/www.turiart.com\/wp-content\/uploads\/2022\/05\/pack-turistico-familiare-a-valencia.jpg\" \/>\n\t<meta property=\"og:image:width\" content=\"1414\" \/>\n\t<meta property=\"og:image:height\" content=\"2000\" \/>\n\t<meta property=\"og:image:type\" content=\"image\/jpeg\" \/>\n<script type=\"application\/ld+json\" class=\"yoast-schema-graph\">{\"@context\":\"https:\/\/schema.org\",\"@graph\":[{\"@type\":\"WebPage\",\"@id\":\"https:\/\/www.turiart.com\/it\/catalogo-de-productos\/tours-per-bambini\/pack-turistico-familiare-a-valencia\/\",\"url\":\"https:\/\/www.turiart.com\/it\/catalogo-de-productos\/tours-per-bambini\/pack-turistico-familiare-a-valencia\/\",\"name\":\"Pack Turistico Familiare a Valencia - Turiart\",\"isPartOf\":{\"@id\":\"https:\/\/www.turiart.com\/it\/#website\"},\"primaryImageOfPage\":{\"@id\":\"https:\/\/www.turiart.com\/it\/catalogo-de-productos\/tours-per-bambini\/pack-turistico-familiare-a-valencia\/#primaryimage\"},\"image\":{\"@id\":\"https:\/\/www.turiart.com\/it\/catalogo-de-productos\/tours-per-bambini\/pack-turistico-familiare-a-valencia\/#primaryimage\"},\"thumbnailUrl\":\"https:\/\/www.turiart.com\/wp-content\/uploads\/2025\/11\/Captura-de-pantalla-2025-11-12-133001.png\",\"datePublished\":\"2025-11-12T12:30:52+00:00\",\"description\":\"Pack turistico familiare a Valencia Crea il tuo pack turistico economico familiare per tutte le tasche con cui godere di un\u2019esperienza unica a Valencia. Le proponiamo creare un pacchetto unico ed esclusivo con il quale adattare la sua visita a Valencia secondo le sue necessit\u00e0. Potr\u00e0 scegliere una visita guidata nel centro storico di Valencia, adattata a tutti i membri della famiglia, o in qualsiasi altra zona, inoltre ha anche la possibilit\u00e0 di scegliere il giorno e la lingua nel quale desidera realizzare la visita. Le lingue disponibili per fare i tour sono: spagnolo, inglese, italiano e francese. Per la creazione del pack turistico familiare offriamo la possibilit\u00e0 di scegliere tra i servizi opzionali che meglio si adattano e desiderano aggiungere. Potr\u00e0 scegliere e aggiungere i seguenti servizi: Alloggio Trasporto privato Ingressi a musei, Oceanogr\u00e0fic e\/o Bioparc: si possono aggiungere anche altri ingressi Offriamo una variet\u00e0 di visite guidate adattate a famiglie, tra queste troviamo tour infantili come: Valencia Family Tour Cavalieri e Principesse Acchiappa un Drago! Pirati della Malvarrosa Un giorno da Romani a Sagunto Offriamo anche una visita per conoscere la Valencia Essenziale e i suoi Patrimoni dell\u2019Umanit\u00e0. Una visita guidata che le permetter\u00e0 conoscere e apprendere sopra la meravigliosa citt\u00e0 di Valencia in famiglia, la quale potr\u00e0 essere goduta da tutti i membri. La citt\u00e0 di Valencia possiede 4 Patrimoni dell'Umanit\u00e0 riconosciuti dall\u2019UNESCO: il Tribunale delle Acque, le Fallas, la Dieta Mediterranea e la Lonja, cos\u00ec come decine di monumenti emblematici dei quali godere realizzando questa passeggiata culturale per le sue vie e piazze. Vivi un'esperienza unica a Valencia adattata alla tua famiglia. In caso di dubbi, non esitate a contattarci.\",\"breadcrumb\":{\"@id\":\"https:\/\/www.turiart.com\/it\/catalogo-de-productos\/tours-per-bambini\/pack-turistico-familiare-a-valencia\/#breadcrumb\"},\"inLanguage\":\"it-IT\",\"potentialAction\":[{\"@type\":\"ReadAction\",\"target\":[\"https:\/\/www.turiart.com\/it\/catalogo-de-productos\/tours-per-bambini\/pack-turistico-familiare-a-valencia\/\"]}]},{\"@type\":\"ImageObject\",\"inLanguage\":\"it-IT\",\"@id\":\"https:\/\/www.turiart.com\/it\/catalogo-de-productos\/tours-per-bambini\/pack-turistico-familiare-a-valencia\/#primaryimage\",\"url\":\"https:\/\/www.turiart.com\/wp-content\/uploads\/2025\/11\/Captura-de-pantalla-2025-11-12-133001.png\",\"contentUrl\":\"https:\/\/www.turiart.com\/wp-content\/uploads\/2025\/11\/Captura-de-pantalla-2025-11-12-133001.png\",\"width\":985,\"height\":739},{\"@type\":\"BreadcrumbList\",\"@id\":\"https:\/\/www.turiart.com\/it\/catalogo-de-productos\/tours-per-bambini\/pack-turistico-familiare-a-valencia\/#breadcrumb\",\"itemListElement\":[{\"@type\":\"ListItem\",\"position\":1,\"name\":\"Home\",\"item\":\"https:\/\/www.turiart.com\/it\/\"},{\"@type\":\"ListItem\",\"position\":2,\"name\":\"Catalogo dei prodotti\",\"item\":\"https:\/\/www.turiart.com\/it\/catalogo-dei-prodotti\/\"},{\"@type\":\"ListItem\",\"position\":3,\"name\":\"Tour infantili\",\"item\":\"https:\/\/www.turiart.com\/it\/prodotti\/tours-per-bambini\/\"},{\"@type\":\"ListItem\",\"position\":4,\"name\":\"Pack Turistico Familiare a Valencia\"}]},{\"@type\":\"WebSite\",\"@id\":\"https:\/\/www.turiart.com\/it\/#website\",\"url\":\"https:\/\/www.turiart.com\/it\/\",\"name\":\"Turiart\",\"description\":\"Visitas guiadas y servicios tur\u00edstico-culturales en Valencia\",\"publisher\":{\"@id\":\"https:\/\/www.turiart.com\/it\/#organization\"},\"potentialAction\":[{\"@type\":\"SearchAction\",\"target\":{\"@type\":\"EntryPoint\",\"urlTemplate\":\"https:\/\/www.turiart.com\/it\/?s={search_term_string}\"},\"query-input\":{\"@type\":\"PropertyValueSpecification\",\"valueRequired\":true,\"valueName\":\"search_term_string\"}}],\"inLanguage\":\"it-IT\"},{\"@type\":\"Organization\",\"@id\":\"https:\/\/www.turiart.com\/it\/#organization\",\"name\":\"Servicios Auxiliares Turiart, S.L\",\"url\":\"https:\/\/www.turiart.com\/it\/\",\"logo\":{\"@type\":\"ImageObject\",\"inLanguage\":\"it-IT\",\"@id\":\"https:\/\/www.turiart.com\/it\/#\/schema\/logo\/image\/\",\"url\":\"https:\/\/www.turiart.com\/wp-content\/uploads\/2018\/06\/logoHD-1.png\",\"contentUrl\":\"https:\/\/www.turiart.com\/wp-content\/uploads\/2018\/06\/logoHD-1.png\",\"width\":403,\"height\":209,\"caption\":\"Servicios Auxiliares Turiart, S.L\"},\"image\":{\"@id\":\"https:\/\/www.turiart.com\/it\/#\/schema\/logo\/image\/\"},\"sameAs\":[\"https:\/\/www.facebook.com\/turiartVLC\/\",\"https:\/\/x.com\/turiart\",\"https:\/\/www.instagram.com\/turiart\/\",\"https:\/\/www.linkedin.com\/company\/2726719\/admin\/\"]}]}<\/script>\n<!-- \/ Yoast SEO plugin. -->","yoast_head_json":{"title":"Pack Turistico Familiare a Valencia - Turiart","description":"Pack turistico familiare a Valencia  Crea il tuo pack turistico economico familiare per tutte le tasche con cui godere di un\u2019esperienza unica a Valencia.  Le proponiamo creare un pacchetto unico ed esclusivo con il quale adattare la sua visita a Valencia secondo le sue necessit\u00e0. Potr\u00e0 scegliere una visita guidata nel centro storico di Valencia, adattata a tutti i membri della famiglia, o in qualsiasi altra zona, inoltre ha anche la possibilit\u00e0 di scegliere il giorno e la lingua nel quale desidera realizzare la visita. Le lingue disponibili per fare i tour sono: spagnolo, inglese, italiano e francese.  Per la creazione del pack turistico familiare offriamo la possibilit\u00e0 di scegliere tra i servizi opzionali che meglio si adattano e desiderano aggiungere. Potr\u00e0 scegliere e aggiungere i seguenti servizi:   Alloggio  Trasporto privato  Ingressi a musei, Oceanogr\u00e0fic e\/o Bioparc: si possono aggiungere anche altri ingressi  Offriamo una variet\u00e0 di visite guidate adattate a famiglie, tra queste troviamo tour infantili come:   Valencia Family Tour  Cavalieri e Principesse  Acchiappa un Drago!  Pirati della Malvarrosa  Un giorno da Romani a Sagunto  Offriamo anche una visita per conoscere la Valencia Essenziale e i suoi Patrimoni dell\u2019Umanit\u00e0. Una visita guidata che le permetter\u00e0 conoscere e apprendere sopra la meravigliosa citt\u00e0 di Valencia in famiglia, la quale potr\u00e0 essere goduta da tutti i membri. La citt\u00e0 di Valencia possiede 4 Patrimoni dell'Umanit\u00e0 riconosciuti dall\u2019UNESCO: il Tribunale delle Acque, le Fallas, la Dieta Mediterranea e la Lonja, cos\u00ec come decine di monumenti emblematici dei quali godere realizzando questa passeggiata culturale per le sue vie e piazze.  Vivi un'esperienza unica a Valencia adattata alla tua famiglia. In caso di dubbi, non esitate a contattarci.","robots":{"index":"index","follow":"follow","max-snippet":"max-snippet:-1","max-image-preview":"max-image-preview:large","max-video-preview":"max-video-preview:-1"},"canonical":"https:\/\/www.turiart.com\/it\/catalogo-de-productos\/tours-per-bambini\/pack-turistico-familiare-a-valencia\/","og_locale":"it_IT","og_type":"article","og_title":"Pack Turistico Familiare a Valencia - Turiart","og_description":"Pack turistico familiare a Valencia  Crea il tuo pack turistico economico familiare per tutte le tasche con cui godere di un\u2019esperienza unica a Valencia.  Le proponiamo creare un pacchetto unico ed esclusivo con il quale adattare la sua visita a Valencia secondo le sue necessit\u00e0. Potr\u00e0 scegliere una visita guidata nel centro storico di Valencia, adattata a tutti i membri della famiglia, o in qualsiasi altra zona, inoltre ha anche la possibilit\u00e0 di scegliere il giorno e la lingua nel quale desidera realizzare la visita. Le lingue disponibili per fare i tour sono: spagnolo, inglese, italiano e francese.  Per la creazione del pack turistico familiare offriamo la possibilit\u00e0 di scegliere tra i servizi opzionali che meglio si adattano e desiderano aggiungere. Potr\u00e0 scegliere e aggiungere i seguenti servizi:   Alloggio  Trasporto privato  Ingressi a musei, Oceanogr\u00e0fic e\/o Bioparc: si possono aggiungere anche altri ingressi  Offriamo una variet\u00e0 di visite guidate adattate a famiglie, tra queste troviamo tour infantili come:   Valencia Family Tour  Cavalieri e Principesse  Acchiappa un Drago!  Pirati della Malvarrosa  Un giorno da Romani a Sagunto  Offriamo anche una visita per conoscere la Valencia Essenziale e i suoi Patrimoni dell\u2019Umanit\u00e0. Una visita guidata che le permetter\u00e0 conoscere e apprendere sopra la meravigliosa citt\u00e0 di Valencia in famiglia, la quale potr\u00e0 essere goduta da tutti i membri. La citt\u00e0 di Valencia possiede 4 Patrimoni dell'Umanit\u00e0 riconosciuti dall\u2019UNESCO: il Tribunale delle Acque, le Fallas, la Dieta Mediterranea e la Lonja, cos\u00ec come decine di monumenti emblematici dei quali godere realizzando questa passeggiata culturale per le sue vie e piazze.  Vivi un'esperienza unica a Valencia adattata alla tua famiglia. In caso di dubbi, non esitate a contattarci.","og_url":"https:\/\/www.turiart.com\/it\/catalogo-de-productos\/tours-per-bambini\/pack-turistico-familiare-a-valencia\/","og_site_name":"Turiart","article_publisher":"https:\/\/www.facebook.com\/turiartVLC\/","og_image":[{"width":1414,"height":2000,"url":"https:\/\/www.turiart.com\/wp-content\/uploads\/2022\/05\/pack-turistico-familiare-a-valencia.jpg","type":"image\/jpeg"}],"schema":{"@context":"https:\/\/schema.org","@graph":[{"@type":"WebPage","@id":"https:\/\/www.turiart.com\/it\/catalogo-de-productos\/tours-per-bambini\/pack-turistico-familiare-a-valencia\/","url":"https:\/\/www.turiart.com\/it\/catalogo-de-productos\/tours-per-bambini\/pack-turistico-familiare-a-valencia\/","name":"Pack Turistico Familiare a Valencia - Turiart","isPartOf":{"@id":"https:\/\/www.turiart.com\/it\/#website"},"primaryImageOfPage":{"@id":"https:\/\/www.turiart.com\/it\/catalogo-de-productos\/tours-per-bambini\/pack-turistico-familiare-a-valencia\/#primaryimage"},"image":{"@id":"https:\/\/www.turiart.com\/it\/catalogo-de-productos\/tours-per-bambini\/pack-turistico-familiare-a-valencia\/#primaryimage"},"thumbnailUrl":"https:\/\/www.turiart.com\/wp-content\/uploads\/2025\/11\/Captura-de-pantalla-2025-11-12-133001.png","datePublished":"2025-11-12T12:30:52+00:00","description":"Pack turistico familiare a Valencia Crea il tuo pack turistico economico familiare per tutte le tasche con cui godere di un\u2019esperienza unica a Valencia. Le proponiamo creare un pacchetto unico ed esclusivo con il quale adattare la sua visita a Valencia secondo le sue necessit\u00e0. Potr\u00e0 scegliere una visita guidata nel centro storico di Valencia, adattata a tutti i membri della famiglia, o in qualsiasi altra zona, inoltre ha anche la possibilit\u00e0 di scegliere il giorno e la lingua nel quale desidera realizzare la visita. Le lingue disponibili per fare i tour sono: spagnolo, inglese, italiano e francese. Per la creazione del pack turistico familiare offriamo la possibilit\u00e0 di scegliere tra i servizi opzionali che meglio si adattano e desiderano aggiungere. Potr\u00e0 scegliere e aggiungere i seguenti servizi: Alloggio Trasporto privato Ingressi a musei, Oceanogr\u00e0fic e\/o Bioparc: si possono aggiungere anche altri ingressi Offriamo una variet\u00e0 di visite guidate adattate a famiglie, tra queste troviamo tour infantili come: Valencia Family Tour Cavalieri e Principesse Acchiappa un Drago! Pirati della Malvarrosa Un giorno da Romani a Sagunto Offriamo anche una visita per conoscere la Valencia Essenziale e i suoi Patrimoni dell\u2019Umanit\u00e0. Una visita guidata che le permetter\u00e0 conoscere e apprendere sopra la meravigliosa citt\u00e0 di Valencia in famiglia, la quale potr\u00e0 essere goduta da tutti i membri. La citt\u00e0 di Valencia possiede 4 Patrimoni dell'Umanit\u00e0 riconosciuti dall\u2019UNESCO: il Tribunale delle Acque, le Fallas, la Dieta Mediterranea e la Lonja, cos\u00ec come decine di monumenti emblematici dei quali godere realizzando questa passeggiata culturale per le sue vie e piazze. Vivi un'esperienza unica a Valencia adattata alla tua famiglia. In caso di dubbi, non esitate a contattarci.","breadcrumb":{"@id":"https:\/\/www.turiart.com\/it\/catalogo-de-productos\/tours-per-bambini\/pack-turistico-familiare-a-valencia\/#breadcrumb"},"inLanguage":"it-IT","potentialAction":[{"@type":"ReadAction","target":["https:\/\/www.turiart.com\/it\/catalogo-de-productos\/tours-per-bambini\/pack-turistico-familiare-a-valencia\/"]}]},{"@type":"ImageObject","inLanguage":"it-IT","@id":"https:\/\/www.turiart.com\/it\/catalogo-de-productos\/tours-per-bambini\/pack-turistico-familiare-a-valencia\/#primaryimage","url":"https:\/\/www.turiart.com\/wp-content\/uploads\/2025\/11\/Captura-de-pantalla-2025-11-12-133001.png","contentUrl":"https:\/\/www.turiart.com\/wp-content\/uploads\/2025\/11\/Captura-de-pantalla-2025-11-12-133001.png","width":985,"height":739},{"@type":"BreadcrumbList","@id":"https:\/\/www.turiart.com\/it\/catalogo-de-productos\/tours-per-bambini\/pack-turistico-familiare-a-valencia\/#breadcrumb","itemListElement":[{"@type":"ListItem","position":1,"name":"Home","item":"https:\/\/www.turiart.com\/it\/"},{"@type":"ListItem","position":2,"name":"Catalogo dei prodotti","item":"https:\/\/www.turiart.com\/it\/catalogo-dei-prodotti\/"},{"@type":"ListItem","position":3,"name":"Tour infantili","item":"https:\/\/www.turiart.com\/it\/prodotti\/tours-per-bambini\/"},{"@type":"ListItem","position":4,"name":"Pack Turistico Familiare a Valencia"}]},{"@type":"WebSite","@id":"https:\/\/www.turiart.com\/it\/#website","url":"https:\/\/www.turiart.com\/it\/","name":"Turiart","description":"Visitas guiadas y servicios tur\u00edstico-culturales en Valencia","publisher":{"@id":"https:\/\/www.turiart.com\/it\/#organization"},"potentialAction":[{"@type":"SearchAction","target":{"@type":"EntryPoint","urlTemplate":"https:\/\/www.turiart.com\/it\/?s={search_term_string}"},"query-input":{"@type":"PropertyValueSpecification","valueRequired":true,"valueName":"search_term_string"}}],"inLanguage":"it-IT"},{"@type":"Organization","@id":"https:\/\/www.turiart.com\/it\/#organization","name":"Servicios Auxiliares Turiart, S.L","url":"https:\/\/www.turiart.com\/it\/","logo":{"@type":"ImageObject","inLanguage":"it-IT","@id":"https:\/\/www.turiart.com\/it\/#\/schema\/logo\/image\/","url":"https:\/\/www.turiart.com\/wp-content\/uploads\/2018\/06\/logoHD-1.png","contentUrl":"https:\/\/www.turiart.com\/wp-content\/uploads\/2018\/06\/logoHD-1.png","width":403,"height":209,"caption":"Servicios Auxiliares Turiart, S.L"},"image":{"@id":"https:\/\/www.turiart.com\/it\/#\/schema\/logo\/image\/"},"sameAs":["https:\/\/www.facebook.com\/turiartVLC\/","https:\/\/x.com\/turiart","https:\/\/www.instagram.com\/turiart\/","https:\/\/www.linkedin.com\/company\/2726719\/admin\/"]}]}},"_links":{"self":[{"href":"https:\/\/www.turiart.com\/it\/wp-json\/wp\/v2\/product\/36791","targetHints":{"allow":["GET"]}}],"collection":[{"href":"https:\/\/www.turiart.com\/it\/wp-json\/wp\/v2\/product"}],"about":[{"href":"https:\/\/www.turiart.com\/it\/wp-json\/wp\/v2\/types\/product"}],"replies":[{"embeddable":true,"href":"https:\/\/www.turiart.com\/it\/wp-json\/wp\/v2\/comments?post=36791"}],"wp:featuredmedia":[{"embeddable":true,"href":"https:\/\/www.turiart.com\/it\/wp-json\/wp\/v2\/media\/40075"}],"wp:attachment":[{"href":"https:\/\/www.turiart.com\/it\/wp-json\/wp\/v2\/media?parent=36791"}],"wp:term":[{"taxonomy":"product_brand","embeddable":true,"href":"https:\/\/www.turiart.com\/it\/wp-json\/wp\/v2\/product_brand?post=36791"},{"taxonomy":"product_cat","embeddable":true,"href":"https:\/\/www.turiart.com\/it\/wp-json\/wp\/v2\/product_cat?post=36791"},{"taxonomy":"product_tag","embeddable":true,"href":"https:\/\/www.turiart.com\/it\/wp-json\/wp\/v2\/product_tag?post=36791"}],"curies":[{"name":"wp","href":"https:\/\/api.w.org\/{rel}","templated":true}]}}