{"id":37607,"date":"2023-09-09T11:51:43","date_gmt":"2023-09-09T09:51:43","guid":{"rendered":"https:\/\/www.turiart.com\/?post_type=product&#038;p=37607"},"modified":"2025-04-24T13:12:55","modified_gmt":"2025-04-24T11:12:55","slug":"sorolla-pittore-valencia","status":"publish","type":"product","link":"https:\/\/www.turiart.com\/it\/catalogo-de-productos\/passeggiate-culturali\/sorolla-pittore-valencia\/","title":{"rendered":"Sorolla, il pittore di Valencia"},"content":{"rendered":"<p><strong>Prossime date delle visite programmate nel 2023:<\/strong><\/p>\n<ul>\n<li>Domenica 26 novembre alle 11:00.<\/li>\n<\/ul>\n<p>\u00c8 inoltre possibile prenotare una visita privata per una data a scelta.<\/p>\n<p>&nbsp;<\/p>\n<p><i>\"La mia pittura \u00e8 la spiaggia di Valencia e il sole benedetto che amo ogni giorno di pi\u00f9.\" <\/i>(Joaqu\u00edn Sorolla)<\/p>\n<p><strong>Joaqu\u00edn Sorolla y Bastida, l'artista valenciano pi\u00f9 famoso e internazionale<\/strong>, nasce il 27 febbraio 1863 in una casa della <em>Calle de las Mantas<\/em>. Il suo legame personale e professionale con la citt\u00e0 sar\u00e0 una costante per tutta la sua vita e determiner\u00e0 i tratti pi\u00f9 caratteristici delle sue opere.<\/p>\n<p>Lo stile pi\u00f9 riconoscibile del pittore, la luminosit\u00e0 e i colori del Mediterraneo, le scene quotidiane sulle spiagge levantine e i ritratti della sua famiglia sono il riflesso della passione dell'artista per questa terra. <strong>Sorolla \u00e8, senza dubbio, il pittore di Valencia e della sua luce<\/strong>.<\/p>\n<p>Questo itinerario culturale mette in luce il rapporto di Sorolla con la sua citt\u00e0 attraverso <strong>la visita dei luoghi del centro storico che hanno segnato la sua vita<\/strong>. Ripercorreremo la sua biografia come pittore che ha lavorato e si \u00e8 ispirato a Valencia, ma anche come figlio, nipote, marito e padre. Osserveremo da vicino il suo lato pi\u00f9 personale, i luoghi che amava frequentare.<\/p>\n<p><strong>La visita guidata si conclude al Museo di Belle Arti per conoscere e commentare l'opera di Sorolla<\/strong> conservata a Valencia, nella nuova mostra a lui dedicata in questo museo.<\/p>\n<p>Joaqu\u00edn Sorolla \u00e8 stato il primo pittore spagnolo a raggiungere la fama su entrambe le sponde dell'Atlantico durante la sua vita, diventando il pioniere di una lista che sarebbe poi stata completata da nomi illustri della nostra arte come Picasso, Mir\u00f3 e Dal\u00ed. Tuttavia, la sua figura non \u00e8 sempre stata valorizzata in modo equo all'interno dei nostri confini e nemmeno nella sua patria, che ha ispirato il suo lavoro in modo cos\u00ec speciale.<\/p>\n<p><strong>Mentre le orme di Joaqu\u00edn Sorolla guidano i nostri passi, impareremo a guardare la citt\u00e0 con gli occhi del pittore, il pittore di Valencia.<\/strong><\/p>\n<h5><a href=\"https:\/\/youtu.be\/0hvhXNhfKFY\">Date un'occhiata QUI al percorso che la nostra guida Maria vuole mostrarci (in Spagnolo).<\/a><\/h5>\n<h6><\/h6>\n<h4><\/h4>\n<p><a href=\"https:\/\/www.turiart.com\/wp-content\/uploads\/2019\/10\/logo-centenario-sorolla.png\"><img loading=\"lazy\" decoding=\"async\" class=\"alignnone size-full wp-image-37219\" src=\"https:\/\/www.turiart.com\/wp-content\/uploads\/2019\/10\/logo-centenario-sorolla.png\" alt=\"\" width=\"232\" height=\"232\" \/><\/a><\/p>\n<p><script>\u00a0 \n\u00a0 jQuery(document).ready(function($){\n\u00a0\u00a0\u00a0 $('.oxy-product-cart-button.oxy-woo-element').replaceWith('<a href=\"https:\/\/fareharbor.com\/embeds\/book\/turiart\/items\/492293\/?full-items=yes&flow=648190\" class=\"fh-icon--calendar-check fh-button-true-flat-red fh-shape--square\">RESERVA AHORA<\/a>');\n});<\/script><\/p>\n","protected":false},"excerpt":{"rendered":"<p>Una passeggiata guidata nella Valencia di Joaqu\u00edn Sorolla, attraverso i luoghi che hanno segnato la sua vita e ispirato le sue opere. Un percorso per imparare a guardare Valencia attraverso i suoi occhi.<\/p>\n","protected":false},"featured_media":30936,"comment_status":"open","ping_status":"closed","template":"","meta":{"_acf_changed":false,"_joinchat":[]},"product_brand":[],"product_cat":[687,235],"product_tag":[2728,2200,927,895,931,2412,872,2413,957],"class_list":{"0":"post-37607","1":"product","2":"type-product","3":"status-publish","4":"has-post-thumbnail","6":"product_cat-prossimi-percorsi","7":"product_cat-passeggiate-culturali","8":"product_tag-citta","9":"product_tag-comunitat-valenciana-it","10":"product_tag-tour-culturale","11":"product_tag-visita-culturale","12":"product_tag-tour-guidato","13":"product_tag-joaquin-sorolla-it","14":"product_tag-malvarrosa-it","15":"product_tag-sorolla-valencia","16":"product_tag-valencia-it","17":"pa_atributo-rutas-nino-4-a-12-anos","18":"pa_atributo-rutas-adulto-it","19":"pa_atributo-rutas-pensionato","21":"first","22":"outofstock","23":"shipping-taxable","24":"product-type-variable"},"acf":[],"yoast_head":"<!-- This site is optimized with the Yoast SEO plugin v26.8 - https:\/\/yoast.com\/product\/yoast-seo-wordpress\/ -->\n<title>Sorolla, il pittore di Valencia - Turiart<\/title>\n<meta name=\"description\" content=\"Un paseo guiado por la Valencia de Joaqu\u00edn Sorolla, por los lugares que marcaron su vida e inspiraron su obra. Una ruta para aprender a mirar Valencia con sus ojos.\" \/>\n<meta name=\"robots\" content=\"index, follow, max-snippet:-1, max-image-preview:large, max-video-preview:-1\" \/>\n<link rel=\"canonical\" href=\"https:\/\/www.turiart.com\/it\/catalogo-de-productos\/passeggiate-culturali\/sorolla-pittore-valencia\/\" \/>\n<meta property=\"og:locale\" content=\"it_IT\" \/>\n<meta property=\"og:type\" content=\"article\" \/>\n<meta property=\"og:title\" content=\"Sorolla, il pittore di Valencia - Turiart\" \/>\n<meta property=\"og:description\" content=\"Un paseo guiado por la Valencia de Joaqu\u00edn Sorolla, por los lugares que marcaron su vida e inspiraron su obra. Una ruta para aprender a mirar Valencia con sus ojos.\" \/>\n<meta property=\"og:url\" content=\"https:\/\/www.turiart.com\/it\/catalogo-de-productos\/passeggiate-culturali\/sorolla-pittore-valencia\/\" \/>\n<meta property=\"og:site_name\" content=\"Turiart\" \/>\n<meta property=\"article:publisher\" content=\"https:\/\/www.facebook.com\/turiartVLC\/\" \/>\n<meta property=\"article:modified_time\" content=\"2025-04-24T11:12:55+00:00\" \/>\n<meta property=\"og:image\" content=\"https:\/\/www.turiart.com\/wp-content\/uploads\/2019\/10\/sorolla.jpg\" \/>\n\t<meta property=\"og:image:width\" content=\"1920\" \/>\n\t<meta property=\"og:image:height\" content=\"1080\" \/>\n\t<meta property=\"og:image:type\" content=\"image\/jpeg\" \/>\n<meta name=\"twitter:label1\" content=\"Est. reading time\" \/>\n\t<meta name=\"twitter:data1\" content=\"2 minutes\" \/>\n<script type=\"application\/ld+json\" class=\"yoast-schema-graph\">{\"@context\":\"https:\/\/schema.org\",\"@graph\":[{\"@type\":\"WebPage\",\"@id\":\"https:\/\/www.turiart.com\/it\/catalogo-de-productos\/passeggiate-culturali\/sorolla-pittore-valencia\/\",\"url\":\"https:\/\/www.turiart.com\/it\/catalogo-de-productos\/passeggiate-culturali\/sorolla-pittore-valencia\/\",\"name\":\"Sorolla, il pittore di Valencia - Turiart\",\"isPartOf\":{\"@id\":\"https:\/\/www.turiart.com\/it\/#website\"},\"primaryImageOfPage\":{\"@id\":\"https:\/\/www.turiart.com\/it\/catalogo-de-productos\/passeggiate-culturali\/sorolla-pittore-valencia\/#primaryimage\"},\"image\":{\"@id\":\"https:\/\/www.turiart.com\/it\/catalogo-de-productos\/passeggiate-culturali\/sorolla-pittore-valencia\/#primaryimage\"},\"thumbnailUrl\":\"https:\/\/www.turiart.com\/wp-content\/uploads\/2019\/10\/sorolla.jpg\",\"datePublished\":\"2023-09-09T09:51:43+00:00\",\"dateModified\":\"2025-04-24T11:12:55+00:00\",\"description\":\"Un paseo guiado por la Valencia de Joaqu\u00edn Sorolla, por los lugares que marcaron su vida e inspiraron su obra. Una ruta para aprender a mirar Valencia con sus ojos.\",\"breadcrumb\":{\"@id\":\"https:\/\/www.turiart.com\/it\/catalogo-de-productos\/passeggiate-culturali\/sorolla-pittore-valencia\/#breadcrumb\"},\"inLanguage\":\"it-IT\",\"potentialAction\":[{\"@type\":\"ReadAction\",\"target\":[\"https:\/\/www.turiart.com\/it\/catalogo-de-productos\/passeggiate-culturali\/sorolla-pittore-valencia\/\"]}]},{\"@type\":\"ImageObject\",\"inLanguage\":\"it-IT\",\"@id\":\"https:\/\/www.turiart.com\/it\/catalogo-de-productos\/passeggiate-culturali\/sorolla-pittore-valencia\/#primaryimage\",\"url\":\"https:\/\/www.turiart.com\/wp-content\/uploads\/2019\/10\/sorolla.jpg\",\"contentUrl\":\"https:\/\/www.turiart.com\/wp-content\/uploads\/2019\/10\/sorolla.jpg\",\"width\":1920,\"height\":1080},{\"@type\":\"BreadcrumbList\",\"@id\":\"https:\/\/www.turiart.com\/it\/catalogo-de-productos\/passeggiate-culturali\/sorolla-pittore-valencia\/#breadcrumb\",\"itemListElement\":[{\"@type\":\"ListItem\",\"position\":1,\"name\":\"Home\",\"item\":\"https:\/\/www.turiart.com\/it\/\"},{\"@type\":\"ListItem\",\"position\":2,\"name\":\"Catalogo dei prodotti\",\"item\":\"https:\/\/www.turiart.com\/it\/catalogo-dei-prodotti\/\"},{\"@type\":\"ListItem\",\"position\":3,\"name\":\"Cultural walks\",\"item\":\"https:\/\/www.turiart.com\/it\/prodotti\/passeggiate-culturali\/\"},{\"@type\":\"ListItem\",\"position\":4,\"name\":\"Sorolla, il pittore di Valencia\"}]},{\"@type\":\"WebSite\",\"@id\":\"https:\/\/www.turiart.com\/it\/#website\",\"url\":\"https:\/\/www.turiart.com\/it\/\",\"name\":\"Turiart\",\"description\":\"Visitas guiadas y servicios tur\u00edstico-culturales en Valencia\",\"publisher\":{\"@id\":\"https:\/\/www.turiart.com\/it\/#organization\"},\"potentialAction\":[{\"@type\":\"SearchAction\",\"target\":{\"@type\":\"EntryPoint\",\"urlTemplate\":\"https:\/\/www.turiart.com\/it\/?s={search_term_string}\"},\"query-input\":{\"@type\":\"PropertyValueSpecification\",\"valueRequired\":true,\"valueName\":\"search_term_string\"}}],\"inLanguage\":\"it-IT\"},{\"@type\":\"Organization\",\"@id\":\"https:\/\/www.turiart.com\/it\/#organization\",\"name\":\"Servicios Auxiliares Turiart, S.L\",\"url\":\"https:\/\/www.turiart.com\/it\/\",\"logo\":{\"@type\":\"ImageObject\",\"inLanguage\":\"it-IT\",\"@id\":\"https:\/\/www.turiart.com\/it\/#\/schema\/logo\/image\/\",\"url\":\"https:\/\/www.turiart.com\/wp-content\/uploads\/2018\/06\/logoHD-1.png\",\"contentUrl\":\"https:\/\/www.turiart.com\/wp-content\/uploads\/2018\/06\/logoHD-1.png\",\"width\":403,\"height\":209,\"caption\":\"Servicios Auxiliares Turiart, S.L\"},\"image\":{\"@id\":\"https:\/\/www.turiart.com\/it\/#\/schema\/logo\/image\/\"},\"sameAs\":[\"https:\/\/www.facebook.com\/turiartVLC\/\",\"https:\/\/x.com\/turiart\",\"https:\/\/www.instagram.com\/turiart\/\",\"https:\/\/www.linkedin.com\/company\/2726719\/admin\/\"]}]}<\/script>\n<!-- \/ Yoast SEO plugin. -->","yoast_head_json":{"title":"Sorolla, il pittore di Valencia - Turiart","description":"Un paseo guiado por la Valencia de Joaqu\u00edn Sorolla, por los lugares que marcaron su vida e inspiraron su obra. Una ruta para aprender a mirar Valencia con sus ojos.","robots":{"index":"index","follow":"follow","max-snippet":"max-snippet:-1","max-image-preview":"max-image-preview:large","max-video-preview":"max-video-preview:-1"},"canonical":"https:\/\/www.turiart.com\/it\/catalogo-de-productos\/passeggiate-culturali\/sorolla-pittore-valencia\/","og_locale":"it_IT","og_type":"article","og_title":"Sorolla, il pittore di Valencia - Turiart","og_description":"Un paseo guiado por la Valencia de Joaqu\u00edn Sorolla, por los lugares que marcaron su vida e inspiraron su obra. Una ruta para aprender a mirar Valencia con sus ojos.","og_url":"https:\/\/www.turiart.com\/it\/catalogo-de-productos\/passeggiate-culturali\/sorolla-pittore-valencia\/","og_site_name":"Turiart","article_publisher":"https:\/\/www.facebook.com\/turiartVLC\/","article_modified_time":"2025-04-24T11:12:55+00:00","og_image":[{"width":1920,"height":1080,"url":"https:\/\/www.turiart.com\/wp-content\/uploads\/2019\/10\/sorolla.jpg","type":"image\/jpeg"}],"twitter_misc":{"Est. reading time":"2 minutes"},"schema":{"@context":"https:\/\/schema.org","@graph":[{"@type":"WebPage","@id":"https:\/\/www.turiart.com\/it\/catalogo-de-productos\/passeggiate-culturali\/sorolla-pittore-valencia\/","url":"https:\/\/www.turiart.com\/it\/catalogo-de-productos\/passeggiate-culturali\/sorolla-pittore-valencia\/","name":"Sorolla, il pittore di Valencia - Turiart","isPartOf":{"@id":"https:\/\/www.turiart.com\/it\/#website"},"primaryImageOfPage":{"@id":"https:\/\/www.turiart.com\/it\/catalogo-de-productos\/passeggiate-culturali\/sorolla-pittore-valencia\/#primaryimage"},"image":{"@id":"https:\/\/www.turiart.com\/it\/catalogo-de-productos\/passeggiate-culturali\/sorolla-pittore-valencia\/#primaryimage"},"thumbnailUrl":"https:\/\/www.turiart.com\/wp-content\/uploads\/2019\/10\/sorolla.jpg","datePublished":"2023-09-09T09:51:43+00:00","dateModified":"2025-04-24T11:12:55+00:00","description":"Un paseo guiado por la Valencia de Joaqu\u00edn Sorolla, por los lugares que marcaron su vida e inspiraron su obra. Una ruta para aprender a mirar Valencia con sus ojos.","breadcrumb":{"@id":"https:\/\/www.turiart.com\/it\/catalogo-de-productos\/passeggiate-culturali\/sorolla-pittore-valencia\/#breadcrumb"},"inLanguage":"it-IT","potentialAction":[{"@type":"ReadAction","target":["https:\/\/www.turiart.com\/it\/catalogo-de-productos\/passeggiate-culturali\/sorolla-pittore-valencia\/"]}]},{"@type":"ImageObject","inLanguage":"it-IT","@id":"https:\/\/www.turiart.com\/it\/catalogo-de-productos\/passeggiate-culturali\/sorolla-pittore-valencia\/#primaryimage","url":"https:\/\/www.turiart.com\/wp-content\/uploads\/2019\/10\/sorolla.jpg","contentUrl":"https:\/\/www.turiart.com\/wp-content\/uploads\/2019\/10\/sorolla.jpg","width":1920,"height":1080},{"@type":"BreadcrumbList","@id":"https:\/\/www.turiart.com\/it\/catalogo-de-productos\/passeggiate-culturali\/sorolla-pittore-valencia\/#breadcrumb","itemListElement":[{"@type":"ListItem","position":1,"name":"Home","item":"https:\/\/www.turiart.com\/it\/"},{"@type":"ListItem","position":2,"name":"Catalogo dei prodotti","item":"https:\/\/www.turiart.com\/it\/catalogo-dei-prodotti\/"},{"@type":"ListItem","position":3,"name":"Cultural walks","item":"https:\/\/www.turiart.com\/it\/prodotti\/passeggiate-culturali\/"},{"@type":"ListItem","position":4,"name":"Sorolla, il pittore di Valencia"}]},{"@type":"WebSite","@id":"https:\/\/www.turiart.com\/it\/#website","url":"https:\/\/www.turiart.com\/it\/","name":"Turiart","description":"Visitas guiadas y servicios tur\u00edstico-culturales en Valencia","publisher":{"@id":"https:\/\/www.turiart.com\/it\/#organization"},"potentialAction":[{"@type":"SearchAction","target":{"@type":"EntryPoint","urlTemplate":"https:\/\/www.turiart.com\/it\/?s={search_term_string}"},"query-input":{"@type":"PropertyValueSpecification","valueRequired":true,"valueName":"search_term_string"}}],"inLanguage":"it-IT"},{"@type":"Organization","@id":"https:\/\/www.turiart.com\/it\/#organization","name":"Servicios Auxiliares Turiart, S.L","url":"https:\/\/www.turiart.com\/it\/","logo":{"@type":"ImageObject","inLanguage":"it-IT","@id":"https:\/\/www.turiart.com\/it\/#\/schema\/logo\/image\/","url":"https:\/\/www.turiart.com\/wp-content\/uploads\/2018\/06\/logoHD-1.png","contentUrl":"https:\/\/www.turiart.com\/wp-content\/uploads\/2018\/06\/logoHD-1.png","width":403,"height":209,"caption":"Servicios Auxiliares Turiart, S.L"},"image":{"@id":"https:\/\/www.turiart.com\/it\/#\/schema\/logo\/image\/"},"sameAs":["https:\/\/www.facebook.com\/turiartVLC\/","https:\/\/x.com\/turiart","https:\/\/www.instagram.com\/turiart\/","https:\/\/www.linkedin.com\/company\/2726719\/admin\/"]}]}},"_links":{"self":[{"href":"https:\/\/www.turiart.com\/it\/wp-json\/wp\/v2\/product\/37607","targetHints":{"allow":["GET"]}}],"collection":[{"href":"https:\/\/www.turiart.com\/it\/wp-json\/wp\/v2\/product"}],"about":[{"href":"https:\/\/www.turiart.com\/it\/wp-json\/wp\/v2\/types\/product"}],"replies":[{"embeddable":true,"href":"https:\/\/www.turiart.com\/it\/wp-json\/wp\/v2\/comments?post=37607"}],"wp:featuredmedia":[{"embeddable":true,"href":"https:\/\/www.turiart.com\/it\/wp-json\/wp\/v2\/media\/30936"}],"wp:attachment":[{"href":"https:\/\/www.turiart.com\/it\/wp-json\/wp\/v2\/media?parent=37607"}],"wp:term":[{"taxonomy":"product_brand","embeddable":true,"href":"https:\/\/www.turiart.com\/it\/wp-json\/wp\/v2\/product_brand?post=37607"},{"taxonomy":"product_cat","embeddable":true,"href":"https:\/\/www.turiart.com\/it\/wp-json\/wp\/v2\/product_cat?post=37607"},{"taxonomy":"product_tag","embeddable":true,"href":"https:\/\/www.turiart.com\/it\/wp-json\/wp\/v2\/product_tag?post=37607"}],"curies":[{"name":"wp","href":"https:\/\/api.w.org\/{rel}","templated":true}]}}