{"id":38572,"date":"2024-03-18T18:44:19","date_gmt":"2024-03-18T16:44:19","guid":{"rendered":"https:\/\/www.turiart.com\/product-catalog\/senza-categoria\/valencia-art-design-walks\/"},"modified":"2025-05-26T16:25:43","modified_gmt":"2025-05-26T14:25:43","slug":"valencia-art-design-walks","status":"publish","type":"product","link":"https:\/\/www.turiart.com\/it\/catalogo-de-productos\/passeggiate-culturali\/valencia-art-design-walks\/","title":{"rendered":"Val\u00e8ncia Art &amp; Design Walks"},"content":{"rendered":"<h6>Date programmate:<\/h6>\n<ul>\n<li>Venerd\u00ec dalle 17:30 alle 19:30 ore:\n<ul>\n<li>12 settembre | 17 ottobre | 14 novembre | 12 dicembre<\/li>\n<\/ul>\n<\/li>\n<li>Sabato dalle 11:00 alle 13:00 ore:\n<ul>\n<li>20 settembre | 25 ottobre | 29 novembre | 20 dicembre<\/li>\n<\/ul>\n<\/li>\n<\/ul>\n<p>&nbsp;<\/p>\n<p><span style=\"font-weight: 400;\"><strong>Val\u00e8ncia<\/strong> emerge come epicentro dell\u2019arte e del design tramite la designazione nel 2022 come \"Capitale Mondiale del Design\" e, nel 2023, come \u201cCitt\u00e0 del Design\u201d, per l\u2019UNESCO. Ed \u00e8 a partire da qui che <strong>Turiart<\/strong> lancia un\u2019esperienza culturale unica e avanguardista con l\u2019aiuto di <\/span><a href=\"https:\/\/lavac.es\/\"><span style=\"font-weight: 400;\"><strong>LAVAC<\/strong> <\/span><\/a><span style=\"font-weight: 400;\">(Asociaci\u00f3n de Galer\u00edas de Arte Contempor\u00e1neo de la Comunidad Valenciana), alla collaborazione della <\/span><strong><a href=\"https:\/\/www.fundaciodisseny.com\/\"><i>Fundaci\u00f3 del Disseny <\/i><\/a><\/strong><span style=\"font-weight: 400;\">della Comunit\u00e0 Valenciana, e alla consulenza di <strong>Jos\u00e9 Luis P\u00e9rez Pont<\/strong>.<\/span><\/p>\n<p><span style=\"font-weight: 400;\">Con l\u2019obiettivo di invogliare residente e turisti a esplorare la citt\u00e0 da una prospettiva differente, \"Val\u00e8ncia Art &amp; Design Walks\" nasce come una proposta innovatrice di <strong>itinerario turistico<\/strong> che fonde l\u2019arte contempor\u00e1nea, l\u2019architettura avanguardista e il design tramite gli angoli meno conosciuti <\/span><span style=\"font-weight: 400;\">ma altrettanto affascinanti di Valencia.<\/span><\/p>\n<p><span style=\"font-weight: 400;\">\"Val\u00e8ncia Art &amp; Design Walks\" \u00e8 una nuova proposta di <strong>intrattenimento culturale<\/strong> aperta al pubblico che cerca di conoscere Val\u00e8ncia da una prospettiva diversa e all'avanguardia. L'obiettivo di questi percorsi \u00e8 offrire passeggiate artistiche e di design per le strade e le gallerie d'arte contemporanea della citt\u00e0, guidate da <strong>interpreti artistici<\/strong> appassionati nel trasmettere l'essenza creativa di Val\u00e8ncia. Inoltre, i partecipanti avranno l'opportunit\u00e0 di avere incontri esclusivi con artisti e creatori locali, immergendosi nella cultura contemporanea valenciana.<\/span><\/p>\n<p>&nbsp;<\/p>\n<p><span style=\"font-weight: 400;\">Cosa offriamo?<\/span><\/p>\n<ul>\n<li><span style=\"font-weight: 400;\"><strong>Passeggiate guidate<\/strong>: i percorsi, condotti da interpreti artistici specializzati, avranno una durata di 2 ore e mezza, programmate per il venerd\u00ec pomeriggio e il sabato mattina. Saranno offerti in spagnolo e\/o inglese, con l'ntenzione di ampliare l'offerta ad altre lingue in futuro.<\/span><\/li>\n<li><strong>Esplora l'arte urbana e alcune delle migliori gallerie d'arte contemporanea<\/strong> di Val\u00e8ncia accompagnato da guide esperte in arte e design.<\/li>\n<li><strong>Incontri con gli artisti<\/strong>: impara dal mondo creativo valenciano con dialoghi esclusivi con artisti e creatori locali.<\/li>\n<li><strong>Omaggio<\/strong>: il percorso includer\u00e0 un regalo;\u00a0 un prodotto valenciano di qualit\u00e0 e design (ad esempio una degustazione, un prodotto gourmet locale o un oggetto) per completare l'esperienza artistica.<\/li>\n<\/ul>\n<p>&nbsp;<\/p>\n","protected":false},"excerpt":{"rendered":"<p><span style=\"font-weight: 400;\">Conosci e vivi l\u2019Arte contemporanea e il Design passeggiando per le strade di Valencia. Una nuova proposta di svago culturale nella citt\u00e0 per scoprire i suoi spazi pi\u00f9 attrattivi, insieme a interpreti artistici specializzati.<\/span><\/p>\n","protected":false},"featured_media":38571,"comment_status":"open","ping_status":"closed","template":"","meta":{"_acf_changed":false,"_joinchat":[]},"product_brand":[],"product_cat":[687,235],"product_tag":[791,2265,829,895,2837,2838,957],"class_list":{"0":"post-38572","1":"product","2":"type-product","3":"status-publish","4":"has-post-thumbnail","6":"product_cat-prossimi-percorsi","7":"product_cat-passeggiate-culturali","8":"product_tag-arte-it","9":"product_tag-comunitat-valenciana-it-2","10":"product_tag-cultura-it","11":"product_tag-visita-culturale","12":"product_tag-design-it","13":"product_tag-gallerie","14":"product_tag-valencia-it","16":"first","17":"instock","18":"shipping-taxable","19":"product-type-external"},"acf":[],"yoast_head":"<!-- This site is optimized with the Yoast SEO plugin v26.8 - https:\/\/yoast.com\/product\/yoast-seo-wordpress\/ -->\n<title>Val\u00e8ncia Art &amp; Design Walks - Turiart<\/title>\n<meta name=\"description\" content=\"Conosci e vivi l\u2019Arte contemporanea e il Design passeggiando per le strade di Valencia. Una nuova proposta di svago culturale nella citt\u00e0 per scoprire i suoi spazi pi\u00f9 attrattivi, insieme a interpreti artistici specializzati.\" \/>\n<meta name=\"robots\" content=\"index, follow, max-snippet:-1, max-image-preview:large, max-video-preview:-1\" \/>\n<link rel=\"canonical\" href=\"https:\/\/www.turiart.com\/it\/catalogo-de-productos\/passeggiate-culturali\/valencia-art-design-walks\/\" \/>\n<meta property=\"og:locale\" content=\"it_IT\" \/>\n<meta property=\"og:type\" content=\"article\" \/>\n<meta property=\"og:title\" content=\"Val\u00e8ncia Art &amp; Design Walks - Turiart\" \/>\n<meta property=\"og:description\" content=\"Conosci e vivi l\u2019Arte contemporanea e il Design passeggiando per le strade di Valencia. Una nuova proposta di svago culturale nella citt\u00e0 per scoprire i suoi spazi pi\u00f9 attrattivi, insieme a interpreti artistici specializzati.\" \/>\n<meta property=\"og:url\" content=\"https:\/\/www.turiart.com\/it\/catalogo-de-productos\/passeggiate-culturali\/valencia-art-design-walks\/\" \/>\n<meta property=\"og:site_name\" content=\"Turiart\" \/>\n<meta property=\"article:publisher\" content=\"https:\/\/www.facebook.com\/turiartVLC\/\" \/>\n<meta property=\"article:modified_time\" content=\"2025-05-26T14:25:43+00:00\" \/>\n<meta property=\"og:image\" content=\"https:\/\/www.turiart.com\/wp-content\/uploads\/2024\/03\/IMG_1749.jpg\" \/>\n\t<meta property=\"og:image:width\" content=\"1920\" \/>\n\t<meta property=\"og:image:height\" content=\"1282\" \/>\n\t<meta property=\"og:image:type\" content=\"image\/jpeg\" \/>\n<meta name=\"twitter:label1\" content=\"Est. reading time\" \/>\n\t<meta name=\"twitter:data1\" content=\"2 minutes\" \/>\n<script type=\"application\/ld+json\" class=\"yoast-schema-graph\">{\"@context\":\"https:\/\/schema.org\",\"@graph\":[{\"@type\":\"WebPage\",\"@id\":\"https:\/\/www.turiart.com\/it\/catalogo-de-productos\/passeggiate-culturali\/valencia-art-design-walks\/\",\"url\":\"https:\/\/www.turiart.com\/it\/catalogo-de-productos\/passeggiate-culturali\/valencia-art-design-walks\/\",\"name\":\"Val\u00e8ncia Art &amp; Design Walks - Turiart\",\"isPartOf\":{\"@id\":\"https:\/\/www.turiart.com\/it\/#website\"},\"primaryImageOfPage\":{\"@id\":\"https:\/\/www.turiart.com\/it\/catalogo-de-productos\/passeggiate-culturali\/valencia-art-design-walks\/#primaryimage\"},\"image\":{\"@id\":\"https:\/\/www.turiart.com\/it\/catalogo-de-productos\/passeggiate-culturali\/valencia-art-design-walks\/#primaryimage\"},\"thumbnailUrl\":\"https:\/\/www.turiart.com\/wp-content\/uploads\/2024\/03\/IMG_1749.jpg\",\"datePublished\":\"2024-03-18T16:44:19+00:00\",\"dateModified\":\"2025-05-26T14:25:43+00:00\",\"description\":\"Conosci e vivi l\u2019Arte contemporanea e il Design passeggiando per le strade di Valencia. Una nuova proposta di svago culturale nella citt\u00e0 per scoprire i suoi spazi pi\u00f9 attrattivi, insieme a interpreti artistici specializzati.\",\"breadcrumb\":{\"@id\":\"https:\/\/www.turiart.com\/it\/catalogo-de-productos\/passeggiate-culturali\/valencia-art-design-walks\/#breadcrumb\"},\"inLanguage\":\"it-IT\",\"potentialAction\":[{\"@type\":\"ReadAction\",\"target\":[\"https:\/\/www.turiart.com\/it\/catalogo-de-productos\/passeggiate-culturali\/valencia-art-design-walks\/\"]}]},{\"@type\":\"ImageObject\",\"inLanguage\":\"it-IT\",\"@id\":\"https:\/\/www.turiart.com\/it\/catalogo-de-productos\/passeggiate-culturali\/valencia-art-design-walks\/#primaryimage\",\"url\":\"https:\/\/www.turiart.com\/wp-content\/uploads\/2024\/03\/IMG_1749.jpg\",\"contentUrl\":\"https:\/\/www.turiart.com\/wp-content\/uploads\/2024\/03\/IMG_1749.jpg\",\"width\":1920,\"height\":1282},{\"@type\":\"BreadcrumbList\",\"@id\":\"https:\/\/www.turiart.com\/it\/catalogo-de-productos\/passeggiate-culturali\/valencia-art-design-walks\/#breadcrumb\",\"itemListElement\":[{\"@type\":\"ListItem\",\"position\":1,\"name\":\"Home\",\"item\":\"https:\/\/www.turiart.com\/it\/\"},{\"@type\":\"ListItem\",\"position\":2,\"name\":\"Catalogo dei prodotti\",\"item\":\"https:\/\/www.turiart.com\/it\/catalogo-dei-prodotti\/\"},{\"@type\":\"ListItem\",\"position\":3,\"name\":\"Cultural walks\",\"item\":\"https:\/\/www.turiart.com\/it\/prodotti\/passeggiate-culturali\/\"},{\"@type\":\"ListItem\",\"position\":4,\"name\":\"Val\u00e8ncia Art &amp; Design Walks\"}]},{\"@type\":\"WebSite\",\"@id\":\"https:\/\/www.turiart.com\/it\/#website\",\"url\":\"https:\/\/www.turiart.com\/it\/\",\"name\":\"Turiart\",\"description\":\"Visitas guiadas y servicios tur\u00edstico-culturales en Valencia\",\"publisher\":{\"@id\":\"https:\/\/www.turiart.com\/it\/#organization\"},\"potentialAction\":[{\"@type\":\"SearchAction\",\"target\":{\"@type\":\"EntryPoint\",\"urlTemplate\":\"https:\/\/www.turiart.com\/it\/?s={search_term_string}\"},\"query-input\":{\"@type\":\"PropertyValueSpecification\",\"valueRequired\":true,\"valueName\":\"search_term_string\"}}],\"inLanguage\":\"it-IT\"},{\"@type\":\"Organization\",\"@id\":\"https:\/\/www.turiart.com\/it\/#organization\",\"name\":\"Servicios Auxiliares Turiart, S.L\",\"url\":\"https:\/\/www.turiart.com\/it\/\",\"logo\":{\"@type\":\"ImageObject\",\"inLanguage\":\"it-IT\",\"@id\":\"https:\/\/www.turiart.com\/it\/#\/schema\/logo\/image\/\",\"url\":\"https:\/\/www.turiart.com\/wp-content\/uploads\/2018\/06\/logoHD-1.png\",\"contentUrl\":\"https:\/\/www.turiart.com\/wp-content\/uploads\/2018\/06\/logoHD-1.png\",\"width\":403,\"height\":209,\"caption\":\"Servicios Auxiliares Turiart, S.L\"},\"image\":{\"@id\":\"https:\/\/www.turiart.com\/it\/#\/schema\/logo\/image\/\"},\"sameAs\":[\"https:\/\/www.facebook.com\/turiartVLC\/\",\"https:\/\/x.com\/turiart\",\"https:\/\/www.instagram.com\/turiart\/\",\"https:\/\/www.linkedin.com\/company\/2726719\/admin\/\"]}]}<\/script>\n<!-- \/ Yoast SEO plugin. -->","yoast_head_json":{"title":"Val\u00e8ncia Art &amp; Design Walks - Turiart","description":"Conosci e vivi l\u2019Arte contemporanea e il Design passeggiando per le strade di Valencia. Una nuova proposta di svago culturale nella citt\u00e0 per scoprire i suoi spazi pi\u00f9 attrattivi, insieme a interpreti artistici specializzati.","robots":{"index":"index","follow":"follow","max-snippet":"max-snippet:-1","max-image-preview":"max-image-preview:large","max-video-preview":"max-video-preview:-1"},"canonical":"https:\/\/www.turiart.com\/it\/catalogo-de-productos\/passeggiate-culturali\/valencia-art-design-walks\/","og_locale":"it_IT","og_type":"article","og_title":"Val\u00e8ncia Art &amp; Design Walks - Turiart","og_description":"Conosci e vivi l\u2019Arte contemporanea e il Design passeggiando per le strade di Valencia. Una nuova proposta di svago culturale nella citt\u00e0 per scoprire i suoi spazi pi\u00f9 attrattivi, insieme a interpreti artistici specializzati.","og_url":"https:\/\/www.turiart.com\/it\/catalogo-de-productos\/passeggiate-culturali\/valencia-art-design-walks\/","og_site_name":"Turiart","article_publisher":"https:\/\/www.facebook.com\/turiartVLC\/","article_modified_time":"2025-05-26T14:25:43+00:00","og_image":[{"width":1920,"height":1282,"url":"https:\/\/www.turiart.com\/wp-content\/uploads\/2024\/03\/IMG_1749.jpg","type":"image\/jpeg"}],"twitter_misc":{"Est. reading time":"2 minutes"},"schema":{"@context":"https:\/\/schema.org","@graph":[{"@type":"WebPage","@id":"https:\/\/www.turiart.com\/it\/catalogo-de-productos\/passeggiate-culturali\/valencia-art-design-walks\/","url":"https:\/\/www.turiart.com\/it\/catalogo-de-productos\/passeggiate-culturali\/valencia-art-design-walks\/","name":"Val\u00e8ncia Art &amp; Design Walks - Turiart","isPartOf":{"@id":"https:\/\/www.turiart.com\/it\/#website"},"primaryImageOfPage":{"@id":"https:\/\/www.turiart.com\/it\/catalogo-de-productos\/passeggiate-culturali\/valencia-art-design-walks\/#primaryimage"},"image":{"@id":"https:\/\/www.turiart.com\/it\/catalogo-de-productos\/passeggiate-culturali\/valencia-art-design-walks\/#primaryimage"},"thumbnailUrl":"https:\/\/www.turiart.com\/wp-content\/uploads\/2024\/03\/IMG_1749.jpg","datePublished":"2024-03-18T16:44:19+00:00","dateModified":"2025-05-26T14:25:43+00:00","description":"Conosci e vivi l\u2019Arte contemporanea e il Design passeggiando per le strade di Valencia. Una nuova proposta di svago culturale nella citt\u00e0 per scoprire i suoi spazi pi\u00f9 attrattivi, insieme a interpreti artistici specializzati.","breadcrumb":{"@id":"https:\/\/www.turiart.com\/it\/catalogo-de-productos\/passeggiate-culturali\/valencia-art-design-walks\/#breadcrumb"},"inLanguage":"it-IT","potentialAction":[{"@type":"ReadAction","target":["https:\/\/www.turiart.com\/it\/catalogo-de-productos\/passeggiate-culturali\/valencia-art-design-walks\/"]}]},{"@type":"ImageObject","inLanguage":"it-IT","@id":"https:\/\/www.turiart.com\/it\/catalogo-de-productos\/passeggiate-culturali\/valencia-art-design-walks\/#primaryimage","url":"https:\/\/www.turiart.com\/wp-content\/uploads\/2024\/03\/IMG_1749.jpg","contentUrl":"https:\/\/www.turiart.com\/wp-content\/uploads\/2024\/03\/IMG_1749.jpg","width":1920,"height":1282},{"@type":"BreadcrumbList","@id":"https:\/\/www.turiart.com\/it\/catalogo-de-productos\/passeggiate-culturali\/valencia-art-design-walks\/#breadcrumb","itemListElement":[{"@type":"ListItem","position":1,"name":"Home","item":"https:\/\/www.turiart.com\/it\/"},{"@type":"ListItem","position":2,"name":"Catalogo dei prodotti","item":"https:\/\/www.turiart.com\/it\/catalogo-dei-prodotti\/"},{"@type":"ListItem","position":3,"name":"Cultural walks","item":"https:\/\/www.turiart.com\/it\/prodotti\/passeggiate-culturali\/"},{"@type":"ListItem","position":4,"name":"Val\u00e8ncia Art &amp; Design Walks"}]},{"@type":"WebSite","@id":"https:\/\/www.turiart.com\/it\/#website","url":"https:\/\/www.turiart.com\/it\/","name":"Turiart","description":"Visitas guiadas y servicios tur\u00edstico-culturales en Valencia","publisher":{"@id":"https:\/\/www.turiart.com\/it\/#organization"},"potentialAction":[{"@type":"SearchAction","target":{"@type":"EntryPoint","urlTemplate":"https:\/\/www.turiart.com\/it\/?s={search_term_string}"},"query-input":{"@type":"PropertyValueSpecification","valueRequired":true,"valueName":"search_term_string"}}],"inLanguage":"it-IT"},{"@type":"Organization","@id":"https:\/\/www.turiart.com\/it\/#organization","name":"Servicios Auxiliares Turiart, S.L","url":"https:\/\/www.turiart.com\/it\/","logo":{"@type":"ImageObject","inLanguage":"it-IT","@id":"https:\/\/www.turiart.com\/it\/#\/schema\/logo\/image\/","url":"https:\/\/www.turiart.com\/wp-content\/uploads\/2018\/06\/logoHD-1.png","contentUrl":"https:\/\/www.turiart.com\/wp-content\/uploads\/2018\/06\/logoHD-1.png","width":403,"height":209,"caption":"Servicios Auxiliares Turiart, S.L"},"image":{"@id":"https:\/\/www.turiart.com\/it\/#\/schema\/logo\/image\/"},"sameAs":["https:\/\/www.facebook.com\/turiartVLC\/","https:\/\/x.com\/turiart","https:\/\/www.instagram.com\/turiart\/","https:\/\/www.linkedin.com\/company\/2726719\/admin\/"]}]}},"_links":{"self":[{"href":"https:\/\/www.turiart.com\/it\/wp-json\/wp\/v2\/product\/38572","targetHints":{"allow":["GET"]}}],"collection":[{"href":"https:\/\/www.turiart.com\/it\/wp-json\/wp\/v2\/product"}],"about":[{"href":"https:\/\/www.turiart.com\/it\/wp-json\/wp\/v2\/types\/product"}],"replies":[{"embeddable":true,"href":"https:\/\/www.turiart.com\/it\/wp-json\/wp\/v2\/comments?post=38572"}],"wp:featuredmedia":[{"embeddable":true,"href":"https:\/\/www.turiart.com\/it\/wp-json\/wp\/v2\/media\/38571"}],"wp:attachment":[{"href":"https:\/\/www.turiart.com\/it\/wp-json\/wp\/v2\/media?parent=38572"}],"wp:term":[{"taxonomy":"product_brand","embeddable":true,"href":"https:\/\/www.turiart.com\/it\/wp-json\/wp\/v2\/product_brand?post=38572"},{"taxonomy":"product_cat","embeddable":true,"href":"https:\/\/www.turiart.com\/it\/wp-json\/wp\/v2\/product_cat?post=38572"},{"taxonomy":"product_tag","embeddable":true,"href":"https:\/\/www.turiart.com\/it\/wp-json\/wp\/v2\/product_tag?post=38572"}],"curies":[{"name":"wp","href":"https:\/\/api.w.org\/{rel}","templated":true}]}}