{"id":39571,"date":"2020-03-09T19:08:35","date_gmt":"2020-03-09T17:08:35","guid":{"rendered":"https:\/\/www.turiart.com\/product-catalog\/senza-categoria\/valencia-orange-tour-experience\/"},"modified":"2025-05-20T10:36:56","modified_gmt":"2025-05-20T08:36:56","slug":"valencia-orange-tour-experience","status":"publish","type":"product","link":"https:\/\/www.turiart.com\/it\/catalogo-de-productos\/escursioni\/valencia-orange-tour-experience\/","title":{"rendered":"Valencia Orange Tour Experience"},"content":{"rendered":"<p><strong>Date programmate da Ottobre a Maggio:<\/strong><\/p>\n<ul>\n<li>Marted\u00ec e Mercoled\u00ec alle 10:30.<\/li>\n<li>Sabato e Domenica alle 11:00h.<\/li>\n<li>Luned\u00ec, Gioved\u00ec e Venerd\u00ec alle 15:30h.<\/li>\n<\/ul>\n<p><strong>Date programmate da Giugno a Settembre:<\/strong><\/p>\n<ul>\n<li>Luned\u00ec, Mercoled\u00ec, Gioved\u00ec, Sabato e Domenica alle 10:00h.<\/li>\n<li>Marted\u00ec e Venerd\u00ec alle 18:30h.<\/li>\n<\/ul>\n<p><a class=\"fh-icon--calendar-check fh-margin--15 fh-button-true-flat-red fh-shape--square\" href=\"https:\/\/fareharbor.com\/embeds\/book\/turiart\/items\/354010\/?full-items=yes&amp;flow=648190\">PRENOTA ORA<\/a><\/p>\n<p>Vivi la <strong>Valencia Orange Tour Experience <\/strong> in un luogo emblematico e tipico valenciano, percorrendo <strong>l'Orto Ribera<\/strong>, dal 1870.<\/p>\n<p>In questa escursione potrai conoscere tutto sulla coltivazione delle arance, le loro variet\u00e1 e passeggiare per i giardini dall'atmosfera indimenticabile.<\/p>\n<p>L'Orto Ribera appartiene alla <strong>famiglia Ribera<\/strong> ed \u00e9 situato a <strong>Carcaixent (Valencia)<\/strong>, <em>la culla delle arance<\/em>. La sua posizione, per le sue condizioni climatiche e ambientali, favorisce la produzione di arance e mandarini di qualit\u00e1, con gran sapore e aroma..<\/p>\n<p>Ci\u00f3 che caratterizza il Palazzo Signorile \u00e9 il fatto che sia circondato da aranci centenari e, per di pi\u00fa, \u00e9 circondato anche da un muro della Massoneria dell'epoca che ad oggi \u00e9 diventata la casa della famiglia Ribera.<\/p>\n<p>\u00c9 un orto monumentale del XIX secolo, la sua architettura e i suoi dettagli, sono ci\u00f3 che pi\u00fa sorprende i visitatori.<\/p>\n<p><strong>Le visite individuali (senza gruppo minimo) includono:<\/strong><\/p>\n<ul>\n<li>\u00a0I visitatori dovranno dirigersi alla Stazione ferroviaria di Carcaixent.<\/li>\n<li>\u00a0Guida Ribera per essere accompagnati fino all'Orto di San Vicente.<\/li>\n<li>\u00a0Passeggiata per la propriet\u00e1, i suoi campi e giardini.<\/li>\n<li>\u00a0Spiegazione della coltivazione e variet\u00e1 delle arance e altre coltivazioni di frutta, come mandarini, avocado, mano de Buda, limoni, Kumquats, pompelmi, melagrane, papaya, nespole...<\/li>\n<li>\u00a0Scoprirai l'esterno della vita moderna del XIX secolo de.<\/li>\n<li>\u00a0Si potranno cogliere arance o mandarini di stagione.<\/li>\n<li>\u00a0Usufruirai di una degustazione di succhi, mermellate artigianali, miele di fiori di arancio e liquori valenciani.<\/li>\n<li>\u00a0Stazione ferroviaria di Carcaixent per su ritornare a Valencia.<\/li>\n<\/ul>\n<p style=\"text-align: center;\"><em><strong>Sar\u00e1 un'esperienza indimenticabile nel bel mezzo della natura!<\/strong><\/em><\/p>\n<p><script>jQuery(document).ready(function($){$('#-product-cart-button-110-30691').replaceWith('<a class=\"fh-icon--calendar-check fh-button-true-flat-red fh-shape--square\" href=\"https:\/\/fareharbor.com\/embeds\/book\/turiart\/items\/354010\/?full-items=yes&flow=648190\">PRENOTA ORA<\/a>');});<\/script><\/p>\n","protected":false},"excerpt":{"rendered":"<p>Vivi la Valencia Orange Tour Experience con Turiart, in un luogo emblematico e tipico valenciano, percorrendo l'Orto di San Vicente dal 1870, dove potrai conoscere tutto sulla coltivazione delle arance, le loro variet\u00e1 e passggiare per i suoi giardini in un contesto indimenticabile.<\/p>\n","protected":false},"featured_media":30483,"comment_status":"open","ping_status":"closed","template":"","meta":{"_acf_changed":false,"_joinchat":[]},"product_brand":[],"product_cat":[687,232],"product_tag":[2382,2902,2905,2904,2903],"class_list":{"0":"post-39571","1":"product","2":"type-product","3":"status-publish","4":"has-post-thumbnail","6":"product_cat-prossimi-percorsi","7":"product_cat-escursioni","8":"product_tag-agricolturatoursvalencia","9":"product_tag-arance","10":"product_tag-carcaixent-it","11":"product_tag-escursioni-it","12":"product_tag-tour-it-2","13":"pa_atributo-entradas-adulto","14":"pa_atributo-entradas-ridotto","16":"first","17":"instock","18":"sale","19":"shipping-taxable","20":"purchasable","21":"product-type-variable"},"acf":[],"yoast_head":"<!-- This site is optimized with the Yoast SEO plugin v26.8 - https:\/\/yoast.com\/product\/yoast-seo-wordpress\/ -->\n<title>Vivi la Valencia Orange Tour Experience con Turiart<\/title>\n<meta name=\"description\" content=\"Vivi la Valencia Orange Tour Experience con Turiart, in un luogo emblematico e tipico valenciano percorriendo l&#039;Orto de San Vicente dal 1870.\" \/>\n<meta name=\"robots\" content=\"index, follow, max-snippet:-1, max-image-preview:large, max-video-preview:-1\" \/>\n<link rel=\"canonical\" href=\"https:\/\/www.turiart.com\/it\/catalogo-de-productos\/escursioni\/valencia-orange-tour-experience\/\" \/>\n<meta property=\"og:locale\" content=\"it_IT\" \/>\n<meta property=\"og:type\" content=\"article\" \/>\n<meta property=\"og:title\" content=\"Vivi la Valencia Orange Tour Experience con Turiart\" \/>\n<meta property=\"og:description\" content=\"Vivi la Valencia Orange Tour Experience con Turiart, in un luogo emblematico e tipico valenciano percorriendo l&#039;Orto de San Vicente dal 1870.\" \/>\n<meta property=\"og:url\" content=\"https:\/\/www.turiart.com\/it\/catalogo-de-productos\/escursioni\/valencia-orange-tour-experience\/\" \/>\n<meta property=\"og:site_name\" content=\"Turiart\" \/>\n<meta property=\"article:publisher\" content=\"https:\/\/www.facebook.com\/turiartVLC\/\" \/>\n<meta property=\"article:modified_time\" content=\"2025-05-20T08:36:56+00:00\" \/>\n<meta property=\"og:image\" content=\"https:\/\/www.turiart.com\/wp-content\/uploads\/2019\/11\/huerto3-scaled.jpg\" \/>\n\t<meta property=\"og:image:width\" content=\"1439\" \/>\n\t<meta property=\"og:image:height\" content=\"2560\" \/>\n\t<meta property=\"og:image:type\" content=\"image\/jpeg\" \/>\n<meta name=\"twitter:label1\" content=\"Est. reading time\" \/>\n\t<meta name=\"twitter:data1\" content=\"2 minutes\" \/>\n<script type=\"application\/ld+json\" class=\"yoast-schema-graph\">{\"@context\":\"https:\/\/schema.org\",\"@graph\":[{\"@type\":\"WebPage\",\"@id\":\"https:\/\/www.turiart.com\/it\/catalogo-de-productos\/escursioni\/valencia-orange-tour-experience\/\",\"url\":\"https:\/\/www.turiart.com\/it\/catalogo-de-productos\/escursioni\/valencia-orange-tour-experience\/\",\"name\":\"Vivi la Valencia Orange Tour Experience con Turiart\",\"isPartOf\":{\"@id\":\"https:\/\/www.turiart.com\/it\/#website\"},\"primaryImageOfPage\":{\"@id\":\"https:\/\/www.turiart.com\/it\/catalogo-de-productos\/escursioni\/valencia-orange-tour-experience\/#primaryimage\"},\"image\":{\"@id\":\"https:\/\/www.turiart.com\/it\/catalogo-de-productos\/escursioni\/valencia-orange-tour-experience\/#primaryimage\"},\"thumbnailUrl\":\"https:\/\/www.turiart.com\/wp-content\/uploads\/2019\/11\/huerto3-scaled.jpg\",\"datePublished\":\"2020-03-09T17:08:35+00:00\",\"dateModified\":\"2025-05-20T08:36:56+00:00\",\"description\":\"Vivi la Valencia Orange Tour Experience con Turiart, in un luogo emblematico e tipico valenciano percorriendo l'Orto de San Vicente dal 1870.\",\"breadcrumb\":{\"@id\":\"https:\/\/www.turiart.com\/it\/catalogo-de-productos\/escursioni\/valencia-orange-tour-experience\/#breadcrumb\"},\"inLanguage\":\"it-IT\",\"potentialAction\":[{\"@type\":\"ReadAction\",\"target\":[\"https:\/\/www.turiart.com\/it\/catalogo-de-productos\/escursioni\/valencia-orange-tour-experience\/\"]}]},{\"@type\":\"ImageObject\",\"inLanguage\":\"it-IT\",\"@id\":\"https:\/\/www.turiart.com\/it\/catalogo-de-productos\/escursioni\/valencia-orange-tour-experience\/#primaryimage\",\"url\":\"https:\/\/www.turiart.com\/wp-content\/uploads\/2019\/11\/huerto3-scaled.jpg\",\"contentUrl\":\"https:\/\/www.turiart.com\/wp-content\/uploads\/2019\/11\/huerto3-scaled.jpg\",\"width\":1439,\"height\":2560},{\"@type\":\"BreadcrumbList\",\"@id\":\"https:\/\/www.turiart.com\/it\/catalogo-de-productos\/escursioni\/valencia-orange-tour-experience\/#breadcrumb\",\"itemListElement\":[{\"@type\":\"ListItem\",\"position\":1,\"name\":\"Home\",\"item\":\"https:\/\/www.turiart.com\/it\/\"},{\"@type\":\"ListItem\",\"position\":2,\"name\":\"Catalogo dei prodotti\",\"item\":\"https:\/\/www.turiart.com\/it\/catalogo-dei-prodotti\/\"},{\"@type\":\"ListItem\",\"position\":3,\"name\":\"Prossimi tour\",\"item\":\"https:\/\/www.turiart.com\/it\/prodotti\/prossimi-percorsi\/\"},{\"@type\":\"ListItem\",\"position\":4,\"name\":\"Valencia Orange Tour Experience\"}]},{\"@type\":\"WebSite\",\"@id\":\"https:\/\/www.turiart.com\/it\/#website\",\"url\":\"https:\/\/www.turiart.com\/it\/\",\"name\":\"Turiart\",\"description\":\"Visitas guiadas y servicios tur\u00edstico-culturales en Valencia\",\"publisher\":{\"@id\":\"https:\/\/www.turiart.com\/it\/#organization\"},\"potentialAction\":[{\"@type\":\"SearchAction\",\"target\":{\"@type\":\"EntryPoint\",\"urlTemplate\":\"https:\/\/www.turiart.com\/it\/?s={search_term_string}\"},\"query-input\":{\"@type\":\"PropertyValueSpecification\",\"valueRequired\":true,\"valueName\":\"search_term_string\"}}],\"inLanguage\":\"it-IT\"},{\"@type\":\"Organization\",\"@id\":\"https:\/\/www.turiart.com\/it\/#organization\",\"name\":\"Servicios Auxiliares Turiart, S.L\",\"url\":\"https:\/\/www.turiart.com\/it\/\",\"logo\":{\"@type\":\"ImageObject\",\"inLanguage\":\"it-IT\",\"@id\":\"https:\/\/www.turiart.com\/it\/#\/schema\/logo\/image\/\",\"url\":\"https:\/\/www.turiart.com\/wp-content\/uploads\/2018\/06\/logoHD-1.png\",\"contentUrl\":\"https:\/\/www.turiart.com\/wp-content\/uploads\/2018\/06\/logoHD-1.png\",\"width\":403,\"height\":209,\"caption\":\"Servicios Auxiliares Turiart, S.L\"},\"image\":{\"@id\":\"https:\/\/www.turiart.com\/it\/#\/schema\/logo\/image\/\"},\"sameAs\":[\"https:\/\/www.facebook.com\/turiartVLC\/\",\"https:\/\/x.com\/turiart\",\"https:\/\/www.instagram.com\/turiart\/\",\"https:\/\/www.linkedin.com\/company\/2726719\/admin\/\"]}]}<\/script>\n<!-- \/ Yoast SEO plugin. -->","yoast_head_json":{"title":"Vivi la Valencia Orange Tour Experience con Turiart","description":"Vivi la Valencia Orange Tour Experience con Turiart, in un luogo emblematico e tipico valenciano percorriendo l'Orto de San Vicente dal 1870.","robots":{"index":"index","follow":"follow","max-snippet":"max-snippet:-1","max-image-preview":"max-image-preview:large","max-video-preview":"max-video-preview:-1"},"canonical":"https:\/\/www.turiart.com\/it\/catalogo-de-productos\/escursioni\/valencia-orange-tour-experience\/","og_locale":"it_IT","og_type":"article","og_title":"Vivi la Valencia Orange Tour Experience con Turiart","og_description":"Vivi la Valencia Orange Tour Experience con Turiart, in un luogo emblematico e tipico valenciano percorriendo l'Orto de San Vicente dal 1870.","og_url":"https:\/\/www.turiart.com\/it\/catalogo-de-productos\/escursioni\/valencia-orange-tour-experience\/","og_site_name":"Turiart","article_publisher":"https:\/\/www.facebook.com\/turiartVLC\/","article_modified_time":"2025-05-20T08:36:56+00:00","og_image":[{"width":1439,"height":2560,"url":"https:\/\/www.turiart.com\/wp-content\/uploads\/2019\/11\/huerto3-scaled.jpg","type":"image\/jpeg"}],"twitter_misc":{"Est. reading time":"2 minutes"},"schema":{"@context":"https:\/\/schema.org","@graph":[{"@type":"WebPage","@id":"https:\/\/www.turiart.com\/it\/catalogo-de-productos\/escursioni\/valencia-orange-tour-experience\/","url":"https:\/\/www.turiart.com\/it\/catalogo-de-productos\/escursioni\/valencia-orange-tour-experience\/","name":"Vivi la Valencia Orange Tour Experience con Turiart","isPartOf":{"@id":"https:\/\/www.turiart.com\/it\/#website"},"primaryImageOfPage":{"@id":"https:\/\/www.turiart.com\/it\/catalogo-de-productos\/escursioni\/valencia-orange-tour-experience\/#primaryimage"},"image":{"@id":"https:\/\/www.turiart.com\/it\/catalogo-de-productos\/escursioni\/valencia-orange-tour-experience\/#primaryimage"},"thumbnailUrl":"https:\/\/www.turiart.com\/wp-content\/uploads\/2019\/11\/huerto3-scaled.jpg","datePublished":"2020-03-09T17:08:35+00:00","dateModified":"2025-05-20T08:36:56+00:00","description":"Vivi la Valencia Orange Tour Experience con Turiart, in un luogo emblematico e tipico valenciano percorriendo l'Orto de San Vicente dal 1870.","breadcrumb":{"@id":"https:\/\/www.turiart.com\/it\/catalogo-de-productos\/escursioni\/valencia-orange-tour-experience\/#breadcrumb"},"inLanguage":"it-IT","potentialAction":[{"@type":"ReadAction","target":["https:\/\/www.turiart.com\/it\/catalogo-de-productos\/escursioni\/valencia-orange-tour-experience\/"]}]},{"@type":"ImageObject","inLanguage":"it-IT","@id":"https:\/\/www.turiart.com\/it\/catalogo-de-productos\/escursioni\/valencia-orange-tour-experience\/#primaryimage","url":"https:\/\/www.turiart.com\/wp-content\/uploads\/2019\/11\/huerto3-scaled.jpg","contentUrl":"https:\/\/www.turiart.com\/wp-content\/uploads\/2019\/11\/huerto3-scaled.jpg","width":1439,"height":2560},{"@type":"BreadcrumbList","@id":"https:\/\/www.turiart.com\/it\/catalogo-de-productos\/escursioni\/valencia-orange-tour-experience\/#breadcrumb","itemListElement":[{"@type":"ListItem","position":1,"name":"Home","item":"https:\/\/www.turiart.com\/it\/"},{"@type":"ListItem","position":2,"name":"Catalogo dei prodotti","item":"https:\/\/www.turiart.com\/it\/catalogo-dei-prodotti\/"},{"@type":"ListItem","position":3,"name":"Prossimi tour","item":"https:\/\/www.turiart.com\/it\/prodotti\/prossimi-percorsi\/"},{"@type":"ListItem","position":4,"name":"Valencia Orange Tour Experience"}]},{"@type":"WebSite","@id":"https:\/\/www.turiart.com\/it\/#website","url":"https:\/\/www.turiart.com\/it\/","name":"Turiart","description":"Visitas guiadas y servicios tur\u00edstico-culturales en Valencia","publisher":{"@id":"https:\/\/www.turiart.com\/it\/#organization"},"potentialAction":[{"@type":"SearchAction","target":{"@type":"EntryPoint","urlTemplate":"https:\/\/www.turiart.com\/it\/?s={search_term_string}"},"query-input":{"@type":"PropertyValueSpecification","valueRequired":true,"valueName":"search_term_string"}}],"inLanguage":"it-IT"},{"@type":"Organization","@id":"https:\/\/www.turiart.com\/it\/#organization","name":"Servicios Auxiliares Turiart, S.L","url":"https:\/\/www.turiart.com\/it\/","logo":{"@type":"ImageObject","inLanguage":"it-IT","@id":"https:\/\/www.turiart.com\/it\/#\/schema\/logo\/image\/","url":"https:\/\/www.turiart.com\/wp-content\/uploads\/2018\/06\/logoHD-1.png","contentUrl":"https:\/\/www.turiart.com\/wp-content\/uploads\/2018\/06\/logoHD-1.png","width":403,"height":209,"caption":"Servicios Auxiliares Turiart, S.L"},"image":{"@id":"https:\/\/www.turiart.com\/it\/#\/schema\/logo\/image\/"},"sameAs":["https:\/\/www.facebook.com\/turiartVLC\/","https:\/\/x.com\/turiart","https:\/\/www.instagram.com\/turiart\/","https:\/\/www.linkedin.com\/company\/2726719\/admin\/"]}]}},"_links":{"self":[{"href":"https:\/\/www.turiart.com\/it\/wp-json\/wp\/v2\/product\/39571","targetHints":{"allow":["GET"]}}],"collection":[{"href":"https:\/\/www.turiart.com\/it\/wp-json\/wp\/v2\/product"}],"about":[{"href":"https:\/\/www.turiart.com\/it\/wp-json\/wp\/v2\/types\/product"}],"replies":[{"embeddable":true,"href":"https:\/\/www.turiart.com\/it\/wp-json\/wp\/v2\/comments?post=39571"}],"wp:featuredmedia":[{"embeddable":true,"href":"https:\/\/www.turiart.com\/it\/wp-json\/wp\/v2\/media\/30483"}],"wp:attachment":[{"href":"https:\/\/www.turiart.com\/it\/wp-json\/wp\/v2\/media?parent=39571"}],"wp:term":[{"taxonomy":"product_brand","embeddable":true,"href":"https:\/\/www.turiart.com\/it\/wp-json\/wp\/v2\/product_brand?post=39571"},{"taxonomy":"product_cat","embeddable":true,"href":"https:\/\/www.turiart.com\/it\/wp-json\/wp\/v2\/product_cat?post=39571"},{"taxonomy":"product_tag","embeddable":true,"href":"https:\/\/www.turiart.com\/it\/wp-json\/wp\/v2\/product_tag?post=39571"}],"curies":[{"name":"wp","href":"https:\/\/api.w.org\/{rel}","templated":true}]}}