{"id":40208,"date":"2025-12-22T16:42:03","date_gmt":"2025-12-22T14:42:03","guid":{"rendered":"https:\/\/www.turiart.com\/product-catalog\/senza-categoria\/vivere-lopera-a-valencia\/"},"modified":"2025-12-22T16:42:03","modified_gmt":"2025-12-22T14:42:03","slug":"vivere-lopera-a-valencia","status":"publish","type":"product","link":"https:\/\/www.turiart.com\/it\/catalogo-de-productos\/musica\/vivere-lopera-a-valencia\/","title":{"rendered":"Vivere l\u2019Opera a Valencia"},"content":{"rendered":"<p data-start=\"50\" data-end=\"842\">La citt\u00e0 di <strong data-start=\"62\" data-end=\"74\">Valencia<\/strong> si distingue per la sua ricchezza musicale e artistica. Il <strong data-start=\"134\" data-end=\"167\">Palau de les Arts Reina Sof\u00eda<\/strong> \u00e8 il teatro d\u2019opera e delle arti sceniche pi\u00f9 importante della citt\u00e0 e uno degli spazi operistici pi\u00f9 emblematici, con un\u2019architettura iconica progettata dal valenciano <strong data-start=\"337\" data-end=\"359\">Santiago Calatrava<\/strong>. \u00c8 uno dei punti di riferimento contemporanei di alto livello artistico, grazie soprattutto all\u2019<strong data-start=\"456\" data-end=\"496\">Orquestra de la Comunitat Valenciana<\/strong>, considerata una delle migliori orchestre sinfonico-operistiche d\u2019Europa. <strong data-start=\"571\" data-end=\"583\">Les Arts<\/strong> non solo programma opere, ma produce anche i propri allestimenti, molti dei quali sono stati coprodotti con altri teatri europei o successivamente rappresentati su palcoscenici internazionali. Questo lo integra nella rete dei grandi teatri d\u2019opera europei.<\/p>\n<p data-start=\"844\" data-end=\"1009\">Gli <strong data-start=\"848\" data-end=\"879\">incontri d\u2019opera a Valencia<\/strong> offrono un\u2019opportunit\u00e0 unica per godere di quest\u2019arte in un luogo straordinario come la <strong data-start=\"968\" data-end=\"1006\">Ciudad de las Artes y las Ciencias<\/strong>.<\/p>\n<p data-start=\"1011\" data-end=\"1116\">Ogni anno viene presentato il <strong data-start=\"1041\" data-end=\"1062\">programma annuale<\/strong> tra la fine della primavera e l\u2019inizio dell\u2019estate.<\/p>\n<p data-start=\"1118\" data-end=\"1376\" data-is-only-node=\"\">Questi incontri rappresentano un invito a riscoprire il <strong data-start=\"1174\" data-end=\"1208\">potere e l\u2019emozione dell\u2019opera<\/strong> in un formato accessibile e arricchente, ideale sia per gli appassionati di musica sia per chi desidera vivere un\u2019esperienza culturale nella <strong data-start=\"1350\" data-end=\"1373\">Comunit\u00e0 Valenciana<\/strong>.<\/p>\n","protected":false},"excerpt":{"rendered":"<p>La citt\u00e0 di Valencia si distingue per la sua ricchezza musicale e artistica. Il Palau de les Arts Reina Sof\u00eda \u00e8 il teatro d\u2019opera e delle arti sceniche pi\u00f9 importante della citt\u00e0 e uno degli spazi operistici pi\u00f9 emblematici, con un\u2019architettura iconica progettata dal valenciano Santiago Calatrava. \u00c8 uno dei punti di riferimento contemporanei di [&hellip;]<\/p>\n","protected":false},"featured_media":40167,"comment_status":"open","ping_status":"closed","template":"","meta":{"_acf_changed":false,"_joinchat":[]},"product_brand":[],"product_cat":[2917],"product_tag":[],"class_list":{"0":"post-40208","1":"product","2":"type-product","3":"status-publish","4":"has-post-thumbnail","6":"product_cat-musica","8":"first","9":"instock","10":"shipping-taxable","11":"product-type-simple"},"acf":[],"yoast_head":"<!-- This site is optimized with the Yoast SEO plugin v26.8 - https:\/\/yoast.com\/product\/yoast-seo-wordpress\/ -->\n<title>Vivere l\u2019Opera a Valencia - Turiart<\/title>\n<meta name=\"description\" content=\"La citt\u00e0 di Valencia si distingue per la sua ricchezza musicale e artistica. Il Palau de les Arts Reina Sof\u00eda \u00e8 il teatro d\u2019opera e delle arti sceniche\" \/>\n<meta name=\"robots\" content=\"index, follow, max-snippet:-1, max-image-preview:large, max-video-preview:-1\" \/>\n<link rel=\"canonical\" href=\"https:\/\/www.turiart.com\/it\/catalogo-de-productos\/musica\/vivere-lopera-a-valencia\/\" \/>\n<meta property=\"og:locale\" content=\"it_IT\" \/>\n<meta property=\"og:type\" content=\"article\" \/>\n<meta property=\"og:title\" content=\"Vivere l\u2019Opera a Valencia - Turiart\" \/>\n<meta property=\"og:description\" content=\"La citt\u00e0 di Valencia si distingue per la sua ricchezza musicale e artistica. Il Palau de les Arts Reina Sof\u00eda \u00e8 il teatro d\u2019opera e delle arti sceniche\" \/>\n<meta property=\"og:url\" content=\"https:\/\/www.turiart.com\/it\/catalogo-de-productos\/musica\/vivere-lopera-a-valencia\/\" \/>\n<meta property=\"og:site_name\" content=\"Turiart\" \/>\n<meta property=\"article:publisher\" content=\"https:\/\/www.facebook.com\/turiartVLC\/\" \/>\n<meta property=\"og:image\" content=\"https:\/\/www.turiart.com\/wp-content\/uploads\/2025\/12\/Ernani_Les_Arts\u00a9MikelPonce-4-scaled.jpg\" \/>\n\t<meta property=\"og:image:width\" content=\"2560\" \/>\n\t<meta property=\"og:image:height\" content=\"1445\" \/>\n\t<meta property=\"og:image:type\" content=\"image\/jpeg\" \/>\n<meta name=\"twitter:label1\" content=\"Est. reading time\" \/>\n\t<meta name=\"twitter:data1\" content=\"1 minute\" \/>\n<script type=\"application\/ld+json\" class=\"yoast-schema-graph\">{\"@context\":\"https:\/\/schema.org\",\"@graph\":[{\"@type\":\"WebPage\",\"@id\":\"https:\/\/www.turiart.com\/it\/catalogo-de-productos\/musica\/vivere-lopera-a-valencia\/\",\"url\":\"https:\/\/www.turiart.com\/it\/catalogo-de-productos\/musica\/vivere-lopera-a-valencia\/\",\"name\":\"Vivere l\u2019Opera a Valencia - Turiart\",\"isPartOf\":{\"@id\":\"https:\/\/www.turiart.com\/it\/#website\"},\"primaryImageOfPage\":{\"@id\":\"https:\/\/www.turiart.com\/it\/catalogo-de-productos\/musica\/vivere-lopera-a-valencia\/#primaryimage\"},\"image\":{\"@id\":\"https:\/\/www.turiart.com\/it\/catalogo-de-productos\/musica\/vivere-lopera-a-valencia\/#primaryimage\"},\"thumbnailUrl\":\"https:\/\/www.turiart.com\/wp-content\/uploads\/2025\/12\/Ernani_Les_Arts\u00a9MikelPonce-4-scaled.jpg\",\"datePublished\":\"2025-12-22T14:42:03+00:00\",\"description\":\"La citt\u00e0 di Valencia si distingue per la sua ricchezza musicale e artistica. Il Palau de les Arts Reina Sof\u00eda \u00e8 il teatro d\u2019opera e delle arti sceniche\",\"breadcrumb\":{\"@id\":\"https:\/\/www.turiart.com\/it\/catalogo-de-productos\/musica\/vivere-lopera-a-valencia\/#breadcrumb\"},\"inLanguage\":\"it-IT\",\"potentialAction\":[{\"@type\":\"ReadAction\",\"target\":[\"https:\/\/www.turiart.com\/it\/catalogo-de-productos\/musica\/vivere-lopera-a-valencia\/\"]}]},{\"@type\":\"ImageObject\",\"inLanguage\":\"it-IT\",\"@id\":\"https:\/\/www.turiart.com\/it\/catalogo-de-productos\/musica\/vivere-lopera-a-valencia\/#primaryimage\",\"url\":\"https:\/\/www.turiart.com\/wp-content\/uploads\/2025\/12\/Ernani_Les_Arts\u00a9MikelPonce-4-scaled.jpg\",\"contentUrl\":\"https:\/\/www.turiart.com\/wp-content\/uploads\/2025\/12\/Ernani_Les_Arts\u00a9MikelPonce-4-scaled.jpg\",\"width\":2560,\"height\":1445},{\"@type\":\"BreadcrumbList\",\"@id\":\"https:\/\/www.turiart.com\/it\/catalogo-de-productos\/musica\/vivere-lopera-a-valencia\/#breadcrumb\",\"itemListElement\":[{\"@type\":\"ListItem\",\"position\":1,\"name\":\"Home\",\"item\":\"https:\/\/www.turiart.com\/it\/\"},{\"@type\":\"ListItem\",\"position\":2,\"name\":\"Catalogo dei prodotti\",\"item\":\"https:\/\/www.turiart.com\/it\/catalogo-dei-prodotti\/\"},{\"@type\":\"ListItem\",\"position\":3,\"name\":\"M\u00fasica\",\"item\":\"https:\/\/www.turiart.com\/it\/prodotti\/musica\/\"},{\"@type\":\"ListItem\",\"position\":4,\"name\":\"Vivere l\u2019Opera a Valencia\"}]},{\"@type\":\"WebSite\",\"@id\":\"https:\/\/www.turiart.com\/it\/#website\",\"url\":\"https:\/\/www.turiart.com\/it\/\",\"name\":\"Turiart\",\"description\":\"Visitas guiadas y servicios tur\u00edstico-culturales en Valencia\",\"publisher\":{\"@id\":\"https:\/\/www.turiart.com\/it\/#organization\"},\"potentialAction\":[{\"@type\":\"SearchAction\",\"target\":{\"@type\":\"EntryPoint\",\"urlTemplate\":\"https:\/\/www.turiart.com\/it\/?s={search_term_string}\"},\"query-input\":{\"@type\":\"PropertyValueSpecification\",\"valueRequired\":true,\"valueName\":\"search_term_string\"}}],\"inLanguage\":\"it-IT\"},{\"@type\":\"Organization\",\"@id\":\"https:\/\/www.turiart.com\/it\/#organization\",\"name\":\"Servicios Auxiliares Turiart, S.L\",\"url\":\"https:\/\/www.turiart.com\/it\/\",\"logo\":{\"@type\":\"ImageObject\",\"inLanguage\":\"it-IT\",\"@id\":\"https:\/\/www.turiart.com\/it\/#\/schema\/logo\/image\/\",\"url\":\"https:\/\/www.turiart.com\/wp-content\/uploads\/2018\/06\/logoHD-1.png\",\"contentUrl\":\"https:\/\/www.turiart.com\/wp-content\/uploads\/2018\/06\/logoHD-1.png\",\"width\":403,\"height\":209,\"caption\":\"Servicios Auxiliares Turiart, S.L\"},\"image\":{\"@id\":\"https:\/\/www.turiart.com\/it\/#\/schema\/logo\/image\/\"},\"sameAs\":[\"https:\/\/www.facebook.com\/turiartVLC\/\",\"https:\/\/x.com\/turiart\",\"https:\/\/www.instagram.com\/turiart\/\",\"https:\/\/www.linkedin.com\/company\/2726719\/admin\/\"]}]}<\/script>\n<!-- \/ Yoast SEO plugin. -->","yoast_head_json":{"title":"Vivere l\u2019Opera a Valencia - Turiart","description":"La citt\u00e0 di Valencia si distingue per la sua ricchezza musicale e artistica. Il Palau de les Arts Reina Sof\u00eda \u00e8 il teatro d\u2019opera e delle arti sceniche","robots":{"index":"index","follow":"follow","max-snippet":"max-snippet:-1","max-image-preview":"max-image-preview:large","max-video-preview":"max-video-preview:-1"},"canonical":"https:\/\/www.turiart.com\/it\/catalogo-de-productos\/musica\/vivere-lopera-a-valencia\/","og_locale":"it_IT","og_type":"article","og_title":"Vivere l\u2019Opera a Valencia - Turiart","og_description":"La citt\u00e0 di Valencia si distingue per la sua ricchezza musicale e artistica. Il Palau de les Arts Reina Sof\u00eda \u00e8 il teatro d\u2019opera e delle arti sceniche","og_url":"https:\/\/www.turiart.com\/it\/catalogo-de-productos\/musica\/vivere-lopera-a-valencia\/","og_site_name":"Turiart","article_publisher":"https:\/\/www.facebook.com\/turiartVLC\/","og_image":[{"width":2560,"height":1445,"url":"https:\/\/www.turiart.com\/wp-content\/uploads\/2025\/12\/Ernani_Les_Arts\u00a9MikelPonce-4-scaled.jpg","type":"image\/jpeg"}],"twitter_misc":{"Est. reading time":"1 minute"},"schema":{"@context":"https:\/\/schema.org","@graph":[{"@type":"WebPage","@id":"https:\/\/www.turiart.com\/it\/catalogo-de-productos\/musica\/vivere-lopera-a-valencia\/","url":"https:\/\/www.turiart.com\/it\/catalogo-de-productos\/musica\/vivere-lopera-a-valencia\/","name":"Vivere l\u2019Opera a Valencia - Turiart","isPartOf":{"@id":"https:\/\/www.turiart.com\/it\/#website"},"primaryImageOfPage":{"@id":"https:\/\/www.turiart.com\/it\/catalogo-de-productos\/musica\/vivere-lopera-a-valencia\/#primaryimage"},"image":{"@id":"https:\/\/www.turiart.com\/it\/catalogo-de-productos\/musica\/vivere-lopera-a-valencia\/#primaryimage"},"thumbnailUrl":"https:\/\/www.turiart.com\/wp-content\/uploads\/2025\/12\/Ernani_Les_Arts\u00a9MikelPonce-4-scaled.jpg","datePublished":"2025-12-22T14:42:03+00:00","description":"La citt\u00e0 di Valencia si distingue per la sua ricchezza musicale e artistica. Il Palau de les Arts Reina Sof\u00eda \u00e8 il teatro d\u2019opera e delle arti sceniche","breadcrumb":{"@id":"https:\/\/www.turiart.com\/it\/catalogo-de-productos\/musica\/vivere-lopera-a-valencia\/#breadcrumb"},"inLanguage":"it-IT","potentialAction":[{"@type":"ReadAction","target":["https:\/\/www.turiart.com\/it\/catalogo-de-productos\/musica\/vivere-lopera-a-valencia\/"]}]},{"@type":"ImageObject","inLanguage":"it-IT","@id":"https:\/\/www.turiart.com\/it\/catalogo-de-productos\/musica\/vivere-lopera-a-valencia\/#primaryimage","url":"https:\/\/www.turiart.com\/wp-content\/uploads\/2025\/12\/Ernani_Les_Arts\u00a9MikelPonce-4-scaled.jpg","contentUrl":"https:\/\/www.turiart.com\/wp-content\/uploads\/2025\/12\/Ernani_Les_Arts\u00a9MikelPonce-4-scaled.jpg","width":2560,"height":1445},{"@type":"BreadcrumbList","@id":"https:\/\/www.turiart.com\/it\/catalogo-de-productos\/musica\/vivere-lopera-a-valencia\/#breadcrumb","itemListElement":[{"@type":"ListItem","position":1,"name":"Home","item":"https:\/\/www.turiart.com\/it\/"},{"@type":"ListItem","position":2,"name":"Catalogo dei prodotti","item":"https:\/\/www.turiart.com\/it\/catalogo-dei-prodotti\/"},{"@type":"ListItem","position":3,"name":"M\u00fasica","item":"https:\/\/www.turiart.com\/it\/prodotti\/musica\/"},{"@type":"ListItem","position":4,"name":"Vivere l\u2019Opera a Valencia"}]},{"@type":"WebSite","@id":"https:\/\/www.turiart.com\/it\/#website","url":"https:\/\/www.turiart.com\/it\/","name":"Turiart","description":"Visitas guiadas y servicios tur\u00edstico-culturales en Valencia","publisher":{"@id":"https:\/\/www.turiart.com\/it\/#organization"},"potentialAction":[{"@type":"SearchAction","target":{"@type":"EntryPoint","urlTemplate":"https:\/\/www.turiart.com\/it\/?s={search_term_string}"},"query-input":{"@type":"PropertyValueSpecification","valueRequired":true,"valueName":"search_term_string"}}],"inLanguage":"it-IT"},{"@type":"Organization","@id":"https:\/\/www.turiart.com\/it\/#organization","name":"Servicios Auxiliares Turiart, S.L","url":"https:\/\/www.turiart.com\/it\/","logo":{"@type":"ImageObject","inLanguage":"it-IT","@id":"https:\/\/www.turiart.com\/it\/#\/schema\/logo\/image\/","url":"https:\/\/www.turiart.com\/wp-content\/uploads\/2018\/06\/logoHD-1.png","contentUrl":"https:\/\/www.turiart.com\/wp-content\/uploads\/2018\/06\/logoHD-1.png","width":403,"height":209,"caption":"Servicios Auxiliares Turiart, S.L"},"image":{"@id":"https:\/\/www.turiart.com\/it\/#\/schema\/logo\/image\/"},"sameAs":["https:\/\/www.facebook.com\/turiartVLC\/","https:\/\/x.com\/turiart","https:\/\/www.instagram.com\/turiart\/","https:\/\/www.linkedin.com\/company\/2726719\/admin\/"]}]}},"_links":{"self":[{"href":"https:\/\/www.turiart.com\/it\/wp-json\/wp\/v2\/product\/40208","targetHints":{"allow":["GET"]}}],"collection":[{"href":"https:\/\/www.turiart.com\/it\/wp-json\/wp\/v2\/product"}],"about":[{"href":"https:\/\/www.turiart.com\/it\/wp-json\/wp\/v2\/types\/product"}],"replies":[{"embeddable":true,"href":"https:\/\/www.turiart.com\/it\/wp-json\/wp\/v2\/comments?post=40208"}],"wp:featuredmedia":[{"embeddable":true,"href":"https:\/\/www.turiart.com\/it\/wp-json\/wp\/v2\/media\/40167"}],"wp:attachment":[{"href":"https:\/\/www.turiart.com\/it\/wp-json\/wp\/v2\/media?parent=40208"}],"wp:term":[{"taxonomy":"product_brand","embeddable":true,"href":"https:\/\/www.turiart.com\/it\/wp-json\/wp\/v2\/product_brand?post=40208"},{"taxonomy":"product_cat","embeddable":true,"href":"https:\/\/www.turiart.com\/it\/wp-json\/wp\/v2\/product_cat?post=40208"},{"taxonomy":"product_tag","embeddable":true,"href":"https:\/\/www.turiart.com\/it\/wp-json\/wp\/v2\/product_tag?post=40208"}],"curies":[{"name":"wp","href":"https:\/\/api.w.org\/{rel}","templated":true}]}}