{"id":40656,"date":"2019-11-22T16:57:24","date_gmt":"2019-11-22T14:57:24","guid":{"rendered":"https:\/\/www.turiart.com\/product-catalog\/senza-categoria\/misteri-e-leggende-a-valencia\/"},"modified":"2026-05-11T09:32:36","modified_gmt":"2026-05-11T07:32:36","slug":"misteri-e-leggende-a-valencia","status":"publish","type":"product","link":"https:\/\/www.turiart.com\/it\/catalogo-de-productos\/passeggiate-culturali\/misteri-e-leggende-a-valencia\/","title":{"rendered":"Misteri e Leggende a Valencia"},"content":{"rendered":"<p><strong>Tutti i terzi venerdi del mese!<\/strong><\/p>\n<p><span style=\"font-weight: 400;\">Tradizione o mito, storia o leggenda\u2026 h<\/span><span style=\"font-weight: 400;\">ai il coraggio di scoprire i ricordi nascosti della citt\u00e0 in questo percorso? Goditi questa passeggiata scoprendo i misteri di V\u00e1lencia\u00a0<\/span><\/p>\n<p><span style=\"font-weight: 400;\">\u201cMisteri e Leggende a Valencia\u201d \u00e8 un percorso attraverso una Valencia meno conosciuta, tra enigmi mai scoperti e i racconti pi\u00f9 oscuri della citt\u00e0.\u00a0<\/span><\/p>\n<p><span style=\"font-weight: 400;\">Anche se la storia cerca di occultare, le strade e i vicoli del centro storico non dimenticano i misteri e le leggende vissute nei loro angoli nel corso dei secoli. Una guida ci trasporter\u00e0 in altri tempi per immergerci in casi mai risolti, eventi terrificanti, apparizioni e sparizioni e fatti che ancora oggi risultano difficili da spiegare.<\/span><span style=\"font-weight: 400;\"><br \/>\n<\/span><span style=\"font-weight: 400;\">A volte, le gargolle che vigilano dall\u2019alto sono state le uniche testimoni di questi strani fenomeni\u2026 Tradizione o mito? Storia o leggenda?<\/span><\/p>\n<p><span style=\"font-weight: 400;\">Tutti questi racconti misteriosi si tramandavano tramite passaparola tra i vicini e i commercianti di Valencia. <strong>Hai il coraggio di ascoltare la storia fantasmagorica che affascin\u00f2 e incant\u00f2 la societ\u00e0 all\u2019inizio del XX secolo? E di scoprire dove e perch\u00e9 ebbe luogo l\u2019ultima esecuzione dell\u2019Inquisizione Spagnola?<\/strong><\/span><\/p>\n<p><span style=\"font-weight: 400;\"><strong>Vieni a vivere una notte enigmatica nel lato pi\u00f9 tenebroso della citt\u00e0 e scopri le leggende che si muovono silenziose per le nostre strade da secol<\/strong>i.\u00a0<\/span><\/p>\n<p><span style=\"font-weight: 400;\">Ti invitiamo anche a completare la visita con un <strong>bicchiere di Agua de Valencia<\/strong> in un locale storico del centro che ha recentemente riaperto. L\u00ec potrete commentare le storie che pi\u00f9 vi hanno fatto rabbrividire. Basta selezionare l\u2019opzione \u201ccon bevanda\u201d al momento della prenotazione.<\/span><\/p>\n<p><span style=\"font-weight: 400;\">(*) Questo tour guidato termina nei pressi di Plaza de la Virgen.<\/span><\/p>\n","protected":false},"excerpt":{"rendered":"<p>Tradizione o mito, storie o leggende.. hai il coraggio di scoprire le memorie occulte della citt\u00e1 in questo percorso? Goditi la passeggiata con la nostra guida esperta.<\/p>\n","protected":false},"featured_media":26232,"comment_status":"open","ping_status":"closed","template":"","meta":{"_acf_changed":false,"_joinchat":[]},"product_brand":[],"product_cat":[687,235],"product_tag":[],"class_list":{"0":"post-40656","1":"product","2":"type-product","3":"status-publish","4":"has-post-thumbnail","6":"product_cat-prossimi-percorsi","7":"product_cat-passeggiate-culturali","8":"pa_atributo-rutas-adulto-it","9":"pa_atributo-rutas-due-adulti-it","10":"pa_atributo-rutas-adulto-bicchiere","11":"pa_atributo-rutas-adulto-it-3","13":"first","14":"instock","15":"shipping-taxable","16":"product-type-external"},"acf":[],"yoast_head":"<!-- This site is optimized with the Yoast SEO plugin v26.8 - https:\/\/yoast.com\/product\/yoast-seo-wordpress\/ -->\n<title>Misteri e Leggende a Valencia - Turiart<\/title>\n<meta name=\"description\" content=\"Tradizione o mito, storie o leggende.. hai il coraggio di scoprire le memorie occulte della citt\u00e1 in questo percorso? Goditi la passeggiata con la nostra guida esperta.\" \/>\n<meta name=\"robots\" content=\"index, follow, max-snippet:-1, max-image-preview:large, max-video-preview:-1\" \/>\n<link rel=\"canonical\" href=\"https:\/\/www.turiart.com\/it\/catalogo-de-productos\/passeggiate-culturali\/misteri-e-leggende-a-valencia\/\" \/>\n<meta property=\"og:locale\" content=\"it_IT\" \/>\n<meta property=\"og:type\" content=\"article\" \/>\n<meta property=\"og:title\" content=\"Misteri e Leggende a Valencia - Turiart\" \/>\n<meta property=\"og:description\" content=\"Tradizione o mito, storie o leggende.. hai il coraggio di scoprire le memorie occulte della citt\u00e1 in questo percorso? Goditi la passeggiata con la nostra guida esperta.\" \/>\n<meta property=\"og:url\" content=\"https:\/\/www.turiart.com\/it\/catalogo-de-productos\/passeggiate-culturali\/misteri-e-leggende-a-valencia\/\" \/>\n<meta property=\"og:site_name\" content=\"Turiart\" \/>\n<meta property=\"article:publisher\" content=\"https:\/\/www.facebook.com\/turiartVLC\/\" \/>\n<meta property=\"article:modified_time\" content=\"2026-05-11T07:32:36+00:00\" \/>\n<meta property=\"og:image\" content=\"https:\/\/www.turiart.com\/wp-content\/uploads\/2018\/07\/misterios1.jpg\" \/>\n\t<meta property=\"og:image:width\" content=\"1000\" \/>\n\t<meta property=\"og:image:height\" content=\"600\" \/>\n\t<meta property=\"og:image:type\" content=\"image\/jpeg\" \/>\n<meta name=\"twitter:label1\" content=\"Est. reading time\" \/>\n\t<meta name=\"twitter:data1\" content=\"2 minutes\" \/>\n<script type=\"application\/ld+json\" class=\"yoast-schema-graph\">{\"@context\":\"https:\/\/schema.org\",\"@graph\":[{\"@type\":\"WebPage\",\"@id\":\"https:\/\/www.turiart.com\/it\/catalogo-de-productos\/passeggiate-culturali\/misteri-e-leggende-a-valencia\/\",\"url\":\"https:\/\/www.turiart.com\/it\/catalogo-de-productos\/passeggiate-culturali\/misteri-e-leggende-a-valencia\/\",\"name\":\"Misteri e Leggende a Valencia - Turiart\",\"isPartOf\":{\"@id\":\"https:\/\/www.turiart.com\/it\/#website\"},\"primaryImageOfPage\":{\"@id\":\"https:\/\/www.turiart.com\/it\/catalogo-de-productos\/passeggiate-culturali\/misteri-e-leggende-a-valencia\/#primaryimage\"},\"image\":{\"@id\":\"https:\/\/www.turiart.com\/it\/catalogo-de-productos\/passeggiate-culturali\/misteri-e-leggende-a-valencia\/#primaryimage\"},\"thumbnailUrl\":\"https:\/\/www.turiart.com\/wp-content\/uploads\/2018\/07\/misterios1.jpg\",\"datePublished\":\"2019-11-22T14:57:24+00:00\",\"dateModified\":\"2026-05-11T07:32:36+00:00\",\"description\":\"Tradizione o mito, storie o leggende.. hai il coraggio di scoprire le memorie occulte della citt\u00e1 in questo percorso? Goditi la passeggiata con la nostra guida esperta.\",\"breadcrumb\":{\"@id\":\"https:\/\/www.turiart.com\/it\/catalogo-de-productos\/passeggiate-culturali\/misteri-e-leggende-a-valencia\/#breadcrumb\"},\"inLanguage\":\"it-IT\",\"potentialAction\":[{\"@type\":\"ReadAction\",\"target\":[\"https:\/\/www.turiart.com\/it\/catalogo-de-productos\/passeggiate-culturali\/misteri-e-leggende-a-valencia\/\"]}]},{\"@type\":\"ImageObject\",\"inLanguage\":\"it-IT\",\"@id\":\"https:\/\/www.turiart.com\/it\/catalogo-de-productos\/passeggiate-culturali\/misteri-e-leggende-a-valencia\/#primaryimage\",\"url\":\"https:\/\/www.turiart.com\/wp-content\/uploads\/2018\/07\/misterios1.jpg\",\"contentUrl\":\"https:\/\/www.turiart.com\/wp-content\/uploads\/2018\/07\/misterios1.jpg\",\"width\":1000,\"height\":600},{\"@type\":\"BreadcrumbList\",\"@id\":\"https:\/\/www.turiart.com\/it\/catalogo-de-productos\/passeggiate-culturali\/misteri-e-leggende-a-valencia\/#breadcrumb\",\"itemListElement\":[{\"@type\":\"ListItem\",\"position\":1,\"name\":\"Home\",\"item\":\"https:\/\/www.turiart.com\/it\/\"},{\"@type\":\"ListItem\",\"position\":2,\"name\":\"Catalogo dei prodotti\",\"item\":\"https:\/\/www.turiart.com\/it\/catalogo-dei-prodotti\/\"},{\"@type\":\"ListItem\",\"position\":3,\"name\":\"Prossimi tour\",\"item\":\"https:\/\/www.turiart.com\/it\/prodotti\/prossimi-percorsi\/\"},{\"@type\":\"ListItem\",\"position\":4,\"name\":\"Misteri e Leggende a Valencia\"}]},{\"@type\":\"WebSite\",\"@id\":\"https:\/\/www.turiart.com\/it\/#website\",\"url\":\"https:\/\/www.turiart.com\/it\/\",\"name\":\"Turiart\",\"description\":\"Visitas guiadas y servicios tur\u00edstico-culturales en Valencia\",\"publisher\":{\"@id\":\"https:\/\/www.turiart.com\/it\/#organization\"},\"potentialAction\":[{\"@type\":\"SearchAction\",\"target\":{\"@type\":\"EntryPoint\",\"urlTemplate\":\"https:\/\/www.turiart.com\/it\/?s={search_term_string}\"},\"query-input\":{\"@type\":\"PropertyValueSpecification\",\"valueRequired\":true,\"valueName\":\"search_term_string\"}}],\"inLanguage\":\"it-IT\"},{\"@type\":\"Organization\",\"@id\":\"https:\/\/www.turiart.com\/it\/#organization\",\"name\":\"Servicios Auxiliares Turiart, S.L\",\"url\":\"https:\/\/www.turiart.com\/it\/\",\"logo\":{\"@type\":\"ImageObject\",\"inLanguage\":\"it-IT\",\"@id\":\"https:\/\/www.turiart.com\/it\/#\/schema\/logo\/image\/\",\"url\":\"https:\/\/www.turiart.com\/wp-content\/uploads\/2018\/06\/logoHD-1.png\",\"contentUrl\":\"https:\/\/www.turiart.com\/wp-content\/uploads\/2018\/06\/logoHD-1.png\",\"width\":403,\"height\":209,\"caption\":\"Servicios Auxiliares Turiart, S.L\"},\"image\":{\"@id\":\"https:\/\/www.turiart.com\/it\/#\/schema\/logo\/image\/\"},\"sameAs\":[\"https:\/\/www.facebook.com\/turiartVLC\/\",\"https:\/\/x.com\/turiart\",\"https:\/\/www.instagram.com\/turiart\/\",\"https:\/\/www.linkedin.com\/company\/2726719\/admin\/\"]}]}<\/script>\n<!-- \/ Yoast SEO plugin. -->","yoast_head_json":{"title":"Misteri e Leggende a Valencia - Turiart","description":"Tradizione o mito, storie o leggende.. hai il coraggio di scoprire le memorie occulte della citt\u00e1 in questo percorso? Goditi la passeggiata con la nostra guida esperta.","robots":{"index":"index","follow":"follow","max-snippet":"max-snippet:-1","max-image-preview":"max-image-preview:large","max-video-preview":"max-video-preview:-1"},"canonical":"https:\/\/www.turiart.com\/it\/catalogo-de-productos\/passeggiate-culturali\/misteri-e-leggende-a-valencia\/","og_locale":"it_IT","og_type":"article","og_title":"Misteri e Leggende a Valencia - Turiart","og_description":"Tradizione o mito, storie o leggende.. hai il coraggio di scoprire le memorie occulte della citt\u00e1 in questo percorso? Goditi la passeggiata con la nostra guida esperta.","og_url":"https:\/\/www.turiart.com\/it\/catalogo-de-productos\/passeggiate-culturali\/misteri-e-leggende-a-valencia\/","og_site_name":"Turiart","article_publisher":"https:\/\/www.facebook.com\/turiartVLC\/","article_modified_time":"2026-05-11T07:32:36+00:00","og_image":[{"width":1000,"height":600,"url":"https:\/\/www.turiart.com\/wp-content\/uploads\/2018\/07\/misterios1.jpg","type":"image\/jpeg"}],"twitter_misc":{"Est. reading time":"2 minutes"},"schema":{"@context":"https:\/\/schema.org","@graph":[{"@type":"WebPage","@id":"https:\/\/www.turiart.com\/it\/catalogo-de-productos\/passeggiate-culturali\/misteri-e-leggende-a-valencia\/","url":"https:\/\/www.turiart.com\/it\/catalogo-de-productos\/passeggiate-culturali\/misteri-e-leggende-a-valencia\/","name":"Misteri e Leggende a Valencia - Turiart","isPartOf":{"@id":"https:\/\/www.turiart.com\/it\/#website"},"primaryImageOfPage":{"@id":"https:\/\/www.turiart.com\/it\/catalogo-de-productos\/passeggiate-culturali\/misteri-e-leggende-a-valencia\/#primaryimage"},"image":{"@id":"https:\/\/www.turiart.com\/it\/catalogo-de-productos\/passeggiate-culturali\/misteri-e-leggende-a-valencia\/#primaryimage"},"thumbnailUrl":"https:\/\/www.turiart.com\/wp-content\/uploads\/2018\/07\/misterios1.jpg","datePublished":"2019-11-22T14:57:24+00:00","dateModified":"2026-05-11T07:32:36+00:00","description":"Tradizione o mito, storie o leggende.. hai il coraggio di scoprire le memorie occulte della citt\u00e1 in questo percorso? Goditi la passeggiata con la nostra guida esperta.","breadcrumb":{"@id":"https:\/\/www.turiart.com\/it\/catalogo-de-productos\/passeggiate-culturali\/misteri-e-leggende-a-valencia\/#breadcrumb"},"inLanguage":"it-IT","potentialAction":[{"@type":"ReadAction","target":["https:\/\/www.turiart.com\/it\/catalogo-de-productos\/passeggiate-culturali\/misteri-e-leggende-a-valencia\/"]}]},{"@type":"ImageObject","inLanguage":"it-IT","@id":"https:\/\/www.turiart.com\/it\/catalogo-de-productos\/passeggiate-culturali\/misteri-e-leggende-a-valencia\/#primaryimage","url":"https:\/\/www.turiart.com\/wp-content\/uploads\/2018\/07\/misterios1.jpg","contentUrl":"https:\/\/www.turiart.com\/wp-content\/uploads\/2018\/07\/misterios1.jpg","width":1000,"height":600},{"@type":"BreadcrumbList","@id":"https:\/\/www.turiart.com\/it\/catalogo-de-productos\/passeggiate-culturali\/misteri-e-leggende-a-valencia\/#breadcrumb","itemListElement":[{"@type":"ListItem","position":1,"name":"Home","item":"https:\/\/www.turiart.com\/it\/"},{"@type":"ListItem","position":2,"name":"Catalogo dei prodotti","item":"https:\/\/www.turiart.com\/it\/catalogo-dei-prodotti\/"},{"@type":"ListItem","position":3,"name":"Prossimi tour","item":"https:\/\/www.turiart.com\/it\/prodotti\/prossimi-percorsi\/"},{"@type":"ListItem","position":4,"name":"Misteri e Leggende a Valencia"}]},{"@type":"WebSite","@id":"https:\/\/www.turiart.com\/it\/#website","url":"https:\/\/www.turiart.com\/it\/","name":"Turiart","description":"Visitas guiadas y servicios tur\u00edstico-culturales en Valencia","publisher":{"@id":"https:\/\/www.turiart.com\/it\/#organization"},"potentialAction":[{"@type":"SearchAction","target":{"@type":"EntryPoint","urlTemplate":"https:\/\/www.turiart.com\/it\/?s={search_term_string}"},"query-input":{"@type":"PropertyValueSpecification","valueRequired":true,"valueName":"search_term_string"}}],"inLanguage":"it-IT"},{"@type":"Organization","@id":"https:\/\/www.turiart.com\/it\/#organization","name":"Servicios Auxiliares Turiart, S.L","url":"https:\/\/www.turiart.com\/it\/","logo":{"@type":"ImageObject","inLanguage":"it-IT","@id":"https:\/\/www.turiart.com\/it\/#\/schema\/logo\/image\/","url":"https:\/\/www.turiart.com\/wp-content\/uploads\/2018\/06\/logoHD-1.png","contentUrl":"https:\/\/www.turiart.com\/wp-content\/uploads\/2018\/06\/logoHD-1.png","width":403,"height":209,"caption":"Servicios Auxiliares Turiart, S.L"},"image":{"@id":"https:\/\/www.turiart.com\/it\/#\/schema\/logo\/image\/"},"sameAs":["https:\/\/www.facebook.com\/turiartVLC\/","https:\/\/x.com\/turiart","https:\/\/www.instagram.com\/turiart\/","https:\/\/www.linkedin.com\/company\/2726719\/admin\/"]}]}},"_links":{"self":[{"href":"https:\/\/www.turiart.com\/it\/wp-json\/wp\/v2\/product\/40656","targetHints":{"allow":["GET"]}}],"collection":[{"href":"https:\/\/www.turiart.com\/it\/wp-json\/wp\/v2\/product"}],"about":[{"href":"https:\/\/www.turiart.com\/it\/wp-json\/wp\/v2\/types\/product"}],"replies":[{"embeddable":true,"href":"https:\/\/www.turiart.com\/it\/wp-json\/wp\/v2\/comments?post=40656"}],"wp:featuredmedia":[{"embeddable":true,"href":"https:\/\/www.turiart.com\/it\/wp-json\/wp\/v2\/media\/26232"}],"wp:attachment":[{"href":"https:\/\/www.turiart.com\/it\/wp-json\/wp\/v2\/media?parent=40656"}],"wp:term":[{"taxonomy":"product_brand","embeddable":true,"href":"https:\/\/www.turiart.com\/it\/wp-json\/wp\/v2\/product_brand?post=40656"},{"taxonomy":"product_cat","embeddable":true,"href":"https:\/\/www.turiart.com\/it\/wp-json\/wp\/v2\/product_cat?post=40656"},{"taxonomy":"product_tag","embeddable":true,"href":"https:\/\/www.turiart.com\/it\/wp-json\/wp\/v2\/product_tag?post=40656"}],"curies":[{"name":"wp","href":"https:\/\/api.w.org\/{rel}","templated":true}]}}